{"id":174,"date":"2015-03-17T07:56:14","date_gmt":"2015-03-17T07:56:14","guid":{"rendered":"http:\/\/blogsaverroes.juntadeandalucia.es\/pre\/ceip\/?page_id=174"},"modified":"2023-03-27T19:02:24","modified_gmt":"2023-03-27T19:02:24","slug":"epva","status":"publish","type":"page","link":"https:\/\/blogsaverroes.juntadeandalucia.es\/ieselenagarciaarmada\/epva\/","title":{"rendered":"EDUCACI\u00d3N PL\u00c1STICA VISUAL Y AUDIOVISUAL"},"content":{"rendered":"<p><img loading=\"lazy\" decoding=\"async\" class=\"size-medium wp-image-2018 alignleft\" src=\"http:\/\/blogsaverroes.juntadeandalucia.es\/temahuemanies\/files\/2015\/03\/dibujo-300x200.jpg\" alt=\"dibujo\" width=\"300\" height=\"200\" srcset=\"https:\/\/blogsaverroes.juntadeandalucia.es\/ieselenagarciaarmada\/files\/2015\/03\/dibujo-300x200.jpg 300w, https:\/\/blogsaverroes.juntadeandalucia.es\/ieselenagarciaarmada\/files\/2015\/03\/dibujo.jpg 640w\" sizes=\"(max-width: 300px) 100vw, 300px\" \/><\/p>\n<p style=\"text-align: justify\">La Educaci\u00f3n Pl\u00e1stica Visual y Audiovisual es una materia del bloque de asignaturas espec\u00edficas para primer y segundo ciclo de la Educaci\u00f3n Secundaria Obligatoria.<\/p>\n<p style=\"text-align: justify\">La Educaci\u00f3n pl\u00e1stica y visual tiene como finalidad desarrollar en el alumnado capacidades perceptivas, expresivas y est\u00e9ticas a partir del conocimiento te\u00f3rico y pr\u00e1ctico de los lenguajes visuales para comprender, interpretar y ser cr\u00edticos con la realidad, cada vez m\u00e1s configurada como un mundo de im\u00e1genes y objetos. Al mismo tiempo, busca potenciar el desarrollo de la imaginaci\u00f3n, la creatividad y la inteligencia emocional a trav\u00e9s del uso de recursos pl\u00e1sticos como recursos expresivos y predisponer al alumnado para el disfrute del entorno natural, social y cultural.<\/p>\n<p style=\"text-align: justify\">Como cualquier otro lenguaje, el lenguaje pl\u00e1stico-visual necesita de dos niveles interrelacionados de comunicaci\u00f3n: saber ver para comprender y saber hacer para expresarse, con la finalidad de comunicarse, producir y crear y conocer mejor la realidad y a uno mismo para transformarla y transformarse, en definitiva, para humanizar la realidad y al propio ser humano como eje central de la misma.<\/p>\n<p style=\"text-align: justify\">Los contenidos para el primer ciclo se presentan en tres bloques interrelacionados, Expresi\u00f3n Pl\u00e1stica, Comunicaci\u00f3n Audiovisual y Dibujo T\u00e9cnico; que a su vez se corresponden con los tres bloques en que se divide la materia correspondiente en la etapa de la Educaci\u00f3n Primaria: Expresi\u00f3n Art\u00edstica, Educaci\u00f3n Audiovisual y Dibujo Geom\u00e9trico. En el segundo ciclo se a\u00f1ade un bloque de contenidos relativo a Fundamentos del Dise\u00f1o, y Comunicaci\u00f3n Audiovisual cambia por Lenguaje Audiovisual y Multimedia.<\/p>\n<p style=\"text-align: justify\">El bloque de contenidos la Expresi\u00f3n Pl\u00e1stica hace referencia a un aprendizaje pl\u00e1stico, en su dimensi\u00f3n art\u00edstica y procedimental de los contenidos, incidiendo en la faceta m\u00e1s pr\u00e1ctica de la materia. Los bloques de contenidos de Comunicaci\u00f3n Audiovisual y lenguaje Audiovisual y Multimedia tendr\u00e1n que prestar una especial atenci\u00f3n al contexto audiovisual andaluz y a los creadores contempor\u00e1neos, tanto en fotograf\u00eda como cine y televisi\u00f3n, y otras manifestaciones visuales, c\u00f3mic, videojuegos, etc.<\/p>\n<p style=\"text-align: justify\">Los bloques de Dibujo T\u00e9cnico permiten el acercamiento al dise\u00f1o y la dimensi\u00f3n pl\u00e1stica de la geometr\u00eda, pudiendo tomar como su azulejer\u00eda, el legado andalus\u00ed y la relaci\u00f3n construcci\u00f3n-geometr\u00eda.<\/p>\n<p>Profesorado:<\/p>\n<ul>\n<li style=\"list-style-type: none\">\n<ul>\n<li style=\"list-style-type: none\">\n<ul>\n<li style=\"list-style-type: none\">\n<ul>\n<li>Silvia M\u00aa Gil Fern\u00e1ndez<\/li>\n<\/ul>\n<\/li>\n<\/ul>\n<\/li>\n<\/ul>\n<\/li>\n<\/ul>\n","protected":false},"excerpt":{"rendered":"<p>La Educaci\u00f3n Pl\u00e1stica Visual y Audiovisual es una materia del bloque de asignaturas espec\u00edficas para primer y segundo ciclo de la Educaci\u00f3n Secundaria Obligatoria. La Educaci\u00f3n pl\u00e1stica y visual tiene&#46;&#46;&#46;<\/p>\n","protected":false},"author":1,"featured_media":0,"parent":0,"menu_order":0,"comment_status":"open","ping_status":"open","template":"","meta":{"ngg_post_thumbnail":0,"footnotes":"","_mc_calendar":[]},"aioseo_notices":[],"_links":{"self":[{"href":"https:\/\/blogsaverroes.juntadeandalucia.es\/ieselenagarciaarmada\/wp-json\/wp\/v2\/pages\/174"}],"collection":[{"href":"https:\/\/blogsaverroes.juntadeandalucia.es\/ieselenagarciaarmada\/wp-json\/wp\/v2\/pages"}],"about":[{"href":"https:\/\/blogsaverroes.juntadeandalucia.es\/ieselenagarciaarmada\/wp-json\/wp\/v2\/types\/page"}],"author":[{"embeddable":true,"href":"https:\/\/blogsaverroes.juntadeandalucia.es\/ieselenagarciaarmada\/wp-json\/wp\/v2\/users\/1"}],"replies":[{"embeddable":true,"href":"https:\/\/blogsaverroes.juntadeandalucia.es\/ieselenagarciaarmada\/wp-json\/wp\/v2\/comments?post=174"}],"version-history":[{"count":9,"href":"https:\/\/blogsaverroes.juntadeandalucia.es\/ieselenagarciaarmada\/wp-json\/wp\/v2\/pages\/174\/revisions"}],"predecessor-version":[{"id":6546,"href":"https:\/\/blogsaverroes.juntadeandalucia.es\/ieselenagarciaarmada\/wp-json\/wp\/v2\/pages\/174\/revisions\/6546"}],"wp:attachment":[{"href":"https:\/\/blogsaverroes.juntadeandalucia.es\/ieselenagarciaarmada\/wp-json\/wp\/v2\/media?parent=174"}],"curies":[{"name":"wp","href":"https:\/\/api.w.org\/{rel}","templated":true}]}}