{"id":2636,"date":"2020-10-05T18:06:52","date_gmt":"2020-10-05T18:06:52","guid":{"rendered":"https:\/\/blogsaverroes.juntadeandalucia.es\/ieselenagarciaarmada\/?page_id=2636"},"modified":"2023-03-27T19:06:10","modified_gmt":"2023-03-27T19:06:10","slug":"apoyocovid","status":"publish","type":"page","link":"https:\/\/blogsaverroes.juntadeandalucia.es\/ieselenagarciaarmada\/apoyocovid\/","title":{"rendered":"Apoyo COVID"},"content":{"rendered":"<p style=\"text-align: justify\">Con objeto de afrontar en las mejores condiciones el curso escolar 2020\/2021 y 2021\/2022, la Junta de Andaluc\u00eda ha elaborado un Plan de Acci\u00f3n en Educaci\u00f3n que, entre otros objetivos, pretende dotar a los centros educativos sostenidos con fondos p\u00fablicos de recursos humanos suficientes para paliar los efectos que hayan podido producirse en los procesos de ense\u00f1anza\u2013aprendizaje durante la suspensi\u00f3n de la actividad lectiva presencial en el curso 2019\/2020 y para atender las medidas de higiene y seguridad recomendadas por las autoridades sanitarias. Para ello se ha previsto la incorporaci\u00f3n en los centros docentes p\u00fablicos, con car\u00e1cter extraordinario, tanto de profesorado de apoyo en las ense\u00f1anzas de educaci\u00f3n primaria y educaci\u00f3n secundaria obligatoria como de dotaci\u00f3n horaria espec\u00edfica para facilitar la organizaci\u00f3n de los mismos en relaci\u00f3n con los Protocolos de actuaci\u00f3n frente al coronavirus COVID-19.&nbsp;<\/p>\n<p>En nuestro caso, en el centro contamos con:<\/p>\n<ul>\n<li>\u00c1mbito socioling\u00fc\u00edstico:\n<ul>\n<li>Juan Jos\u00e9 Viciana Abad&nbsp;<\/li>\n<\/ul>\n<\/li>\n<li>\u00c1mbito Cient\u00edfico-tecnol\u00f3gico:\n<ul>\n<li>Inmaculada Mori\u00f3n Puerto<\/li>\n<li>Ver\u00f3nica Garc\u00eda Viru\u00e9s<\/li>\n<li>Rosa M\u00aa Ram\u00edrez Vela<\/li>\n<\/ul>\n<\/li>\n<\/ul>\n","protected":false},"excerpt":{"rendered":"<p>Con objeto de afrontar en las mejores condiciones el curso escolar 2020\/2021 y 2021\/2022, la Junta de Andaluc\u00eda ha elaborado un Plan de Acci\u00f3n en Educaci\u00f3n que, entre otros objetivos,&#46;&#46;&#46;<\/p>\n","protected":false},"author":10331,"featured_media":0,"parent":0,"menu_order":0,"comment_status":"closed","ping_status":"closed","template":"","meta":{"ngg_post_thumbnail":0,"footnotes":"","_mc_calendar":[]},"aioseo_notices":[],"_links":{"self":[{"href":"https:\/\/blogsaverroes.juntadeandalucia.es\/ieselenagarciaarmada\/wp-json\/wp\/v2\/pages\/2636"}],"collection":[{"href":"https:\/\/blogsaverroes.juntadeandalucia.es\/ieselenagarciaarmada\/wp-json\/wp\/v2\/pages"}],"about":[{"href":"https:\/\/blogsaverroes.juntadeandalucia.es\/ieselenagarciaarmada\/wp-json\/wp\/v2\/types\/page"}],"author":[{"embeddable":true,"href":"https:\/\/blogsaverroes.juntadeandalucia.es\/ieselenagarciaarmada\/wp-json\/wp\/v2\/users\/10331"}],"replies":[{"embeddable":true,"href":"https:\/\/blogsaverroes.juntadeandalucia.es\/ieselenagarciaarmada\/wp-json\/wp\/v2\/comments?post=2636"}],"version-history":[{"count":10,"href":"https:\/\/blogsaverroes.juntadeandalucia.es\/ieselenagarciaarmada\/wp-json\/wp\/v2\/pages\/2636\/revisions"}],"predecessor-version":[{"id":6549,"href":"https:\/\/blogsaverroes.juntadeandalucia.es\/ieselenagarciaarmada\/wp-json\/wp\/v2\/pages\/2636\/revisions\/6549"}],"wp:attachment":[{"href":"https:\/\/blogsaverroes.juntadeandalucia.es\/ieselenagarciaarmada\/wp-json\/wp\/v2\/media?parent=2636"}],"curies":[{"name":"wp","href":"https:\/\/api.w.org\/{rel}","templated":true}]}}