{"id":2781,"date":"2021-03-03T17:02:08","date_gmt":"2021-03-03T17:02:08","guid":{"rendered":"https:\/\/blogsaverroes.juntadeandalucia.es\/ieselenagarciaarmada\/?page_id=2781"},"modified":"2021-11-12T11:15:52","modified_gmt":"2021-11-12T11:15:52","slug":"lenguas","status":"publish","type":"page","link":"https:\/\/blogsaverroes.juntadeandalucia.es\/ieselenagarciaarmada\/lenguas\/","title":{"rendered":"Lenguas"},"content":{"rendered":"<p style=\"text-align: justify\">El Departamento de Lenguas est\u00e1 formado por varias especialidades relacionadas entre s\u00ed: <strong>Lengua Castellana y Literatura, Ingl\u00e9s, Franc\u00e9s y Lat\u00edn<\/strong>. Estas materias te permitir\u00e1n comunicarte eficazmente con tu entorno, tener conocimientos de cultura.<\/p>\n<p style=\"text-align: justify\">Los grados universitarios a los que puedes acceder son los relacionados con la filolog\u00eda, traducci\u00f3n e interpretaci\u00f3n, ling\u00fc\u00edstica y literatura, relaciones p\u00fablicas e internacionales\u2026<\/p>\n<p style=\"text-align: justify\">Dentro de los Ciclos Formativos las relacionadas con las lenguas son interpretaci\u00f3n de la lengua de signos, comercio internacional, secretariado, turismo o integraci\u00f3n social, entre otras.<\/p>\n","protected":false},"excerpt":{"rendered":"<p>El Departamento de Lenguas est\u00e1 formado por varias especialidades relacionadas entre s\u00ed: Lengua Castellana y Literatura, Ingl\u00e9s, Franc\u00e9s y Lat\u00edn. Estas materias te permitir\u00e1n comunicarte eficazmente con tu entorno, tener&#46;&#46;&#46;<\/p>\n","protected":false},"author":10331,"featured_media":0,"parent":0,"menu_order":0,"comment_status":"closed","ping_status":"closed","template":"","meta":{"ngg_post_thumbnail":0,"footnotes":"","_mc_calendar":[]},"aioseo_notices":[],"_links":{"self":[{"href":"https:\/\/blogsaverroes.juntadeandalucia.es\/ieselenagarciaarmada\/wp-json\/wp\/v2\/pages\/2781"}],"collection":[{"href":"https:\/\/blogsaverroes.juntadeandalucia.es\/ieselenagarciaarmada\/wp-json\/wp\/v2\/pages"}],"about":[{"href":"https:\/\/blogsaverroes.juntadeandalucia.es\/ieselenagarciaarmada\/wp-json\/wp\/v2\/types\/page"}],"author":[{"embeddable":true,"href":"https:\/\/blogsaverroes.juntadeandalucia.es\/ieselenagarciaarmada\/wp-json\/wp\/v2\/users\/10331"}],"replies":[{"embeddable":true,"href":"https:\/\/blogsaverroes.juntadeandalucia.es\/ieselenagarciaarmada\/wp-json\/wp\/v2\/comments?post=2781"}],"version-history":[{"count":3,"href":"https:\/\/blogsaverroes.juntadeandalucia.es\/ieselenagarciaarmada\/wp-json\/wp\/v2\/pages\/2781\/revisions"}],"predecessor-version":[{"id":3929,"href":"https:\/\/blogsaverroes.juntadeandalucia.es\/ieselenagarciaarmada\/wp-json\/wp\/v2\/pages\/2781\/revisions\/3929"}],"wp:attachment":[{"href":"https:\/\/blogsaverroes.juntadeandalucia.es\/ieselenagarciaarmada\/wp-json\/wp\/v2\/media?parent=2781"}],"curies":[{"name":"wp","href":"https:\/\/api.w.org\/{rel}","templated":true}]}}