{"id":35,"date":"2015-03-13T08:21:43","date_gmt":"2015-03-13T08:21:43","guid":{"rendered":"http:\/\/blogsaverroes.juntadeandalucia.es\/pre\/ceip\/?page_id=35"},"modified":"2024-09-16T07:55:13","modified_gmt":"2024-09-16T07:55:13","slug":"el-centro","status":"publish","type":"page","link":"https:\/\/blogsaverroes.juntadeandalucia.es\/ieselenagarciaarmada\/el-centro\/","title":{"rendered":"Datos del centro"},"content":{"rendered":"<p style=\"text-align: center\">&nbsp;<\/p>\n<p>ngg_shortcode_0_placeholderIES Elena Garc\u00eda Armada<\/p>\n<p><strong>C\u00d3DIGO:<\/strong> 11012267<\/p>\n<p><strong>DIRECCI\u00d3N:<\/strong> &nbsp;Calle Santa Josefina, 5 11405 Jerez de la Frontera, C\u00e1diz<\/p>\n<p><iframe loading=\"lazy\" src=\"\/\/www.google.com\/maps\/embed?pb=!1m18!1m12!1m3!1d3198.7922349681917!2d-6.112196167605469!3d36.703530216773856!2m3!1f0!2f0!3f0!3m2!1i1024!2i768!4f13.1!3m3!1m2!1s0xd0dc701b26428f7%3A0x2c78fb06b3b1f85a!2sIES%20Elena%20Garc%C3%ADa%20Armada!5e0!3m2!1ses!2ses!4v1662390962727!5m2!1ses!2ses&quot;\" width=\"&quot;600&quot;\" height=\"&quot;450&quot;\"><\/iframe><\/p>\n<p><strong>TEL\u00c9FONOS DE CONTACTO:<\/strong><\/p>\n<p>\u2022 CONSERJER\u00cdA: 956 24 52 86 (490286)<\/p>\n<p>\u2022 DIRECCI\u00d3N: 648 19 91 23 (609945) \/ 686 47 62 89 (605179)<\/p>\n<p>\u2022 JEFATURA DE ESTUDIOS: 618 35 16 21 (605178)&nbsp;<\/p>\n<p>\u2022 JEFATURA DE ESTUDIOS ADJUNTA: 683 23 39 64 (609945)<\/p>\n<p>\u2022 SECRETAR\u00cdA: 648 64 07 48 \/ 620 97 29 65 (605177)<\/p>\n<p>\u2022 ADMINISTRACI\u00d3N: 682 04 94 29 (609945)<\/p>\n<p>\u2022 SALA DE PROFESORES: 956 24 52 91 (490291)<\/p>\n<p>\u2022 ORIENTACI\u00d3N: 608 30 62 51 (609747)<\/p>\n<p>&nbsp;<\/p>\n<p><strong>CORREOS ELECTR\u00d3NICOS:&nbsp;&nbsp;&nbsp;&nbsp;&nbsp;&nbsp;<\/strong><\/p>\n<ul>\n<li>CENTRO: 11012267.edu@juntadeandalucia.es&nbsp;&nbsp;&nbsp;<\/li>\n<li>ADMINISTRACI\u00d3N: 11012267.adm.edu@juntadeandalucia.es&nbsp;<\/li>\n<li>CONSERJER\u00cdA: 11012267.conserje.edu@juntadeandalucia.es<\/li>\n<\/ul>\n<h4><strong>HORARIO:<\/strong><\/h4>\n<p>De 8:15 a 14:45.<\/p>\n<p>De 15:45 a 22.00 (Ciclo de Grado Medio de Actividades Ecuestres)<\/p>\n<h4><strong>OFERTA EDUCATIVA:<br \/>\n<\/strong><\/h4>\n<p>Ense\u00f1anza Secundaria Obligatoria (ESO).<\/p>\n<p>1\u00ba y 2\u00ba Bachillerato:<\/p>\n<ul>\n<li>Modalidad de Ciencias y Tecnolog\u00eda<\/li>\n<li>Modalidad de Humanidades y Ciencias Sociales<\/li>\n<\/ul>\n<p>Ciclo de Grado Medio de Actividades Ecuestres<\/p>\n","protected":false},"excerpt":{"rendered":"<p>&nbsp; IES Elena Garc\u00eda Armada C\u00d3DIGO: 11012267 DIRECCI\u00d3N: &nbsp;Calle Santa Josefina, 5 11405 Jerez de la Frontera, C\u00e1diz TEL\u00c9FONOS DE CONTACTO: \u2022 CONSERJER\u00cdA: 956 24 52 86 (490286) \u2022 DIRECCI\u00d3N:&#46;&#46;&#46;<\/p>\n","protected":false},"author":1,"featured_media":0,"parent":0,"menu_order":0,"comment_status":"open","ping_status":"open","template":"","meta":{"ngg_post_thumbnail":0,"footnotes":"","_mc_calendar":[]},"aioseo_notices":[],"_links":{"self":[{"href":"https:\/\/blogsaverroes.juntadeandalucia.es\/ieselenagarciaarmada\/wp-json\/wp\/v2\/pages\/35"}],"collection":[{"href":"https:\/\/blogsaverroes.juntadeandalucia.es\/ieselenagarciaarmada\/wp-json\/wp\/v2\/pages"}],"about":[{"href":"https:\/\/blogsaverroes.juntadeandalucia.es\/ieselenagarciaarmada\/wp-json\/wp\/v2\/types\/page"}],"author":[{"embeddable":true,"href":"https:\/\/blogsaverroes.juntadeandalucia.es\/ieselenagarciaarmada\/wp-json\/wp\/v2\/users\/1"}],"replies":[{"embeddable":true,"href":"https:\/\/blogsaverroes.juntadeandalucia.es\/ieselenagarciaarmada\/wp-json\/wp\/v2\/comments?post=35"}],"version-history":[{"count":55,"href":"https:\/\/blogsaverroes.juntadeandalucia.es\/ieselenagarciaarmada\/wp-json\/wp\/v2\/pages\/35\/revisions"}],"predecessor-version":[{"id":8437,"href":"https:\/\/blogsaverroes.juntadeandalucia.es\/ieselenagarciaarmada\/wp-json\/wp\/v2\/pages\/35\/revisions\/8437"}],"wp:attachment":[{"href":"https:\/\/blogsaverroes.juntadeandalucia.es\/ieselenagarciaarmada\/wp-json\/wp\/v2\/media?parent=35"}],"curies":[{"name":"wp","href":"https:\/\/api.w.org\/{rel}","templated":true}]}}