{"id":44,"date":"2015-03-13T08:42:15","date_gmt":"2015-03-13T08:42:15","guid":{"rendered":"http:\/\/blogsaverroes.juntadeandalucia.es\/pre\/ceip\/?page_id=44"},"modified":"2025-09-30T11:20:55","modified_gmt":"2025-09-30T11:20:55","slug":"planes-y-proyectos","status":"publish","type":"page","link":"https:\/\/blogsaverroes.juntadeandalucia.es\/ieselenagarciaarmada\/planes-y-proyectos\/","title":{"rendered":"Planes y Programas"},"content":{"rendered":"<p>En el centro se desarrollan los siguientes planes, programas o proyectos:<\/p>\n<table style=\"width: 92.4672%;border-collapse: collapse;height: 1253px\" border=\"2\">\n<tbody>\n<tr style=\"height: 24px\">\n<td style=\"width: 32.9694%;text-align: center;height: 24px;background-color: #e6e1e1\">\n<h3><strong>Coordinador\/a<\/strong><\/h3>\n<\/td>\n<td style=\"width: 34.607%;text-align: center;height: 24px;background-color: #e6e1e1\">\n<h3><strong>Planes, programas o proyectos<\/strong><\/h3>\n<\/td>\n<\/tr>\n<tr style=\"height: 24px\">\n<td style=\"width: 32.9694%;background-color: #f090e0;height: 24px\"><strong>Rom\u00e1n Reina, Elena<\/strong><\/td>\n<td style=\"width: 34.607%;background-color: #f090e0;height: 24px\"><strong>Igualdad de G\u00e9nero en Educaci\u00f3n<\/strong><\/td>\n<\/tr>\n<tr style=\"height: 24px\">\n<td style=\"width: 32.9694%;background-color: #f090e0;height: 24px\"><strong>Rom\u00e1n Reina, Elena<\/strong><\/td>\n<td style=\"width: 34.607%;background-color: #f090e0;height: 24px\"><strong>Pacto de Estado: Prevenci\u00f3n Violencia de G\u00e9nero<\/strong><\/td>\n<\/tr>\n<tr style=\"height: 24px\">\n<td style=\"width: 32.9694%;background-color: #70e6d6;height: 24px\"><strong>Tar\u00edn Dom\u00ednguez, Mar\u00eda<\/strong><\/td>\n<td style=\"width: 34.607%;background-color: #70e6d6;height: 24px\"><strong>PRL<\/strong><\/td>\n<\/tr>\n<tr style=\"height: 24px\">\n<td style=\"width: 32.9694%;background-color: #ebe37f;height: 24px\"><strong>D\u00edaz Garrucho, Mar\u00eda Isabel<\/strong><\/td>\n<td style=\"width: 34.607%;background-color: #ebe37f;height: 24px\"><strong>Bienestar Emocional<\/strong><\/td>\n<\/tr>\n<tr style=\"height: 24px\">\n<td style=\"width: 32.9694%;background-color: #f07860;height: 24px\" width=\"282\"><strong>Camarena Molina, Inmaculada Concepci\u00f3n<\/strong><\/td>\n<td style=\"width: 34.607%;background-color: #f07860;height: 24px\"><strong>Bibliotecas Escolares<\/strong><\/td>\n<\/tr>\n<tr style=\"height: 45px\">\n<td style=\"width: 32.9694%;background-color: #ed9aa9;height: 45px\" width=\"282\"><strong>Fern\u00e1ndez Hern\u00e1ndez, Buenaventura<\/strong><\/td>\n<td style=\"width: 34.607%;background-color: #ed9aa9;height: 45px\" width=\"303\"><strong>Bienestar y Protecci\u00f3n de la Infancia y Adolescencia<\/strong><\/td>\n<\/tr>\n<tr style=\"height: 56px\">\n<td style=\"width: 32.9694%;background-color: #7febbc;height: 56px\" width=\"282\"><strong>Moreno Matos, Jes\u00fas<\/strong><\/td>\n<td style=\"width: 34.607%;background-color: #7febbc;height: 56px\" width=\"303\"><strong>TDE<\/strong><\/td>\n<\/tr>\n<tr style=\"height: 56px\">\n<td style=\"width: 32.9694%;height: 56px;background-color: #eb6e3d\" width=\"282\"><strong>Ramos Garc\u00eda, C\u00e9sar<\/strong><\/td>\n<td style=\"width: 34.607%;height: 56px;background-color: #eb6e3d\" width=\"303\"><strong>Escuela 4.0<\/strong><\/td>\n<\/tr>\n<tr style=\"height: 56px\">\n<td style=\"width: 32.9694%;height: 56px;background-color: #e882d2\" width=\"282\"><strong>Ram\u00edrez Garc\u00eda, Jos\u00e9 Luis<\/strong><\/td>\n<td style=\"width: 34.607%;height: 56px;background-color: #e882d2\" width=\"303\"><strong>Pr\u00e1cticum (coordinador)<\/strong><\/td>\n<\/tr>\n<tr style=\"height: 56px\">\n<td style=\"width: 32.9694%;height: 56px;background-color: #5c5b2d\" width=\"282\"><strong>Fern\u00e1ndez Hern\u00e1ndez, Buenaventura<\/strong><\/td>\n<td style=\"width: 34.607%;height: 56px;background-color: #5c5b2d\" width=\"303\"><strong>Escuela Espacio de Paz<\/strong><\/td>\n<\/tr>\n<tr style=\"height: 56px\">\n<td style=\"width: 32.9694%;height: 56px;background-color: #f097aa\" width=\"282\"><strong>Fern\u00e1ndez Hern\u00e1ndez, Buenaventura<\/strong><\/td>\n<td style=\"width: 34.607%;height: 56px;background-color: #f097aa\" width=\"303\"><strong>ConRed<\/strong><\/td>\n<\/tr>\n<tr style=\"height: 56px\">\n<td style=\"width: 32.9694%;height: 56px;background-color: #8ec6ed\" width=\"282\"><strong>Ramos Garc\u00eda, C\u00e9sar<\/strong><\/td>\n<td style=\"width: 34.607%;height: 56px;background-color: #8ec6ed\" width=\"303\"><strong>ADA<\/strong><\/td>\n<\/tr>\n<tr style=\"height: 56px\">\n<td style=\"width: 32.9694%;height: 56px;background-color: #e6e85d\" width=\"282\"><strong>Jim\u00e9nez Elena, Manuel Jes\u00fas<\/strong><\/td>\n<td style=\"width: 34.607%;height: 56px;background-color: #e6e85d\" width=\"303\"><strong>aulaDjaque<\/strong><\/td>\n<\/tr>\n<tr style=\"height: 56px\">\n<td style=\"width: 32.9694%;height: 56px;background-color: #92f094\" width=\"282\"><strong>Salmoral Ortiz, Mar\u00eda del Rosario<\/strong><\/td>\n<td style=\"width: 34.607%;height: 56px;background-color: #92f094\" width=\"303\"><strong>STEM<\/strong><\/td>\n<\/tr>\n<tr style=\"height: 56px\">\n<td style=\"width: 32.9694%;height: 56px;background-color: #a0ebe3\" width=\"282\"><strong>Cordeiro Revuelta, Jos\u00e9 Manuel<\/strong><\/td>\n<td style=\"width: 34.607%;height: 56px;background-color: #a0ebe3\" width=\"303\"><strong>ALDEA<\/strong><\/td>\n<\/tr>\n<tr style=\"height: 56px\">\n<td style=\"width: 32.9694%;height: 56px;background-color: #e8ab97\" width=\"282\"><strong>Franco Luque, Mar\u00eda de las Mercedes<\/strong><\/td>\n<td style=\"width: 34.607%;height: 56px;background-color: #e8ab97\" width=\"303\"><strong>Programas Culturales<\/strong><\/td>\n<\/tr>\n<tr style=\"height: 56px\">\n<td style=\"width: 32.9694%;height: 56px;background-color: #ed79e2\" width=\"282\"><strong>Fern\u00e1ndez Hern\u00e1ndez, Buenaventura<\/strong><\/td>\n<td style=\"width: 34.607%;height: 56px;background-color: #ed79e2\" width=\"303\"><strong>H\u00e1bitos de Vida Saludable<\/strong><\/td>\n<\/tr>\n<tr style=\"height: 56px\">\n<td style=\"width: 32.9694%;height: 56px;background-color: #c2eb96\" width=\"282\"><strong>Ruiz L\u00f3pez, Mar\u00eda Ascensi\u00f3n<\/strong><\/td>\n<td style=\"width: 34.607%;height: 56px;background-color: #c2eb96\" width=\"303\"><strong>COMUNICA<\/strong><\/td>\n<\/tr>\n<tr style=\"height: 56px\">\n<td style=\"width: 32.9694%;height: 56px;background-color: #f299ab\" width=\"282\"><strong>Aguirre Mond\u00e9jar, Izaskun<\/strong><\/td>\n<td style=\"width: 34.607%;height: 56px;background-color: #f299ab\" width=\"303\"><strong>M\u00e1s Equidad<\/strong><\/td>\n<\/tr>\n<tr style=\"height: 56px\">\n<td style=\"width: 32.9694%;height: 56px;background-color: #7de3e0\" width=\"282\"><strong>Vegas Melero, Jos\u00e9 Jes\u00fas<\/strong><\/td>\n<td style=\"width: 34.607%;height: 56px;background-color: #7de3e0\" width=\"303\"><strong>Emprendimiento Educativo<\/strong><\/td>\n<\/tr>\n<tr style=\"height: 56px\">\n<td style=\"width: 32.9694%;height: 56px;background-color: #43e01f\" width=\"282\"><strong>Garc\u00eda Cabrera, Silvia<\/strong><\/td>\n<td style=\"width: 34.607%;height: 56px;background-color: #43e01f\" width=\"303\"><strong>M\u00e1s Deporte<\/strong><\/td>\n<\/tr>\n<tr style=\"height: 56px\">\n<td style=\"width: 32.9694%;height: 56px;background-color: #ed5d1f\" width=\"282\"><strong>Salmoral Ortiz, Mar\u00eda del Rosario<\/strong><\/td>\n<td style=\"width: 34.607%;height: 56px;background-color: #ed5d1f\" width=\"303\"><strong>Investiga y Descubre<\/strong><\/td>\n<\/tr>\n<tr style=\"height: 56px\">\n<td style=\"width: 32.9694%;height: 56px;background-color: #861fed\" width=\"282\"><strong>Acosta S\u00e1nchez, Victor Manuel<\/strong><\/td>\n<td style=\"width: 34.607%;height: 56px;background-color: #861fed\" width=\"303\"><strong>Proa<\/strong><\/td>\n<\/tr>\n<tr style=\"height: 56px\">\n<td style=\"width: 32.9694%;height: 56px;background-color: #ede432\" width=\"282\"><strong>Fern\u00e1ndez Hern\u00e1ndez, Buenaventura<\/strong><\/td>\n<td style=\"width: 34.607%;height: 56px;background-color: #ede432\" width=\"303\"><strong>Taller de sensibilizaci\u00f3n de mediadores<\/strong><\/td>\n<\/tr>\n<tr style=\"height: 56px\">\n<td style=\"width: 32.9694%;height: 56px;background-color: #7391eb\" width=\"282\"><strong>Rojas Yedra, Corina<\/strong><\/td>\n<td style=\"width: 34.607%;height: 56px;background-color: #7391eb\" width=\"303\"><strong>Programa de Intercambios Escolares<\/strong><\/td>\n<\/tr>\n<\/tbody>\n<\/table>\n<p>&nbsp;<\/p>\n<p>&nbsp;<\/p>\n<p>&nbsp;<\/p>\n<p>&nbsp;<\/p>\n<p>&nbsp;<\/p>\n","protected":false},"excerpt":{"rendered":"<p>En el centro se desarrollan los siguientes planes, programas o proyectos: Coordinador\/a Planes, programas o proyectos Rom\u00e1n Reina, Elena Igualdad de G\u00e9nero en Educaci\u00f3n Rom\u00e1n Reina, Elena Pacto de Estado:&#46;&#46;&#46;<\/p>\n","protected":false},"author":1,"featured_media":0,"parent":0,"menu_order":0,"comment_status":"open","ping_status":"closed","template":"","meta":{"ngg_post_thumbnail":0,"footnotes":"","_mc_calendar":[]},"aioseo_notices":[],"_links":{"self":[{"href":"https:\/\/blogsaverroes.juntadeandalucia.es\/ieselenagarciaarmada\/wp-json\/wp\/v2\/pages\/44"}],"collection":[{"href":"https:\/\/blogsaverroes.juntadeandalucia.es\/ieselenagarciaarmada\/wp-json\/wp\/v2\/pages"}],"about":[{"href":"https:\/\/blogsaverroes.juntadeandalucia.es\/ieselenagarciaarmada\/wp-json\/wp\/v2\/types\/page"}],"author":[{"embeddable":true,"href":"https:\/\/blogsaverroes.juntadeandalucia.es\/ieselenagarciaarmada\/wp-json\/wp\/v2\/users\/1"}],"replies":[{"embeddable":true,"href":"https:\/\/blogsaverroes.juntadeandalucia.es\/ieselenagarciaarmada\/wp-json\/wp\/v2\/comments?post=44"}],"version-history":[{"count":86,"href":"https:\/\/blogsaverroes.juntadeandalucia.es\/ieselenagarciaarmada\/wp-json\/wp\/v2\/pages\/44\/revisions"}],"predecessor-version":[{"id":8856,"href":"https:\/\/blogsaverroes.juntadeandalucia.es\/ieselenagarciaarmada\/wp-json\/wp\/v2\/pages\/44\/revisions\/8856"}],"wp:attachment":[{"href":"https:\/\/blogsaverroes.juntadeandalucia.es\/ieselenagarciaarmada\/wp-json\/wp\/v2\/media?parent=44"}],"curies":[{"name":"wp","href":"https:\/\/api.w.org\/{rel}","templated":true}]}}