{"id":869,"date":"2015-03-16T07:03:52","date_gmt":"2015-03-16T07:03:52","guid":{"rendered":"http:\/\/blogsaverroes.juntadeandalucia.es\/pre\/ceip\/?page_id=84"},"modified":"2025-09-12T07:55:12","modified_gmt":"2025-09-12T07:55:12","slug":"calendario-escolar","status":"publish","type":"page","link":"https:\/\/blogsaverroes.juntadeandalucia.es\/ieselenagarciaarmada\/calendario-escolar\/","title":{"rendered":"Calendario escolar"},"content":{"rendered":"<h4 style=\"text-align: center\"><strong>D\u00edas lectivos y festivos de C\u00e1diz.<\/strong><\/h4>\n<p><a href=\"https:\/\/feusoandalucia.es\/wp-content\/uploads\/2025\/05\/CALENDARIO-ESCOLAR-COLOR-2025_2026_page-0001.jpg\"><img loading=\"lazy\" decoding=\"async\" class=\"alignnone size-medium wp-image-8817 aligncenter\" src=\"https:\/\/blogsaverroes.juntadeandalucia.es\/ieselenagarciaarmada\/files\/2025\/09\/Captura-de-pantalla-2025-09-10-a-las-13.32.31-300x223.png\" alt=\"\" width=\"300\" height=\"223\" srcset=\"https:\/\/blogsaverroes.juntadeandalucia.es\/ieselenagarciaarmada\/files\/2025\/09\/Captura-de-pantalla-2025-09-10-a-las-13.32.31-300x223.png 300w, https:\/\/blogsaverroes.juntadeandalucia.es\/ieselenagarciaarmada\/files\/2025\/09\/Captura-de-pantalla-2025-09-10-a-las-13.32.31-1024x760.png 1024w, https:\/\/blogsaverroes.juntadeandalucia.es\/ieselenagarciaarmada\/files\/2025\/09\/Captura-de-pantalla-2025-09-10-a-las-13.32.31-768x570.png 768w, https:\/\/blogsaverroes.juntadeandalucia.es\/ieselenagarciaarmada\/files\/2025\/09\/Captura-de-pantalla-2025-09-10-a-las-13.32.31-1536x1140.png 1536w, https:\/\/blogsaverroes.juntadeandalucia.es\/ieselenagarciaarmada\/files\/2025\/09\/Captura-de-pantalla-2025-09-10-a-las-13.32.31.png 1542w\" sizes=\"(max-width: 300px) 100vw, 300px\" \/><\/a><\/p>\n<table id=\"Gen_Id_000001\" class=\"table table-header-sticky-top table-hover table-bordered table-striped table-collapsable-SNC tabla-SNC TableData table-770\" style=\"width: 56.9369%;height: 648px\">\n<tbody>\n<tr class=\"menuContextual snc-row-0\" style=\"height: 24px\">\n<td class=\"cuerpo1 snc-col-0 text-left\" style=\"width: 84px;height: 24px\">\n<div class=\"d-block\"><span class=\"texto-SNC \">24\/09\/2025<\/span><\/div>\n<\/td>\n<td class=\"cuerpo1 snc-col-1 text-left\" style=\"width: 244px;height: 24px\">\n<div class=\"d-block\"><span class=\"texto-SNC \">Fiesta local<\/span><\/div>\n<\/td>\n<td class=\"cuerpo1 snc-col-2 text-left\" style=\"width: 75px;height: 24px\">\n<div class=\"d-block\"><span class=\"texto-SNC \">Localidad<\/span><\/div>\n<\/td>\n<\/tr>\n<tr style=\"height: 24px\">\n<td style=\"width: 84px;height: 24px\">\n<div class=\"d-block\"><span class=\"texto-SNC \">10\/10\/2025<\/span><\/div>\n<\/td>\n<td style=\"width: 244px;height: 24px\">\n<div class=\"d-block\"><span class=\"texto-SNC \">D\u00eda no lectivo provincial<\/span><\/div>\n<\/td>\n<td style=\"width: 75px;height: 24px\">\n<div class=\"d-block\"><span class=\"texto-SNC \">Provincia<\/span><\/div>\n<\/td>\n<\/tr>\n<tr style=\"height: 24px\">\n<td style=\"width: 84px;height: 24px\">\n<div class=\"d-block\"><span class=\"texto-SNC \">12\/10\/2025<\/span><\/div>\n<\/td>\n<td style=\"width: 244px;height: 24px\">\n<div class=\"d-block\"><span class=\"texto-SNC \">Fiesta Nacional de Espa\u00f1a<\/span><\/div>\n<\/td>\n<td style=\"width: 75px;height: 24px\">\n<div class=\"d-block\"><span class=\"texto-SNC \">Andaluc\u00eda<\/span><\/div>\n<\/td>\n<\/tr>\n<tr class=\"menuContextual snc-row-3\" style=\"height: 24px\">\n<td class=\"cuerpo2 snc-col-0 text-left\" style=\"width: 84px;height: 24px\">\n<div class=\"d-block\"><span class=\"texto-SNC \">08\/12\/2025<\/span><\/div>\n<\/td>\n<td class=\"cuerpo2 snc-col-1 text-left\" style=\"width: 244px;height: 24px\">\n<div class=\"d-block\"><span class=\"texto-SNC \">D\u00eda de la Inmaculada Concepci\u00f3n<\/span><\/div>\n<\/td>\n<td class=\"cuerpo2 snc-col-2 text-left\" style=\"width: 75px;height: 24px\">\n<div class=\"d-block\"><span class=\"texto-SNC \">Andaluc\u00eda<\/span><\/div>\n<\/td>\n<\/tr>\n<tr style=\"height: 24px\">\n<td style=\"width: 84px;height: 24px\">\n<div class=\"d-block\"><span class=\"texto-SNC \">22\/12\/2025<\/span><\/div>\n<\/td>\n<td style=\"width: 244px;height: 24px\">\n<div class=\"d-block\"><span class=\"texto-SNC \">Vacaciones de Navidad<\/span><\/div>\n<\/td>\n<td style=\"width: 75px;height: 24px\">\n<div class=\"d-block\"><span class=\"texto-SNC \">Localidad<\/span><\/div>\n<\/td>\n<\/tr>\n<tr style=\"height: 24px\">\n<td style=\"width: 84px;height: 24px\">\n<div class=\"d-block\"><span class=\"texto-SNC \">23\/12\/2025<\/span><\/div>\n<\/td>\n<td style=\"width: 244px;height: 24px\">\n<div class=\"d-block\"><span class=\"texto-SNC \">Vacaciones de Navidad<\/span><\/div>\n<\/td>\n<td style=\"width: 75px;height: 24px\">\n<div class=\"d-block\"><span class=\"texto-SNC \">Localidad<\/span><\/div>\n<\/td>\n<\/tr>\n<tr style=\"height: 24px\">\n<td style=\"width: 84px;height: 24px\">\n<div class=\"d-block\"><span class=\"texto-SNC \">23\/12\/2025<\/span><\/div>\n<\/td>\n<td style=\"width: 244px;height: 24px\">\n<div class=\"d-block\"><span class=\"texto-SNC \">Vacaciones de Navidad<\/span><\/div>\n<\/td>\n<td style=\"width: 75px;height: 24px\">\n<div class=\"d-block\"><span class=\"texto-SNC \">Localidad<\/span><\/div>\n<\/td>\n<\/tr>\n<tr class=\"menuContextual snc-row-6\" style=\"height: 24px\">\n<td class=\"cuerpo1 snc-col-0 text-left\" style=\"width: 84px;height: 24px\">\n<div class=\"d-block\"><span class=\"texto-SNC \">25\/12\/2025<\/span><\/div>\n<\/td>\n<td class=\"cuerpo1 snc-col-1 text-left\" style=\"width: 244px;height: 24px\">\n<div class=\"d-block\"><span class=\"texto-SNC \">D\u00eda de Navidad<\/span><\/div>\n<\/td>\n<td class=\"cuerpo1 snc-col-2 text-left\" style=\"width: 75px;height: 24px\">\n<div class=\"d-block\"><span class=\"texto-SNC \">Andaluc\u00eda<\/span><\/div>\n<\/td>\n<\/tr>\n<tr class=\"menuContextual snc-row-7\" style=\"height: 24px\">\n<td class=\"cuerpo2 snc-col-0 text-left\" style=\"width: 84px;height: 24px\">\n<div class=\"d-block\"><span class=\"texto-SNC \">26\/12\/2025<\/span><\/div>\n<\/td>\n<td class=\"cuerpo2 snc-col-1 text-left\" style=\"width: 244px;height: 24px\">\n<div class=\"d-block\"><span class=\"texto-SNC \">Vacaciones de Navidad<\/span><\/div>\n<\/td>\n<td class=\"cuerpo2 snc-col-2 text-left\" style=\"width: 75px;height: 24px\">\n<div class=\"d-block\"><span class=\"texto-SNC \">Localidad<\/span><\/div>\n<\/td>\n<\/tr>\n<tr class=\"menuContextual snc-row-8\" style=\"height: 24px\">\n<td class=\"cuerpo1 snc-col-0 text-left\" style=\"width: 84px;height: 24px\">\n<div class=\"d-block\"><span class=\"texto-SNC \">29\/12\/2025<\/span><\/div>\n<\/td>\n<td class=\"cuerpo1 snc-col-1 text-left\" style=\"width: 244px;height: 24px\">\n<div class=\"d-block\"><span class=\"texto-SNC \">Vacaciones de Navidad<\/span><\/div>\n<\/td>\n<td class=\"cuerpo1 snc-col-2 text-left\" style=\"width: 75px;height: 24px\">\n<div class=\"d-block\"><span class=\"texto-SNC \">Localidad<\/span><\/div>\n<\/td>\n<\/tr>\n<tr class=\"menuContextual snc-row-9\" style=\"height: 24px\">\n<td class=\"cuerpo2 snc-col-0 text-left\" style=\"width: 84px;height: 24px\">\n<div class=\"d-block\"><span class=\"texto-SNC \">30\/12\/2025<\/span><\/div>\n<\/td>\n<td class=\"cuerpo2 snc-col-1 text-left\" style=\"width: 244px;height: 24px\">\n<div class=\"d-block\"><span class=\"texto-SNC \">Vacaciones de Navidad<\/span><\/div>\n<\/td>\n<td class=\"cuerpo2 snc-col-2 text-left\" style=\"width: 75px;height: 24px\">\n<div class=\"d-block\"><span class=\"texto-SNC \">Localidad<\/span><\/div>\n<\/td>\n<\/tr>\n<tr class=\"menuContextual snc-row-10\" style=\"height: 24px\">\n<td class=\"cuerpo1 snc-col-0 text-left\" style=\"width: 84px;height: 24px\">\n<div class=\"d-block\"><span class=\"texto-SNC \">31\/12\/2025<\/span><\/div>\n<\/td>\n<td class=\"cuerpo1 snc-col-1 text-left\" style=\"width: 244px;height: 24px\">\n<div class=\"d-block\"><span class=\"texto-SNC \">Vacaciones de Navidad<\/span><\/div>\n<\/td>\n<td class=\"cuerpo1 snc-col-2 text-left\" style=\"width: 75px;height: 24px\">\n<div class=\"d-block\"><span class=\"texto-SNC \">Localidad<\/span><\/div>\n<\/td>\n<\/tr>\n<tr class=\"menuContextual snc-row-11\" style=\"height: 24px\">\n<td class=\"cuerpo2 snc-col-0 text-left\" style=\"width: 84px;height: 24px\">\n<div class=\"d-block\"><span class=\"texto-SNC \">01\/01\/2026<\/span><\/div>\n<\/td>\n<td class=\"cuerpo2 snc-col-1 text-left\" style=\"width: 244px;height: 24px\">\n<div class=\"d-block\"><span class=\"texto-SNC \">D\u00eda de A\u00f1o Nuevo<\/span><\/div>\n<\/td>\n<td class=\"cuerpo2 snc-col-2 text-left\" style=\"width: 75px;height: 24px\">\n<div class=\"d-block\"><span class=\"texto-SNC \">Andaluc\u00eda<\/span><\/div>\n<\/td>\n<\/tr>\n<tr class=\"menuContextual snc-row-12\" style=\"height: 24px\">\n<td class=\"cuerpo1 snc-col-0 text-left\" style=\"width: 84px;height: 24px\">\n<div class=\"d-block\"><span class=\"texto-SNC \">02\/01\/2026<\/span><\/div>\n<\/td>\n<td class=\"cuerpo1 snc-col-1 text-left\" style=\"width: 244px;height: 24px\">\n<div class=\"d-block\"><span class=\"texto-SNC \">Vacaciones de Navidad<\/span><\/div>\n<\/td>\n<td class=\"cuerpo1 snc-col-2 text-left\" style=\"width: 75px;height: 24px\">\n<div class=\"d-block\"><span class=\"texto-SNC \">Localidad<\/span><\/div>\n<\/td>\n<\/tr>\n<tr class=\"menuContextual snc-row-13\" style=\"height: 24px\">\n<td class=\"cuerpo2 snc-col-0 text-left\" style=\"width: 84px;height: 24px\">\n<div class=\"d-block\"><span class=\"texto-SNC \">05\/01\/2026<\/span><\/div>\n<\/td>\n<td class=\"cuerpo2 snc-col-1 text-left\" style=\"width: 244px;height: 24px\">\n<div class=\"d-block\"><span class=\"texto-SNC \">Vacaciones de Navidad<\/span><\/div>\n<\/td>\n<td class=\"cuerpo2 snc-col-2 text-left\" style=\"width: 75px;height: 24px\">\n<div class=\"d-block\"><span class=\"texto-SNC \">Localidad<\/span><\/div>\n<\/td>\n<\/tr>\n<tr class=\"menuContextual snc-row-14\" style=\"height: 24px\">\n<td class=\"cuerpo1 snc-col-0 text-left\" style=\"width: 84px;height: 24px\">\n<div class=\"d-block\"><span class=\"texto-SNC \">06\/01\/2026<\/span><\/div>\n<\/td>\n<td class=\"cuerpo1 snc-col-1 text-left\" style=\"width: 244px;height: 24px\">\n<div class=\"d-block\"><span class=\"texto-SNC \">Vacaciones de Navidad<\/span><\/div>\n<\/td>\n<td class=\"cuerpo1 snc-col-2 text-left\" style=\"width: 75px;height: 24px\">\n<div class=\"d-block\"><span class=\"texto-SNC \">Localidad<\/span><\/div>\n<\/td>\n<\/tr>\n<tr class=\"menuContextual snc-row-15\" style=\"height: 24px\">\n<td class=\"cuerpo2 snc-col-0 text-left\" style=\"width: 84px;height: 24px\">\n<div class=\"d-block\"><span class=\"texto-SNC \">07\/01\/2026<\/span><\/div>\n<\/td>\n<td class=\"cuerpo2 snc-col-1 text-left\" style=\"width: 244px;height: 24px\">\n<div class=\"d-block\"><span class=\"texto-SNC \">Vacaciones de Navidad<\/span><\/div>\n<\/td>\n<td class=\"cuerpo2 snc-col-2 text-left\" style=\"width: 75px;height: 24px\">\n<div class=\"d-block\"><span class=\"texto-SNC \">Andaluc\u00eda<\/span><\/div>\n<\/td>\n<\/tr>\n<tr class=\"menuContextual snc-row-18\" style=\"height: 24px\">\n<td class=\"cuerpo1 snc-col-0 text-left\" style=\"width: 84px;height: 24px\">\n<div class=\"d-block\"><span class=\"texto-SNC \">27\/02\/2026<\/span><\/div>\n<\/td>\n<td class=\"cuerpo1 snc-col-1 text-left\" style=\"width: 244px;height: 24px\">\n<div class=\"d-block\"><span class=\"texto-SNC \">D\u00eda de la Comunidad Educativa<\/span><\/div>\n<\/td>\n<td class=\"cuerpo1 snc-col-2 text-left\" style=\"width: 75px;height: 24px\">\n<div class=\"d-block\"><span class=\"texto-SNC \">Andaluc\u00eda<\/span><\/div>\n<\/td>\n<\/tr>\n<tr class=\"menuContextual snc-row-19\" style=\"height: 24px\">\n<td class=\"cuerpo2 snc-col-0 text-left\" style=\"width: 84px;height: 24px\">\n<div class=\"d-block\"><span class=\"texto-SNC \">30\/03\/2026<\/span><\/div>\n<\/td>\n<td class=\"cuerpo2 snc-col-1 text-left\" style=\"width: 244px;height: 24px\">\n<div class=\"d-block\"><span class=\"texto-SNC \">Vacaciones de Semana Santa<\/span><\/div>\n<\/td>\n<td class=\"cuerpo2 snc-col-2 text-left\" style=\"width: 75px;height: 24px\">\n<div class=\"d-block\"><span class=\"texto-SNC \">Localidad<\/span><\/div>\n<\/td>\n<\/tr>\n<tr class=\"menuContextual snc-row-20\" style=\"height: 24px\">\n<td class=\"cuerpo1 snc-col-0 text-left\" style=\"width: 84px;height: 24px\">\n<div class=\"d-block\"><span class=\"texto-SNC \">31\/03\/2026<\/span><\/div>\n<\/td>\n<td class=\"cuerpo1 snc-col-1 text-left\" style=\"width: 244px;height: 24px\">\n<div class=\"d-block\"><span class=\"texto-SNC \">Vacaciones de Semana Santa<\/span><\/div>\n<\/td>\n<td class=\"cuerpo1 snc-col-2 text-left\" style=\"width: 75px;height: 24px\">\n<div class=\"d-block\"><span class=\"texto-SNC \">Localidad<\/span><\/div>\n<\/td>\n<\/tr>\n<tr class=\"menuContextual snc-row-21\" style=\"height: 24px\">\n<td class=\"cuerpo2 snc-col-0 text-left\" style=\"width: 84px;height: 24px\">\n<div class=\"d-block\"><span class=\"texto-SNC \">01\/04\/2026<\/span><\/div>\n<\/td>\n<td class=\"cuerpo2 snc-col-1 text-left\" style=\"width: 244px;height: 24px\">\n<div class=\"d-block\"><span class=\"texto-SNC \">Vacaciones de Semana Santa<\/span><\/div>\n<\/td>\n<td class=\"cuerpo2 snc-col-2 text-left\" style=\"width: 75px;height: 24px\">\n<div class=\"d-block\"><span class=\"texto-SNC \">Localidad<\/span><\/div>\n<\/td>\n<\/tr>\n<tr class=\"menuContextual snc-row-22\" style=\"height: 24px\">\n<td class=\"cuerpo1 snc-col-0 text-left\" style=\"width: 84px;height: 24px\">\n<div class=\"d-block\"><span class=\"texto-SNC \">02\/04\/2026<\/span><\/div>\n<\/td>\n<td class=\"cuerpo1 snc-col-1 text-left\" style=\"width: 244px;height: 24px\">\n<div class=\"d-block\">Jueves Santo<\/div>\n<\/td>\n<td class=\"cuerpo1 snc-col-2 text-left\" style=\"width: 75px;height: 24px\">\n<div class=\"d-block\"><span class=\"texto-SNC \">Andaluc\u00eda<\/span><\/div>\n<\/td>\n<\/tr>\n<tr class=\"menuContextual snc-row-23\" style=\"height: 24px\">\n<td class=\"cuerpo2 snc-col-0 text-left\" style=\"width: 84px;height: 24px\">\n<div class=\"d-block\"><span class=\"texto-SNC \">03\/04\/2026<\/span><\/div>\n<\/td>\n<td class=\"cuerpo2 snc-col-1 text-left\" style=\"width: 244px;height: 24px\">\n<div class=\"d-block\"><span class=\"texto-SNC \">Viernes Santo<\/span><\/div>\n<\/td>\n<td class=\"cuerpo2 snc-col-2 text-left\" style=\"width: 75px;height: 24px\">\n<div class=\"d-block\"><span class=\"texto-SNC \">Andaluc\u00eda<\/span><\/div>\n<\/td>\n<\/tr>\n<tr class=\"menuContextual snc-row-24\" style=\"height: 24px\">\n<td class=\"cuerpo1 snc-col-0 text-left\" style=\"width: 84px;height: 24px\">\n<div class=\"d-block\"><span class=\"texto-SNC \">01\/05\/2026<\/span><\/div>\n<\/td>\n<td class=\"cuerpo1 snc-col-1 text-left\" style=\"width: 244px;height: 24px\">\n<div class=\"d-block\"><span class=\"texto-SNC \">D\u00eda del Trabajo<\/span><\/div>\n<\/td>\n<td class=\"cuerpo1 snc-col-2 text-left\" style=\"width: 75px;height: 24px\">\n<div class=\"d-block\"><span class=\"texto-SNC \">Andaluc\u00eda<\/span><\/div>\n<\/td>\n<\/tr>\n<tr class=\"menuContextual snc-row-25\" style=\"height: 24px\">\n<td class=\"cuerpo2 snc-col-0 text-left\" style=\"width: 84px;height: 24px\">\n<div class=\"d-block\">&nbsp;<\/div>\n<\/td>\n<td class=\"cuerpo2 snc-col-1 text-left\" style=\"width: 244px;height: 24px\">\n<div class=\"d-block\"><span class=\"texto-SNC \">Fiesta local<\/span><\/div>\n<\/td>\n<td class=\"cuerpo2 snc-col-2 text-left\" style=\"width: 75px;height: 24px\">\n<div class=\"d-block\"><span class=\"texto-SNC \">Localidad<\/span><\/div>\n<\/td>\n<\/tr>\n<tr class=\"menuContextual snc-row-26\" style=\"height: 24px\">\n<td class=\"cuerpo1 snc-col-0 text-left\" style=\"width: 84px;height: 24px\">\n<div class=\"d-block\">&nbsp;<\/div>\n<\/td>\n<td class=\"cuerpo1 snc-col-1 text-left\" style=\"width: 244px;height: 24px\">\n<div class=\"d-block\"><span class=\"texto-SNC \">D\u00eda no lectivo<\/span><\/div>\n<\/td>\n<td class=\"cuerpo1 snc-col-2 text-left\" style=\"width: 75px;height: 24px\">\n<div class=\"d-block\"><span class=\"texto-SNC \">Localidad<\/span><\/div>\n<\/td>\n<\/tr>\n<\/tbody>\n<\/table>\n","protected":false},"excerpt":{"rendered":"<p>D\u00edas lectivos y festivos de C\u00e1diz. 24\/09\/2025 Fiesta local Localidad 10\/10\/2025 D\u00eda no lectivo provincial Provincia 12\/10\/2025 Fiesta Nacional de Espa\u00f1a Andaluc\u00eda 08\/12\/2025 D\u00eda de la Inmaculada Concepci\u00f3n Andaluc\u00eda 22\/12\/2025&#46;&#46;&#46;<\/p>\n","protected":false},"author":1,"featured_media":0,"parent":0,"menu_order":0,"comment_status":"open","ping_status":"open","template":"","meta":{"ngg_post_thumbnail":0,"footnotes":"","_mc_calendar":{"weekends":"true","shortcode":"[my_calendar weekends=&quot;true&quot;]","append":""}},"aioseo_notices":[],"_links":{"self":[{"href":"https:\/\/blogsaverroes.juntadeandalucia.es\/ieselenagarciaarmada\/wp-json\/wp\/v2\/pages\/869"}],"collection":[{"href":"https:\/\/blogsaverroes.juntadeandalucia.es\/ieselenagarciaarmada\/wp-json\/wp\/v2\/pages"}],"about":[{"href":"https:\/\/blogsaverroes.juntadeandalucia.es\/ieselenagarciaarmada\/wp-json\/wp\/v2\/types\/page"}],"author":[{"embeddable":true,"href":"https:\/\/blogsaverroes.juntadeandalucia.es\/ieselenagarciaarmada\/wp-json\/wp\/v2\/users\/1"}],"replies":[{"embeddable":true,"href":"https:\/\/blogsaverroes.juntadeandalucia.es\/ieselenagarciaarmada\/wp-json\/wp\/v2\/comments?post=869"}],"version-history":[{"count":31,"href":"https:\/\/blogsaverroes.juntadeandalucia.es\/ieselenagarciaarmada\/wp-json\/wp\/v2\/pages\/869\/revisions"}],"predecessor-version":[{"id":8828,"href":"https:\/\/blogsaverroes.juntadeandalucia.es\/ieselenagarciaarmada\/wp-json\/wp\/v2\/pages\/869\/revisions\/8828"}],"wp:attachment":[{"href":"https:\/\/blogsaverroes.juntadeandalucia.es\/ieselenagarciaarmada\/wp-json\/wp\/v2\/media?parent=869"}],"curies":[{"name":"wp","href":"https:\/\/api.w.org\/{rel}","templated":true}]}}