{"id":8695,"date":"2024-11-20T12:23:00","date_gmt":"2024-11-20T12:23:00","guid":{"rendered":"https:\/\/blogsaverroes.juntadeandalucia.es\/ieselenagarciaarmada\/?page_id=8695"},"modified":"2024-12-02T12:04:40","modified_gmt":"2024-12-02T12:04:40","slug":"11-f","status":"publish","type":"page","link":"https:\/\/blogsaverroes.juntadeandalucia.es\/ieselenagarciaarmada\/11-f\/","title":{"rendered":"11F"},"content":{"rendered":"<p dir=\"ltr\"><strong>PROYECTO \u201cTabla de Mujeres Cient\u00edficas\u201d<\/strong><\/p>\n<ul>\n<li dir=\"ltr\">An\u00e1lisis. \u00bfDe d\u00f3nde partimos?<\/li>\n<\/ul>\n<p dir=\"ltr\">El IES Elena Garc\u00eda Armada apuesta por una ense\u00f1anza innovadora donde uno de los pilares es el fomento de las&nbsp;STEAM&nbsp;entre su alumnado.<\/p>\n<p dir=\"ltr\">Desde este departamento estamos formando al alumnado en dicha disciplina con peque\u00f1os proyectos,&nbsp;\u201cp\u00edldoras de aprendizaje\u201d,&nbsp;que ayuden a construir una sociedad&nbsp;en el que el papel de la mujer sea igual al del hombre.<\/p>\n<p dir=\"ltr\">Hist\u00f3ricamente siempre ha habido invisibilidad de la mujer o directamente no se han recogido a su nombre los aportes que ellas han hecho en estas disciplinas, es por eso que vamos a darles el reconocimiento que merecen.<\/p>\n<p dir=\"ltr\">Para ello vamos a Celebrar el d\u00eda 11 de Febrero,&nbsp;d\u00eda Internacional de la Mujer y la Ni\u00f1a en la Ciencia,&nbsp;dise\u00f1ado un&nbsp;TABLA de Cient\u00edficas Actuales,&nbsp;inspirada en las tabla de&nbsp;<a href=\"https:\/\/cienciaypresencia.blogspot.com\/2018\/11\/extras-tabla-periodica-de-las.html\" target=\"_blank\" rel=\"noopener\" data-saferedirecturl=\"https:\/\/www.google.com\/url?q=https:\/\/cienciaypresencia.blogspot.com\/2018\/11\/extras-tabla-periodica-de-las.html&amp;source=gmail&amp;ust=1732193405088000&amp;usg=AOvVaw1Mb0nAe-KF2J38rKxrHar8\">Teresa Vald\u00e9s Sol\u00eds<\/a>&nbsp;y&nbsp;<a href=\"https:\/\/sites.google.com\/view\/elementartistas\/p%C3%A1gina-principal\" target=\"_blank\" rel=\"noopener\" data-saferedirecturl=\"https:\/\/www.google.com\/url?q=https:\/\/sites.google.com\/view\/elementartistas\/p%25C3%25A1gina-principal&amp;source=gmail&amp;ust=1732193405088000&amp;usg=AOvVaw1iYegdmKh7wMSwmdpOYfEV\">Elementaristas<\/a>.<\/p>\n<ul>\n<li dir=\"ltr\">Dise\u00f1o e Implementaci\u00f3n \u00bfQu\u00e9 y c\u00f3mo lo vamos a hacer?<\/li>\n<\/ul>\n<p dir=\"ltr\">Para conmemorar este d\u00eda, y cada a\u00f1o se elegir\u00e1n 5 mujeres cient\u00edficas actuales que se colocar\u00e1n en nuestra Tabla de Cient\u00edficas en la parte izquierda y 5 mujeres STEAM que forman parte de nuestro propio centro.<\/p>\n<p dir=\"ltr\">1\u00ba Elecci\u00f3n de las cient\u00edficas: cada a\u00f1o desde los departamentos se elegir\u00e1n las 10 mujeres cient\u00edficas que ser\u00e1n aprobadas en la ETCP.<\/p>\n<p dir=\"ltr\">2\u00ba B\u00fasqueda de informaci\u00f3n sobre las cient\u00edficas. Desde la materia de lengua se realizar\u00e1 un trabajo de investigaci\u00f3n sobre las 5 cient\u00edficas actuales y de las 5 profesoras del centro.<\/p>\n<p dir=\"ltr\">3\u00ba Realizaci\u00f3n de una peque\u00f1a biograf\u00eda, a\u00f1adiendo enlaces interesantes. Desde la materia de lengua se realizar\u00e1 la biograf\u00eda de cada cient\u00edfica y se elegir\u00e1n aquellas m\u00e1s destacadas para que aparezcan en nuestra tabla. Desde la materia de Ingl\u00e9s y Franc\u00e9s se realizar\u00e1 la traducci\u00f3n de esas biograf\u00edas elegidas.<\/p>\n<p dir=\"ltr\">4\u00ba Dise\u00f1o de un Genially: se ir\u00e1 completando cada a\u00f1o desde la materia de tecnolog\u00eda.<\/p>\n<p dir=\"ltr\">5\u00ba Elaboraci\u00f3n de un QR que enlace con el Genially que se colocar\u00e1 en la tabla.&nbsp;<\/p>\n<p dir=\"ltr\">6\u00ba Realizaci\u00f3n del dise\u00f1o de la imagen de cada cient\u00edfica al estilo de la artista madrile\u00f1a, Valeria Palermo conocida a nivel art\u00edstico como Coco D\u00e1vez. Desde la materia de Educaci\u00f3n pl\u00e1stica se trabajar\u00e1n los dise\u00f1os de las cient\u00edficas y se elegir\u00e1n los m\u00e1s destacados para ser pintados por el propio alumnado en la tabla.<\/p>\n<p dir=\"ltr\">Los Departamentos Did\u00e1cticos implicados ser\u00edan Educaci\u00f3n Pl\u00e1stica (elaboraci\u00f3n de dise\u00f1o en texturas plana), Lengua (investigaci\u00f3n y elaboraci\u00f3n de las biograf\u00edas), Ingl\u00e9s y Franc\u00e9s (Traducci\u00f3n de las biograf\u00edas) y Tecnolog\u00eda (Elaboraci\u00f3n Genially y QR) en sus materias de 2\u00ba y 3\u00ba de la ESO, y los Departamentos Transversales STEAM, Igualdad y DACE.<\/p>\n<ul>\n<li dir=\"ltr\">Los&nbsp;objetivos&nbsp;que queremos alcanzar son:<\/li>\n<\/ul>\n<p dir=\"ltr\">-Fomentar y dar visibilidad a las vocaciones STEAM en el alumnado, especialmente entre las alumnas, contribuyendo a la igualdad de oportunidades.<\/p>\n<p dir=\"ltr\">-Enriquecer la comunidad educativa, fomentando la participaci\u00f3n e interacci\u00f3n de esta misma para dise\u00f1ar y crear un fuerte sentido de la propia cultura identidad del Centro.<\/p>\n<ul>\n<li>LA TABLA:<\/li>\n<\/ul>\n<p><span id=\"m_5305899677227324039gmail-docs-internal-guid-44efa517-7fff-9f56-d463-89c1307e7f34\"><img loading=\"lazy\" decoding=\"async\" class=\"CToWUd a6T\" src=\"https:\/\/lh7-rt.googleusercontent.com\/docsz\/AD_4nXcyU5Y3e6cd45vuMxAYGO8VHHQMMRgKuVygKDENG15P7fe-WDkVOb3THoF7dW8zYntmXDr3f_4aTbDuOoCkLSySH6IX0OFT2_rdoyvbRDr6MraQhK-YhqoVXpTuinK8VWQDfFcm9g?key=WFjKzf0Lzk8Cg_TCAUy6wyx3\" width=\"390\" height=\"391\" data-bit=\"iit\"><\/span><\/p>\n<p>Para acceder a la tabla peri\u00f3dica dedicada a nuestras cient\u00edficas, pinchad&nbsp;<a href=\"https:\/\/view.genially.com\/623068c103470f00130b3a16\">aqu\u00ed.<\/a><\/p>\n","protected":false},"excerpt":{"rendered":"<p>PROYECTO \u201cTabla de Mujeres Cient\u00edficas\u201d An\u00e1lisis. \u00bfDe d\u00f3nde partimos? El IES Elena Garc\u00eda Armada apuesta por una ense\u00f1anza innovadora donde uno de los pilares es el fomento de las&nbsp;STEAM&nbsp;entre su&#46;&#46;&#46;<\/p>\n","protected":false},"author":10331,"featured_media":0,"parent":0,"menu_order":0,"comment_status":"closed","ping_status":"closed","template":"","meta":{"ngg_post_thumbnail":0,"footnotes":"","_mc_calendar":[]},"aioseo_notices":[],"_links":{"self":[{"href":"https:\/\/blogsaverroes.juntadeandalucia.es\/ieselenagarciaarmada\/wp-json\/wp\/v2\/pages\/8695"}],"collection":[{"href":"https:\/\/blogsaverroes.juntadeandalucia.es\/ieselenagarciaarmada\/wp-json\/wp\/v2\/pages"}],"about":[{"href":"https:\/\/blogsaverroes.juntadeandalucia.es\/ieselenagarciaarmada\/wp-json\/wp\/v2\/types\/page"}],"author":[{"embeddable":true,"href":"https:\/\/blogsaverroes.juntadeandalucia.es\/ieselenagarciaarmada\/wp-json\/wp\/v2\/users\/10331"}],"replies":[{"embeddable":true,"href":"https:\/\/blogsaverroes.juntadeandalucia.es\/ieselenagarciaarmada\/wp-json\/wp\/v2\/comments?post=8695"}],"version-history":[{"count":8,"href":"https:\/\/blogsaverroes.juntadeandalucia.es\/ieselenagarciaarmada\/wp-json\/wp\/v2\/pages\/8695\/revisions"}],"predecessor-version":[{"id":8711,"href":"https:\/\/blogsaverroes.juntadeandalucia.es\/ieselenagarciaarmada\/wp-json\/wp\/v2\/pages\/8695\/revisions\/8711"}],"wp:attachment":[{"href":"https:\/\/blogsaverroes.juntadeandalucia.es\/ieselenagarciaarmada\/wp-json\/wp\/v2\/media?parent=8695"}],"curies":[{"name":"wp","href":"https:\/\/api.w.org\/{rel}","templated":true}]}}