{"id":871,"date":"2015-03-16T07:25:46","date_gmt":"2015-03-16T07:25:46","guid":{"rendered":"http:\/\/blogsaverroes.juntadeandalucia.es\/pre\/ceip\/?page_id=106"},"modified":"2025-10-06T08:48:34","modified_gmt":"2025-10-06T08:48:34","slug":"actividades-extraescolares","status":"publish","type":"page","link":"https:\/\/blogsaverroes.juntadeandalucia.es\/ieselenagarciaarmada\/actividades-extraescolares\/","title":{"rendered":"Departamento de Actividades Complementarias y Extraescolares"},"content":{"rendered":"<p style=\"text-align: justify\">El departamento de actividades complementarias y extraescolares (D.A.C.E.) es el encargado de promover, coordinar y organizar la realizaci\u00f3n de las actividades extraescolares y complementarias, en colaboraci\u00f3n con los departamentos de coordinaci\u00f3n did\u00e1ctica y con los coordinadores de planes, programas y proyectos.<\/p>\n<p>&nbsp;<\/p>\n<p style=\"text-align: justify\">Adem\u00e1s de todas las actividades complementarias y extraescolares, tambi\u00e9n se llevar\u00e1n a cabo:<\/p>\n<ul>\n<li style=\"text-align: justify\">El viaje de Fin de Estudios de 4\u00ba ESO donde podr\u00e1n encontrar la informaci\u00f3n del mismo en este folleto<\/li>\n<li><span style=\"text-align: justify\">El viaje de Fin de Estudios de 2\u00ba Bachillerato, donde podr\u00e1n encontrar la informaci\u00f3n del mismo en el siguiente folleto<\/span><\/li>\n<\/ul>\n<p>&nbsp;<\/p>\n<p style=\"text-align: justify\">Durante el presente a\u00f1o se est\u00e1n llevando a cabo las siguientes actividades complementarias y extraescolares del centro:<\/p>\n<p><strong>ACTIVIDADES PRIMERA EVALUACI\u00d3N<\/strong><\/p>\n<table style=\"border-collapse: collapse;width: 100%\">\n<tbody>\n<tr>\n<td style=\"width: 13.0126%;text-align: center\"><b>FECHAS<\/b><\/td>\n<td style=\"width: 6.8612%;text-align: center\"><b>TRAMOS<\/b><\/td>\n<td style=\"width: 42.429%;text-align: center\"><b>ACTIVIDADES<\/b><\/td>\n<td style=\"width: 19.6372%;text-align: center\"><b>GRUPOS<\/b><\/td>\n<\/tr>\n<tr>\n<td style=\"width: 13.0126%;text-align: center\">\n<p class=\"p1\">Martes, 23 septiembre<\/p>\n<\/td>\n<td style=\"width: 6.8612%;text-align: center\">\n<p class=\"p1\">08:15 &#8211; 14:45<\/p>\n<\/td>\n<td style=\"width: 42.429%;text-align: center\">\n<p class=\"p1\">De barrio en barrio<\/p>\n<\/td>\n<td style=\"width: 19.6372%;text-align: center\">\n<p class=\"p1\">2\u00ba BACH BC (H\u00aa Arte)<\/p>\n<\/td>\n<\/tr>\n<tr>\n<td style=\"width: 13.0126%;text-align: center\">\n<p class=\"p1\">Mi\u00e9rcoles, 1 de octubre<\/p>\n<\/td>\n<td style=\"width: 6.8612%;text-align: center\">\n<p class=\"p1\">08:15 &#8211; 14:45<\/p>\n<\/td>\n<td style=\"width: 42.429%;text-align: center\">\n<p class=\"p1\">Salida a La Rumbosa<\/p>\n<\/td>\n<td style=\"width: 19.6372%;text-align: center\">\n<p class=\"p1\">2\u00ba CFGM<\/p>\n<\/td>\n<\/tr>\n<tr>\n<td style=\"width: 13.0126%;text-align: center\">\n<p class=\"p1\">Jueves, 2 octubre<\/p>\n<\/td>\n<td style=\"width: 6.8612%;text-align: center\">\n<p class=\"p1\">10:15 &#8211; 11:15<\/p>\n<\/td>\n<td style=\"width: 42.429%;text-align: center\">\n<p class=\"p1\">Salida a tienda h\u00edpica<\/p>\n<\/td>\n<td style=\"width: 19.6372%;text-align: center\">\n<p class=\"p1\">1\u00ba CFGM<\/p>\n<\/td>\n<\/tr>\n<tr>\n<td style=\"width: 13.0126%;text-align: center\">\n<p class=\"p1\">Jueves, 2 octubre<\/p>\n<\/td>\n<td style=\"width: 6.8612%;text-align: center\">\n<p class=\"p1\">09:15 &#8211; 14:30<\/p>\n<\/td>\n<td style=\"width: 42.429%;text-align: center\">\n<p class=\"p1\">Actividad de Convivencia en Punta del Boquer\u00f3n<\/p>\n<\/td>\n<td style=\"width: 19.6372%;text-align: center\">\n<p class=\"p1\">1\u00ba ESO A-D<\/p>\n<\/td>\n<\/tr>\n<tr>\n<td style=\"width: 13.0126%;text-align: center\">\n<p class=\"p1\">Jueves, 2 octubre<\/p>\n<\/td>\n<td style=\"width: 6.8612%;text-align: center\">\n<p class=\"p1\">09:15 &#8211; 14:30<\/p>\n<\/td>\n<td style=\"width: 42.429%;text-align: center\">\n<p class=\"p1\">Actividad de Convivencia en Los Toru\u00f1os<\/p>\n<\/td>\n<td style=\"width: 19.6372%;text-align: center\">\n<p class=\"p1\">2\u00ba ESO A-D<\/p>\n<\/td>\n<\/tr>\n<tr>\n<td style=\"width: 13.0126%;text-align: center\">Mi\u00e9rcoles, 8 octubre<\/td>\n<td style=\"width: 6.8612%;text-align: center\">\n<p class=\"p1\">08:15 &#8211; 14:45<\/p>\n<\/td>\n<td style=\"width: 42.429%;text-align: center\">\n<p class=\"p1\">Salida a Chap\u00edn<\/p>\n<\/td>\n<td style=\"width: 19.6372%;text-align: center\">\n<p class=\"p1\">1\u00ba CFGM<\/p>\n<\/td>\n<\/tr>\n<tr>\n<td style=\"width: 13.0126%;text-align: center\">\n<p class=\"p1\">Martes, 21 octubre<\/p>\n<\/td>\n<td style=\"width: 6.8612%;text-align: center\">\n<p class=\"p1\">09:15 &#8211; 14:45<span style=\"font-family: inherit;font-size: inherit\">&nbsp;<\/span><\/p>\n<\/td>\n<td style=\"width: 42.429%;text-align: center\">\n<p class=\"p1\">Visita museo arqueol\u00f3gico Jerez<span style=\"font-family: inherit;font-size: inherit\">&nbsp;<\/span><\/p>\n<\/td>\n<td style=\"width: 19.6372%;text-align: center\">\n<p class=\"p1\">1\u00ba ESO A-D (alumnado de Cultura Cl\u00e1sica)<\/p>\n<\/td>\n<\/tr>\n<tr>\n<td style=\"width: 13.0126%;text-align: center\">\n<p class=\"p1\">Mi\u00e9rcoles,12 noviembre<\/p>\n<\/td>\n<td style=\"width: 6.8612%;text-align: center\">\n<p class=\"p1\">09:15 &#8211; 14:45<\/p>\n<\/td>\n<td style=\"width: 42.429%;text-align: center\">\n<p class=\"p1\">Misa por a\u00f1o jubilar en Catedral de Jerez de la Frontera<\/p>\n<\/td>\n<td style=\"width: 19.6372%;text-align: center\">\n<p class=\"p1\">1\u00ba ESO A-D (alumnado Religi\u00f3n)<\/p>\n<p class=\"p1\">2\u00ba ESO A-D (alumnado Religi\u00f3n<\/p>\n<\/td>\n<\/tr>\n<tr>\n<td style=\"width: 13.0126%;text-align: center\">\n<p class=\"p1\">Mi\u00e9rcoles,19 noviembre<\/p>\n<\/td>\n<td style=\"width: 6.8612%;text-align: center\">\n<p class=\"p1\">09:15 &#8211; 14:45<\/p>\n<\/td>\n<td style=\"width: 42.429%;text-align: center\">Misa por a\u00f1o jubilar en Catedral de Jerez de la Frontera&nbsp;<\/td>\n<td style=\"width: 19.6372%;text-align: center\">\n<p class=\"p1\">3\u00ba ESO A-D (alumnado Religi\u00f3n)<\/p>\n<p class=\"p1\">4\u00ba ESO A-D (alumnado Religi\u00f3n)<span style=\"font-family: inherit;font-size: inherit\">&nbsp;<\/span><\/p>\n<\/td>\n<\/tr>\n<tr>\n<td style=\"width: 13.0126%;text-align: center\">&nbsp;<\/td>\n<td style=\"width: 6.8612%;text-align: center\">&nbsp;<\/td>\n<td style=\"width: 42.429%;text-align: center\">&nbsp;<\/td>\n<td style=\"width: 19.6372%;text-align: center\">&nbsp;<\/td>\n<\/tr>\n<tr>\n<td style=\"width: 13.0126%;text-align: center\">&nbsp;<\/td>\n<td style=\"width: 6.8612%;text-align: center\">&nbsp;<\/td>\n<td style=\"width: 42.429%;text-align: center\">&nbsp;<\/td>\n<td style=\"width: 19.6372%;text-align: center\">&nbsp;<\/td>\n<\/tr>\n<tr>\n<td style=\"width: 13.0126%;text-align: center\">&nbsp;<\/td>\n<td style=\"width: 6.8612%;text-align: center\">&nbsp;<\/td>\n<td style=\"width: 42.429%;text-align: center\">&nbsp;<\/td>\n<td style=\"width: 19.6372%;text-align: center\">&nbsp;<\/td>\n<\/tr>\n<tr>\n<td style=\"width: 13.0126%;text-align: center\">&nbsp;<\/td>\n<td style=\"width: 6.8612%;text-align: center\">&nbsp;<\/td>\n<td style=\"width: 42.429%;text-align: center\">&nbsp;<\/td>\n<td style=\"width: 19.6372%;text-align: center\">&nbsp;<\/td>\n<\/tr>\n<tr>\n<td style=\"width: 13.0126%;text-align: center\">&nbsp;<\/td>\n<td style=\"width: 6.8612%;text-align: center\">&nbsp;<\/td>\n<td style=\"width: 42.429%;text-align: center\">&nbsp;<\/td>\n<td style=\"width: 19.6372%;text-align: center\">&nbsp;<\/td>\n<\/tr>\n<\/tbody>\n<\/table>\n<p>&nbsp;<\/p>\n<p><strong>ACTIVIDADES SEGUNDA EVALUACI\u00d3N<\/strong><\/p>\n<table style=\"width: 92.6444%\">\n<tbody>\n<tr>\n<td style=\"width: 17.1298%\"><b>FECHAS<\/b><\/td>\n<td style=\"width: 11.394%\"><b>TRAMOS<\/b><\/td>\n<td style=\"width: 89.9469%\"><b>ACTIVIDADES<\/b><\/td>\n<td style=\"width: 109.848%\"><b>GRUPOS<\/b><\/td>\n<\/tr>\n<tr>\n<td style=\"width: 17.1298%\">&nbsp;<\/td>\n<td style=\"width: 11.394%\">&nbsp;<\/td>\n<td style=\"width: 89.9469%\">&nbsp;<\/td>\n<td style=\"width: 109.848%\">&nbsp;<\/td>\n<\/tr>\n<tr>\n<td style=\"width: 17.1298%\">&nbsp;<\/td>\n<td style=\"width: 11.394%\">&nbsp;<\/td>\n<td style=\"width: 89.9469%\">&nbsp;<\/td>\n<td style=\"width: 109.848%\">&nbsp;<\/td>\n<\/tr>\n<tr>\n<td style=\"width: 17.1298%\">&nbsp;<\/td>\n<td style=\"width: 11.394%\">&nbsp;<\/td>\n<td style=\"width: 89.9469%\">&nbsp;<\/td>\n<td style=\"width: 109.848%\">&nbsp;<\/td>\n<\/tr>\n<tr>\n<td style=\"width: 17.1298%\">&nbsp;<\/td>\n<td style=\"width: 11.394%\">&nbsp;<\/td>\n<td style=\"width: 89.9469%\">&nbsp;<\/td>\n<td style=\"width: 109.848%\">&nbsp;<\/td>\n<\/tr>\n<tr>\n<td style=\"width: 17.1298%\">&nbsp;<\/td>\n<td style=\"width: 11.394%\">&nbsp;<\/td>\n<td style=\"width: 89.9469%\">&nbsp;<\/td>\n<td style=\"width: 109.848%\">&nbsp;<\/td>\n<\/tr>\n<tr>\n<td style=\"width: 228.319%\" colspan=\"4\">&nbsp;<\/td>\n<\/tr>\n<tr>\n<td style=\"width: 17.1298%\">&nbsp;<\/td>\n<td style=\"width: 11.394%\">&nbsp;<\/td>\n<td style=\"width: 89.9469%\">&nbsp;<\/td>\n<td style=\"width: 109.848%\">&nbsp;<\/td>\n<\/tr>\n<tr>\n<td style=\"width: 17.1298%\">&nbsp;<\/td>\n<td style=\"width: 11.394%\">&nbsp;<\/td>\n<td style=\"width: 89.9469%\">&nbsp;<\/td>\n<td style=\"width: 109.848%\">&nbsp;<\/td>\n<\/tr>\n<tr>\n<td style=\"width: 17.1298%\">&nbsp;<\/td>\n<td style=\"width: 11.394%\">&nbsp;<\/td>\n<td style=\"width: 89.9469%\">&nbsp;<\/td>\n<td style=\"width: 109.848%\">&nbsp;<\/td>\n<\/tr>\n<tr>\n<td style=\"width: 17.1298%\">&nbsp;<\/td>\n<td style=\"width: 11.394%\">&nbsp;<\/td>\n<td style=\"width: 89.9469%\">&nbsp;<\/td>\n<td style=\"width: 109.848%\">&nbsp;<\/td>\n<\/tr>\n<tr>\n<td style=\"width: 17.1298%\">&nbsp;<\/td>\n<td style=\"width: 11.394%\">&nbsp;<\/td>\n<td style=\"width: 89.9469%\">&nbsp;<\/td>\n<td style=\"width: 109.848%\">&nbsp;<\/td>\n<\/tr>\n<tr>\n<td style=\"width: 17.1298%\">&nbsp;<\/td>\n<td style=\"width: 11.394%\">&nbsp;<\/td>\n<td style=\"width: 89.9469%\">&nbsp;<\/td>\n<td style=\"width: 109.848%\">&nbsp;<\/td>\n<\/tr>\n<tr>\n<td style=\"width: 17.1298%\">&nbsp;<\/td>\n<td style=\"width: 11.394%\">&nbsp;<\/td>\n<td style=\"width: 89.9469%\">&nbsp;<\/td>\n<td style=\"width: 109.848%\">&nbsp;<\/td>\n<\/tr>\n<tr>\n<td style=\"width: 17.1298%\">&nbsp;<\/td>\n<td style=\"width: 11.394%\">&nbsp;<\/td>\n<td style=\"width: 89.9469%\">&nbsp;<\/td>\n<td style=\"width: 109.848%\">&nbsp;<\/td>\n<\/tr>\n<tr>\n<td style=\"width: 17.1298%\">&nbsp;<\/td>\n<td style=\"width: 11.394%\">&nbsp;<\/td>\n<td style=\"width: 89.9469%\">&nbsp;<\/td>\n<td style=\"width: 109.848%\">&nbsp;<\/td>\n<\/tr>\n<tr>\n<td style=\"width: 17.1298%\">&nbsp;<\/td>\n<td style=\"width: 11.394%\">&nbsp;<\/td>\n<td style=\"width: 89.9469%\">&nbsp;<\/td>\n<td style=\"width: 109.848%\">&nbsp;<\/td>\n<\/tr>\n<tr>\n<td style=\"width: 17.1298%\">&nbsp;<\/td>\n<td style=\"width: 11.394%\">&nbsp;<\/td>\n<td style=\"width: 89.9469%\">&nbsp;<\/td>\n<td style=\"width: 109.848%\">&nbsp;<\/td>\n<\/tr>\n<tr>\n<td style=\"width: 17.1298%\">&nbsp;<\/td>\n<td style=\"width: 11.394%\">&nbsp;<\/td>\n<td style=\"width: 89.9469%\">&nbsp;<\/td>\n<td style=\"width: 109.848%\">&nbsp;<\/td>\n<\/tr>\n<tr>\n<td style=\"width: 17.1298%\">&nbsp;<\/td>\n<td style=\"width: 11.394%\">&nbsp;<\/td>\n<td style=\"width: 89.9469%\">&nbsp;<\/td>\n<td style=\"width: 109.848%\">&nbsp;<\/td>\n<\/tr>\n<tr>\n<td style=\"width: 17.1298%\">&nbsp;<\/td>\n<td style=\"width: 11.394%\">&nbsp;<\/td>\n<td style=\"width: 89.9469%\">&nbsp;<\/td>\n<td style=\"width: 109.848%\">&nbsp;<\/td>\n<\/tr>\n<tr>\n<td style=\"width: 17.1298%\">&nbsp;<\/td>\n<td style=\"width: 11.394%\">&nbsp;<\/td>\n<td style=\"width: 89.9469%\">&nbsp;<\/td>\n<td style=\"width: 109.848%\">&nbsp;<\/td>\n<\/tr>\n<tr>\n<td style=\"width: 17.1298%\">&nbsp;<\/td>\n<td style=\"width: 11.394%\">&nbsp;<\/td>\n<td style=\"width: 89.9469%\">&nbsp;<\/td>\n<td style=\"width: 109.848%\">&nbsp;<\/td>\n<\/tr>\n<tr>\n<td style=\"width: 17.1298%\">&nbsp;<\/td>\n<td style=\"width: 11.394%\">&nbsp;<\/td>\n<td style=\"width: 89.9469%\">&nbsp;<\/td>\n<td style=\"width: 109.848%\">&nbsp;<\/td>\n<\/tr>\n<tr>\n<td style=\"width: 17.1298%\">&nbsp;<\/td>\n<td style=\"width: 11.394%\">&nbsp;<\/td>\n<td style=\"width: 89.9469%\">&nbsp;<\/td>\n<td style=\"width: 109.848%\">&nbsp;<\/td>\n<\/tr>\n<tr>\n<td style=\"width: 17.1298%\">&nbsp;<\/td>\n<td style=\"width: 11.394%\">&nbsp;<\/td>\n<td style=\"width: 89.9469%\">&nbsp;<\/td>\n<td style=\"width: 109.848%\">&nbsp;<\/td>\n<\/tr>\n<tr>\n<td style=\"width: 17.1298%\">&nbsp;<\/td>\n<td style=\"width: 11.394%\">&nbsp;<\/td>\n<td style=\"width: 89.9469%\">&nbsp;<\/td>\n<td style=\"width: 109.848%\">&nbsp;<\/td>\n<\/tr>\n<tr>\n<td style=\"width: 17.1298%\">&nbsp;<\/td>\n<td style=\"width: 11.394%\">&nbsp;<\/td>\n<td style=\"width: 89.9469%\">&nbsp;<\/td>\n<td style=\"width: 109.848%\">&nbsp;<\/td>\n<\/tr>\n<tr>\n<td style=\"width: 17.1298%\">&nbsp;<\/td>\n<td style=\"width: 11.394%\">&nbsp;<\/td>\n<td style=\"width: 89.9469%\">&nbsp;<\/td>\n<td style=\"width: 109.848%\">&nbsp;<\/td>\n<\/tr>\n<\/tbody>\n<\/table>\n","protected":false},"excerpt":{"rendered":"<p>El departamento de actividades complementarias y extraescolares (D.A.C.E.) es el encargado de promover, coordinar y organizar la realizaci\u00f3n de las actividades extraescolares y complementarias, en colaboraci\u00f3n con los departamentos de&#46;&#46;&#46;<\/p>\n","protected":false},"author":1,"featured_media":0,"parent":0,"menu_order":0,"comment_status":"open","ping_status":"open","template":"","meta":{"ngg_post_thumbnail":0,"footnotes":"","_mc_calendar":[]},"aioseo_notices":[],"_links":{"self":[{"href":"https:\/\/blogsaverroes.juntadeandalucia.es\/ieselenagarciaarmada\/wp-json\/wp\/v2\/pages\/871"}],"collection":[{"href":"https:\/\/blogsaverroes.juntadeandalucia.es\/ieselenagarciaarmada\/wp-json\/wp\/v2\/pages"}],"about":[{"href":"https:\/\/blogsaverroes.juntadeandalucia.es\/ieselenagarciaarmada\/wp-json\/wp\/v2\/types\/page"}],"author":[{"embeddable":true,"href":"https:\/\/blogsaverroes.juntadeandalucia.es\/ieselenagarciaarmada\/wp-json\/wp\/v2\/users\/1"}],"replies":[{"embeddable":true,"href":"https:\/\/blogsaverroes.juntadeandalucia.es\/ieselenagarciaarmada\/wp-json\/wp\/v2\/comments?post=871"}],"version-history":[{"count":34,"href":"https:\/\/blogsaverroes.juntadeandalucia.es\/ieselenagarciaarmada\/wp-json\/wp\/v2\/pages\/871\/revisions"}],"predecessor-version":[{"id":9015,"href":"https:\/\/blogsaverroes.juntadeandalucia.es\/ieselenagarciaarmada\/wp-json\/wp\/v2\/pages\/871\/revisions\/9015"}],"wp:attachment":[{"href":"https:\/\/blogsaverroes.juntadeandalucia.es\/ieselenagarciaarmada\/wp-json\/wp\/v2\/media?parent=871"}],"curies":[{"name":"wp","href":"https:\/\/api.w.org\/{rel}","templated":true}]}}