{"id":9258,"date":"2025-12-18T11:59:58","date_gmt":"2025-12-18T11:59:58","guid":{"rendered":"https:\/\/blogsaverroes.juntadeandalucia.es\/ieselenagarciaarmada\/?page_id=9258"},"modified":"2025-12-19T11:19:06","modified_gmt":"2025-12-19T11:19:06","slug":"estancia-formativa","status":"publish","type":"page","link":"https:\/\/blogsaverroes.juntadeandalucia.es\/ieselenagarciaarmada\/estancia-formativa\/","title":{"rendered":"Estancia Formativa"},"content":{"rendered":"<table style=\"border-collapse: collapse;width: 100%\">\n<tbody>\n<tr>\n<td style=\"width: 50%\"><img loading=\"lazy\" decoding=\"async\" class=\"wp-image-9265 alignleft\" src=\"https:\/\/blogsaverroes.juntadeandalucia.es\/ieselenagarciaarmada\/files\/2025\/12\/CARTEL-ESTANCIA-FORMATIVA_page-0001-300x212.jpg\" alt=\"\" width=\"375\" height=\"265\" srcset=\"https:\/\/blogsaverroes.juntadeandalucia.es\/ieselenagarciaarmada\/files\/2025\/12\/CARTEL-ESTANCIA-FORMATIVA_page-0001-300x212.jpg 300w, https:\/\/blogsaverroes.juntadeandalucia.es\/ieselenagarciaarmada\/files\/2025\/12\/CARTEL-ESTANCIA-FORMATIVA_page-0001-1024x724.jpg 1024w, https:\/\/blogsaverroes.juntadeandalucia.es\/ieselenagarciaarmada\/files\/2025\/12\/CARTEL-ESTANCIA-FORMATIVA_page-0001-768x543.jpg 768w, https:\/\/blogsaverroes.juntadeandalucia.es\/ieselenagarciaarmada\/files\/2025\/12\/CARTEL-ESTANCIA-FORMATIVA_page-0001-1536x1085.jpg 1536w, https:\/\/blogsaverroes.juntadeandalucia.es\/ieselenagarciaarmada\/files\/2025\/12\/CARTEL-ESTANCIA-FORMATIVA_page-0001.jpg 1600w\" sizes=\"(max-width: 375px) 100vw, 375px\" \/><\/td>\n<td style=\"width: 50%\"><img loading=\"lazy\" decoding=\"async\" class=\"alignnone wp-image-9268\" src=\"https:\/\/blogsaverroes.juntadeandalucia.es\/ieselenagarciaarmada\/files\/2025\/12\/IMG_4763-1-300x217.jpeg\" alt=\"\" width=\"375\" height=\"271\" srcset=\"https:\/\/blogsaverroes.juntadeandalucia.es\/ieselenagarciaarmada\/files\/2025\/12\/IMG_4763-1-300x217.jpeg 300w, https:\/\/blogsaverroes.juntadeandalucia.es\/ieselenagarciaarmada\/files\/2025\/12\/IMG_4763-1-1024x742.jpeg 1024w, https:\/\/blogsaverroes.juntadeandalucia.es\/ieselenagarciaarmada\/files\/2025\/12\/IMG_4763-1-768x556.jpeg 768w, https:\/\/blogsaverroes.juntadeandalucia.es\/ieselenagarciaarmada\/files\/2025\/12\/IMG_4763-1.jpeg 1179w\" sizes=\"(max-width: 375px) 100vw, 375px\" \/><\/td>\n<\/tr>\n<\/tbody>\n<\/table>\n<p><strong>Proyecto de Estancia Formativa impulsado y cofinanciado por la Uni\u00f3n Europea y el Fondo Social Europeo para reforzar la calidad educativa y la empleabilidad del alumnado.<\/strong><\/p>\n<p>Durante los d\u00edas 15 y 16 de diciembre de 2025, un profesor del ciclo de grado medio de Actividades ecuestres ha participado en una Estancia Formativa en centros distintos al propio, en este caso lo ha realizado en el I.E.S. San Juan de Dios (Medina Sidonia).<\/p>\n<p>El objetivo principal ha sido fomentar la movilidad y el intercambio de conocimientos entre el profesorado de Formaci\u00f3n Profesional, promoviendo la actualizaci\u00f3n de su formaci\u00f3n y el refuerzo de sus competencias profesionales.<\/p>\n<p>Las finalidades de la Estancia formativa han sido:<br \/>\nReforzar competencias profesionales del profesorado de Formaci\u00f3n Profesional de grados D y E.<br \/>\nActualizar conocimientos cient\u00edfico-t\u00e9cnicos mediante la inmersi\u00f3n en nuevos procedimientos tecnol\u00f3gicos y entornos de ense\u00f1anza.<br \/>\nAdquirir capacidades pedag\u00f3gicas innovadoras, incluyendo dise\u00f1o curricular y competencias digitales.<br \/>\nEstablecer redes de colaboraci\u00f3n con profesorado hom\u00f3logo, compartiendo buenas pr\u00e1cticas y fortaleciendo la cooperaci\u00f3n entre instituciones de educaci\u00f3n superior.<br \/>\nDesarrollar recursos did\u00e1cticos sostenibles, extrapolables a otros centros docentes.<br \/>\nContrastar procedimientos tecnol\u00f3gicos impartidos en distintos centros de Formaci\u00f3n Profesional.<\/p>\n<p>Esta experiencia contribuye a la mejora continua de la calidad educativa, favorece la innovaci\u00f3n pedag\u00f3gica y fortalece la cooperaci\u00f3n entre instituciones, asegurando que nuestro profesorado est\u00e9 preparado para los retos del futuro.<\/p>\n<div class=\"adL\">&nbsp;<\/div>\n","protected":false},"excerpt":{"rendered":"<p>Proyecto de Estancia Formativa impulsado y cofinanciado por la Uni\u00f3n Europea y el Fondo Social Europeo para reforzar la calidad educativa y la empleabilidad del alumnado. Durante los d\u00edas 15&#46;&#46;&#46;<\/p>\n","protected":false},"author":10331,"featured_media":0,"parent":0,"menu_order":0,"comment_status":"closed","ping_status":"closed","template":"","meta":{"ngg_post_thumbnail":0,"footnotes":"","_mc_calendar":[]},"aioseo_notices":[],"_links":{"self":[{"href":"https:\/\/blogsaverroes.juntadeandalucia.es\/ieselenagarciaarmada\/wp-json\/wp\/v2\/pages\/9258"}],"collection":[{"href":"https:\/\/blogsaverroes.juntadeandalucia.es\/ieselenagarciaarmada\/wp-json\/wp\/v2\/pages"}],"about":[{"href":"https:\/\/blogsaverroes.juntadeandalucia.es\/ieselenagarciaarmada\/wp-json\/wp\/v2\/types\/page"}],"author":[{"embeddable":true,"href":"https:\/\/blogsaverroes.juntadeandalucia.es\/ieselenagarciaarmada\/wp-json\/wp\/v2\/users\/10331"}],"replies":[{"embeddable":true,"href":"https:\/\/blogsaverroes.juntadeandalucia.es\/ieselenagarciaarmada\/wp-json\/wp\/v2\/comments?post=9258"}],"version-history":[{"count":7,"href":"https:\/\/blogsaverroes.juntadeandalucia.es\/ieselenagarciaarmada\/wp-json\/wp\/v2\/pages\/9258\/revisions"}],"predecessor-version":[{"id":9271,"href":"https:\/\/blogsaverroes.juntadeandalucia.es\/ieselenagarciaarmada\/wp-json\/wp\/v2\/pages\/9258\/revisions\/9271"}],"wp:attachment":[{"href":"https:\/\/blogsaverroes.juntadeandalucia.es\/ieselenagarciaarmada\/wp-json\/wp\/v2\/media?parent=9258"}],"curies":[{"name":"wp","href":"https:\/\/api.w.org\/{rel}","templated":true}]}}