{"id":1052,"date":"2024-10-26T11:57:15","date_gmt":"2024-10-26T10:57:15","guid":{"rendered":"https:\/\/blogsaverroes.juntadeandalucia.es\/ieselfuertecaniles\/?page_id=1052"},"modified":"2024-11-20T09:09:18","modified_gmt":"2024-11-20T08:09:18","slug":"proyecto-educativo","status":"publish","type":"page","link":"https:\/\/blogsaverroes.juntadeandalucia.es\/ieselfuertecaniles\/proyecto-educativo\/","title":{"rendered":"Proyecto Educativo"},"content":{"rendered":"<p>Un centro se define en gran medida por su <strong>Proyecto Educativo<\/strong>. En \u00e9l se plasma el modelo educativo y la concreci\u00f3n de la normativa que un centro realiza respecto a las ense\u00f1anzas que imparte. Aspectos tales como las finales educativas, objetivos, atenci\u00f3n a la diversidad, etc.<\/p>\n<p>Que la web de un centro informe de su Proyecto Educativo es una apuesta clara por la <strong>transparencia<\/strong>.<\/p>\n<p><a href=\"https:\/\/drive.google.com\/file\/d\/1M-7TGBBl_QUxLY02cKRi1mCBJERBD9-E\/view?usp=drive_link\"><img loading=\"lazy\" decoding=\"async\" class=\" wp-image-1189 aligncenter\" src=\"https:\/\/blogsaverroes.juntadeandalucia.es\/ieselfuertecaniles\/files\/2024\/11\/PROYECTO-EDUCATIVO-202425-IES-El-Fuerte-1_page-0001-212x300.jpg\" alt=\"\" width=\"432\" height=\"611\" srcset=\"https:\/\/blogsaverroes.juntadeandalucia.es\/ieselfuertecaniles\/files\/2024\/11\/PROYECTO-EDUCATIVO-202425-IES-El-Fuerte-1_page-0001-212x300.jpg 212w, https:\/\/blogsaverroes.juntadeandalucia.es\/ieselfuertecaniles\/files\/2024\/11\/PROYECTO-EDUCATIVO-202425-IES-El-Fuerte-1_page-0001-724x1024.jpg 724w, https:\/\/blogsaverroes.juntadeandalucia.es\/ieselfuertecaniles\/files\/2024\/11\/PROYECTO-EDUCATIVO-202425-IES-El-Fuerte-1_page-0001-768x1086.jpg 768w, https:\/\/blogsaverroes.juntadeandalucia.es\/ieselfuertecaniles\/files\/2024\/11\/PROYECTO-EDUCATIVO-202425-IES-El-Fuerte-1_page-0001-1086x1536.jpg 1086w, https:\/\/blogsaverroes.juntadeandalucia.es\/ieselfuertecaniles\/files\/2024\/11\/PROYECTO-EDUCATIVO-202425-IES-El-Fuerte-1_page-0001.jpg 1241w\" sizes=\"(max-width: 432px) 100vw, 432px\" \/><\/a><\/p>\n<p>&nbsp;<\/p>\n","protected":false},"excerpt":{"rendered":"<p>Un centro se define en gran medida por su Proyecto Educativo. En \u00e9l se plasma el modelo educativo y la concreci\u00f3n de la normativa que un centro realiza respecto a las ense\u00f1anzas que imparte.&#46;&#46;&#46;<\/p>\n","protected":false},"author":20136,"featured_media":0,"parent":0,"menu_order":0,"comment_status":"closed","ping_status":"closed","template":"","meta":{"ngg_post_thumbnail":0,"footnotes":"","_mc_calendar":[]},"aioseo_notices":[],"_links":{"self":[{"href":"https:\/\/blogsaverroes.juntadeandalucia.es\/ieselfuertecaniles\/wp-json\/wp\/v2\/pages\/1052"}],"collection":[{"href":"https:\/\/blogsaverroes.juntadeandalucia.es\/ieselfuertecaniles\/wp-json\/wp\/v2\/pages"}],"about":[{"href":"https:\/\/blogsaverroes.juntadeandalucia.es\/ieselfuertecaniles\/wp-json\/wp\/v2\/types\/page"}],"author":[{"embeddable":true,"href":"https:\/\/blogsaverroes.juntadeandalucia.es\/ieselfuertecaniles\/wp-json\/wp\/v2\/users\/20136"}],"replies":[{"embeddable":true,"href":"https:\/\/blogsaverroes.juntadeandalucia.es\/ieselfuertecaniles\/wp-json\/wp\/v2\/comments?post=1052"}],"version-history":[{"count":4,"href":"https:\/\/blogsaverroes.juntadeandalucia.es\/ieselfuertecaniles\/wp-json\/wp\/v2\/pages\/1052\/revisions"}],"predecessor-version":[{"id":1190,"href":"https:\/\/blogsaverroes.juntadeandalucia.es\/ieselfuertecaniles\/wp-json\/wp\/v2\/pages\/1052\/revisions\/1190"}],"wp:attachment":[{"href":"https:\/\/blogsaverroes.juntadeandalucia.es\/ieselfuertecaniles\/wp-json\/wp\/v2\/media?parent=1052"}],"curies":[{"name":"wp","href":"https:\/\/api.w.org\/{rel}","templated":true}]}}