{"id":117,"date":"2019-05-19T07:27:35","date_gmt":"2019-05-19T07:27:35","guid":{"rendered":"https:\/\/blogsaverroes.juntadeandalucia.es\/ieselsauce\/?page_id=117"},"modified":"2019-05-19T07:27:35","modified_gmt":"2019-05-19T07:27:35","slug":"historia-de-la-carlota","status":"publish","type":"page","link":"https:\/\/blogsaverroes.juntadeandalucia.es\/ieselsauce\/?page_id=117","title":{"rendered":"Historia de La Carlota"},"content":{"rendered":"<div>&nbsp;<\/div>\n<div>&nbsp;<\/div>\n<div><img loading=\"lazy\" decoding=\"async\" class=\"size-full wp-image-118 aligncenter\" src=\"https:\/\/blogsaverroes.juntadeandalucia.es\/ieselsauce\/files\/2019\/05\/la-carlota.jpg\" alt=\"\" width=\"275\" height=\"183\" srcset=\"https:\/\/blogsaverroes.juntadeandalucia.es\/ieselsauce\/files\/2019\/05\/la-carlota.jpg 275w, https:\/\/blogsaverroes.juntadeandalucia.es\/ieselsauce\/files\/2019\/05\/la-carlota-24x16.jpg 24w, https:\/\/blogsaverroes.juntadeandalucia.es\/ieselsauce\/files\/2019\/05\/la-carlota-36x24.jpg 36w, https:\/\/blogsaverroes.juntadeandalucia.es\/ieselsauce\/files\/2019\/05\/la-carlota-48x32.jpg 48w\" sizes=\"(max-width: 275px) 100vw, 275px\" \/><\/div>\n<div>&nbsp;<\/div>\n<div id=\"tituloItem\" class=\"blockTituloItem\"><span class=\"tituloItem\">LA CARLOTA<\/span><\/div>\n<div id=\"contenido_sitio\"><strong>&nbsp;&nbsp;<span style=\"font-family: arial, helvetica, sans-serif\">&nbsp;&nbsp;&nbsp;&nbsp; La Carlota<\/span><\/strong><span style=\"font-family: arial, helvetica, sans-serif\">&nbsp;es un&nbsp;municipio&nbsp;espa\u00f1ol&nbsp;de la&nbsp;provincia de C\u00f3rdoba,&nbsp;Andaluc\u00eda. En el a\u00f1o&nbsp;2009&nbsp;contaba con 13.374 habitantes. Su extensi\u00f3n superficial es de 80 km\u00b2 y tiene una densidad de 143,6 hab\/km\u00b2. Sus&nbsp;coordenadas geogr\u00e1ficas&nbsp;son 37\u00ba 40&#8242; N, 4\u00ba 56&#8242; O. Se encuentra situada a una altitud de 228&nbsp;metros&nbsp;y a 30 kil\u00f3metros de la capital de provincia,&nbsp;C\u00f3rdoba.<\/span><\/p>\n<p style=\"text-align: left\"><span style=\"font-family: arial, helvetica, sans-serif\"><strong>&nbsp;&nbsp;&nbsp;&nbsp;&nbsp;&nbsp;&nbsp; La Carlota<\/strong>&nbsp;fundada en&nbsp;1767&nbsp;debido al inter\u00e9s del rey Carlos III por colonizar algunas zonas despobladas del valle del&nbsp;Guadalquivir&nbsp;y&nbsp;Sierra Morena. El marco legal para llevar a cabo esta empresa colonizadora lo constituy\u00f3 el&nbsp;Fuero de las Nuevas Poblaciones de Andaluc\u00eda, que estableci\u00f3 tres grandes zonas de colonizaci\u00f3n cuyas cabeceras ser\u00edan&nbsp;La Carolina (Ja\u00e9n), La Carlota (C\u00f3rdoba) y&nbsp;La Luisiana (Sevilla). El objetivo de esta colonizaci\u00f3n fue doble: por una parte proteger el tr\u00e1nsito de diligencias poblando estas zonas que serv\u00edan de refugio al bandolerismo, y por otra poner en explotaci\u00f3n grandes zonas improductivas hasta entonces. El proyecto fue impulsado por dos grandes ilustrados:&nbsp;Campomanes&nbsp;y&nbsp;Pablo de Olavide, quien fue comisionado para llevar a cabo la colonizaci\u00f3n.<\/span><\/p>\n<p style=\"text-align: left\"><span style=\"font-family: arial, helvetica, sans-serif\">&nbsp;&nbsp;&nbsp;&nbsp;&nbsp;&nbsp;&nbsp;&nbsp; El reclutamiento de colonos que habitasen estas tierras le fue encargado al aventurero Juan Gaspar de Thurriegel, que trajo a Espa\u00f1a cerca de seis mil colonos cat\u00f3licos alemanes y flamencos, adem\u00e1s de algunos catalanes y valencianos. Tal es el motivo de que a\u00fan subsistan apellidos y rasgos \u00e9tnicos centroeuropeos entre sus habitantes. De aquellos 6.000 colonos se establecieron en la Carlota aproximadamente 1.600.<\/span><\/p>\n<p style=\"text-align: left\"><span style=\"font-family: arial, helvetica, sans-serif\">&nbsp;&nbsp;&nbsp;&nbsp;&nbsp;&nbsp;&nbsp; A la influencia francesa y de la Ilustraci\u00f3n se debe el que administrativamente el municipio se dividiese en \u00abdepartamentos\u00bb, y no en aldeas, y que la Real Carlota fuese no solo la cabecera de su actual municipio, sino tambi\u00e9n capital de las colonias occidentales, que comprend\u00edan&nbsp;San Sebasti\u00e1n de los Ballesteros (C\u00f3rdoba),&nbsp;Fuente Palmera (C\u00f3rdoba)&nbsp;y&nbsp;La Luisiana (Sevilla). Por el mismo motivo el urbanismo de La Carlota es ortogonal, con calles que se cruzan perpendicularmente y dan lugar a manzanas regulares, que se extienden a ambos lados del Camino Real (luego carretera nacional IV) que llevaba desde C\u00e1diz a Madrid.<\/span><\/p>\n<p style=\"text-align: left\"><span style=\"font-family: arial, helvetica, sans-serif\">&nbsp;&nbsp;&nbsp;&nbsp;&nbsp;&nbsp;&nbsp;&nbsp; Debido a la historia de su fundaci\u00f3n la poblaci\u00f3n se halla repartida en 11 distritos o n\u00facleos: el propio de la cabecera del municipio de&nbsp;<strong>La Carlota<\/strong>&nbsp;y diez departamentos. Estos departamentos son:<\/span><\/p>\n<ul>\n<li style=\"text-align: left\"><span style=\"font-family: arial, helvetica, sans-serif\">Primer departamento:&nbsp;La Paz<\/span><\/li>\n<li style=\"text-align: left\"><span style=\"font-family: arial, helvetica, sans-serif\">Segundo departamento:&nbsp;Los Algarbes<\/span><\/li>\n<li style=\"text-align: left\"><span style=\"font-family: arial, helvetica, sans-serif\">Tercer departamento:&nbsp;Monte Alto<\/span><\/li>\n<li style=\"text-align: left\"><span style=\"font-family: arial, helvetica, sans-serif\">Cuarto departamento:&nbsp;El Arrecife<\/span><\/li>\n<li style=\"text-align: left\"><span style=\"font-family: arial, helvetica, sans-serif\">Quinto departamento:&nbsp;El Garabato<\/span><\/li>\n<li style=\"text-align: left\"><span style=\"font-family: arial, helvetica, sans-serif\">Sexto departamento:&nbsp;La Chica Carlota<\/span><\/li>\n<li style=\"text-align: left\"><span style=\"font-family: arial, helvetica, sans-serif\">S\u00e9ptimo departamento:&nbsp;Las Pinedas<\/span><\/li>\n<li style=\"text-align: left\"><span style=\"font-family: arial, helvetica, sans-serif\">Octavo departamento:&nbsp;El Rinconcillo<\/span><\/li>\n<li style=\"text-align: left\"><span style=\"font-family: arial, helvetica, sans-serif\">Noveno departamento:&nbsp;Fuencubierta<\/span><\/li>\n<li style=\"text-align: left\"><span style=\"font-family: arial, helvetica, sans-serif\">D\u00e9cimo departamento:&nbsp;Aldea Quintana<\/span><\/li>\n<\/ul>\n<\/div>\n","protected":false},"excerpt":{"rendered":"<p>&nbsp; &nbsp; &nbsp; LA CARLOTA &nbsp;&nbsp;&nbsp;&nbsp;&nbsp;&nbsp; La Carlota&nbsp;es un&nbsp;municipio&nbsp;espa\u00f1ol&nbsp;de la&nbsp;provincia de C\u00f3rdoba,&nbsp;Andaluc\u00eda. En el a\u00f1o&nbsp;2009&nbsp;contaba con 13.374 habitantes. Su extensi\u00f3n superficial es de 80 km\u00b2 y tiene una densidad de&#46;&#46;&#46;<\/p>\n","protected":false},"author":7520,"featured_media":0,"parent":0,"menu_order":0,"comment_status":"closed","ping_status":"closed","template":"","meta":{"ngg_post_thumbnail":0,"footnotes":""},"aioseo_notices":[],"_links":{"self":[{"href":"https:\/\/blogsaverroes.juntadeandalucia.es\/ieselsauce\/index.php?rest_route=\/wp\/v2\/pages\/117"}],"collection":[{"href":"https:\/\/blogsaverroes.juntadeandalucia.es\/ieselsauce\/index.php?rest_route=\/wp\/v2\/pages"}],"about":[{"href":"https:\/\/blogsaverroes.juntadeandalucia.es\/ieselsauce\/index.php?rest_route=\/wp\/v2\/types\/page"}],"author":[{"embeddable":true,"href":"https:\/\/blogsaverroes.juntadeandalucia.es\/ieselsauce\/index.php?rest_route=\/wp\/v2\/users\/7520"}],"replies":[{"embeddable":true,"href":"https:\/\/blogsaverroes.juntadeandalucia.es\/ieselsauce\/index.php?rest_route=%2Fwp%2Fv2%2Fcomments&post=117"}],"version-history":[{"count":1,"href":"https:\/\/blogsaverroes.juntadeandalucia.es\/ieselsauce\/index.php?rest_route=\/wp\/v2\/pages\/117\/revisions"}],"predecessor-version":[{"id":120,"href":"https:\/\/blogsaverroes.juntadeandalucia.es\/ieselsauce\/index.php?rest_route=\/wp\/v2\/pages\/117\/revisions\/120"}],"wp:attachment":[{"href":"https:\/\/blogsaverroes.juntadeandalucia.es\/ieselsauce\/index.php?rest_route=%2Fwp%2Fv2%2Fmedia&parent=117"}],"curies":[{"name":"wp","href":"https:\/\/api.w.org\/{rel}","templated":true}]}}