{"id":142,"date":"2019-12-05T12:26:52","date_gmt":"2019-12-05T12:26:52","guid":{"rendered":"https:\/\/blogsaverroes.juntadeandalucia.es\/ieselsauce\/?page_id=142"},"modified":"2025-11-11T09:58:34","modified_gmt":"2025-11-11T09:58:34","slug":"tecnologia","status":"publish","type":"page","link":"https:\/\/blogsaverroes.juntadeandalucia.es\/ieselsauce\/?page_id=142","title":{"rendered":"Tecnolog\u00eda"},"content":{"rendered":"<p><strong>Profesorado del departamento<\/strong>:<\/p>\n<p>D. Francisco Javier Chavero Quintero.<\/p>\n<p>D. Alfonso Jim\u00e9nez Mu\u00f1oz.<\/p>\n<p>D. Antonio \u00c1ngel Ortega Mart\u00edn (Jefe de departamento).<\/p>\n<p><strong>Materias del departamento<\/strong>:<\/p>\n<p><a href=\"https:\/\/blogsaverroes.juntadeandalucia.es\/ieselsauce\/files\/2025\/11\/COMPUTACION-Y-ROBOTICA-1oA-ESO.pdf\">Computaci\u00f3n y Rob\u00f3tica 1\u00ba ESO.<\/a><\/p>\n<p><a href=\"https:\/\/blogsaverroes.juntadeandalucia.es\/ieselsauce\/files\/2025\/11\/COMPUTACION-Y-ROBOTICA-2oA-ESO.pdf\">C<\/a><a href=\"https:\/\/blogsaverroes.juntadeandalucia.es\/ieselsauce\/files\/2025\/11\/COMPUTACION-Y-ROBOTICA-1oA-ESO.pdf\">omputaci\u00f3n y Rob\u00f3tica<\/a><a href=\"https:\/\/blogsaverroes.juntadeandalucia.es\/ieselsauce\/files\/2025\/11\/COMPUTACION-Y-ROBOTICA-2oA-ESO.pdf\"> 2\u00ba ESO.<\/a><\/p>\n<p><a href=\"https:\/\/blogsaverroes.juntadeandalucia.es\/ieselsauce\/files\/2025\/11\/COMPUTACION-Y-ROBOTICA-3oA-ESO.pdf\">C<\/a><a href=\"https:\/\/blogsaverroes.juntadeandalucia.es\/ieselsauce\/files\/2025\/11\/COMPUTACION-Y-ROBOTICA-1oA-ESO.pdf\">omputaci\u00f3n y Rob\u00f3tica<\/a><a href=\"https:\/\/blogsaverroes.juntadeandalucia.es\/ieselsauce\/files\/2025\/11\/COMPUTACION-Y-ROBOTICA-3oA-ESO.pdf\"> 3\u00ba ESO.<\/a><\/p>\n<p><a href=\"https:\/\/blogsaverroes.juntadeandalucia.es\/ieselsauce\/files\/2025\/11\/TECNOLOGIA-Y-DIGITALIZACION-2oA-ESO.pdf\">Tecnolog\u00eda y Digitalizaci\u00f3n 2\u00ba ESO.<\/a><\/p>\n<p><a href=\"https:\/\/blogsaverroes.juntadeandalucia.es\/ieselsauce\/files\/2025\/11\/TECNOLOGIA-Y-DIGITALIZACION-3oA-ESO.pdf\">Tecnolog\u00eda y Digitalizaci\u00f3n 3\u00ba ESO.<\/a><\/p>\n<p><a href=\"https:\/\/blogsaverroes.juntadeandalucia.es\/ieselsauce\/files\/2025\/11\/TECNOLOGIA-4oA-ESO.pdf\">Tecnolog\u00eda 4\u00ba ESO.<\/a><\/p>\n<p><a href=\"https:\/\/blogsaverroes.juntadeandalucia.es\/ieselsauce\/files\/2025\/11\/DIGITALIZACION-4oA-ESO.pdf\">Digitalizaci\u00f3n 4\u00ba ESO.<\/a><\/p>\n<p><a href=\"https:\/\/blogsaverroes.juntadeandalucia.es\/ieselsauce\/files\/2025\/11\/AMBITO-CIENTIFICO-TECNOLOGICO-3oA-ESO.pdf\">\u00c1mbito Cient\u00edfico &#8211; Tecnol\u00f3gico 3\u00ba ESO.<\/a><\/p>\n<p>&nbsp;<\/p>\n","protected":false},"excerpt":{"rendered":"<p>Profesorado del departamento: D. Francisco Javier Chavero Quintero. D. Alfonso Jim\u00e9nez Mu\u00f1oz. D. Antonio \u00c1ngel Ortega Mart\u00edn (Jefe de departamento). Materias del departamento: Computaci\u00f3n y Rob\u00f3tica 1\u00ba ESO. Computaci\u00f3n y&#46;&#46;&#46;<\/p>\n","protected":false},"author":8155,"featured_media":0,"parent":0,"menu_order":0,"comment_status":"closed","ping_status":"closed","template":"","meta":{"ngg_post_thumbnail":0,"footnotes":""},"aioseo_notices":[],"_links":{"self":[{"href":"https:\/\/blogsaverroes.juntadeandalucia.es\/ieselsauce\/index.php?rest_route=\/wp\/v2\/pages\/142"}],"collection":[{"href":"https:\/\/blogsaverroes.juntadeandalucia.es\/ieselsauce\/index.php?rest_route=\/wp\/v2\/pages"}],"about":[{"href":"https:\/\/blogsaverroes.juntadeandalucia.es\/ieselsauce\/index.php?rest_route=\/wp\/v2\/types\/page"}],"author":[{"embeddable":true,"href":"https:\/\/blogsaverroes.juntadeandalucia.es\/ieselsauce\/index.php?rest_route=\/wp\/v2\/users\/8155"}],"replies":[{"embeddable":true,"href":"https:\/\/blogsaverroes.juntadeandalucia.es\/ieselsauce\/index.php?rest_route=%2Fwp%2Fv2%2Fcomments&post=142"}],"version-history":[{"count":10,"href":"https:\/\/blogsaverroes.juntadeandalucia.es\/ieselsauce\/index.php?rest_route=\/wp\/v2\/pages\/142\/revisions"}],"predecessor-version":[{"id":3651,"href":"https:\/\/blogsaverroes.juntadeandalucia.es\/ieselsauce\/index.php?rest_route=\/wp\/v2\/pages\/142\/revisions\/3651"}],"wp:attachment":[{"href":"https:\/\/blogsaverroes.juntadeandalucia.es\/ieselsauce\/index.php?rest_route=%2Fwp%2Fv2%2Fmedia&parent=142"}],"curies":[{"name":"wp","href":"https:\/\/api.w.org\/{rel}","templated":true}]}}