{"id":144,"date":"2019-12-05T12:26:52","date_gmt":"2019-12-05T12:26:52","guid":{"rendered":"https:\/\/blogsaverroes.juntadeandalucia.es\/ieselsauce\/?page_id=144"},"modified":"2025-11-11T09:56:40","modified_gmt":"2025-11-11T09:56:40","slug":"fisica-y-quimica","status":"publish","type":"page","link":"https:\/\/blogsaverroes.juntadeandalucia.es\/ieselsauce\/?page_id=144","title":{"rendered":"Ciencias de la naturaleza"},"content":{"rendered":"<p><strong>Profesorado del departamento<\/strong>:<\/p>\n<p>D\u00aa. Ver\u00f3nica Caballero Mart\u00edn (F\u00edsica y Qu\u00edmica (Ingl\u00e9s)).<\/p>\n<p>D\u00aa. Mar\u00eda Amparo Carrillo Gavil\u00e1n (Biolog\u00eda y Geolog\u00eda (Ingl\u00e9s)).<\/p>\n<p>D\u00aa. Laura Olla Rodr\u00edguez (Biolog\u00eda y Geolog\u00eda).<\/p>\n<p>D\u00aa. Adela Ortega Trillo (F\u00edsica y Qu\u00edmica &#8211; Jefa de departamento).<\/p>\n<p><strong>Materias del departamento<\/strong>:<\/p>\n<p><a href=\"https:\/\/blogsaverroes.juntadeandalucia.es\/ieselsauce\/files\/2025\/11\/BIOLOGIA-Y-GEOLOGIA-1oA-ESO.pdf\">Biolog\u00eda y Geolog\u00eda 1\u00ba ESO.<\/a><\/p>\n<p><a href=\"https:\/\/blogsaverroes.juntadeandalucia.es\/ieselsauce\/files\/2025\/11\/BIOLOGIA-Y-GEOLOGIA-3oA-ESO.pdf\">B<\/a><a href=\"https:\/\/blogsaverroes.juntadeandalucia.es\/ieselsauce\/files\/2025\/11\/BIOLOGIA-Y-GEOLOGIA-1oA-ESO.pdf\">iolog\u00eda y Geolog\u00eda<\/a><a href=\"https:\/\/blogsaverroes.juntadeandalucia.es\/ieselsauce\/files\/2025\/11\/BIOLOGIA-Y-GEOLOGIA-3oA-ESO.pdf\"> 3\u00ba ESO.<\/a><\/p>\n<p><a href=\"https:\/\/blogsaverroes.juntadeandalucia.es\/ieselsauce\/files\/2025\/11\/BIOLOGIA-Y-GEOLOGIA-4oA-ESO.pdf\">B<\/a><a href=\"https:\/\/blogsaverroes.juntadeandalucia.es\/ieselsauce\/files\/2025\/11\/BIOLOGIA-Y-GEOLOGIA-1oA-ESO.pdf\">iolog\u00eda y Geolog\u00eda<\/a><a href=\"https:\/\/blogsaverroes.juntadeandalucia.es\/ieselsauce\/files\/2025\/11\/BIOLOGIA-Y-GEOLOGIA-4oA-ESO.pdf\"> 4\u00ba ESO.<\/a><\/p>\n<p><a href=\"https:\/\/blogsaverroes.juntadeandalucia.es\/ieselsauce\/files\/2025\/11\/FISICA-Y-QUIMICA-2oA-ESO.pdf\">F\u00edsica y Qu\u00edmica 2\u00ba ESO.<\/a><\/p>\n<p><a href=\"https:\/\/blogsaverroes.juntadeandalucia.es\/ieselsauce\/files\/2025\/11\/FISICA-Y-QUIMICA-3oA-ESO.pdf\">F<\/a><a href=\"https:\/\/blogsaverroes.juntadeandalucia.es\/ieselsauce\/files\/2025\/11\/FISICA-Y-QUIMICA-2oA-ESO.pdf\">\u00edsica y Qu\u00edmica<\/a><a href=\"https:\/\/blogsaverroes.juntadeandalucia.es\/ieselsauce\/files\/2025\/11\/FISICA-Y-QUIMICA-3oA-ESO.pdf\"> 3\u00ba ESO.<\/a><\/p>\n<p><a href=\"https:\/\/blogsaverroes.juntadeandalucia.es\/ieselsauce\/files\/2025\/11\/FISICA-Y-QUIMICA-4oA-ESO.pdf\">F<\/a><a href=\"https:\/\/blogsaverroes.juntadeandalucia.es\/ieselsauce\/files\/2025\/11\/FISICA-Y-QUIMICA-2oA-ESO.pdf\">\u00edsica y Qu\u00edmica<\/a><a href=\"https:\/\/blogsaverroes.juntadeandalucia.es\/ieselsauce\/files\/2025\/11\/FISICA-Y-QUIMICA-4oA-ESO.pdf\"> 4\u00ba ESO.<\/a><\/p>\n<p><a href=\"https:\/\/blogsaverroes.juntadeandalucia.es\/ieselsauce\/files\/2025\/11\/AMBITO-CIENTIFICO-TECNOLOGICO-4oA-ESO.pdf\">\u00c1mbito Cient\u00edfico &#8211; Tecnol\u00f3gico 4\u00ba ESO.<\/a><\/p>\n<p><a href=\"https:\/\/blogsaverroes.juntadeandalucia.es\/ieselsauce\/files\/2025\/11\/CULTURA-CIENTIFICA-4oA-ESO.pdf\">Cultura Clasica 4\u00ba ESO.<\/a><\/p>\n<p>&nbsp;<\/p>\n<p>&nbsp;<\/p>\n","protected":false},"excerpt":{"rendered":"<p>Profesorado del departamento: D\u00aa. Ver\u00f3nica Caballero Mart\u00edn (F\u00edsica y Qu\u00edmica (Ingl\u00e9s)). D\u00aa. Mar\u00eda Amparo Carrillo Gavil\u00e1n (Biolog\u00eda y Geolog\u00eda (Ingl\u00e9s)). D\u00aa. Laura Olla Rodr\u00edguez (Biolog\u00eda y Geolog\u00eda). D\u00aa. Adela Ortega&#46;&#46;&#46;<\/p>\n","protected":false},"author":8155,"featured_media":0,"parent":0,"menu_order":0,"comment_status":"closed","ping_status":"closed","template":"","meta":{"ngg_post_thumbnail":0,"footnotes":""},"aioseo_notices":[],"_links":{"self":[{"href":"https:\/\/blogsaverroes.juntadeandalucia.es\/ieselsauce\/index.php?rest_route=\/wp\/v2\/pages\/144"}],"collection":[{"href":"https:\/\/blogsaverroes.juntadeandalucia.es\/ieselsauce\/index.php?rest_route=\/wp\/v2\/pages"}],"about":[{"href":"https:\/\/blogsaverroes.juntadeandalucia.es\/ieselsauce\/index.php?rest_route=\/wp\/v2\/types\/page"}],"author":[{"embeddable":true,"href":"https:\/\/blogsaverroes.juntadeandalucia.es\/ieselsauce\/index.php?rest_route=\/wp\/v2\/users\/8155"}],"replies":[{"embeddable":true,"href":"https:\/\/blogsaverroes.juntadeandalucia.es\/ieselsauce\/index.php?rest_route=%2Fwp%2Fv2%2Fcomments&post=144"}],"version-history":[{"count":12,"href":"https:\/\/blogsaverroes.juntadeandalucia.es\/ieselsauce\/index.php?rest_route=\/wp\/v2\/pages\/144\/revisions"}],"predecessor-version":[{"id":3650,"href":"https:\/\/blogsaverroes.juntadeandalucia.es\/ieselsauce\/index.php?rest_route=\/wp\/v2\/pages\/144\/revisions\/3650"}],"wp:attachment":[{"href":"https:\/\/blogsaverroes.juntadeandalucia.es\/ieselsauce\/index.php?rest_route=%2Fwp%2Fv2%2Fmedia&parent=144"}],"curies":[{"name":"wp","href":"https:\/\/api.w.org\/{rel}","templated":true}]}}