{"id":146,"date":"2019-12-05T12:26:52","date_gmt":"2019-12-05T12:26:52","guid":{"rendered":"https:\/\/blogsaverroes.juntadeandalucia.es\/ieselsauce\/?page_id=146"},"modified":"2025-11-11T10:02:23","modified_gmt":"2025-11-11T10:02:23","slug":"ingles","status":"publish","type":"page","link":"https:\/\/blogsaverroes.juntadeandalucia.es\/ieselsauce\/?page_id=146","title":{"rendered":"Ingl\u00e9s"},"content":{"rendered":"<p><strong>Profesorado del departamento<\/strong>:<\/p>\n<p>D\u00aa. Cristina Fern\u00e1ndez Ser\u00f3n.<\/p>\n<p>D\u00aa. Marta Navarro Mej\u00edas.<\/p>\n<p>D\u00aa. M\u00aa Dolores Rider L\u00f3pez.<\/p>\n<p>D\u00aa. Olga Rubio Rojas (Jefa de departamento).<\/p>\n<p>D\u00aa. Inmaculada Torres Aguilar.<\/p>\n<p><strong>Materias del departamento<\/strong>:<\/p>\n<p><a href=\"https:\/\/blogsaverroes.juntadeandalucia.es\/ieselsauce\/files\/2025\/11\/INGLES-1oA-ESO.pdf\">Ingl\u00e9s 1\u00ba ESO.<\/a><\/p>\n<p><a href=\"https:\/\/blogsaverroes.juntadeandalucia.es\/ieselsauce\/files\/2025\/11\/INGLES-2oA-ESO.pdf\">I<\/a><a href=\"https:\/\/blogsaverroes.juntadeandalucia.es\/ieselsauce\/files\/2025\/11\/INGLES-1oA-ESO.pdf\">ngl\u00e9s<\/a><a href=\"https:\/\/blogsaverroes.juntadeandalucia.es\/ieselsauce\/files\/2025\/11\/INGLES-2oA-ESO.pdf\"> 2\u00ba ESO.<\/a><\/p>\n<p><a href=\"https:\/\/blogsaverroes.juntadeandalucia.es\/ieselsauce\/files\/2025\/11\/INGLES-1oA-ESO.pdf\">Ingl\u00e9s<\/a><a href=\"https:\/\/blogsaverroes.juntadeandalucia.es\/ieselsauce\/files\/2025\/11\/INGLES-3oA-ESO-.pdf\"> 3\u00ba ESO.<\/a><\/p>\n<p><a href=\"https:\/\/blogsaverroes.juntadeandalucia.es\/ieselsauce\/files\/2025\/11\/INGLES-1oA-ESO.pdf\">Ingl\u00e9s<\/a><a href=\"https:\/\/blogsaverroes.juntadeandalucia.es\/ieselsauce\/files\/2025\/11\/INGLES-4oA-ESO.pdf\"> 4\u00ba&nbsp; ESO.<\/a><\/p>\n<p><a href=\"https:\/\/blogsaverroes.juntadeandalucia.es\/ieselsauce\/files\/2025\/11\/FILOSOFIA-4oA-ESO.pdf\">Filosof\u00eda 4\u00ba ESO.<\/a><\/p>\n<p><a href=\"https:\/\/blogsaverroes.juntadeandalucia.es\/ieselsauce\/files\/2025\/11\/AMBITO-LINGUISTICO-Y-SOCIAL-3oA-ESO.pdf\">\u00c1mbito ling\u00fc\u00edstico y social 3\u00ba ESO.<\/a><\/p>\n<p><a href=\"https:\/\/blogsaverroes.juntadeandalucia.es\/ieselsauce\/files\/2025\/11\/AMBITO-LINGUISTICO-Y-SOCIAL-3oA-ESO.pdf\">\u00c1mbito ling\u00fc\u00edstico y social<\/a><a href=\"https:\/\/blogsaverroes.juntadeandalucia.es\/ieselsauce\/files\/2025\/11\/AMBITO-LINGUISTICO-Y-SOCIAL-4oA-ESO.pdf\"> 4\u00ba ESO.<\/a><\/p>\n<p>&nbsp;<\/p>\n","protected":false},"excerpt":{"rendered":"<p>Profesorado del departamento: D\u00aa. Cristina Fern\u00e1ndez Ser\u00f3n. D\u00aa. Marta Navarro Mej\u00edas. D\u00aa. M\u00aa Dolores Rider L\u00f3pez. D\u00aa. Olga Rubio Rojas (Jefa de departamento). D\u00aa. Inmaculada Torres Aguilar. Materias del departamento:&#46;&#46;&#46;<\/p>\n","protected":false},"author":8155,"featured_media":0,"parent":0,"menu_order":0,"comment_status":"closed","ping_status":"closed","template":"","meta":{"ngg_post_thumbnail":0,"footnotes":""},"aioseo_notices":[],"_links":{"self":[{"href":"https:\/\/blogsaverroes.juntadeandalucia.es\/ieselsauce\/index.php?rest_route=\/wp\/v2\/pages\/146"}],"collection":[{"href":"https:\/\/blogsaverroes.juntadeandalucia.es\/ieselsauce\/index.php?rest_route=\/wp\/v2\/pages"}],"about":[{"href":"https:\/\/blogsaverroes.juntadeandalucia.es\/ieselsauce\/index.php?rest_route=\/wp\/v2\/types\/page"}],"author":[{"embeddable":true,"href":"https:\/\/blogsaverroes.juntadeandalucia.es\/ieselsauce\/index.php?rest_route=\/wp\/v2\/users\/8155"}],"replies":[{"embeddable":true,"href":"https:\/\/blogsaverroes.juntadeandalucia.es\/ieselsauce\/index.php?rest_route=%2Fwp%2Fv2%2Fcomments&post=146"}],"version-history":[{"count":20,"href":"https:\/\/blogsaverroes.juntadeandalucia.es\/ieselsauce\/index.php?rest_route=\/wp\/v2\/pages\/146\/revisions"}],"predecessor-version":[{"id":3654,"href":"https:\/\/blogsaverroes.juntadeandalucia.es\/ieselsauce\/index.php?rest_route=\/wp\/v2\/pages\/146\/revisions\/3654"}],"wp:attachment":[{"href":"https:\/\/blogsaverroes.juntadeandalucia.es\/ieselsauce\/index.php?rest_route=%2Fwp%2Fv2%2Fmedia&parent=146"}],"curies":[{"name":"wp","href":"https:\/\/api.w.org\/{rel}","templated":true}]}}