{"id":147,"date":"2019-12-05T12:26:52","date_gmt":"2019-12-05T12:26:52","guid":{"rendered":"https:\/\/blogsaverroes.juntadeandalucia.es\/ieselsauce\/?page_id=147"},"modified":"2025-11-11T10:03:09","modified_gmt":"2025-11-11T10:03:09","slug":"frances","status":"publish","type":"page","link":"https:\/\/blogsaverroes.juntadeandalucia.es\/ieselsauce\/?page_id=147","title":{"rendered":"Franc\u00e9s"},"content":{"rendered":"<p><strong>Profesorado del departamento<\/strong>:<\/p>\n<p>D\u00aa. Mar\u00eda Fernanda P\u00e9rez Alors (Jefa de departamento).<\/p>\n<p><strong>Materias del departamento<\/strong>:<\/p>\n<p><a href=\"https:\/\/blogsaverroes.juntadeandalucia.es\/ieselsauce\/files\/2025\/11\/FRANCES-1oA-ESO.pdf\">Franc\u00e9s 1\u00ba ESO.<\/a><\/p>\n<p><a href=\"https:\/\/blogsaverroes.juntadeandalucia.es\/ieselsauce\/files\/2025\/11\/FRANCES-2oA-ESO.pdf\">Franc\u00e9s 2\u00ba ESO.<\/a><\/p>\n<p><a href=\"https:\/\/blogsaverroes.juntadeandalucia.es\/ieselsauce\/files\/2025\/11\/FRANCES-3oA-ESO.pdf\">Franc\u00e9s 3\u00ba ESO.<\/a><\/p>\n<p><a href=\"https:\/\/blogsaverroes.juntadeandalucia.es\/ieselsauce\/files\/2025\/11\/FRANCES-4oAESO.pdf\">Franc\u00e9s 4\u00ba ESO.<\/a><\/p>\n","protected":false},"excerpt":{"rendered":"<p>Profesorado del departamento: D\u00aa. Mar\u00eda Fernanda P\u00e9rez Alors (Jefa de departamento). Materias del departamento: Franc\u00e9s 1\u00ba ESO. Franc\u00e9s 2\u00ba ESO. Franc\u00e9s 3\u00ba ESO. Franc\u00e9s 4\u00ba ESO.<\/p>\n","protected":false},"author":8155,"featured_media":0,"parent":0,"menu_order":0,"comment_status":"closed","ping_status":"closed","template":"","meta":{"ngg_post_thumbnail":0,"footnotes":""},"aioseo_notices":[],"_links":{"self":[{"href":"https:\/\/blogsaverroes.juntadeandalucia.es\/ieselsauce\/index.php?rest_route=\/wp\/v2\/pages\/147"}],"collection":[{"href":"https:\/\/blogsaverroes.juntadeandalucia.es\/ieselsauce\/index.php?rest_route=\/wp\/v2\/pages"}],"about":[{"href":"https:\/\/blogsaverroes.juntadeandalucia.es\/ieselsauce\/index.php?rest_route=\/wp\/v2\/types\/page"}],"author":[{"embeddable":true,"href":"https:\/\/blogsaverroes.juntadeandalucia.es\/ieselsauce\/index.php?rest_route=\/wp\/v2\/users\/8155"}],"replies":[{"embeddable":true,"href":"https:\/\/blogsaverroes.juntadeandalucia.es\/ieselsauce\/index.php?rest_route=%2Fwp%2Fv2%2Fcomments&post=147"}],"version-history":[{"count":10,"href":"https:\/\/blogsaverroes.juntadeandalucia.es\/ieselsauce\/index.php?rest_route=\/wp\/v2\/pages\/147\/revisions"}],"predecessor-version":[{"id":3655,"href":"https:\/\/blogsaverroes.juntadeandalucia.es\/ieselsauce\/index.php?rest_route=\/wp\/v2\/pages\/147\/revisions\/3655"}],"wp:attachment":[{"href":"https:\/\/blogsaverroes.juntadeandalucia.es\/ieselsauce\/index.php?rest_route=%2Fwp%2Fv2%2Fmedia&parent=147"}],"curies":[{"name":"wp","href":"https:\/\/api.w.org\/{rel}","templated":true}]}}