{"id":149,"date":"2019-12-05T12:26:52","date_gmt":"2019-12-05T12:26:52","guid":{"rendered":"https:\/\/blogsaverroes.juntadeandalucia.es\/ieselsauce\/?page_id=149"},"modified":"2025-11-11T09:49:28","modified_gmt":"2025-11-11T09:49:28","slug":"educacion-fisica","status":"publish","type":"page","link":"https:\/\/blogsaverroes.juntadeandalucia.es\/ieselsauce\/?page_id=149","title":{"rendered":"Educaci\u00f3n F\u00edsica"},"content":{"rendered":"<p><strong>Profesorado del departamento<\/strong>:<\/p>\n<p>D\u00aa. Desire\u00e9 Herruzo L\u00f3pez.<\/p>\n<p>D. Jos\u00e9 Luis S\u00e1nchez Molina (Ingl\u00e9s &#8211; Jefe de departamento).<\/p>\n<p><strong>Materias del departamento<\/strong>:<\/p>\n<p><a href=\"https:\/\/blogsaverroes.juntadeandalucia.es\/ieselsauce\/files\/2025\/11\/EDUCACION-FISICA-1oA-ESO.pdf\">Educaci\u00f3n F\u00edsica 1\u00ba ESO.<\/a><\/p>\n<p><a href=\"https:\/\/blogsaverroes.juntadeandalucia.es\/ieselsauce\/files\/2025\/11\/EDUCACION-FISICA-2oA-ESO.pdf\">E<\/a><a href=\"https:\/\/blogsaverroes.juntadeandalucia.es\/ieselsauce\/files\/2025\/11\/EDUCACION-FISICA-1oA-ESO.pdf\">ducaci\u00f3n F\u00edsica<\/a><a href=\"https:\/\/blogsaverroes.juntadeandalucia.es\/ieselsauce\/files\/2025\/11\/EDUCACION-FISICA-2oA-ESO.pdf\"> 2\u00ba ESO.<\/a><\/p>\n<p><a href=\"https:\/\/blogsaverroes.juntadeandalucia.es\/ieselsauce\/files\/2025\/11\/EDUCACION-FISICA-3oA-ESO.pdf\">E<\/a><a href=\"https:\/\/blogsaverroes.juntadeandalucia.es\/ieselsauce\/files\/2025\/11\/EDUCACION-FISICA-1oA-ESO.pdf\">ducaci\u00f3n F\u00edsica<\/a><a href=\"https:\/\/blogsaverroes.juntadeandalucia.es\/ieselsauce\/files\/2025\/11\/EDUCACION-FISICA-3oA-ESO.pdf\"> 3\u00ba ESO.<\/a><\/p>\n<p><a href=\"https:\/\/blogsaverroes.juntadeandalucia.es\/ieselsauce\/files\/2025\/11\/EDUCACION-FISICA-4oA-ESO.pdf\">E<\/a><a href=\"https:\/\/blogsaverroes.juntadeandalucia.es\/ieselsauce\/files\/2025\/11\/EDUCACION-FISICA-1oA-ESO.pdf\">ducaci\u00f3n F\u00edsica<\/a><a href=\"https:\/\/blogsaverroes.juntadeandalucia.es\/ieselsauce\/files\/2025\/11\/EDUCACION-FISICA-4oA-ESO.pdf\"> 4\u00ba ESO.<\/a><\/p>\n<p><a href=\"https:\/\/blogsaverroes.juntadeandalucia.es\/ieselsauce\/files\/2025\/11\/INICIACION-A-LA-ACTIVIDAD-EMPRENDEDORA-Y-EMPRESARIAL-3oA-ESO.pdf\">Iniciaci\u00f3n a la Actividad Emprendedora y Empresarial 3\u00ba ESO.<\/a><\/p>\n","protected":false},"excerpt":{"rendered":"<p>Profesorado del departamento: D\u00aa. Desire\u00e9 Herruzo L\u00f3pez. D. Jos\u00e9 Luis S\u00e1nchez Molina (Ingl\u00e9s &#8211; Jefe de departamento). Materias del departamento: Educaci\u00f3n F\u00edsica 1\u00ba ESO. Educaci\u00f3n F\u00edsica 2\u00ba ESO. Educaci\u00f3n F\u00edsica&#46;&#46;&#46;<\/p>\n","protected":false},"author":8155,"featured_media":0,"parent":0,"menu_order":0,"comment_status":"closed","ping_status":"closed","template":"","meta":{"ngg_post_thumbnail":0,"footnotes":""},"aioseo_notices":[],"_links":{"self":[{"href":"https:\/\/blogsaverroes.juntadeandalucia.es\/ieselsauce\/index.php?rest_route=\/wp\/v2\/pages\/149"}],"collection":[{"href":"https:\/\/blogsaverroes.juntadeandalucia.es\/ieselsauce\/index.php?rest_route=\/wp\/v2\/pages"}],"about":[{"href":"https:\/\/blogsaverroes.juntadeandalucia.es\/ieselsauce\/index.php?rest_route=\/wp\/v2\/types\/page"}],"author":[{"embeddable":true,"href":"https:\/\/blogsaverroes.juntadeandalucia.es\/ieselsauce\/index.php?rest_route=\/wp\/v2\/users\/8155"}],"replies":[{"embeddable":true,"href":"https:\/\/blogsaverroes.juntadeandalucia.es\/ieselsauce\/index.php?rest_route=%2Fwp%2Fv2%2Fcomments&post=149"}],"version-history":[{"count":17,"href":"https:\/\/blogsaverroes.juntadeandalucia.es\/ieselsauce\/index.php?rest_route=\/wp\/v2\/pages\/149\/revisions"}],"predecessor-version":[{"id":3646,"href":"https:\/\/blogsaverroes.juntadeandalucia.es\/ieselsauce\/index.php?rest_route=\/wp\/v2\/pages\/149\/revisions\/3646"}],"wp:attachment":[{"href":"https:\/\/blogsaverroes.juntadeandalucia.es\/ieselsauce\/index.php?rest_route=%2Fwp%2Fv2%2Fmedia&parent=149"}],"curies":[{"name":"wp","href":"https:\/\/api.w.org\/{rel}","templated":true}]}}