{"id":1504,"date":"2021-11-13T08:37:53","date_gmt":"2021-11-13T08:37:53","guid":{"rendered":"https:\/\/blogsaverroes.juntadeandalucia.es\/ieselsauce\/?page_id=1504"},"modified":"2025-11-14T10:11:26","modified_gmt":"2025-11-14T10:11:26","slug":"orientacion","status":"publish","type":"page","link":"https:\/\/blogsaverroes.juntadeandalucia.es\/ieselsauce\/?page_id=1504","title":{"rendered":"Orientaci\u00f3n"},"content":{"rendered":"<p><strong>Profesorado del departamento<\/strong>:<\/p>\n<p>D\u00aa. Rosa Mar\u00eda Ambrosio S\u00e1nchez (Pedagog\u00eda Terap\u00e9utica).<\/p>\n<p>D. Abraham D\u00edaz D\u00edaz (Pedagog\u00eda Terap\u00e9utica).<\/p>\n<p>D\u00aa. Roc\u00edo Mart\u00ednez Porras (Orientadora &#8211; Jefa de departamento).<\/p>\n<p>D\u00aa. Mar\u00eda Sara Pedregal Rodr\u00edguez (Audici\u00f3n y Lenguaje).<\/p>\n<p>D\u00aa. Juana Raya Miranda (\u00c1rea Cient\u00edfico &#8211; Tecnol\u00f3gica ZTS).<\/p>\n<p><strong>Materias del departamento<\/strong>:<\/p>\n<p><a href=\"https:\/\/blogsaverroes.juntadeandalucia.es\/ieselsauce\/files\/2025\/11\/FORMACION-Y-ORIENTACION-PERSONAL-Y-PROFESIONAL-4o-ESO.pdf\">FORMACI\u00d3N Y ORIENTACI\u00d3N PERSONAL Y PROFESIONAL 4\u00ba ESO<\/a><\/p>\n<p>&nbsp;<\/p>\n","protected":false},"excerpt":{"rendered":"<p>Profesorado del departamento: D\u00aa. Rosa Mar\u00eda Ambrosio S\u00e1nchez (Pedagog\u00eda Terap\u00e9utica). D. Abraham D\u00edaz D\u00edaz (Pedagog\u00eda Terap\u00e9utica). D\u00aa. Roc\u00edo Mart\u00ednez Porras (Orientadora &#8211; Jefa de departamento). D\u00aa. Mar\u00eda Sara Pedregal Rodr\u00edguez&#46;&#46;&#46;<\/p>\n","protected":false},"author":8155,"featured_media":0,"parent":0,"menu_order":0,"comment_status":"closed","ping_status":"closed","template":"","meta":{"ngg_post_thumbnail":0,"footnotes":""},"aioseo_notices":[],"_links":{"self":[{"href":"https:\/\/blogsaverroes.juntadeandalucia.es\/ieselsauce\/index.php?rest_route=\/wp\/v2\/pages\/1504"}],"collection":[{"href":"https:\/\/blogsaverroes.juntadeandalucia.es\/ieselsauce\/index.php?rest_route=\/wp\/v2\/pages"}],"about":[{"href":"https:\/\/blogsaverroes.juntadeandalucia.es\/ieselsauce\/index.php?rest_route=\/wp\/v2\/types\/page"}],"author":[{"embeddable":true,"href":"https:\/\/blogsaverroes.juntadeandalucia.es\/ieselsauce\/index.php?rest_route=\/wp\/v2\/users\/8155"}],"replies":[{"embeddable":true,"href":"https:\/\/blogsaverroes.juntadeandalucia.es\/ieselsauce\/index.php?rest_route=%2Fwp%2Fv2%2Fcomments&post=1504"}],"version-history":[{"count":8,"href":"https:\/\/blogsaverroes.juntadeandalucia.es\/ieselsauce\/index.php?rest_route=\/wp\/v2\/pages\/1504\/revisions"}],"predecessor-version":[{"id":3687,"href":"https:\/\/blogsaverroes.juntadeandalucia.es\/ieselsauce\/index.php?rest_route=\/wp\/v2\/pages\/1504\/revisions\/3687"}],"wp:attachment":[{"href":"https:\/\/blogsaverroes.juntadeandalucia.es\/ieselsauce\/index.php?rest_route=%2Fwp%2Fv2%2Fmedia&parent=1504"}],"curies":[{"name":"wp","href":"https:\/\/api.w.org\/{rel}","templated":true}]}}