{"id":1810,"date":"2022-03-30T06:54:11","date_gmt":"2022-03-30T06:54:11","guid":{"rendered":"https:\/\/blogsaverroes.juntadeandalucia.es\/ieselsauce\/?page_id=1810"},"modified":"2023-10-08T22:02:00","modified_gmt":"2023-10-08T22:02:00","slug":"bilinguismo","status":"publish","type":"page","link":"https:\/\/blogsaverroes.juntadeandalucia.es\/ieselsauce\/?page_id=1810","title":{"rendered":"BILING\u00dcISMO"},"content":{"rendered":"<p><img loading=\"lazy\" decoding=\"async\" class=\"alignright wp-image-2307\" src=\"https:\/\/blogsaverroes.juntadeandalucia.es\/ieselsauce\/files\/2023\/02\/Imagen-1-300x212.jpg\" alt=\"\" width=\"500\" height=\"354\" srcset=\"https:\/\/blogsaverroes.juntadeandalucia.es\/ieselsauce\/files\/2023\/02\/Imagen-1-300x212.jpg 300w, https:\/\/blogsaverroes.juntadeandalucia.es\/ieselsauce\/files\/2023\/02\/Imagen-1-768x543.jpg 768w, https:\/\/blogsaverroes.juntadeandalucia.es\/ieselsauce\/files\/2023\/02\/Imagen-1.jpg 800w\" sizes=\"(max-width: 500px) 100vw, 500px\" \/><\/p>\n<p>&nbsp;<\/p>\n<p>&nbsp;<\/p>\n<p>&nbsp;<\/p>\n<p>&nbsp;<\/p>\n<p>&nbsp;<\/p>\n<p><img loading=\"lazy\" decoding=\"async\" class=\"wp-image-2309 alignleft\" src=\"https:\/\/blogsaverroes.juntadeandalucia.es\/ieselsauce\/files\/2023\/02\/LOGO-el-sauce-bilingue-150x150.png\" alt=\"\" width=\"100\" height=\"94\" srcset=\"https:\/\/blogsaverroes.juntadeandalucia.es\/ieselsauce\/files\/2023\/02\/LOGO-el-sauce-bilingue-300x283.png 300w, https:\/\/blogsaverroes.juntadeandalucia.es\/ieselsauce\/files\/2023\/02\/LOGO-el-sauce-bilingue.png 666w\" sizes=\"(max-width: 100px) 100vw, 100px\" \/><\/p>\n<p>&nbsp;<\/p>\n<p>&nbsp;<\/p>\n<p>&nbsp;<\/p>\n<p>&nbsp;<\/p>\n<p><img loading=\"lazy\" decoding=\"async\" class=\"aligncenter wp-image-2304 size-large\" src=\"https:\/\/blogsaverroes.juntadeandalucia.es\/ieselsauce\/files\/2023\/02\/IMG_2006-1024x768.jpeg\" alt=\"\" width=\"1024\" height=\"768\" srcset=\"https:\/\/blogsaverroes.juntadeandalucia.es\/ieselsauce\/files\/2023\/02\/IMG_2006-1024x768.jpeg 1024w, https:\/\/blogsaverroes.juntadeandalucia.es\/ieselsauce\/files\/2023\/02\/IMG_2006-300x225.jpeg 300w, https:\/\/blogsaverroes.juntadeandalucia.es\/ieselsauce\/files\/2023\/02\/IMG_2006-768x576.jpeg 768w, https:\/\/blogsaverroes.juntadeandalucia.es\/ieselsauce\/files\/2023\/02\/IMG_2006-1536x1152.jpeg 1536w, https:\/\/blogsaverroes.juntadeandalucia.es\/ieselsauce\/files\/2023\/02\/IMG_2006-2048x1536.jpeg 2048w\" sizes=\"(max-width: 1024px) 100vw, 1024px\" \/><\/p>\n<p>&nbsp;<\/p>\n<p><img loading=\"lazy\" decoding=\"async\" class=\"aligncenter wp-image-2303 size-full\" src=\"https:\/\/blogsaverroes.juntadeandalucia.es\/ieselsauce\/files\/2023\/02\/WhatsApp-Image-2022-10-11-at-17.14.54.jpeg\" alt=\"\" width=\"1024\" height=\"768\" srcset=\"https:\/\/blogsaverroes.juntadeandalucia.es\/ieselsauce\/files\/2023\/02\/WhatsApp-Image-2022-10-11-at-17.14.54.jpeg 1024w, https:\/\/blogsaverroes.juntadeandalucia.es\/ieselsauce\/files\/2023\/02\/WhatsApp-Image-2022-10-11-at-17.14.54-300x225.jpeg 300w, https:\/\/blogsaverroes.juntadeandalucia.es\/ieselsauce\/files\/2023\/02\/WhatsApp-Image-2022-10-11-at-17.14.54-768x576.jpeg 768w\" sizes=\"(max-width: 1024px) 100vw, 1024px\" \/><\/p>\n<p>&nbsp;<\/p>\n<p><img loading=\"lazy\" decoding=\"async\" class=\"aligncenter wp-image-2306 size-large\" src=\"https:\/\/blogsaverroes.juntadeandalucia.es\/ieselsauce\/files\/2023\/02\/IMG_2019-1024x768.jpeg\" alt=\"\" width=\"1024\" height=\"768\" srcset=\"https:\/\/blogsaverroes.juntadeandalucia.es\/ieselsauce\/files\/2023\/02\/IMG_2019-1024x768.jpeg 1024w, https:\/\/blogsaverroes.juntadeandalucia.es\/ieselsauce\/files\/2023\/02\/IMG_2019-300x225.jpeg 300w, https:\/\/blogsaverroes.juntadeandalucia.es\/ieselsauce\/files\/2023\/02\/IMG_2019-768x576.jpeg 768w, https:\/\/blogsaverroes.juntadeandalucia.es\/ieselsauce\/files\/2023\/02\/IMG_2019-1536x1152.jpeg 1536w, https:\/\/blogsaverroes.juntadeandalucia.es\/ieselsauce\/files\/2023\/02\/IMG_2019-2048x1536.jpeg 2048w\" sizes=\"(max-width: 1024px) 100vw, 1024px\" \/><\/p>\n<p>&nbsp;<\/p>\n<p><img loading=\"lazy\" decoding=\"async\" class=\"alignleft wp-image-2279 size-large\" src=\"https:\/\/blogsaverroes.juntadeandalucia.es\/ieselsauce\/files\/2023\/02\/4-1024x575.jpg\" alt=\"\" width=\"1024\" height=\"575\" srcset=\"https:\/\/blogsaverroes.juntadeandalucia.es\/ieselsauce\/files\/2023\/02\/4-1024x575.jpg 1024w, https:\/\/blogsaverroes.juntadeandalucia.es\/ieselsauce\/files\/2023\/02\/4-300x169.jpg 300w, https:\/\/blogsaverroes.juntadeandalucia.es\/ieselsauce\/files\/2023\/02\/4-768x432.jpg 768w, https:\/\/blogsaverroes.juntadeandalucia.es\/ieselsauce\/files\/2023\/02\/4-1536x863.jpg 1536w, https:\/\/blogsaverroes.juntadeandalucia.es\/ieselsauce\/files\/2023\/02\/4-2048x1151.jpg 2048w\" sizes=\"(max-width: 1024px) 100vw, 1024px\" \/><\/p>\n<p>&nbsp;<\/p>\n<p><img loading=\"lazy\" decoding=\"async\" class=\"aligncenter wp-image-2155 size-large\" src=\"https:\/\/blogsaverroes.juntadeandalucia.es\/ieselsauce\/files\/2022\/12\/IMG_1743-768x1024.jpeg\" alt=\"\" width=\"768\" height=\"1024\" srcset=\"https:\/\/blogsaverroes.juntadeandalucia.es\/ieselsauce\/files\/2022\/12\/IMG_1743-768x1024.jpeg 768w, https:\/\/blogsaverroes.juntadeandalucia.es\/ieselsauce\/files\/2022\/12\/IMG_1743-225x300.jpeg 225w, https:\/\/blogsaverroes.juntadeandalucia.es\/ieselsauce\/files\/2022\/12\/IMG_1743-1152x1536.jpeg 1152w, https:\/\/blogsaverroes.juntadeandalucia.es\/ieselsauce\/files\/2022\/12\/IMG_1743-1536x2048.jpeg 1536w, https:\/\/blogsaverroes.juntadeandalucia.es\/ieselsauce\/files\/2022\/12\/IMG_1743-scaled.jpeg 1920w\" sizes=\"(max-width: 768px) 100vw, 768px\" \/><\/p>\n<p>&nbsp;<\/p>\n<p>&nbsp;<\/p>\n<p>&nbsp;<\/p>\n<p>&nbsp;<\/p>\n<p style=\"text-align: center\"><span style=\"color: #333399\"><strong><span style=\"font-family: 'comic sans ms', sans-serif;font-size: 24pt\">What is the <span style=\"font-size: 36pt\">Bilingual Program<\/span> about?<\/span> <\/strong><\/span><\/p>\n<p style=\"text-align: center\"><span style=\"color: #333399\"><strong>Our students&#8217; answers (school year 2022-2023)<\/strong><\/span><\/p>\n<p><iframe loading=\"lazy\" title=\"LAURA TELLO video\" width=\"500\" height=\"281\" src=\"https:\/\/www.youtube.com\/embed\/Ular74mgk6I?feature=oembed&#038;wmode=opaque\" frameborder=\"0\" allow=\"accelerometer; autoplay; clipboard-write; encrypted-media; gyroscope; picture-in-picture; web-share\" allowfullscreen><\/iframe><\/p>\n<p>&nbsp;<\/p>\n<p>&nbsp;<\/p>\n<p>&nbsp;<\/p>\n<p>&nbsp;<\/p>\n<p><img loading=\"lazy\" decoding=\"async\" class=\"aligncenter wp-image-2314 size-large\" src=\"https:\/\/blogsaverroes.juntadeandalucia.es\/ieselsauce\/files\/2023\/02\/Captura-de-pantalla-2023-02-20-a-las-2.01.51-1024x737.png\" alt=\"\" width=\"1024\" height=\"737\" srcset=\"https:\/\/blogsaverroes.juntadeandalucia.es\/ieselsauce\/files\/2023\/02\/Captura-de-pantalla-2023-02-20-a-las-2.01.51-1024x737.png 1024w, https:\/\/blogsaverroes.juntadeandalucia.es\/ieselsauce\/files\/2023\/02\/Captura-de-pantalla-2023-02-20-a-las-2.01.51-300x216.png 300w, https:\/\/blogsaverroes.juntadeandalucia.es\/ieselsauce\/files\/2023\/02\/Captura-de-pantalla-2023-02-20-a-las-2.01.51-768x553.png 768w, https:\/\/blogsaverroes.juntadeandalucia.es\/ieselsauce\/files\/2023\/02\/Captura-de-pantalla-2023-02-20-a-las-2.01.51-1536x1106.png 1536w, https:\/\/blogsaverroes.juntadeandalucia.es\/ieselsauce\/files\/2023\/02\/Captura-de-pantalla-2023-02-20-a-las-2.01.51.png 1984w\" sizes=\"(max-width: 1024px) 100vw, 1024px\" \/><\/p>\n<p>&nbsp;<\/p>\n<p><a href=\"https:\/\/blogsaverroes.juntadeandalucia.es\/ieselsauce\/files\/2023\/02\/2022-Plan-actuacion-bilingue.pdf\" target=\"_blank\" rel=\"noopener noreferrer\">2023 &#8211; PLAN DE ACTUACI\u00d3N BILING\u00dcE<\/a><\/p>\n<p><a href=\"https:\/\/blogsaverroes.juntadeandalucia.es\/ieselsauce\/files\/2023\/02\/Programa-bilingue-info-inicial.pdf\" target=\"_blank\" rel=\"noopener noreferrer\">2023 &#8211; PAUTAS INICIALES (PARA PROFESORADO)<\/a><\/p>\n<p><a href=\"https:\/\/drive.google.com\/drive\/folders\/1LzlcJqbVtkHnNlZRUwKXf7p1tn_hgBQt?usp=share_link\" target=\"_blank\" rel=\"noopener noreferrer\">CONTENIDOS BILING\u00dcES \/ BILINGUAL CONTENTS<\/a><\/p>\n<p>&nbsp;<\/p>\n<p>&nbsp;<\/p>\n<p><span style=\"color: #800080\"><strong>RELATED POSTS \/ PUBLICACIONES RELACIONADAS<\/strong><\/span><\/p>\n<p><a href=\"https:\/\/blogsaverroes.juntadeandalucia.es\/ieselsauce\/?p=2062\" target=\"_blank\" rel=\"noopener noreferrer\">Our language assistant<\/a>: October 2022<\/p>\n<p><a href=\"https:\/\/blogsaverroes.juntadeandalucia.es\/ieselsauce\/?p=2068\" target=\"_blank\" rel=\"noopener noreferrer\">Halloween<\/a>: November 2022<\/p>\n<p><a href=\"https:\/\/blogsaverroes.juntadeandalucia.es\/ieselsauce\/?p=2132\" target=\"_blank\" rel=\"noopener noreferrer\">25N en el IES El Sauce<\/a>: December 2022<\/p>\n<p><a href=\"https:\/\/blogsaverroes.juntadeandalucia.es\/ieselsauce\/?p=2294\" target=\"_blank\" rel=\"noopener noreferrer\">Storyboards in English<\/a>: February 2023<\/p>\n<p>&nbsp;<\/p>\n<p>&nbsp;<\/p>\n<p><span style=\"color: #3366ff\"><strong>ANNEXES \/ ANEXOS<\/strong><\/span><\/p>\n<p><a href=\"https:\/\/blogsaverroes.juntadeandalucia.es\/ieselsauce\/files\/2023\/02\/1-Profesorado-AL-y-ANL.pdf\" target=\"_blank\" rel=\"noopener noreferrer\">2023 &#8211; Tabla Profesorado Plan Biling\u00fce<\/a><\/p>\n<p><a href=\"https:\/\/blogsaverroes.juntadeandalucia.es\/ieselsauce\/files\/2023\/02\/anexo-5-glossary-exercises.pdf\" target=\"_blank\" rel=\"noopener noreferrer\">Glossary to understand exercises in English (FOR STUDENTS)<\/a><\/p>\n<p><a href=\"https:\/\/blogsaverroes.juntadeandalucia.es\/ieselsauce\/files\/2023\/02\/anexo-1-classroom-lang.pdf\" target=\"_blank\" rel=\"noopener noreferrer\">Useful classroom language (FOR TEACHERS)<\/a><\/p>\n<p><a href=\"https:\/\/blogsaverroes.juntadeandalucia.es\/ieselsauce\/files\/2023\/02\/anexo-2-questionnaire.pdf\" target=\"_blank\" rel=\"noopener noreferrer\">Questionnaire FOR TEACHERS<\/a><\/p>\n<p>&nbsp;<\/p>\n<p>&nbsp;<\/p>\n<p><span style=\"color: #993300\"><strong>LEGISLATION 2023 \/ LEGISLACI\u00d3N 2023<\/strong><\/span><\/p>\n<p><a href=\"https:\/\/blogsaverroes.juntadeandalucia.es\/ieselsauce\/files\/2023\/02\/Instrucciones-de-Auxiliares-de-Conversacio\u0301n-Curso-2022_2023F.pdf\" target=\"_blank\" rel=\"noopener noreferrer\">Instrucci\u00f3n 20\/2022 Auxiliares de Conversacio\u0301n<\/a><\/p>\n<p><a href=\"https:\/\/blogsaverroes.juntadeandalucia.es\/ieselsauce\/files\/2023\/02\/Orden-28-6-2011-Regula-Bilingues.pdf\" target=\"_blank\" rel=\"noopener noreferrer\">Orden 28-6-2011 Regulaci\u00f3n de la Ense\u00f1anza Biling\u00fce en Andaluc\u00eda<\/a><\/p>\n<p><a href=\"https:\/\/blogsaverroes.juntadeandalucia.es\/ieselsauce\/files\/2023\/02\/Instruccio\u0301n-21_2022-organizacion-y-funcionamiento-de-la-ensen\u0303anza-bilingu\u0308eF.pdf\" target=\"_blank\" rel=\"noopener noreferrer\">Instruccio\u0301n 21\/2022 Organizaci\u00f3n y Funcionamiento de la Ensen\u0303anza Bilingu\u0308e en Andaluc\u00eda<\/a><\/p>\n","protected":false},"excerpt":{"rendered":"<p>&nbsp; &nbsp; &nbsp; &nbsp; &nbsp; &nbsp; &nbsp; &nbsp; &nbsp; &nbsp; &nbsp; &nbsp; &nbsp; &nbsp; &nbsp; &nbsp; &nbsp; What is the Bilingual Program about? Our students&#8217; answers (school year 2022-2023) &nbsp;&#46;&#46;&#46;<\/p>\n","protected":false},"author":8155,"featured_media":0,"parent":0,"menu_order":0,"comment_status":"closed","ping_status":"closed","template":"","meta":{"ngg_post_thumbnail":0,"footnotes":""},"aioseo_notices":[],"_links":{"self":[{"href":"https:\/\/blogsaverroes.juntadeandalucia.es\/ieselsauce\/index.php?rest_route=\/wp\/v2\/pages\/1810"}],"collection":[{"href":"https:\/\/blogsaverroes.juntadeandalucia.es\/ieselsauce\/index.php?rest_route=\/wp\/v2\/pages"}],"about":[{"href":"https:\/\/blogsaverroes.juntadeandalucia.es\/ieselsauce\/index.php?rest_route=\/wp\/v2\/types\/page"}],"author":[{"embeddable":true,"href":"https:\/\/blogsaverroes.juntadeandalucia.es\/ieselsauce\/index.php?rest_route=\/wp\/v2\/users\/8155"}],"replies":[{"embeddable":true,"href":"https:\/\/blogsaverroes.juntadeandalucia.es\/ieselsauce\/index.php?rest_route=%2Fwp%2Fv2%2Fcomments&post=1810"}],"version-history":[{"count":29,"href":"https:\/\/blogsaverroes.juntadeandalucia.es\/ieselsauce\/index.php?rest_route=\/wp\/v2\/pages\/1810\/revisions"}],"predecessor-version":[{"id":2812,"href":"https:\/\/blogsaverroes.juntadeandalucia.es\/ieselsauce\/index.php?rest_route=\/wp\/v2\/pages\/1810\/revisions\/2812"}],"wp:attachment":[{"href":"https:\/\/blogsaverroes.juntadeandalucia.es\/ieselsauce\/index.php?rest_route=%2Fwp%2Fv2%2Fmedia&parent=1810"}],"curies":[{"name":"wp","href":"https:\/\/api.w.org\/{rel}","templated":true}]}}