{"id":2115,"date":"2022-11-18T19:15:13","date_gmt":"2022-11-18T19:15:13","guid":{"rendered":"https:\/\/blogsaverroes.juntadeandalucia.es\/ieselsauce\/?page_id=2115"},"modified":"2022-11-18T19:15:13","modified_gmt":"2022-11-18T19:15:13","slug":"algunas-normas-de-comportamiento-en-las-redes-sociales","status":"publish","type":"page","link":"https:\/\/blogsaverroes.juntadeandalucia.es\/ieselsauce\/?page_id=2115","title":{"rendered":"Algunas normas de comportamiento en las redes sociales"},"content":{"rendered":"<p><span style=\"color: #c9211e\"><b>NETIQUETA: <\/b>Algunas normas de comportamiento en las redes sociales<b> son:<\/b><\/span><\/p>\n<ul>\n<li><strong>Pide permiso antes de subir una foto o un v\u00eddeo<\/strong>. Pregunta a las personas aludidas qu\u00e9 informaci\u00f3n puedes publicar de ellas y aseg\u00farate de que no les importa.<\/li>\n<li><strong>Solicita autorizaci\u00f3n antes de etiquetar las fotos subidas por otras personas<\/strong>. Puede ocurrir que haya alguien que no quiera estar etiquetado en una foto aunque se haya publicado.<\/li>\n<li><strong>Pi\u00e9nsatelo bien antes de publicar algo<\/strong>. No subas aquello que pueda perjudicarte a ti o a otras personas. Podr\u00e1s eliminarlo posteriormente pero&nbsp; las copias que ya circulen por la red resultar\u00e1n imposibles de borrar.<\/li>\n<li><strong>Usa etiquetas positivas<\/strong>. No utilices etiquetas que resulten ofensivas para otras personas.<\/li>\n<li><strong>Ayuda a crear un ambiente agradable. <\/strong>En tus intervenciones s\u00e9 amable, educado y respetuoso con los dem\u00e1s.<\/li>\n<li><strong>Valora cuando utilizar mensajes privados o p\u00fablicos<\/strong>. Al enviar mensajes a los dem\u00e1s hazlo con respeto sobre todo cuando terceras personas pueden leerlos. Si necesitas aclarar algo con una persona puede resultar m\u00e1s apropiado utilizar los mensajes privados.<\/li>\n<li><strong>Escribe usando may\u00fasculas y min\u00fasculas<\/strong>. En la red cuando alguien escribe en may\u00fasculas se interpreta como si hablase a gritos y eso puede molestar a algunas personas.<\/li>\n<li><strong>Usa los emoticones<\/strong>. A veces resulta interesante usarlos para expresarnos mejor y evitar malentendidos \ud83d\ude09<\/li>\n<li><strong>Cr\u00edticas y comentarios<\/strong>. Modera tus cr\u00edticas hacia otras personas. Recuerda que si te excedes con otros usuarios\/as puedes llegar a vulnerar sus derechos y ser penado por la Ley. Tu libertad de expresi\u00f3n termina donde comienzan los derechos de los dem\u00e1s. Si atentas contra el honor o intimidad de una persona puedes cometer un delito.<\/li>\n<li><strong>Respeta la privacidad de otras personas<\/strong>. No difundas en p\u00fablico o en otros grupos aquella informaci\u00f3n que un usuario comparte contigo o con un grupo en concreto. Cuida la privacidad de las personas como quisieras que cuidasen la tuya.<\/li>\n<li><strong>No participes en aquello que no te interese o no lo veas claro<\/strong>. No hay problema con ignorar solicitudes de amistad de personas que no conoces. Tampoco con declinar invitaciones a ciertos eventos o grupos. No reacciones de forma violenta cuando alguien no te acepta como amigo\/a.<\/li>\n<li><strong>Conserva una actitud pac\u00edfica. <\/strong>Si algo o alguien te molesta en la red social no act\u00faes de forma agresiva. Es posible que busquen la provocaci\u00f3n o el enga\u00f1o y si reaccionas mal habr\u00e1n conseguido su prop\u00f3sito. A veces puede tratarse de errores o acciones no intencionadas.<\/li>\n<li><strong>Utiliza los sistemas de denuncia si fuera necesario<\/strong>. Las redes sociales disponen de formularios para denunciar el comportamiento inadecuado de un usuario. No utilices estos sistemas a la ligera o de manera injustificada para no generar desconfianza o enfado.<\/li>\n<li><strong>Comprueba tu identidad digital<\/strong>. Presta atenci\u00f3n a c\u00f3mo te presentas a los dem\u00e1s en la red social y a c\u00f3mo te perciben el resto de usuarios\/as.<\/li>\n<li><strong>Comunica tus criterios de privacidad a tus amistades si fuese necesario<\/strong>. En algunas ocasiones conviene recordar esos criterios de forma educada a algunos de tus contactos. Por ejemplo en relaci\u00f3n con la reutilizaci\u00f3n de&nbsp; fotos de tus albumes privados, cuando te etiqueten sin tu permiso o publiquen tus datos personales en p\u00e1ginas vistas por otras personas que no conoces.<\/li>\n<li><strong>S\u00e9 responsable<\/strong>. Recuerda que las redes sociales no son un juego. Eres responsable de todo lo que haces en ellas.<\/li>\n<li><strong>Consulta tus dudas o problemas<\/strong>. Si tienes temores, problemas o dudas en relaci\u00f3n con tu experiencia con las redes sociales, dir\u00edgite a tus padres, profesores o adultos de confianza para tratar de solucionarlos. Ellos podr\u00e1n ayudarte.<\/li>\n<\/ul>\n<p><strong>Fuente: <\/strong><\/p>\n<ul>\n<li>La mayor\u00eda de estas normas se han extra\u00eddo del espacio.<\/li>\n<li><strong>Netiqu\u00e9tate: <\/strong><a href=\"http:\/\/www.netiquetate.com\/\" target=\"_blank\" rel=\"noopener noreferrer\">http:\/\/www.netiquetate.com\/<\/a><\/li>\n<\/ul>\n","protected":false},"excerpt":{"rendered":"<p>NETIQUETA: Algunas normas de comportamiento en las redes sociales son: Pide permiso antes de subir una foto o un v\u00eddeo. Pregunta a las personas aludidas qu\u00e9 informaci\u00f3n puedes publicar de&#46;&#46;&#46;<\/p>\n","protected":false},"author":8155,"featured_media":0,"parent":377,"menu_order":0,"comment_status":"closed","ping_status":"closed","template":"","meta":{"ngg_post_thumbnail":0,"footnotes":""},"aioseo_notices":[],"_links":{"self":[{"href":"https:\/\/blogsaverroes.juntadeandalucia.es\/ieselsauce\/index.php?rest_route=\/wp\/v2\/pages\/2115"}],"collection":[{"href":"https:\/\/blogsaverroes.juntadeandalucia.es\/ieselsauce\/index.php?rest_route=\/wp\/v2\/pages"}],"about":[{"href":"https:\/\/blogsaverroes.juntadeandalucia.es\/ieselsauce\/index.php?rest_route=\/wp\/v2\/types\/page"}],"author":[{"embeddable":true,"href":"https:\/\/blogsaverroes.juntadeandalucia.es\/ieselsauce\/index.php?rest_route=\/wp\/v2\/users\/8155"}],"replies":[{"embeddable":true,"href":"https:\/\/blogsaverroes.juntadeandalucia.es\/ieselsauce\/index.php?rest_route=%2Fwp%2Fv2%2Fcomments&post=2115"}],"version-history":[{"count":1,"href":"https:\/\/blogsaverroes.juntadeandalucia.es\/ieselsauce\/index.php?rest_route=\/wp\/v2\/pages\/2115\/revisions"}],"predecessor-version":[{"id":2116,"href":"https:\/\/blogsaverroes.juntadeandalucia.es\/ieselsauce\/index.php?rest_route=\/wp\/v2\/pages\/2115\/revisions\/2116"}],"up":[{"embeddable":true,"href":"https:\/\/blogsaverroes.juntadeandalucia.es\/ieselsauce\/index.php?rest_route=\/wp\/v2\/pages\/377"}],"wp:attachment":[{"href":"https:\/\/blogsaverroes.juntadeandalucia.es\/ieselsauce\/index.php?rest_route=%2Fwp%2Fv2%2Fmedia&parent=2115"}],"curies":[{"name":"wp","href":"https:\/\/api.w.org\/{rel}","templated":true}]}}