{"id":2449,"date":"2023-03-18T19:49:58","date_gmt":"2023-03-18T19:49:58","guid":{"rendered":"https:\/\/blogsaverroes.juntadeandalucia.es\/ieselsauce\/?page_id=2449"},"modified":"2024-10-04T18:02:23","modified_gmt":"2024-10-04T18:02:23","slug":"netiqueta-normas-de-etiqueta-en-la-red","status":"publish","type":"page","link":"https:\/\/blogsaverroes.juntadeandalucia.es\/ieselsauce\/?page_id=2449","title":{"rendered":"NETIQUETA: \u201cNormas de etiqueta en la Red\u201d"},"content":{"rendered":"<p>&nbsp;<\/p>\n<h2 class=\"western\" align=\"justify\"><span style=\"font-size: 14pt\">Netiqueta quiere decir \u201cnormas de etiqueta en la Red\u201d o, de otra manera, compendio de indicaciones para guardar las buenas formas en Internet.<\/span><\/h2>\n<p>Son pautas que facilitan la comunicaci\u00f3n y la convivencia digital.<\/p>\n<p>La Netiqueta est\u00e1 pensada por y para los adolescentes y j\u00f3venes que disfrutan de su vida online en redes sociales como Tuenti, Facebook, Hi5, Bebo, Orkut, Fotolog\u2026 Tiene como finalidad mejorar su experiencia online en estos nuevos entornos de socializaci\u00f3n intensiva.<\/p>\n<p>Cuenta con 16 enunciados articulados en tres fines principales:<\/p>\n<ul>\n<li>\n<p style=\"margin-bottom: 0cm\">Guardar consideraci\u00f3n y respeto por las dem\u00e1s personas.<\/p>\n<\/li>\n<li>\n<p style=\"margin-bottom: 0cm\">Preservar la privacidad ajena.<\/p>\n<\/li>\n<li>Contribuir al buen ambiente de la Red.<\/li>\n<\/ul>\n<p><span style=\"color: #c9211e\"><b>Muestra consideraci\u00f3n y respeto hacia los dem\u00e1s:<\/b><\/span><\/p>\n<ul>\n<li>\n<p style=\"margin-bottom: 0cm\"><strong>1) Pide permiso antes de etiquetar fotograf\u00edas subidas por otras personas. <\/strong><br \/>\nPuede ser que a pesar de estar publicadas online no sea conveniente estar etiquetado para alguien.<\/p>\n<\/li>\n<li>\n<p style=\"margin-bottom: 0cm\"><strong>2) Utiliza las etiquetas de manera positiva, nunca para insultar, humillar o da\u00f1ar a otras personas.<\/strong><br \/>\nAyuda a crear el ambiente agradable y de confianza que a todos nos gusta compartir.<\/p>\n<\/li>\n<li>\n<p style=\"margin-bottom: 0cm\"><strong>3) Mide bien las cr\u00edticas que publicas. Expresar tu opini\u00f3n o una burla sobre otras personas puede llegar a vulnerar sus derechos e ir contra la Ley. <\/strong><br \/>\nLa libertad de expresi\u00f3n termina donde comienzan los derechos de los dem\u00e1s. La injuria, la calumnia y otras acciones contra el honor o la intimidad son delitos.<\/p>\n<\/li>\n<li>\n<p style=\"margin-bottom: 0cm\"><strong>4) No hay problema en ignorar solicitudes de amistad, invitaciones a eventos, grupos, etc.<\/strong><br \/>\nSi lo hacen contigo, no insistas ni pidas explicaciones.<\/p>\n<\/li>\n<li>\n<p style=\"margin-bottom: 0cm\"><strong>5) Evita la denuncia injusta como SPAM para no perjudicar a quienes hicieron comentarios correctos.<\/strong><br \/>\nLa informaci\u00f3n abundante, interesante y veraz es un tesoro.<\/p>\n<\/li>\n<li><strong>6) Usa las opciones de denuncia cuando est\u00e9 justificada la ocasi\u00f3n.<\/strong><br \/>\nRealizar acusaciones a la ligera o de manera injusta genera desconfianza y enfado.<\/li>\n<\/ul>\n<p><span style=\"color: #c9211e\"><b>Cuida la privacidad de las dem\u00e1s personas:<\/b><\/span><\/p>\n<ul>\n<li>\n<p style=\"margin-bottom: 0cm\"><strong>7) Preg\u00fantate qu\u00e9 informaci\u00f3n de otras personas expones y aseg\u00farate de que no les importa. <\/strong><br \/>\nEn ocasiones contamos aspectos de nuestra vida con otras personas o de la vida de los dem\u00e1s sin tener en cuenta c\u00f3mo les puede afectar que eso se sepa. Respeta la privacidad de los dem\u00e1s como te gustar\u00eda que respetasen la tuya.<\/p>\n<\/li>\n<li>\n<p style=\"margin-bottom: 0cm\"><strong>8) Para etiquetar a otras personas debes hacerlo sin enga\u00f1o y asegurarte de que no les molesta que lo hagas.<\/strong><br \/>\nCuando etiquetas a alguien est\u00e1s aportando mucha informaci\u00f3n que adem\u00e1s, en muchos casos, se propaga de forma inesperada e inc\u00f3moda.<\/p>\n<\/li>\n<li>\n<p style=\"margin-bottom: 0cm\"><strong>9) No puedes publicar fotos o v\u00eddeos en las que salgan otras personas sin tener su permiso, como regla general. <\/strong><br \/>\nLa imagen (fotograf\u00eda, v\u00eddeo\u2026) de cada cual es un dato personal y el derecho a decidir c\u00f3mo se utiliza le pertenece a esa persona en exclusiva.<\/p>\n<\/li>\n<li><strong>10) Antes de publicar una informaci\u00f3n que te han remitido de manera privada, pregunta si lo puedes hacer.<\/strong><br \/>\nEn las redes sociales, la informaci\u00f3n circula con demasiada velocidad de un lado a otro y lo que es privado se puede convertir en un secreto a voces.<\/li>\n<\/ul>\n<p><span style=\"color: #c9211e\"><b>Contribuye al buen ambiente de la Red:<\/b><\/span><\/p>\n<ul>\n<li>\n<p style=\"margin-bottom: 0cm\"><strong>11) Facilita a los dem\u00e1s el respeto de tu privacidad e intimidad. Comunica a tus contactos, en especial a los nuevos, c\u00f3mo quieres manejarlas. <\/strong><br \/>\nDeja claro tu criterio para que lo puedan respetar dici\u00e9ndoles qu\u00e9 cosas no admites como, por ejemplo, que reutilicen fotos que puedan ver en tus \u00e1lbumes privados, que te etiqueten sin permiso o que expongan datos acerca de ti en p\u00e1ginas a la vista de otros.<\/p>\n<\/li>\n<li>\n<p style=\"margin-bottom: 0cm\"><strong>12) Recuerda que escribir todo en may\u00fasculas puede interpretarse como un grito.<\/strong><br \/>\nSe trata de un acuerdo, de una norma no escrita que muchas personas utilizan. Tenerla en cuenta no supone esfuerzo y ayuda a entenderse bien en cualquier circunstancia.<\/p>\n<\/li>\n<li>\n<p style=\"margin-bottom: 0cm\"><strong>13) Usa los recursos a tu alcance (dibujos, s\u00edmbolos, emoticonos\u2026) para expresarte mejor y evitar malentendidos.<\/strong><br \/>\nEl estado de \u00e1nimo, las diferencias culturales o sociales, las experiencias previas\u2026 pueden dificultar la comunicaci\u00f3n entre dos personas, m\u00e1s a\u00fan si ni est\u00e1n cara a cara. Comprender y utilizar s\u00edmbolos de apoyo te ayudar\u00e1 a esquivar problemas por malas interpretaciones.<\/p>\n<\/li>\n<li>\n<p style=\"margin-bottom: 0cm\"><strong>14) Ante algo que te molesta, trata de reaccionar de manera calmada y no violenta.<br \/>\n<\/strong>Nunca act\u00faes de manera inmediata ni agresiva. A veces las cosas no son como parecen. Puede que simplemente busquen la provocaci\u00f3n o el enga\u00f1o y si se reacciona mal habr\u00e1n conseguido su objetivo. Puede tratarse tambi\u00e9n de errores o acciones no intencionadas.<\/p>\n<\/li>\n<li>\n<p style=\"margin-bottom: 0cm\"><strong>15) Dir\u00edgete a los dem\u00e1s con respeto, sobre todo a la vista de terceros. <\/strong><br \/>\nSi alguien comete alg\u00fan error, imprudencia o te molesta, s\u00e9 amable al hac\u00e9rselo ver y, si es posible, hazlo en privado.<\/p>\n<\/li>\n<li><strong>16) Lee y respeta las normas de uso de la Red Social.<\/strong><br \/>\nNo todas las redes sociales (Tuenti, Facebook, Hi5, Bebo, Orkut, Fotolog\u2026) tienen las mismas reglas. Sin embargo, siempre son las reglas de juego de obligado cumplimiento para todos.<\/li>\n<\/ul>\n<p>&nbsp;<\/p>\n<p><span style=\"font-size: small\">Texto extra\u00eddo de Netiqueta Joven para Redes Sociales escrito por <\/span><span style=\"color: #000000\"><span style=\"font-size: small\">Jorge Flores Fern\u00e1ndez<\/span><\/span><\/p>\n<p>&nbsp;<\/p>\n","protected":false},"excerpt":{"rendered":"<p>&nbsp; Netiqueta quiere decir \u201cnormas de etiqueta en la Red\u201d o, de otra manera, compendio de indicaciones para guardar las buenas formas en Internet. Son pautas que facilitan la comunicaci\u00f3n&#46;&#46;&#46;<\/p>\n","protected":false},"author":8155,"featured_media":0,"parent":0,"menu_order":0,"comment_status":"closed","ping_status":"closed","template":"","meta":{"ngg_post_thumbnail":0,"footnotes":""},"aioseo_notices":[],"_links":{"self":[{"href":"https:\/\/blogsaverroes.juntadeandalucia.es\/ieselsauce\/index.php?rest_route=\/wp\/v2\/pages\/2449"}],"collection":[{"href":"https:\/\/blogsaverroes.juntadeandalucia.es\/ieselsauce\/index.php?rest_route=\/wp\/v2\/pages"}],"about":[{"href":"https:\/\/blogsaverroes.juntadeandalucia.es\/ieselsauce\/index.php?rest_route=\/wp\/v2\/types\/page"}],"author":[{"embeddable":true,"href":"https:\/\/blogsaverroes.juntadeandalucia.es\/ieselsauce\/index.php?rest_route=\/wp\/v2\/users\/8155"}],"replies":[{"embeddable":true,"href":"https:\/\/blogsaverroes.juntadeandalucia.es\/ieselsauce\/index.php?rest_route=%2Fwp%2Fv2%2Fcomments&post=2449"}],"version-history":[{"count":3,"href":"https:\/\/blogsaverroes.juntadeandalucia.es\/ieselsauce\/index.php?rest_route=\/wp\/v2\/pages\/2449\/revisions"}],"predecessor-version":[{"id":3037,"href":"https:\/\/blogsaverroes.juntadeandalucia.es\/ieselsauce\/index.php?rest_route=\/wp\/v2\/pages\/2449\/revisions\/3037"}],"wp:attachment":[{"href":"https:\/\/blogsaverroes.juntadeandalucia.es\/ieselsauce\/index.php?rest_route=%2Fwp%2Fv2%2Fmedia&parent=2449"}],"curies":[{"name":"wp","href":"https:\/\/api.w.org\/{rel}","templated":true}]}}