{"id":3023,"date":"2024-06-16T16:49:40","date_gmt":"2024-06-16T16:49:40","guid":{"rendered":"https:\/\/blogsaverroes.juntadeandalucia.es\/ieselsauce\/?page_id=3023"},"modified":"2024-06-16T17:19:18","modified_gmt":"2024-06-16T17:19:18","slug":"utilizacion-segura-de-las-t-i-c-por-pantallas-amigas","status":"publish","type":"page","link":"https:\/\/blogsaverroes.juntadeandalucia.es\/ieselsauce\/?page_id=3023","title":{"rendered":"UTILIZACI\u00d3N SEGURA DE LAS T.I.C. \u00abpor Pantallas Amigas\u00bb."},"content":{"rendered":"<p><strong>PantallasAmigas,<\/strong>&nbsp;posiblemente la mejor y m\u00e1s completa p\u00e1gina web para trabajar en tutor\u00eda sobre el tema, con recursos, v\u00eddeos motivantes&#8230;;<strong>&nbsp;<\/strong>es una iniciativa que tiene como misi\u00f3n la promoci\u00f3n del uso seguro y saludable de las nuevas tecnolog\u00edas y el fomento de la ciudadan\u00eda digital responsable en la infancia y la adolescencia.<\/p>\n<p><strong><span style=\"color: #ff6600\"><img loading=\"lazy\" decoding=\"async\" title=\"punto6.gif\" src=\"https:\/\/elorienta.com\/gregorioprieto\/data\/uploads\/punto6.gif\" alt=\"punto6.gif\" width=\"14\" height=\"14\"> Grooming y ciberacoso sexual:<\/span><\/strong><\/p>\n<p style=\"padding-left: 80px\"><img loading=\"lazy\" decoding=\"async\" title=\"punto.gif\" src=\"https:\/\/elorienta.com\/gregorioprieto\/data\/uploads\/punto.gif\" alt=\"punto.gif\" width=\"24\" height=\"8\"><a href=\"http:\/\/www.youtube.com\/embed\/Pa2ttVRA-xU\" target=\"_blank\" rel=\"noopener\">\u201cInternet Grooming: ciberacoso sexual a ni\u00f1@s y adolescentes y su prevenci\u00f3n\u201d<\/a><\/p>\n<p style=\"padding-left: 80px\"><img loading=\"lazy\" decoding=\"async\" class=\"\" title=\"punto.gif\" src=\"https:\/\/elorienta.com\/gregorioprieto\/data\/uploads\/punto.gif\" alt=\"punto.gif\" width=\"24\" height=\"8\"><a href=\"http:\/\/www.youtube.com\/embed\/kSFjLPYesiU\" target=\"_blank\" rel=\"noopener\">\u201cSextorsi\u00f3n, chantaje iniciado mediante oferta de cibersexo\u201d&nbsp;<\/a><\/p>\n<p style=\"padding-left: 80px\"><img loading=\"lazy\" decoding=\"async\" title=\"punto.gif\" src=\"https:\/\/elorienta.com\/gregorioprieto\/data\/uploads\/punto.gif\" alt=\"punto.gif\" width=\"24\" height=\"8\"><a href=\"https:\/\/www.youtube.com\/watch?v=mhTcNsNJM9o\" target=\"_blank\" rel=\"noopener\">Sexting: \u00a1no lo provoques! <\/a><\/p>\n<p style=\"padding-left: 80px\"><img loading=\"lazy\" decoding=\"async\" title=\"punto.gif\" src=\"https:\/\/elorienta.com\/gregorioprieto\/data\/uploads\/punto.gif\" alt=\"punto.gif\" width=\"24\" height=\"8\"><a href=\"https:\/\/www.youtube.com\/watch?v=C_nX4975Vv0\" target=\"_blank\" rel=\"noopener\">Sexting: \u00a1no lo transmitas!<\/a>&nbsp;<\/p>\n<p style=\"padding-left: 80px\"><img loading=\"lazy\" decoding=\"async\" title=\"punto.gif\" src=\"https:\/\/elorienta.com\/gregorioprieto\/data\/uploads\/punto.gif\" alt=\"punto.gif\" width=\"24\" height=\"8\">\u201c<a href=\"https:\/\/www.youtube.com\/watch?v=FLKR5aq3Zbw\" target=\"_blank\" rel=\"noopener\">Consejos para el buen uso de una Webcam<\/a>\u201d&nbsp;<\/p>\n<p><img loading=\"lazy\" decoding=\"async\" title=\"punto6.gif\" src=\"https:\/\/elorienta.com\/gregorioprieto\/data\/uploads\/punto6.gif\" alt=\"punto6.gif\" width=\"14\" height=\"14\"><strong><span style=\"color: #ff6600\"> Privacidad en redes sociales:<\/span><\/strong><\/p>\n<p style=\"padding-left: 80px\"><img loading=\"lazy\" decoding=\"async\" title=\"punto.gif\" src=\"https:\/\/elorienta.com\/gregorioprieto\/data\/uploads\/punto.gif\" alt=\"punto.gif\" width=\"24\" height=\"8\"><a href=\"https:\/\/www.youtube.com\/watch?v=_VAgyuNjnoY\" target=\"_blank\" rel=\"noopener\">\u00bfTienes privacidad de verdad en las redes sociales?<\/a><\/p>\n<p style=\"padding-left: 80px\"><img loading=\"lazy\" decoding=\"async\" title=\"punto.gif\" src=\"https:\/\/elorienta.com\/gregorioprieto\/data\/uploads\/punto.gif\" alt=\"punto.gif\" width=\"24\" height=\"8\"><a href=\"https:\/\/www.youtube.com\/watch?v=XASJM7K9EEo\" target=\"_blank\" rel=\"noopener\">Redes sociales y privacidad: Cuida lo que publicas sobre los dem\u00e1s<\/a>.<\/p>\n<p><strong><span style=\"color: #ff6600\"><img loading=\"lazy\" decoding=\"async\" title=\"punto6.gif\" src=\"https:\/\/elorienta.com\/gregorioprieto\/data\/uploads\/punto6.gif\" alt=\"punto6.gif\" width=\"14\" height=\"14\">&nbsp;Ciberbullying o ciberacoso<\/span><\/strong><\/p>\n<p style=\"padding-left: 80px\"><img loading=\"lazy\" decoding=\"async\" title=\"punto.gif\" src=\"https:\/\/elorienta.com\/gregorioprieto\/data\/uploads\/punto.gif\" alt=\"punto.gif\" width=\"24\" height=\"8\"><a href=\"https:\/\/www.youtube.com\/watch?v=SEC_dOWFN5M\" target=\"_blank\" rel=\"noopener\">Ciberbullying: ciberacoso en redes sociales, smartphones&#8230; y su prevenci\u00f3n<\/a>&nbsp;&nbsp;<\/p>\n<p style=\"padding-left: 80px\"><img loading=\"lazy\" decoding=\"async\" title=\"punto.gif\" src=\"https:\/\/elorienta.com\/gregorioprieto\/data\/uploads\/punto.gif\" alt=\"punto.gif\" width=\"24\" height=\"8\"><a href=\"https:\/\/www.youtube.com\/watch?v=gvhe4NBf3m8\" target=\"_blank\" rel=\"noopener\">Ciberhostigamiento mediante uso agresivo de etiquetas (tagging) en fotograf\u00edas (instagram)<\/a><\/p>\n<p style=\"padding-left: 80px\"><img loading=\"lazy\" decoding=\"async\" title=\"punto.gif\" src=\"https:\/\/elorienta.com\/gregorioprieto\/data\/uploads\/punto.gif\" alt=\"punto.gif\" width=\"24\" height=\"8\"><a href=\"https:\/\/www.youtube.com\/watch?v=tVAjiyNzYq0\" target=\"_blank\" rel=\"noopener\">\u00bfC\u00f3mo actuar ante el ciberacoso? Ignora, bloquea, pide ayuda y denuncia<\/a><\/p>\n<p style=\"padding-left: 80px\"><img loading=\"lazy\" decoding=\"async\" title=\"punto.gif\" src=\"https:\/\/elorienta.com\/gregorioprieto\/data\/uploads\/punto.gif\" alt=\"punto.gif\" width=\"24\" height=\"8\">\u201c<a href=\"https:\/\/www.youtube.com\/watch?v=zRjRWMwtXVs&amp;list=PLUGAcyUkQe0r2vFsG-qsBQSuJ9z7KL8E5\" target=\"_blank\" rel=\"noopener\">Seis recomendaciones para la prevenci\u00f3n del Ciberbullying<\/a>\u201d&nbsp;(6 mini cortos)&nbsp;&nbsp;<\/p>\n<p><strong><span style=\"color: #ff6600\"><img loading=\"lazy\" decoding=\"async\" title=\"punto6.gif\" src=\"https:\/\/elorienta.com\/gregorioprieto\/data\/uploads\/punto6.gif\" alt=\"punto6.gif\" width=\"14\" height=\"14\">&nbsp;Ciberconvivencia y respeto \u2013 Etiquetas<\/span><\/strong><\/p>\n<p style=\"padding-left: 80px\"><img loading=\"lazy\" decoding=\"async\" title=\"punto.gif\" src=\"https:\/\/elorienta.com\/gregorioprieto\/data\/uploads\/punto.gif\" alt=\"punto.gif\" width=\"24\" height=\"8\">\u201c<a href=\"https:\/\/www.youtube.com\/watch?v=3c9bNKow_CQ\" target=\"_blank\" rel=\"noopener\">netiqueta para redes sociales<\/a>\u201d<\/p>\n<p style=\"padding-left: 80px\"><img loading=\"lazy\" decoding=\"async\" title=\"punto.gif\" src=\"https:\/\/elorienta.com\/gregorioprieto\/data\/uploads\/punto.gif\" alt=\"punto.gif\" width=\"24\" height=\"8\">\u201c<a href=\"https:\/\/www.youtube.com\/watch?v=mSSau3Xmso4\" target=\"_blank\" rel=\"noopener\">netiqueta joven para redes sociales<\/a>\u201d<\/p>\n<p>&nbsp;<\/p>\n<p>&nbsp;<\/p>\n<p>&nbsp;<\/p>\n<p>&nbsp;<\/p>\n<p>&nbsp;<\/p>\n<p>&nbsp;<\/p>\n<p>&nbsp;<\/p>\n<p>&nbsp;<\/p>\n","protected":false},"excerpt":{"rendered":"<p>PantallasAmigas,&nbsp;posiblemente la mejor y m\u00e1s completa p\u00e1gina web para trabajar en tutor\u00eda sobre el tema, con recursos, v\u00eddeos motivantes&#8230;;&nbsp;es una iniciativa que tiene como misi\u00f3n la promoci\u00f3n del uso seguro&#46;&#46;&#46;<\/p>\n","protected":false},"author":8155,"featured_media":0,"parent":0,"menu_order":0,"comment_status":"closed","ping_status":"closed","template":"","meta":{"ngg_post_thumbnail":0,"footnotes":""},"aioseo_notices":[],"_links":{"self":[{"href":"https:\/\/blogsaverroes.juntadeandalucia.es\/ieselsauce\/index.php?rest_route=\/wp\/v2\/pages\/3023"}],"collection":[{"href":"https:\/\/blogsaverroes.juntadeandalucia.es\/ieselsauce\/index.php?rest_route=\/wp\/v2\/pages"}],"about":[{"href":"https:\/\/blogsaverroes.juntadeandalucia.es\/ieselsauce\/index.php?rest_route=\/wp\/v2\/types\/page"}],"author":[{"embeddable":true,"href":"https:\/\/blogsaverroes.juntadeandalucia.es\/ieselsauce\/index.php?rest_route=\/wp\/v2\/users\/8155"}],"replies":[{"embeddable":true,"href":"https:\/\/blogsaverroes.juntadeandalucia.es\/ieselsauce\/index.php?rest_route=%2Fwp%2Fv2%2Fcomments&post=3023"}],"version-history":[{"count":2,"href":"https:\/\/blogsaverroes.juntadeandalucia.es\/ieselsauce\/index.php?rest_route=\/wp\/v2\/pages\/3023\/revisions"}],"predecessor-version":[{"id":3026,"href":"https:\/\/blogsaverroes.juntadeandalucia.es\/ieselsauce\/index.php?rest_route=\/wp\/v2\/pages\/3023\/revisions\/3026"}],"wp:attachment":[{"href":"https:\/\/blogsaverroes.juntadeandalucia.es\/ieselsauce\/index.php?rest_route=%2Fwp%2Fv2%2Fmedia&parent=3023"}],"curies":[{"name":"wp","href":"https:\/\/api.w.org\/{rel}","templated":true}]}}