{"id":3028,"date":"2024-09-30T17:59:40","date_gmt":"2024-09-30T17:59:40","guid":{"rendered":"https:\/\/blogsaverroes.juntadeandalucia.es\/ieselsauce\/?page_id=3028"},"modified":"2024-10-04T18:46:43","modified_gmt":"2024-10-04T18:46:43","slug":"de-donde-viene-el-nombre-de-nuestro-centro","status":"publish","type":"page","link":"https:\/\/blogsaverroes.juntadeandalucia.es\/ieselsauce\/?page_id=3028","title":{"rendered":"\u00bfPor qu\u00e9 nuestro centro se llama \u00abEl Sauce\u00bb?"},"content":{"rendered":"<p><strong><span style=\"color: #008000\">Porque estamos hermanados con la ciudad hom\u00f3nima de Argentina.<\/span><\/strong><\/p>\n<p><b>La Carlota<\/b> es una ciudad ubicada al sudeste de la <a title=\"Provincia de C\u00f3rdoba (Argentina)\" href=\"https:\/\/es.wikipedia.org\/wiki\/Provincia_de_C%C3%B3rdoba_(Argentina)\">provincia de C\u00f3rdoba<\/a>, <a title=\"Argentina\" href=\"https:\/\/es.wikipedia.org\/wiki\/Argentina\">Argentina<\/a>. Es la cabecera del <a title=\"Departamento Ju\u00e1rez Celman\" href=\"https:\/\/es.wikipedia.org\/wiki\/Departamento_Ju%C3%A1rez_Celman\">departamento Ju\u00e1rez Celman<\/a>.<\/p>\n<p>Se encuentra sobre el <a class=\"mw-redirect\" title=\"Km\" href=\"https:\/\/es.wikipedia.org\/wiki\/Km\">km<\/a> 500 de la <a title=\"Ruta Nacional 8 (Argentina)\" href=\"https:\/\/es.wikipedia.org\/wiki\/Ruta_Nacional_8_(Argentina)\">Ruta Nacional N.\u00ba 8<\/a> en la <a class=\"mw-redirect\" title=\"Pampa H\u00fameda\" href=\"https:\/\/es.wikipedia.org\/wiki\/Pampa_H%C3%BAmeda\">Pampa H\u00fameda<\/a>, entre las ciudades de <a title=\"Venado Tuerto\" href=\"https:\/\/es.wikipedia.org\/wiki\/Venado_Tuerto\">Venado Tuerto<\/a> y de <a class=\"mw-redirect\" title=\"Ciudad de R\u00edo Cuarto\" href=\"https:\/\/es.wikipedia.org\/wiki\/Ciudad_de_R%C3%ADo_Cuarto\">R\u00edo Cuarto<\/a>, a la vera del <a class=\"mw-redirect\" title=\"R\u00edo Chocancharava\" href=\"https:\/\/es.wikipedia.org\/wiki\/R%C3%ADo_Chocancharava\">R\u00edo Chocancharava<\/a> o <a class=\"mw-redirect\" title=\"Chocancharava\" href=\"https:\/\/es.wikipedia.org\/wiki\/Chocancharava\">R\u00edo IV<\/a>, seg\u00fan su nombre ind\u00edgena. Su econom\u00eda se basa principalmente en la <a title=\"Agricultura\" href=\"https:\/\/es.wikipedia.org\/wiki\/Agricultura\">agricultura<\/a> y, en menor medida, la <a title=\"Ganader\u00eda\" href=\"https:\/\/es.wikipedia.org\/wiki\/Ganader%C3%ADa\">ganader\u00eda<\/a>.<\/p>\n<div class=\"mw-heading mw-heading2\">\n<h2 id=\"Historia\">Historia<\/h2>\n<\/div>\n<p>A mediados del siglo&nbsp;XVIII fue levantado en el lugar el <i><strong><span style=\"color: #ff0000\"><a style=\"color: #ff0000\" title=\"Fort\u00edn\" href=\"https:\/\/es.wikipedia.org\/wiki\/Fort%C3%ADn\">Fort\u00edn<\/a> <\/span><span style=\"color: #ff0000\">punta del Sauce<\/span><\/strong><\/i>, para defensa contra los <a class=\"mw-redirect\" title=\"Pampa (etnia)\" href=\"https:\/\/es.wikipedia.org\/wiki\/Pampa_(etnia)\">pampas<\/a> y <a class=\"mw-redirect\" title=\"Ranquel\" href=\"https:\/\/es.wikipedia.org\/wiki\/Ranquel\">ranqueles<\/a>. Los <a class=\"mw-redirect\" title=\"Jesuitas\" href=\"https:\/\/es.wikipedia.org\/wiki\/Jesuitas\">jesuitas<\/a> dejaron testimonios de la existencia de tierras reci\u00e9n pobladas en ese paraje. Luego se asent\u00f3 all\u00ed el comandante de frontera, sargento mayor Francisco de Oyola, con su familia quienes con autorizaci\u00f3n obispal construyen una capilla en honor a Nuestra Se\u00f1ora de la Merced y entronizan en el a\u00f1o 1737 una imagen de la Virgen tra\u00edda desde Cruz Alta. Por este motivo se toma esta fecha como el comienzo de la vida institucional del poblado y los festejos centrales por su fundaci\u00f3n se realizan cada 24 de septiembre en honor a la patrona, cumpliendo en el a\u00f1o 2012, 275 a\u00f1os de vida institucional y de la llegada de la imagen que actualmente se encuentra en la parroquia. Depend\u00eda de la <a title=\"Gobernaci\u00f3n del Tucum\u00e1n\" href=\"https:\/\/es.wikipedia.org\/wiki\/Gobernaci%C3%B3n_del_Tucum%C3%A1n\">gobernaci\u00f3n del Tucum\u00e1n<\/a>.<\/p>\n<p>En 1787 se construy\u00f3 un nuevo fuerte denominado <span style=\"color: #ff0000\"><strong><i>Punta del Sauce<\/i> <\/strong><\/span>en reemplazo del \u00ab<strong><span style=\"color: #339966\">Fort\u00edn del Sauce<\/span><\/strong>\u00bb. EL 13 de febrero de 1789, el entonces <a title=\"Intendencia de C\u00f3rdoba del Tucum\u00e1n\" href=\"https:\/\/es.wikipedia.org\/wiki\/Intendencia_de_C%C3%B3rdoba_del_Tucum%C3%A1n\">gobernador intendente de C\u00f3rdoba del Tucum\u00e1n<\/a> y posterior <a title=\"Virreinato del R\u00edo de la Plata\" href=\"https:\/\/es.wikipedia.org\/wiki\/Virreinato_del_R%C3%ADo_de_la_Plata\">virrey del R\u00edo de la Plata<\/a>, el marqu\u00e9s espa\u00f1ol <a title=\"Rafael de Sobremonte\" href=\"https:\/\/es.wikipedia.org\/wiki\/Rafael_de_Sobremonte\">Rafael de Sobremonte<\/a>, orden\u00f3 la formaci\u00f3n de una villa. En su jurisdicci\u00f3n incluy\u00f3 el \u00abFuerte de San Carlos\u00bb, con el nombre de <i>La Lusiana<\/i>, y tambi\u00e9n <i>Las Tunas<\/i> y <i>San Rafael de Loboy<\/i>.<\/p>\n<p>El 12 de abril de 1797, el rey <a title=\"Carlos IV de Espa\u00f1a\" href=\"https:\/\/es.wikipedia.org\/wiki\/Carlos_IV_de_Espa%C3%B1a\">Carlos IV de Espa\u00f1a<\/a> otorg\u00f3, en <a title=\"Aranjuez\" href=\"https:\/\/es.wikipedia.org\/wiki\/Aranjuez\">Aranjuez<\/a>, la Real C\u00e9dula que elev\u00f3 al pueblo de Punta del Sauce a la categor\u00eda de <i>Villa Real de La Carlota<\/i>, nombrada as\u00ed en honor al monarca.<\/p>\n<p>La Carlota recibi\u00f3 a un grupo de ingleses, enviados al fuerte tras ser tomados prisioneros en 1806. El general <a title=\"Jos\u00e9 de San Mart\u00edn\" href=\"https:\/\/es.wikipedia.org\/wiki\/Jos%C3%A9_de_San_Mart%C3%ADn\">Jos\u00e9 de San Mart\u00edn<\/a> la visit\u00f3 en varias oportunidades en sus traves\u00edas entre Buenos Aires y Cuyo. All\u00ed el 9 de octubre de 1819 el <a title=\"Jos\u00e9 de San Mart\u00edn\" href=\"https:\/\/es.wikipedia.org\/wiki\/Jos%C3%A9_de_San_Mart%C3%ADn\">Libertador<\/a> decidi\u00f3 desobedecer al entonces director supremo Rondeau que lo solicitaba en Buenos Aires para combatir la anarqu\u00eda y mediante una carta escrita en el fuerte Punta del Sauce le hace saber que retornara a Chile para preparar su ej\u00e9rcito y liberar al Per\u00fa.<\/p>\n<p><a href=\"https:\/\/www.facebook.com\/munilacarlota\/?locale=es_LA\">https:\/\/www.facebook.com\/munilacarlota\/?locale=es_LA<\/a><\/p>\n<p>&nbsp;<\/p>\n","protected":false},"excerpt":{"rendered":"<p>Porque estamos hermanados con la ciudad hom\u00f3nima de Argentina. La Carlota es una ciudad ubicada al sudeste de la provincia de C\u00f3rdoba, Argentina. Es la cabecera del departamento Ju\u00e1rez Celman.&#46;&#46;&#46;<\/p>\n","protected":false},"author":8155,"featured_media":0,"parent":0,"menu_order":0,"comment_status":"closed","ping_status":"closed","template":"","meta":{"ngg_post_thumbnail":0,"footnotes":""},"aioseo_notices":[],"_links":{"self":[{"href":"https:\/\/blogsaverroes.juntadeandalucia.es\/ieselsauce\/index.php?rest_route=\/wp\/v2\/pages\/3028"}],"collection":[{"href":"https:\/\/blogsaverroes.juntadeandalucia.es\/ieselsauce\/index.php?rest_route=\/wp\/v2\/pages"}],"about":[{"href":"https:\/\/blogsaverroes.juntadeandalucia.es\/ieselsauce\/index.php?rest_route=\/wp\/v2\/types\/page"}],"author":[{"embeddable":true,"href":"https:\/\/blogsaverroes.juntadeandalucia.es\/ieselsauce\/index.php?rest_route=\/wp\/v2\/users\/8155"}],"replies":[{"embeddable":true,"href":"https:\/\/blogsaverroes.juntadeandalucia.es\/ieselsauce\/index.php?rest_route=%2Fwp%2Fv2%2Fcomments&post=3028"}],"version-history":[{"count":6,"href":"https:\/\/blogsaverroes.juntadeandalucia.es\/ieselsauce\/index.php?rest_route=\/wp\/v2\/pages\/3028\/revisions"}],"predecessor-version":[{"id":3059,"href":"https:\/\/blogsaverroes.juntadeandalucia.es\/ieselsauce\/index.php?rest_route=\/wp\/v2\/pages\/3028\/revisions\/3059"}],"wp:attachment":[{"href":"https:\/\/blogsaverroes.juntadeandalucia.es\/ieselsauce\/index.php?rest_route=%2Fwp%2Fv2%2Fmedia&parent=3028"}],"curies":[{"name":"wp","href":"https:\/\/api.w.org\/{rel}","templated":true}]}}