{"id":416,"date":"2019-12-10T19:53:52","date_gmt":"2019-12-10T19:53:52","guid":{"rendered":"https:\/\/blogsaverroes.juntadeandalucia.es\/ieselsauce\/?page_id=416"},"modified":"2019-12-10T20:06:02","modified_gmt":"2019-12-10T20:06:02","slug":"consejos-para-adolescentes-sobre-el-uso-seguro-de-internet","status":"publish","type":"page","link":"https:\/\/blogsaverroes.juntadeandalucia.es\/ieselsauce\/?page_id=416","title":{"rendered":"Consejos para adolescentes sobre el uso seguro de Internet"},"content":{"rendered":"<div><strong>CONSEJOS PARA ADOLESCENTES SOBRE EL USO SEGURO DE INTERNET<\/strong><\/div>\n<p><strong><span lang=\"es-ES\">Ni\u00f1os de 11 a 13 a\u00f1os<\/span><\/strong><span lang=\"es-ES\"><\/p>\n<p>&nbsp;&nbsp;&nbsp; <\/span><span lang=\"es-ES\">Internet es un lugar genial donde puedes hablar con gente de todas partes y hacer nuevos amigos y amigas, aprender cosas sobre cualquier tema que te guste y pas\u00e1rtelo genial. <\/span><\/p>\n<p lang=\"es-ES\">&nbsp;&nbsp; Pero, est\u00e9s donde est\u00e9s, cuando navegas por Internet hay gente de toda clase: algunas con buenas intenciones y algunas otras que quiz\u00e1s te pueden enga\u00f1ar.<\/p>\n<p lang=\"es-ES\">&nbsp;&nbsp; Por eso, te damos algunos consejos sencillos que te ayudar\u00e1n a navegar m\u00e1s seguro:<\/p>\n<p><strong><span lang=\"es-ES\">1.<\/span><\/strong><span lang=\"es-ES\"> No des nunca tu nombre, direcci\u00f3n ni tel\u00e9fono cuando navegues por Internet. Tampoco env\u00edes fotograf\u00edas tuyas a desconocidos. <\/span><\/p>\n<p><strong><span lang=\"es-ES\">2.<\/span><\/strong><span lang=\"es-ES\"> Controla tu lista de contactos de mensajer\u00eda instant\u00e1nea y guarda tu contrase\u00f1a en secreto y no la des a nadie (ni siquiera a tu mejor amigo o amiga). Alguien la podr\u00eda utilizar y hacerse pasar por ti. <\/span><\/p>\n<p><strong><span lang=\"es-ES\">3.<\/span><\/strong><span lang=\"es-ES\"> Si haces nuevos amigos, expl\u00edcalo a tus padres y pres\u00e9ntaselos. <\/span><\/p>\n<p><strong><span lang=\"es-ES\">4.<\/span><\/strong><span lang=\"es-ES\"> Si quieres quedar en persona con alguien que hayas conocido por la red, pide permiso a tus padres y que te acompa\u00f1en cuando os encontr\u00e9is. <\/span><\/p>\n<p><strong><span lang=\"es-ES\">5.<\/span><\/strong><span lang=\"es-ES\"> En la red hay much\u00edsimas cosas buenas, pero tambi\u00e9n hay alguna mala. Si en una web encuentras alguna palabra o foto que te hace sentir mal, sal de la p\u00e1gina y no dejes que te moleste. Expl\u00edcalo a tus padres o maestros. <\/span><\/p>\n<p><strong><span lang=\"es-ES\">6.<\/span><\/strong><span lang=\"es-ES\"> Participar en un chat puede ser muy divertido, pero no te quedes en una sala de chats si alguien te hace sentir inc\u00f3modo o te molesta. <\/span><\/p>\n<p><strong><span lang=\"es-ES\">7.<\/span><\/strong><span lang=\"es-ES\"> El correo electr\u00f3nico y la mensajer\u00eda instant\u00e1nea son unos grandes inventos. Para tu seguridad, no abras ni leas mensajes o ficheros que te env\u00ede alguna persona desconocida. <\/span><\/p>\n<p><strong><span lang=\"es-ES\">8.<\/span><\/strong><span lang=\"es-ES\"> Si quieres comprar o hacer algo por Internet que pueda costarle dinero a tu familia, hazlo siempre con el permiso y la ayuda de tus padres. <\/span><\/p>\n<p><strong><span lang=\"es-ES\">9.<\/span><\/strong><span lang=\"es-ES\"> Tus padres y t\u00fa sois un equipo. Les puedes ense\u00f1ar a utilizar Internet y mostrarles las p\u00e1ginas web que visitas y qu\u00e9 haces cuando navegas. Ellos y tus maestros te pueden ayudar a seguir unas pautas para que te lo pases bien y est\u00e9s seguro mientras navegas. <\/span><\/p>\n<p><strong><span lang=\"es-ES\">10.<\/span><\/strong><span lang=\"es-ES\"> Cuando navegues por Internet y alg\u00fan amigo o amiga te proponga hacer algo, no lo hagas si crees que a tus padres no les gustar\u00eda. Eres una persona fuerte y responsable y, a veces, hace falta que le digas a alguien \u00abno\u00bb para que puedas hacer aquello que est\u00e1 bien.<\/span><\/p>\n<p><span lang=\"es-ES\"><strong>J\u00f3venes de 14 a 15 a\u00f1os<\/strong><\/span><\/p>\n<p><span lang=\"es-ES\">&nbsp;&nbsp; Internet es genial: te permite hablar con gente de todas partes, hacer nuevos amigos y amigas, aprender cosas sobre cualquier tema que te guste, divertirte&#8230; Pero a veces puedes encontrarte en situaciones desagradables que puedes evitar siguiendo unos sencillos consejos: <\/span><\/p>\n<p><strong><span lang=\"es-ES\">1 .<\/span><\/strong><span lang=\"es-ES\"> Cuando navegues o te comuniques a trav\u00e9s de Internet, no env\u00edes fotograf\u00edas tuyas ni des nunca tus datos personales (nombre, direcci\u00f3n, tel\u00e9fono) a nadie, aunque parezca ser amigo tuyo. Tampoco publiques nada en tu blog que te pueda identificar a ti o a tus amigos. <\/span><\/p>\n<p lang=\"es-ES\"><strong>2 .<\/strong> Controla tu lista de contactos de mensajer\u00eda instant\u00e1nea y guarda tu contrase\u00f1a en secreto y no la des a nadie (ni siquiera a tu mejor amigo o amiga). Alguien la podr\u00eda utilizar y hacerse pasar por ti.<\/p>\n<p><strong><span lang=\"es-ES\">3 .<\/span><\/strong><span lang=\"es-ES\"> Quiz\u00e1s hagas nuevos amigos. Recuerda que la gente no siempre es tan legal en la realidad como lo demuestra por la red. Explica a alguien de confianza a qui\u00e9n has conocido y pres\u00e9ntales a tus nuevos amigos. <\/span><\/p>\n<p lang=\"es-ES\">Y si quieres quedar con alguien que has conocido, habla con alg\u00fan amigo o amiga o con tus padres y p\u00eddele que te acompa\u00f1e a la primera cita. Estar\u00e1s m\u00e1s seguro si quedas en un lugar p\u00fablico.<\/p>\n<p><strong><span lang=\"es-ES\">4 . <\/span><\/strong><span lang=\"es-ES\">En la red hay cantidad de cosas buenas y ciertas, pero tambi\u00e9n encontrar\u00e1s malas y falsas. No te creas todo lo que encuentres en Internet y, si en una web encuentras algo que te hace sentir inc\u00f3modo, habla con alg\u00fan amigo o amiga, con tus padres o con el maestro. <\/span><\/p>\n<p><strong><span lang=\"es-ES\">5 .<\/span><\/strong><span lang=\"es-ES\"> Participar en un chat puede ser muy divertido, pero no te creas todo lo que la gente te dice. Si alguien te molesta o te hace sentir inc\u00f3modo o preocupado, sal enseguida y dilo a alguien de confianza. Recuerda que en un chat tu seguridad depende b\u00e1sicamente de ti. <\/span><\/p>\n<p><strong><span lang=\"es-ES\">6 .<\/span><\/strong><span lang=\"es-ES\"> El correo electr\u00f3nico y la mensajer\u00eda instant\u00e1nea son unos grandes inventos. Pero para tu seguridad, no abras ni leas mensajes o ficheros que te env\u00ede alguna persona desconocida. Y si recibes alg\u00fan mensaje desagradable o insinu\u00e1ndose, para evitarte problemas mejor que no contestes, porque s\u00f3lo conseguir\u00edas animar a la persona que lo ha escrito. <\/span><\/p>\n<p><strong><span lang=\"es-ES\">7 .<\/span><\/strong><span lang=\"es-ES\"> Si quieres comprar o hacer algo por Internet que pueda costarle dinero a tu familia, habla antes con tus padres. No des a nadie el n\u00famero de tu tarjeta de cr\u00e9dito o datos bancarios, porque alguien los podr\u00eda usar para robarte. <\/span><\/p>\n<p><strong><span lang=\"es-ES\">8 .<\/span><\/strong><span lang=\"es-ES\"> Ten cuidado con los programas que te descargas de la red, pues podr\u00edas descargarte alg\u00fan virus o programas esp\u00edas. Tampoco debes descargar m\u00fasica o pel\u00edculas de Internet para hacer copias. La mayor\u00eda est\u00e1n protegidas por las leyes de propiedad intelectual y te expones a ser demandado. <\/span><\/p>\n<p><strong><span lang=\"es-ES\">9 .<\/span><\/strong><span lang=\"es-ES\"> En la red hay mucha informaci\u00f3n fiable, pero tambi\u00e9n dudosa. Antes de tragarte alguna mentira, consulta la fuente de informaci\u00f3n y confirmarlo con alg\u00fan adulto de confianza. Si tienes que utilizar alg\u00fan texto, imagen o dibujo de Internet no olvides citar el autor o la fuente de la cual los has obtenido. <\/span><\/p>\n<p lang=\"es-ES\"><strong>10 .<\/strong> Si quieres ahorrarte posibles problemas y ser un buen ciudadano en l\u00ednea, act\u00faa correctamente y evita hacer nada que pueda perjudicar a otra gente porque puedes estar cometiendo alg\u00fan delito como por ejemplo: amenazar, difamar, atacar el derecho a la intimidad enviando fotograf\u00edas de compa\u00f1eros, suplantar la identidad de alguien&#8230;.<\/p>\n","protected":false},"excerpt":{"rendered":"<p>CONSEJOS PARA ADOLESCENTES SOBRE EL USO SEGURO DE INTERNET Ni\u00f1os de 11 a 13 a\u00f1os &nbsp;&nbsp;&nbsp; Internet es un lugar genial donde puedes hablar con gente de todas partes y&#46;&#46;&#46;<\/p>\n","protected":false},"author":8155,"featured_media":0,"parent":0,"menu_order":0,"comment_status":"closed","ping_status":"closed","template":"","meta":{"ngg_post_thumbnail":0,"footnotes":""},"aioseo_notices":[],"_links":{"self":[{"href":"https:\/\/blogsaverroes.juntadeandalucia.es\/ieselsauce\/index.php?rest_route=\/wp\/v2\/pages\/416"}],"collection":[{"href":"https:\/\/blogsaverroes.juntadeandalucia.es\/ieselsauce\/index.php?rest_route=\/wp\/v2\/pages"}],"about":[{"href":"https:\/\/blogsaverroes.juntadeandalucia.es\/ieselsauce\/index.php?rest_route=\/wp\/v2\/types\/page"}],"author":[{"embeddable":true,"href":"https:\/\/blogsaverroes.juntadeandalucia.es\/ieselsauce\/index.php?rest_route=\/wp\/v2\/users\/8155"}],"replies":[{"embeddable":true,"href":"https:\/\/blogsaverroes.juntadeandalucia.es\/ieselsauce\/index.php?rest_route=%2Fwp%2Fv2%2Fcomments&post=416"}],"version-history":[{"count":2,"href":"https:\/\/blogsaverroes.juntadeandalucia.es\/ieselsauce\/index.php?rest_route=\/wp\/v2\/pages\/416\/revisions"}],"predecessor-version":[{"id":431,"href":"https:\/\/blogsaverroes.juntadeandalucia.es\/ieselsauce\/index.php?rest_route=\/wp\/v2\/pages\/416\/revisions\/431"}],"wp:attachment":[{"href":"https:\/\/blogsaverroes.juntadeandalucia.es\/ieselsauce\/index.php?rest_route=%2Fwp%2Fv2%2Fmedia&parent=416"}],"curies":[{"name":"wp","href":"https:\/\/api.w.org\/{rel}","templated":true}]}}