{"id":432,"date":"2019-12-10T20:09:15","date_gmt":"2019-12-10T20:09:15","guid":{"rendered":"https:\/\/blogsaverroes.juntadeandalucia.es\/ieselsauce\/?page_id=432"},"modified":"2019-12-10T20:10:26","modified_gmt":"2019-12-10T20:10:26","slug":"uso-correcto-de-internet","status":"publish","type":"page","link":"https:\/\/blogsaverroes.juntadeandalucia.es\/ieselsauce\/?page_id=432","title":{"rendered":"Uso correcto de Internet"},"content":{"rendered":"<div><strong>PRINCIPIOS B\u00c1SICOS PARA EL USO SEGURO DE INTERNET<\/strong><\/div>\n<p class=\"titulo\">&nbsp;&nbsp; La manera m\u00e1s directa de evitar los riesgos en el uso de Internet es la prevenci\u00f3n. Dos son los principios b\u00e1sicos que deberemos tener en cuenta:<\/p>\n<p class=\"titulo\">&nbsp;&nbsp; Las familias han de confiar en los centros y en los docentes e informar a los tutores y tutoras de las incidencias que les parezcan sospechosas. Los padres y las madres han de confiar tambi\u00e9n en sus hijos e hijas, propiciando un ambiente familiar de comunicaci\u00f3n confianza y libertad, utilizando conjuntamente Internet, hablando de ello, no culpabilizando siempre a los menores o no convirtiendo Internet en una nueva ni\u00f1era, con la que tener a nuestros hijos e hijas ocupados.<\/p>\n<p class=\"titulo\"><strong>ALGUNOS RIESGOS Y ALGUNAS SOLUCIONES<\/strong><\/p>\n<p class=\"titulo\">&nbsp;&nbsp;&nbsp; Con Internet podemos comunicarnos, estudiar, divertirnos o recopilar informaci\u00f3n sobre cualquier tema imaginable. Pero Internet tiene tambi\u00e9n sus riesgos y la educaci\u00f3n de nuestros hijos e hijas en un uso seguro y educativo de Internet, es tambi\u00e9n responsabilidad de las familias.<\/p>\n<p class=\"titulo\">&nbsp;&nbsp;&nbsp; Hay que empezar diciendo que los riesgos constituyen una parte m\u00ednima de lo mucho que Internet nos ofrece y no est\u00e1 justificado adoptar una posici\u00f3n alarmista, pero s\u00ed ser\u00e1 recomendable adoptar determinadas precauciones, ante algunas situaciones sociales con las que los j\u00f3venes pueden encontrarse en el uso de Internet:<\/p>\n<p class=\"titulo\"><strong>1. La p\u00e9rdida de la privacidad.<\/strong><\/p>\n<p class=\"titulo\">&nbsp;&nbsp;&nbsp; Se produce cuando proporcionamos, a trav\u00e9s de Internet, informaci\u00f3n sobre nuestra vida personal para poder entrar en determinados espacios comunes o para la utilizaci\u00f3n \u00abgratuita\u00bb de servicios. Muchas p\u00e1ginas solicitan datos personales para un uso fraudulento de los mismos.<\/p>\n<p class=\"titulo\"><strong>\u00bfQu\u00e9 medidas adoptar?.<\/strong><\/p>\n<p class=\"titulo\">&nbsp;&nbsp;&nbsp; No use siempre el mismo nombre de usuario y contrase\u00f1a en todos los servicios que utilice.<\/p>\n<p class=\"titulo\">&nbsp;&nbsp;&nbsp; No proporcione, por principio, datos personales como nombre, direcci\u00f3n, n\u00famero de DNI, n\u00famero de tel\u00e9fono o fotograf\u00edas suyas o de su familia.<\/p>\n<p class=\"titulo\"><strong>2. El phishing.<\/strong><\/p>\n<p class=\"titulo\">&nbsp;&nbsp;&nbsp; Es el intento de adquirir fraudulentamente informaci\u00f3n de una persona, como la identidad y c\u00f3digo secreto de una tarjeta electr\u00f3nica o del acceso a los datos bancarios.<\/p>\n<p class=\"titulo\">&nbsp;&nbsp; Act\u00faa a trav\u00e9s de la recepci\u00f3n de un correo electr\u00f3nico en el que en nombre de una entidad bancaria se pide al usuario esta informaci\u00f3n. El mensaje suele imitar con&nbsp; bastante exactitud la imagen habitual de la entidad.<\/p>\n<p class=\"titulo\"><strong>\u00bfQu\u00e9 medidas adoptar?.<\/strong><\/p>\n<p class=\"titulo\">&nbsp;&nbsp;&nbsp; No proporcione nunca informaci\u00f3n sobre su cuenta bancaria, su identidad o el c\u00f3digo de acceso.<\/p>\n<p class=\"titulo\">&nbsp;&nbsp;&nbsp; Informe a su entidad bancaria de la recepci\u00f3n de cualquier correo sospechoso.<\/p>\n<p class=\"titulo\"><strong>3. El correo masivo (spam) y los virus.<\/strong><\/p>\n<p class=\"titulo\">&nbsp;&nbsp;&nbsp; El correo masivo consiste en la recepci\u00f3n de una gran cantidad de correo electr\u00f3nico no solicitado, que invade y puede incluso bloquear las cuentas que utilizamos. Los virus tambi\u00e9n los denominados \u00abgusanos y troyanos\u00bb- causan serios problemas a nuestro ordenador: borrando informaci\u00f3n, tomando el control del mismo, adquiriendo informaci\u00f3n sensible, etc.<\/p>\n<p class=\"titulo\"><strong>\u00bfQu\u00e9 medidas adoptar?.<\/strong><\/p>\n<p class=\"titulo\">&nbsp;&nbsp;&nbsp; Utilice alg\u00fan programa de protecci\u00f3n contra virus inform\u00e1ticos, y mant\u00e9ngalo actualizado.<\/p>\n<p class=\"titulo\">&nbsp;&nbsp;&nbsp; Utilice los sistemas anti-spam de su proveedor de Internet o del programa de correo electr\u00f3nico.<\/p>\n<p class=\"titulo\">&nbsp;&nbsp;&nbsp; No abra nunca archivos adjuntos de un correo desconocido y borre el que no le parezca conocido.<\/p>\n<p class=\"titulo\"><strong>4. Las compras por Internet.<\/strong><\/p>\n<p class=\"titulo\">&nbsp;&nbsp;&nbsp; Internet es, igual que sucede con otros medios de comunicaci\u00f3n, un terreno dominado por la propaganda comercial igual que la T.V.&nbsp;&nbsp;&nbsp;&nbsp;&nbsp;<\/p>\n<p class=\"titulo\">&nbsp;&nbsp; Muchas p\u00e1ginas que parecen orientadas a la \u00abeducaci\u00f3n o el entretenimiento\u00bb contienen gran cantidad de anuncios de productos o servicios no siempre necesarios ni beneficiosos. Por otra parte es cierto que la compra \u00abon-line\u00bb en algunas empresas es muy segura, pero comprar en Internet no es siempre seguro.<\/p>\n<p class=\"titulo\">\u00bfQu\u00e9 medidas adoptar?.<\/p>\n<p class=\"titulo\">&nbsp;&nbsp;&nbsp; Haga saber a sus hijos o hijas que no est\u00e1n autorizados a comprar por Internet, sin su permiso y consentimiento.<\/p>\n<p class=\"titulo\">&nbsp;&nbsp;&nbsp; Cuando vaya a comprar aseg\u00farese que la empresa utiliza un \u00abprotocolo seguro\u00bb (compruebe que la direcci\u00f3n de Internet comienza con \u00abhttp:\/\/\u00bb y que en la parte baja de la p\u00e1gina web aparece un candado cerrado).<\/p>\n<p class=\"titulo\">&nbsp;&nbsp;&nbsp; No facilite sus datos personales y bancarios si no est\u00e1 seguro de la \u00abfiabilidad\u00bb de la empresa en la que compra.<\/p>\n<p class=\"titulo\"><strong>5. Los juegos de azar.<\/strong><\/p>\n<p class=\"titulo\">&nbsp;&nbsp;&nbsp; Aunque no todos los proveedores son fraudulentos, conviene evitar el acceso a menores a dichas p\u00e1ginas.<\/p>\n<p class=\"titulo\"><strong>\u00bfQu\u00e9 medidas adoptar?.<\/strong><\/p>\n<p class=\"titulo\">&nbsp;&nbsp;&nbsp; La mejor manera para evitar que sus hijos e hijas quieran utilizar juegos de azar es que usted no juegue a ellos ni en el mundo real ni en el virtual.<\/p>\n<p class=\"titulo\">&nbsp;&nbsp;&nbsp; Evite aquellas p\u00e1ginas en las que se anuncia un casino u otro juego de azar.<\/p>\n<p class=\"titulo\">6. Acoso on-line.<\/p>\n<p class=\"titulo\">&nbsp;&nbsp;&nbsp; Se produce cuando se acosa a un ni\u00f1o o ni\u00f1a a trav\u00e9s de Internet, un programa de mensajer\u00eda instant\u00e1nea o por correo electr\u00f3nico.&nbsp;<\/p>\n<p class=\"titulo\">&nbsp;&nbsp; Suele ser una continuaci\u00f3n del acoso escolar, pero utilizando otros medios y no podemos subestimar los problemas que el acoso causa.<\/p>\n<p class=\"titulo\"><strong>\u00bfQu\u00e9 medidas adoptar?.<\/strong><\/p>\n<p class=\"titulo\">&nbsp;&nbsp;&nbsp; No permita que sus hijos o hijas env\u00eden mensajes o e-mails de acoso a otros ni\u00f1os o ni\u00f1as; han de comprender que el acoso provoca muy serios perjuicios.<\/p>\n<p class=\"titulo\">&nbsp;&nbsp;&nbsp; Si sus hijos son objeto del acoso de compa\u00f1eros y compa\u00f1eras de la escuela, hable con el tutor o tutora.<\/p>\n<p class=\"titulo\"><strong>7. Los contactos a trav\u00e9s de Internet.<\/strong><\/p>\n<p class=\"titulo\">&nbsp;&nbsp;&nbsp; Existe el riesgo de que personas con intereses ocultos puedan establecer alguna v\u00eda de contacto con sus hijos e hijas, generalmente por mediaci\u00f3n de alg\u00fan sistema Chat, sin que el menor sea consciente de ello.<\/p>\n<p class=\"titulo\"><strong>\u00bfQu\u00e9 medidas adoptar?.<\/strong><\/p>\n<p class=\"titulo\">&nbsp;&nbsp;&nbsp; Inscr\u00edbase y participe en los mismos chats que sus hijos para conocer qu\u00e9 se dice y de qu\u00e9 tratan.<\/p>\n<p class=\"titulo\">&nbsp;&nbsp;&nbsp; Deber\u00eda hacerles entender y aceptar a sus hijos e hijas que no pueden proporcionar informaci\u00f3n personal (fotograf\u00edas, nombre, n\u00famero de tel\u00e9fono, direcci\u00f3n, etc.) a nadie en un Chat o en Internet, sin su previo conocimiento.<\/p>\n<p class=\"titulo\">&nbsp;&nbsp;&nbsp; Nunca un menor puede encontrarse en persona con alguien que s\u00f3lo conoce online, sin su conocimiento o presencia.<\/p>\n<p class=\"titulo\"><strong>8. Los propios contenidos de Internet.<\/strong><\/p>\n<p class=\"titulo\">&nbsp;&nbsp;&nbsp; Se trata de un riesgo que no suele ser tan conocido como los anteriores. Podemos encontrar p\u00e1ginas desde las que se incita a la anorexia y a la bulimia, otras que nos ofrecen contenidos racistas, xen\u00f3fobos, pornogr\u00e1ficos o aquellas otras en las que determinadas sectas pretender reclutar a nuevos miembros.<\/p>\n<p class=\"titulo\"><strong>\u00bfQu\u00e9 medidas adoptar?<\/strong><\/p>\n<p class=\"titulo\">&nbsp;&nbsp;&nbsp; Elabore un c\u00f3digo de uso de Internet para toda la familia, con el tiempo de uso permitido y tipo de informaci\u00f3n a la que se puede acceder.<\/p>\n<p class=\"titulo\">&nbsp;&nbsp;&nbsp; Instale en el ordenador alg\u00fan sistema de filtro que limite el acceso a p\u00e1ginas con informaci\u00f3n pornogr\u00e1fica.<\/p>\n<p class=\"titulo\">&nbsp;&nbsp;&nbsp; Utilice sistemas de b\u00fasqueda en Internet especialmente orientados a menores como por ejemplo: <em>http:\/\/yahooligans.yahoo.com\/<\/em><\/p>\n<p class=\"titulo\">&nbsp;&nbsp;&nbsp; Si se accede a alguna p\u00e1gina pornogr\u00e1fica, hable sobre la misma con el menor en lugar de ocultarla o culpabilizarle.<\/p>\n<p class=\"titulo\">&nbsp;&nbsp;&nbsp; Compruebe el historial del navegador de sus hijos y hable con ellos si encuentra p\u00e1ginas de estos tipos.<\/p>\n<p class=\"titulo\">&nbsp;&nbsp;&nbsp; Solicite informaci\u00f3n sobre sitios de Internet con contenidos interesantes para la formaci\u00f3n y educaci\u00f3n de sus hijos e hijas y vis\u00edtelos con ellos.<\/p>\n<p class=\"titulo\">&nbsp;&nbsp;&nbsp; Si alguna vez encuentra sitios con contenidos como los mencionados, convi\u00e9rtalos en motivo de reflexi\u00f3n, ddiscusi\u00f3n y debate con sus hijos e hijas.&nbsp;&nbsp;&nbsp;<\/p>\n","protected":false},"excerpt":{"rendered":"<p>PRINCIPIOS B\u00c1SICOS PARA EL USO SEGURO DE INTERNET &nbsp;&nbsp; La manera m\u00e1s directa de evitar los riesgos en el uso de Internet es la prevenci\u00f3n. Dos son los principios b\u00e1sicos&#46;&#46;&#46;<\/p>\n","protected":false},"author":8155,"featured_media":0,"parent":0,"menu_order":0,"comment_status":"closed","ping_status":"closed","template":"","meta":{"ngg_post_thumbnail":0,"footnotes":""},"aioseo_notices":[],"_links":{"self":[{"href":"https:\/\/blogsaverroes.juntadeandalucia.es\/ieselsauce\/index.php?rest_route=\/wp\/v2\/pages\/432"}],"collection":[{"href":"https:\/\/blogsaverroes.juntadeandalucia.es\/ieselsauce\/index.php?rest_route=\/wp\/v2\/pages"}],"about":[{"href":"https:\/\/blogsaverroes.juntadeandalucia.es\/ieselsauce\/index.php?rest_route=\/wp\/v2\/types\/page"}],"author":[{"embeddable":true,"href":"https:\/\/blogsaverroes.juntadeandalucia.es\/ieselsauce\/index.php?rest_route=\/wp\/v2\/users\/8155"}],"replies":[{"embeddable":true,"href":"https:\/\/blogsaverroes.juntadeandalucia.es\/ieselsauce\/index.php?rest_route=%2Fwp%2Fv2%2Fcomments&post=432"}],"version-history":[{"count":2,"href":"https:\/\/blogsaverroes.juntadeandalucia.es\/ieselsauce\/index.php?rest_route=\/wp\/v2\/pages\/432\/revisions"}],"predecessor-version":[{"id":436,"href":"https:\/\/blogsaverroes.juntadeandalucia.es\/ieselsauce\/index.php?rest_route=\/wp\/v2\/pages\/432\/revisions\/436"}],"wp:attachment":[{"href":"https:\/\/blogsaverroes.juntadeandalucia.es\/ieselsauce\/index.php?rest_route=%2Fwp%2Fv2%2Fmedia&parent=432"}],"curies":[{"name":"wp","href":"https:\/\/api.w.org\/{rel}","templated":true}]}}