{"id":763,"date":"2020-03-26T09:38:01","date_gmt":"2020-03-26T09:38:01","guid":{"rendered":"https:\/\/blogsaverroes.juntadeandalucia.es\/ieselsauce\/?page_id=763"},"modified":"2024-10-04T19:03:49","modified_gmt":"2024-10-04T19:03:49","slug":"prestamo-de-libros-electronicos","status":"publish","type":"page","link":"https:\/\/blogsaverroes.juntadeandalucia.es\/ieselsauce\/?page_id=763","title":{"rendered":"Pr\u00e9stamo de libros electr\u00f3nicos"},"content":{"rendered":"<p><strong>PR\u00c9STAMO DE LIBROS ELECTR\u00d3NICOS DE LAS BIBLIOTECAS P\u00daBLICAS DE ANDALUC\u00cdA<\/strong><\/p>\n<p>Estos pr\u00e9stamos os pueden servir para realizar cualquiera de las lecturas que os<br \/>\nmandamos, bien en la hora de lectura, en casa o para subir nota. Si quer\u00e9is ver lo que hay, lo<br \/>\npod\u00e9is consultar en el siguiente enlace:<br \/>\n<a href=\"https:\/\/andalucia.ebiblio.es\/opac\/#indice\">https:\/\/andalucia.ebiblio.es\/opac\/#indice<\/a><\/p>\n<p>&nbsp;<\/p>\n","protected":false},"excerpt":{"rendered":"<p>PR\u00c9STAMO DE LIBROS ELECTR\u00d3NICOS DE LAS BIBLIOTECAS P\u00daBLICAS DE ANDALUC\u00cdA Estos pr\u00e9stamos os pueden servir para realizar cualquiera de las lecturas que os mandamos, bien en la hora de lectura,&#46;&#46;&#46;<\/p>\n","protected":false},"author":8155,"featured_media":0,"parent":331,"menu_order":0,"comment_status":"closed","ping_status":"closed","template":"","meta":{"ngg_post_thumbnail":0,"footnotes":""},"aioseo_notices":[],"_links":{"self":[{"href":"https:\/\/blogsaverroes.juntadeandalucia.es\/ieselsauce\/index.php?rest_route=\/wp\/v2\/pages\/763"}],"collection":[{"href":"https:\/\/blogsaverroes.juntadeandalucia.es\/ieselsauce\/index.php?rest_route=\/wp\/v2\/pages"}],"about":[{"href":"https:\/\/blogsaverroes.juntadeandalucia.es\/ieselsauce\/index.php?rest_route=\/wp\/v2\/types\/page"}],"author":[{"embeddable":true,"href":"https:\/\/blogsaverroes.juntadeandalucia.es\/ieselsauce\/index.php?rest_route=\/wp\/v2\/users\/8155"}],"replies":[{"embeddable":true,"href":"https:\/\/blogsaverroes.juntadeandalucia.es\/ieselsauce\/index.php?rest_route=%2Fwp%2Fv2%2Fcomments&post=763"}],"version-history":[{"count":5,"href":"https:\/\/blogsaverroes.juntadeandalucia.es\/ieselsauce\/index.php?rest_route=\/wp\/v2\/pages\/763\/revisions"}],"predecessor-version":[{"id":3064,"href":"https:\/\/blogsaverroes.juntadeandalucia.es\/ieselsauce\/index.php?rest_route=\/wp\/v2\/pages\/763\/revisions\/3064"}],"up":[{"embeddable":true,"href":"https:\/\/blogsaverroes.juntadeandalucia.es\/ieselsauce\/index.php?rest_route=\/wp\/v2\/pages\/331"}],"wp:attachment":[{"href":"https:\/\/blogsaverroes.juntadeandalucia.es\/ieselsauce\/index.php?rest_route=%2Fwp%2Fv2%2Fmedia&parent=763"}],"curies":[{"name":"wp","href":"https:\/\/api.w.org\/{rel}","templated":true}]}}