{"id":174,"date":"2015-03-17T07:56:14","date_gmt":"2015-03-17T07:56:14","guid":{"rendered":"http:\/\/blogsaverroes.juntadeandalucia.es\/pre\/ceip\/?page_id=174"},"modified":"2023-11-17T09:34:54","modified_gmt":"2023-11-17T09:34:54","slug":"dibujo","status":"publish","type":"page","link":"https:\/\/blogsaverroes.juntadeandalucia.es\/iesemiliomanzano\/dibujo\/","title":{"rendered":"CIENCIAS SOCIALES Y ART\u00cdSTICAS"},"content":{"rendered":"<p><span style=\"text-decoration: underline;color: #3366ff\"><span><strong>JEFE DE DEPARTAMENTO<\/strong><\/span>:<\/span> Guti\u00e9rrez Mandado, Fernando Mar\u00eda<\/p>\n<p><strong><span style=\"color: #3366ff\">-\u00c1rea Geograf\u00eda e Historia:<\/span><\/strong><br \/>\nGuti\u00e9rrez Mandado, Fernando Mar\u00eda<br \/>\nAlpresa Rengel, Juan Jos\u00e9<br \/>\nOrtin Aranda, David<\/p>\n<p><span style=\"color: #3366ff\"><strong>-\u00c1rea Educaci\u00f3n Pl\u00e1stica y Visual:<\/strong><\/span><br \/>\nGema Sedano Herrera<br \/>\n-\u00c1rea de M\u00fasica:<br \/>\nEsp\u00edn Garc\u00eda, Ana<\/p>\n<p><a href=\"https:\/\/blogsaverroes.juntadeandalucia.es\/iesemiliomanzano\/files\/2018\/05\/epv.png\"><img loading=\"lazy\" decoding=\"async\" class=\"alignnone wp-image-2966 size-full\" src=\"https:\/\/blogsaverroes.juntadeandalucia.es\/iesemiliomanzano\/files\/2018\/05\/epv.png\" alt=\"\" width=\"899\" height=\"450\" srcset=\"https:\/\/blogsaverroes.juntadeandalucia.es\/iesemiliomanzano\/files\/2018\/05\/epv.png 899w, https:\/\/blogsaverroes.juntadeandalucia.es\/iesemiliomanzano\/files\/2018\/05\/epv-300x150.png 300w, https:\/\/blogsaverroes.juntadeandalucia.es\/iesemiliomanzano\/files\/2018\/05\/epv-768x384.png 768w, https:\/\/blogsaverroes.juntadeandalucia.es\/iesemiliomanzano\/files\/2018\/05\/epv-24x12.png 24w, https:\/\/blogsaverroes.juntadeandalucia.es\/iesemiliomanzano\/files\/2018\/05\/epv-36x18.png 36w, https:\/\/blogsaverroes.juntadeandalucia.es\/iesemiliomanzano\/files\/2018\/05\/epv-48x24.png 48w\" sizes=\"(max-width: 899px) 100vw, 899px\" \/><\/a><\/p>\n<p style=\"text-align: justify\"><strong><span style=\"font-family: sans-serif\"><span style=\"font-size: medium\">Dibujo Art\u00edstico. <\/span><\/span><\/strong><\/p>\n<p style=\"text-align: justify\"><span style=\"font-family: sans-serif\"><span style=\"font-size: medium\">Partiendo de las destrezas y conocimientos previos adquiridos de forma general en la asignatura de Educaci\u00f3n Pl\u00e1stica, Visual y Audiovisual de la ESO, en Bachillerato se profundizar en las destrezas y conceptos del Dibujo como herramienta del pensamiento que participa en el proceso creativo, comunicativo, pl\u00e1stico y visual, contribuyendo a adquirir las competencias necesarias para la formaci\u00f3n permanente del individuo. <\/span><\/span><\/p>\n<p style=\"text-align: justify\"><span style=\"font-family: sans-serif\"><span style=\"font-size: medium\"><strong>Dibujo T\u00e9cnico.<\/strong> <\/span><\/span><\/p>\n<p style=\"text-align: justify\"><span style=\"font-family: sans-serif\"><span style=\"font-size: medium\">Entre las finalidades del Dibujo T\u00e9cnico figura de manera espec\u00edfica dotar al estudiante de las competencias necesarias para poder comunicarse gr\u00e1ficamente con objetividad en un mundo cada vez m\u00e1s complejo, que requiere del dise\u00f1o y fabricaci\u00f3n de productos que resuelvan las necesidades presentes y futuras. Esta funci\u00f3n comunicativa, gracias al acuerdo de una serie de convenciones a escala nacional, comunitaria e internacional, nos permite transmitir, interpretar y comprender ideas o proyectos de manera fiable, objetiva e inequ\u00edvoca. <\/span><\/span><\/p>\n","protected":false},"excerpt":{"rendered":"<p>JEFE DE DEPARTAMENTO: Guti\u00e9rrez Mandado, Fernando Mar\u00eda -\u00c1rea Geograf\u00eda e Historia: Guti\u00e9rrez Mandado, Fernando Mar\u00eda Alpresa Rengel, Juan Jos\u00e9 Ortin Aranda, David -\u00c1rea Educaci\u00f3n Pl\u00e1stica y Visual: Gema Sedano Herrera -\u00c1rea de M\u00fasica: Esp\u00edn&#46;&#46;&#46;<\/p>\n","protected":false},"author":1,"featured_media":0,"parent":0,"menu_order":0,"comment_status":"closed","ping_status":"open","template":"","meta":{"ngg_post_thumbnail":0,"footnotes":"","_mc_calendar":[]},"aioseo_notices":[],"_links":{"self":[{"href":"https:\/\/blogsaverroes.juntadeandalucia.es\/iesemiliomanzano\/wp-json\/wp\/v2\/pages\/174"}],"collection":[{"href":"https:\/\/blogsaverroes.juntadeandalucia.es\/iesemiliomanzano\/wp-json\/wp\/v2\/pages"}],"about":[{"href":"https:\/\/blogsaverroes.juntadeandalucia.es\/iesemiliomanzano\/wp-json\/wp\/v2\/types\/page"}],"author":[{"embeddable":true,"href":"https:\/\/blogsaverroes.juntadeandalucia.es\/iesemiliomanzano\/wp-json\/wp\/v2\/users\/1"}],"replies":[{"embeddable":true,"href":"https:\/\/blogsaverroes.juntadeandalucia.es\/iesemiliomanzano\/wp-json\/wp\/v2\/comments?post=174"}],"version-history":[{"count":6,"href":"https:\/\/blogsaverroes.juntadeandalucia.es\/iesemiliomanzano\/wp-json\/wp\/v2\/pages\/174\/revisions"}],"predecessor-version":[{"id":4155,"href":"https:\/\/blogsaverroes.juntadeandalucia.es\/iesemiliomanzano\/wp-json\/wp\/v2\/pages\/174\/revisions\/4155"}],"wp:attachment":[{"href":"https:\/\/blogsaverroes.juntadeandalucia.es\/iesemiliomanzano\/wp-json\/wp\/v2\/media?parent=174"}],"curies":[{"name":"wp","href":"https:\/\/api.w.org\/{rel}","templated":true}]}}