{"id":1806,"date":"2015-03-17T07:46:28","date_gmt":"2015-03-17T07:46:28","guid":{"rendered":"http:\/\/blogsaverroes.juntadeandalucia.es\/pre\/ceip\/?page_id=144"},"modified":"2023-11-17T11:13:43","modified_gmt":"2023-11-17T11:13:43","slug":"orientacion-2","status":"publish","type":"page","link":"https:\/\/blogsaverroes.juntadeandalucia.es\/iesemiliomanzano\/orientacion-2\/","title":{"rendered":"DEPARTAMENTO DE ORIENTACI\u00d3N Y FORMACI\u00d3N PROFESIONAL"},"content":{"rendered":"<p><span style=\"text-decoration: underline\"><span style=\"color: #0000ff\"><strong>JEFE DEPARTAMENTO:<\/strong><\/span><\/span> Vargas Maldonado, Jos\u00e9 Antonio<\/p>\n<p><span style=\"color: #0000ff\"><strong>-Pedagog\u00eda terape\u00fatica:<\/strong><\/span> Vargas Maldonado, Jos\u00e9 Antonio<br \/>\n<span style=\"color: #0000ff\"><strong>-Orientadora:<\/strong><\/span> Robles Vargas, Rosario Isabel<br \/>\n<strong><span style=\"color: #0000ff\">-\u00c1rea de FP, Aprovechamientos Forestales:<\/span><\/strong><br \/>\nLorca L\u00f3pez, Javier<br \/>\nFuentes Ju\u00e1rez, Francisco Jos\u00e9<\/p>\n<h2><img loading=\"lazy\" decoding=\"async\" class=\"aligncenter size-medium wp-image-2155\" src=\"https:\/\/blogsaverroes.juntadeandalucia.es\/iesemiliomanzano\/files\/2015\/03\/orientacion-300x221.jpg\" alt=\"orientacion\" width=\"300\" height=\"221\" srcset=\"https:\/\/blogsaverroes.juntadeandalucia.es\/iesemiliomanzano\/files\/2015\/03\/orientacion-300x221.jpg 300w, https:\/\/blogsaverroes.juntadeandalucia.es\/iesemiliomanzano\/files\/2015\/03\/orientacion.jpg 640w\" sizes=\"(max-width: 300px) 100vw, 300px\" \/><\/h2>\n<h4>Orientaci\u00f3n educativa<\/h4>\n<p>La orientaci\u00f3n contribuye al desarrollo de las facetas personal, acad\u00e9mica y profesional de los alumnos y alumnas. Es un proceso en el que deben involucrarse las familias y para el cual pueden acudir a los tutores y al asesoramiento y apoyo de los orientadores de los centros educativos. Entre sus objetivos principales se encuentran los siguientes:<\/p>\n<ul>\n<li>Resolver problemas de la vida acad\u00e9mica, como dificultades durante el proceso de aprendizaje, ausencia de motivaci\u00f3n, etc.<\/li>\n<li>Tomar decisiones sobre itinerarios de estudio e incorporaci\u00f3n al mundo laboral.<\/li>\n<li>Convivencia y educaci\u00f3n en valores.<\/li>\n<\/ul>\n","protected":false},"excerpt":{"rendered":"<p>JEFE DEPARTAMENTO: Vargas Maldonado, Jos\u00e9 Antonio -Pedagog\u00eda terape\u00fatica: Vargas Maldonado, Jos\u00e9 Antonio -Orientadora: Robles Vargas, Rosario Isabel -\u00c1rea de FP, Aprovechamientos Forestales: Lorca L\u00f3pez, Javier Fuentes Ju\u00e1rez, Francisco Jos\u00e9 Orientaci\u00f3n educativa La orientaci\u00f3n contribuye&#46;&#46;&#46;<\/p>\n","protected":false},"author":1,"featured_media":0,"parent":0,"menu_order":0,"comment_status":"closed","ping_status":"open","template":"","meta":{"ngg_post_thumbnail":0,"footnotes":"","_mc_calendar":[]},"aioseo_notices":[],"_links":{"self":[{"href":"https:\/\/blogsaverroes.juntadeandalucia.es\/iesemiliomanzano\/wp-json\/wp\/v2\/pages\/1806"}],"collection":[{"href":"https:\/\/blogsaverroes.juntadeandalucia.es\/iesemiliomanzano\/wp-json\/wp\/v2\/pages"}],"about":[{"href":"https:\/\/blogsaverroes.juntadeandalucia.es\/iesemiliomanzano\/wp-json\/wp\/v2\/types\/page"}],"author":[{"embeddable":true,"href":"https:\/\/blogsaverroes.juntadeandalucia.es\/iesemiliomanzano\/wp-json\/wp\/v2\/users\/1"}],"replies":[{"embeddable":true,"href":"https:\/\/blogsaverroes.juntadeandalucia.es\/iesemiliomanzano\/wp-json\/wp\/v2\/comments?post=1806"}],"version-history":[{"count":4,"href":"https:\/\/blogsaverroes.juntadeandalucia.es\/iesemiliomanzano\/wp-json\/wp\/v2\/pages\/1806\/revisions"}],"predecessor-version":[{"id":4162,"href":"https:\/\/blogsaverroes.juntadeandalucia.es\/iesemiliomanzano\/wp-json\/wp\/v2\/pages\/1806\/revisions\/4162"}],"wp:attachment":[{"href":"https:\/\/blogsaverroes.juntadeandalucia.es\/iesemiliomanzano\/wp-json\/wp\/v2\/media?parent=1806"}],"curies":[{"name":"wp","href":"https:\/\/api.w.org\/{rel}","templated":true}]}}