{"id":35,"date":"2015-03-13T08:21:43","date_gmt":"2015-03-13T08:21:43","guid":{"rendered":"http:\/\/blogsaverroes.juntadeandalucia.es\/pre\/ceip\/?page_id=35"},"modified":"2023-04-20T09:47:19","modified_gmt":"2023-04-20T09:47:19","slug":"el-centro-2","status":"publish","type":"page","link":"https:\/\/blogsaverroes.juntadeandalucia.es\/iesemiliomanzano\/el-centro-2\/","title":{"rendered":"Datos del centro"},"content":{"rendered":"<p>[googlemaps <a href=\"https:\/\/www.google.com\/maps\/embed?pb=!1m14!1m8!1m3!1d12746.960015374516!2d-2.9009012!3d36.9921388!3m2!1i1024!2i768!4f13.1!3m3!1m2!1s0x0%3A0x764bbde5096ec4e7!2sIES+Emilio+Manzano!5e0!3m2!1ses!2ses!4v1519372607058&amp;w=600&amp;h=450\" target=\"_blank\" rel=\"noopener noreferrer\">https:\/\/www.google.com\/maps\/embed?pb=!1m14!1m8!1m3!1d12746.960015374516!2d-2.9009012!3d36.9921388!3m2!1i1024!2i768!4f13.1!3m3!1m2!1s0x0%3A0x764bbde5096ec4e7!2sIES+Emilio+Manzano!5e0!3m2!1ses!2ses!4v1519372607058&amp;w=600&amp;h=450<\/a>]<\/p>\n<h4><span style=\"color: #333399\"><strong>Datos de contacto:<\/strong><\/span><\/h4>\n<ul>\n<li><span style=\"color: #333399\"><b>Centro:<\/b>&nbsp;I.E.S.&nbsp;Emilio Manzano<\/span><\/li>\n<li><span style=\"color: #333399\"><b>Domicilio:<\/b>&nbsp;Ctra. Laujar Orgiva, km.1<\/span><\/li>\n<li><span style=\"color: #333399\"><b>C\u00f3digo:<\/b>&nbsp;04700582<\/span><\/li>\n<li><span style=\"color: #333399\"><b>Localidad:<\/b>&nbsp;Laujar de Andarax<\/span><\/li>\n<li><span style=\"color: #333399\"><b>Provincia:<\/b>&nbsp;Almer\u00eda<\/span><\/li>\n<li><span style=\"color: #333399\"><b>C\u00f3digo postal:<\/b>&nbsp;04470<\/span><\/li>\n<li><span style=\"color: #333399\"><b>Tel\u00e9fono:<\/b>&nbsp;950515525<\/span><\/li>\n<li><span style=\"color: #333399\"><b>Fax:<\/b>&nbsp;950515531<\/span><\/li>\n<li><span style=\"color: #333399\"><b>email:<\/b>&nbsp; 04700582.edu@juntadeandalucia.es<\/span><\/li>\n<\/ul>\n<p>&nbsp;<\/p>\n<h4>&nbsp;NUESTRAS INSTALACIONES<\/h4>\n<p>&nbsp;<\/p>\nngg_shortcode_0_placeholder\n","protected":false},"excerpt":{"rendered":"<p>[googlemaps https:\/\/www.google.com\/maps\/embed?pb=!1m14!1m8!1m3!1d12746.960015374516!2d-2.9009012!3d36.9921388!3m2!1i1024!2i768!4f13.1!3m3!1m2!1s0x0%3A0x764bbde5096ec4e7!2sIES+Emilio+Manzano!5e0!3m2!1ses!2ses!4v1519372607058&amp;w=600&amp;h=450] Datos de contacto: Centro:&nbsp;I.E.S.&nbsp;Emilio Manzano Domicilio:&nbsp;Ctra. Laujar Orgiva, km.1 C\u00f3digo:&nbsp;04700582 Localidad:&nbsp;Laujar de Andarax Provincia:&nbsp;Almer\u00eda C\u00f3digo postal:&nbsp;04470 Tel\u00e9fono:&nbsp;950515525 Fax:&nbsp;950515531 email:&nbsp; 04700582.edu@juntadeandalucia.es &nbsp; &nbsp;NUESTRAS INSTALACIONES &nbsp; \u00bb order_by=\u00bbsortorder\u00bb order_direction=\u00bbASC\u00bb returns=\u00bbincluded\u00bb maximum_entity_count=\u00bb500&#8243;]&nbsp;<\/p>\n","protected":false},"author":1,"featured_media":0,"parent":0,"menu_order":0,"comment_status":"closed","ping_status":"open","template":"","meta":{"ngg_post_thumbnail":0,"footnotes":"","_mc_calendar":[]},"aioseo_notices":[],"_links":{"self":[{"href":"https:\/\/blogsaverroes.juntadeandalucia.es\/iesemiliomanzano\/wp-json\/wp\/v2\/pages\/35"}],"collection":[{"href":"https:\/\/blogsaverroes.juntadeandalucia.es\/iesemiliomanzano\/wp-json\/wp\/v2\/pages"}],"about":[{"href":"https:\/\/blogsaverroes.juntadeandalucia.es\/iesemiliomanzano\/wp-json\/wp\/v2\/types\/page"}],"author":[{"embeddable":true,"href":"https:\/\/blogsaverroes.juntadeandalucia.es\/iesemiliomanzano\/wp-json\/wp\/v2\/users\/1"}],"replies":[{"embeddable":true,"href":"https:\/\/blogsaverroes.juntadeandalucia.es\/iesemiliomanzano\/wp-json\/wp\/v2\/comments?post=35"}],"version-history":[{"count":32,"href":"https:\/\/blogsaverroes.juntadeandalucia.es\/iesemiliomanzano\/wp-json\/wp\/v2\/pages\/35\/revisions"}],"predecessor-version":[{"id":4100,"href":"https:\/\/blogsaverroes.juntadeandalucia.es\/iesemiliomanzano\/wp-json\/wp\/v2\/pages\/35\/revisions\/4100"}],"wp:attachment":[{"href":"https:\/\/blogsaverroes.juntadeandalucia.es\/iesemiliomanzano\/wp-json\/wp\/v2\/media?parent=35"}],"curies":[{"name":"wp","href":"https:\/\/api.w.org\/{rel}","templated":true}]}}