{"id":13,"date":"2020-10-01T06:48:32","date_gmt":"2020-10-01T06:48:32","guid":{"rendered":"https:\/\/blogsaverroes.juntadeandalucia.es\/iesfntde\/?page_id=13"},"modified":"2020-10-01T07:01:50","modified_gmt":"2020-10-01T07:01:50","slug":"tutoriales-y-manuales-moodle-centos","status":"publish","type":"page","link":"https:\/\/blogsaverroes.juntadeandalucia.es\/iesfntde\/tutoriales-y-manuales-moodle-centos\/","title":{"rendered":"Tutoriales y Manuales Moodle Centros"},"content":{"rendered":"<article class=\"item-page\">\n<h2>Manuales y Tutoriales Moodle<\/h2>\n<div class=\"pull-left\">&nbsp;<\/div>\n<p>En este espacio podr\u00e1s encontrar los siguientes recursos:<\/p>\n<ul>\n<li>Manuales y tutoriales sobre Moodle.<\/li>\n<li>Cursos del CEP en abierto sobre Moodle.<\/li>\n<li>Cursos del CEP sobre Moodle para descargar.<\/li>\n<li>Videotutoriales sobre el uso y funcionalidades de Moodle.<\/li>\n<\/ul>\n<p><strong>Manuales y Tutoriales<\/strong><\/p>\n<p><a href=\"http:\/\/www.iesrosanavarro.es\/joomla\/images\/Moodle\/Creacion_de_Aulas_Virtuales_y_Gestion_de_Usuarios_en_Moodle_Centros_Usuario_Equipo_Directivo.pdf\" target=\"_blank\" rel=\"noopener noreferrer\">Creaci\u00f3n de Aulas Virtuales y Gesti\u00f3n de Usuarios en Moodle Centros (Usuario Equipo Directivo. Perfl Administraci\u00f3n)<\/a><\/p>\n<p><a href=\"http:\/\/www.iesrosanavarro.es\/joomla\/images\/Moodle\/Creacion_de_Aulas_Virtuales_y_Gestion_de_Usuarios_en_Moodle_Centros_Usuario_Profesorado.pdf\" target=\"_blank\" rel=\"noopener noreferrer\">Creaci\u00f3n de Aulas Virtuales y Gesti\u00f3n de Usuarios en Moodle Centros (Usuario Profesorado)<\/a><\/p>\n<p><a href=\"http:\/\/www.iesrosanavarro.es\/joomla\/images\/Moodle\/Credenciales_IdEA_desde_Seneca.pdf\" target=\"_blank\" rel=\"noopener noreferrer\">Credenciales IdEA desde S\u00e9neca (Perfil Direcci\u00f3n)<\/a><\/p>\n<p><a href=\"http:\/\/www.iesrosanavarro.es\/joomla\/images\/Moodle\/Credenciales_IdEA_en_Pasen_iPasen.pdf\" target=\"_blank\" rel=\"noopener noreferrer\">Credenciales IdEA en Pasen\/iPasen (Para el Alumnado y la Familia)<\/a><\/p>\n<p><a href=\"https:\/\/www.juntadeandalucia.es\/educacion\/gestionafp\/documentacion\/Manual_alumnado\/index.html\" target=\"_blank\" rel=\"noopener noreferrer\">Manual B\u00e1sico de Moodle para el Alumnado<\/a><\/p>\n<p><a href=\"https:\/\/www.juntadeandalucia.es\/educacion\/gestionafp\/documentacion\/Manual_profesorado\/index.html\" target=\"_blank\" rel=\"noopener noreferrer\">Manual B\u00e1sico de Moodle para el Profesorado<\/a><\/p>\n<p><a href=\"http:\/\/oa.upm.es\/53507\/1\/Manual_Moodle_3-5.pdf\" target=\"_blank\" rel=\"noopener noreferrer\">Manual Completo de Moodle para el Profesorado<\/a><\/p>\n<p><a href=\"http:\/\/www.iesrosanavarro.es\/joomla\/images\/Moodle\/Manual_de_Uso_Correo_Moodle.pdf\" target=\"_blank\" rel=\"noopener noreferrer\">Manual de Uso del Correo en Moodle<\/a><\/p>\n<p><a href=\"https:\/\/moodle.org\/?lang=es\" target=\"_blank\" rel=\"noopener noreferrer\">Proyecto Moodle<\/a><\/p>\n<p><strong>Cursos del CEP en Abierto<\/strong><\/p>\n<p><a href=\"https:\/\/educacionadistancia.juntadeandalucia.es\/profesorado\/autoformacion\/course\/view.php?id=227\" target=\"_blank\" rel=\"noopener noreferrer\">Lo Hice y Aprend\u00ed: C\u00f3mo Usar Moodle para el Trabajo Diario en el Aula<\/a><\/p>\n<p><a href=\"https:\/\/educacionadistancia.juntadeandalucia.es\/profesorado\/enrol\/index.php?id=6215\" target=\"_blank\" rel=\"noopener noreferrer\">Uso de la Plataforma Moodle Centros<\/a><\/p>\n<p><strong>Cursos del CEP para Descargar<\/strong><\/p>\n<p><a href=\"http:\/\/www.iesrosanavarro.es\/joomla\/images\/Moodle\/Curso_Uso_de_la_Plataforma_Moodle_Centros.pdf\" target=\"_blank\" rel=\"noopener noreferrer\">Uso de la Plataforma Moodle Centros<\/a><\/p>\n<p><strong>Videotutoriales<\/strong><\/p>\n<p><a href=\"https:\/\/www.youtube.com\/watch?v=2NMrbIgeamo\" target=\"_blank\" rel=\"noopener noreferrer\">Plataforma Moodle Centros &#8211; Introducci\u00f3n<\/a><\/p>\n<p><a href=\"https:\/\/www.youtube.com\/watch?v=nk_-U4Fd3cI\" target=\"_blank\" rel=\"noopener noreferrer\">Plataforma Moodle Centros &#8211; Uso de la Plataforma (Para Alumnado)<\/a><\/p>\n<p><a href=\"https:\/\/www.youtube.com\/watch?v=adrAPbSN80w\" target=\"_blank\" rel=\"noopener noreferrer\">Plataforma Moodle Centros &#8211; C\u00f3mo acceder a Moodle Centros<\/a><\/p>\n<p><a href=\"https:\/\/www.youtube.com\/watch?v=97fylgypeGk\" target=\"_blank\" rel=\"noopener noreferrer\">Plataforma Moodle Centros &#8211; Acceso a la Plataforma desde el Ordenador &#8211; (Para Alumnado)<\/a><\/p>\n<p><a href=\"https:\/\/www.youtube.com\/watch?v=uFRIEYCjVNc\" target=\"_blank\" rel=\"noopener noreferrer\">Plataforma Moodle Centros &#8211; Acceso a la Plataforma desde el M\u00f3vil &#8211; (Para Alumnado)<\/a><\/p>\n<p><a href=\"https:\/\/www.youtube.com\/watch?v=ueilKLUWOuQ\" target=\"_blank\" rel=\"noopener noreferrer\">Plataforma Moodle Centros &#8211; Configuraci\u00f3n Inicial &#8211; Creaci\u00f3n de Aulas<\/a><\/p>\n<p><a href=\"https:\/\/www.youtube.com\/watch?v=ANiEn8fwbOk\" target=\"_blank\" rel=\"noopener noreferrer\">Plataforma Moodle Centros &#8211; Configuraci\u00f3n Inicial &#8211; No Aparecen Todos los Grupos (Solo Cursos)<\/a><\/p>\n<p><a href=\"https:\/\/www.youtube.com\/watch?v=UyTLtNAmhso\" target=\"_blank\" rel=\"noopener noreferrer\">Plataforma Moodle Centros &#8211; Primeros Pasos &#8211; Acceso, Interfaz y Cambios Iniciales<\/a><\/p>\n<p><a href=\"https:\/\/www.youtube.com\/watch?v=0b6_3_vCk00\" target=\"_blank\" rel=\"noopener noreferrer\">Plataforma Moodle Centros &#8211; C\u00f3mo Actualizar la Foto de Perfil<\/a><\/p>\n<p><a href=\"https:\/\/www.youtube.com\/watch?v=GLoIGXpGx8Q\" target=\"_blank\" rel=\"noopener noreferrer\">Plataforma Moodle Centros &#8211; C\u00f3mo A\u00f1adir Recursos a un Curso Virtual<\/a><\/p>\n<p><a href=\"https:\/\/www.youtube.com\/watch?v=rbEvXIjSBSE\" target=\"_blank\" rel=\"noopener noreferrer\">Plataforma Moodle Centros &#8211; Mostrar Informaci\u00f3n: Etiquetas, Libros, P\u00e1ginas, Archivos<\/a><\/p>\n<p><a href=\"https:\/\/www.youtube.com\/watch?v=3CLZkUEBjAg\" target=\"_blank\" rel=\"noopener noreferrer\">Plataforma Moodle Centros &#8211; C\u00f3mo A\u00f1adir una Etiqueta<\/a><\/p>\n<p><a href=\"https:\/\/www.youtube.com\/watch?v=A9zVygZCm5s\" target=\"_blank\" rel=\"noopener noreferrer\">Plataforma Moodle Centros &#8211; C\u00f3mo A\u00f1adir un Archivo<\/a><\/p>\n<p><a href=\"https:\/\/www.youtube.com\/watch?v=PZyppF-i7p4\" target=\"_blank\" rel=\"noopener noreferrer\">Plataforma Moodle Centros &#8211; C\u00f3mo A\u00f1adir una Carpeta con Archivos<\/a><\/p>\n<p><a href=\"https:\/\/www.youtube.com\/watch?v=x8-wb_EmG8I\" target=\"_blank\" rel=\"noopener noreferrer\">Plataforma Moodle Centros &#8211; C\u00f3mo A\u00f1adir un Enlace (URL)<\/a><\/p>\n<p><a href=\"https:\/\/www.youtube.com\/watch?v=3MXC7Rzts_E\" target=\"_blank\" rel=\"noopener noreferrer\">Plataforma Moodle Centros &#8211; C\u00f3mo A\u00f1adir una P\u00e1gina<\/a><\/p>\n<p><a href=\"https:\/\/www.youtube.com\/watch?v=39WxYgide3Q\" target=\"_blank\" rel=\"noopener noreferrer\">Plataforma Moodle Centros &#8211; C\u00f3mo A\u00f1adir una Tarea<\/a><\/p>\n<p><a href=\"https:\/\/www.youtube.com\/watch?v=DgdWlwt5KnM\" target=\"_blank\" rel=\"noopener noreferrer\">Plataforma Moodle Centros &#8211; A\u00f1adir Tareas para que el Alumnado Realice Entregas<\/a><\/p>\n<p><a href=\"https:\/\/www.youtube.com\/watch?v=mZ0HW_7rBFo\" target=\"_blank\" rel=\"noopener noreferrer\">Plataforma Moodle Centros &#8211; A\u00f1adir Archivos a Tareas desde el Ordenador &#8211; (Para Alumnado)<\/a><\/p>\n<p><a href=\"https:\/\/www.youtube.com\/watch?v=cwwlSszOl-8\" target=\"_blank\" rel=\"noopener noreferrer\">Plataforma Moodle Centros &#8211; Subir Archivos a Tareas desde el M\u00f3vil (Para Alumnado)<\/a><\/p>\n<p><a href=\"https:\/\/www.youtube.com\/watch?v=Mdh_sEd29YM\" target=\"_blank\" rel=\"noopener noreferrer\">Plataforma Moodle Centros &#8211; Subir Varios Archivos a Tarea desde el M\u00f3vil &#8211; (Para Alumnado)<\/a><\/p>\n<p><a href=\"https:\/\/www.youtube.com\/watch?v=P_AOdayWxIw\" target=\"_blank\" rel=\"noopener noreferrer\">Plataforma Moodle Centros &#8211; C\u00f3mo A\u00f1adir un Cuestionario<\/a><\/p>\n<p><a href=\"https:\/\/www.youtube.com\/watch?v=flzz4-gU7ag\" target=\"_blank\" rel=\"noopener noreferrer\">Plataforma Moodle Centros &#8211; Preguntas y Cuestionarios para Crear Ejercicios y Pruebas<\/a><\/p>\n<p><a href=\"https:\/\/www.youtube.com\/watch?v=7rWvARLtdrI\" target=\"_blank\" rel=\"noopener noreferrer\">Plataforma Moodle Centros &#8211; C\u00f3mo Hacer Ex\u00e1menes en Moodle: Tareas y Cuestionarios<\/a><\/p>\n<p><a href=\"https:\/\/www.youtube.com\/watch?v=8vD5-66Ke7Q\" target=\"_blank\" rel=\"noopener noreferrer\">Plataforma Moodle Centros &#8211; Modificar Aspecto + Importar Elementos de Otros Cursos<\/a><\/p>\n<p><a href=\"https:\/\/www.youtube.com\/watch?v=L4xJVt_mVOU\" target=\"_blank\" rel=\"noopener noreferrer\">Plataforma Moodle Centros &#8211; Marcas de Finalizaci\u00f3n y Registro de las Actividades<\/a><\/p>\n<p><a href=\"https:\/\/www.youtube.com\/watch?v=ZuX02ePpAyI\" target=\"_blank\" rel=\"noopener noreferrer\">Plataforma Moodle Centros &#8211; Herramienta de Correo de la Plataforma<\/a><\/p>\n<p><a href=\"https:\/\/www.youtube.com\/watch?v=PH0qzrZN398\" target=\"_blank\" rel=\"noopener noreferrer\">Plataforma Moodle Centros &#8211; C\u00f3mo Exportar el Calificador de Moodle<\/a><\/p>\n<p><a href=\"https:\/\/www.youtube.com\/watch?v=6yxsF_sbL6s\" target=\"_blank\" rel=\"noopener noreferrer\">Plataforma Moodle Centros &#8211; C\u00f3mo Generar Informes<\/a><\/p>\n<p><a href=\"https:\/\/www.youtube.com\/watch?v=W_K0hNWdwKo\" target=\"_blank\" rel=\"noopener noreferrer\">Plataforma Moodle Centros &#8211; Punto de Encuentro para Tutor\u00eda<\/a><\/p>\n<p><a href=\"https:\/\/www.youtube.com\/watch?v=511C_bWh3TM\" target=\"_blank\" rel=\"noopener noreferrer\">Plataforma Moodle Centros &#8211; Recurso Foro<\/a><\/p>\n<p><a href=\"https:\/\/www.youtube.com\/watch?v=ycbfpSgHy_o\" target=\"_blank\" rel=\"noopener noreferrer\">App Moodle para M\u00f3vil: Uso para el Profesorado<\/a><\/p>\n<p><a href=\"https:\/\/www.youtube.com\/watch?v=Z6jvtJyAdow\" target=\"_blank\" rel=\"noopener noreferrer\">App Moodle para m\u00f3vil: Uso para el Alumnado<\/a><\/p>\n<p><a href=\"https:\/\/www.youtube.com\/watch?v=TOCSOnEG3PM\" target=\"_blank\" rel=\"noopener noreferrer\">C\u00f3mo Insertar C\u00f3digos Embed en Moodle<\/a><\/p>\n<p><a href=\"https:\/\/www.youtube.com\/watch?v=f7BD6j3KXtE\" target=\"_blank\" rel=\"noopener noreferrer\">C\u00f3mo Subir un Paquete SCORM a Moodle<\/a><\/p>\n<\/article>\n","protected":false},"excerpt":{"rendered":"<p>Manuales y Tutoriales Moodle &nbsp; En este espacio podr\u00e1s encontrar los siguientes recursos: Manuales y tutoriales sobre Moodle. Cursos del CEP en abierto sobre Moodle. Cursos del CEP sobre Moodle para descargar. Videotutoriales sobre&#46;&#46;&#46;<\/p>\n","protected":false},"author":10601,"featured_media":0,"parent":0,"menu_order":0,"comment_status":"closed","ping_status":"closed","template":"","meta":{"ngg_post_thumbnail":0,"footnotes":""},"aioseo_notices":[],"_links":{"self":[{"href":"https:\/\/blogsaverroes.juntadeandalucia.es\/iesfntde\/wp-json\/wp\/v2\/pages\/13"}],"collection":[{"href":"https:\/\/blogsaverroes.juntadeandalucia.es\/iesfntde\/wp-json\/wp\/v2\/pages"}],"about":[{"href":"https:\/\/blogsaverroes.juntadeandalucia.es\/iesfntde\/wp-json\/wp\/v2\/types\/page"}],"author":[{"embeddable":true,"href":"https:\/\/blogsaverroes.juntadeandalucia.es\/iesfntde\/wp-json\/wp\/v2\/users\/10601"}],"replies":[{"embeddable":true,"href":"https:\/\/blogsaverroes.juntadeandalucia.es\/iesfntde\/wp-json\/wp\/v2\/comments?post=13"}],"version-history":[{"count":2,"href":"https:\/\/blogsaverroes.juntadeandalucia.es\/iesfntde\/wp-json\/wp\/v2\/pages\/13\/revisions"}],"predecessor-version":[{"id":18,"href":"https:\/\/blogsaverroes.juntadeandalucia.es\/iesfntde\/wp-json\/wp\/v2\/pages\/13\/revisions\/18"}],"wp:attachment":[{"href":"https:\/\/blogsaverroes.juntadeandalucia.es\/iesfntde\/wp-json\/wp\/v2\/media?parent=13"}],"curies":[{"name":"wp","href":"https:\/\/api.w.org\/{rel}","templated":true}]}}