{"id":60,"date":"2020-10-25T16:08:54","date_gmt":"2020-10-25T16:08:54","guid":{"rendered":"https:\/\/blogsaverroes.juntadeandalucia.es\/iesfntde\/?page_id=60"},"modified":"2020-10-25T16:13:38","modified_gmt":"2020-10-25T16:13:38","slug":"video-tutoriales","status":"publish","type":"page","link":"https:\/\/blogsaverroes.juntadeandalucia.es\/iesfntde\/video-tutoriales\/","title":{"rendered":"V\u00eddeo Tutoriales"},"content":{"rendered":"<h1 style=\"text-align: center\"><span style=\"color: #ff6600\">V\u00eddeo Tutoriales Moodle centros<\/span><\/h1>\n<h2>Moodle centros para el profesorado.<\/h2>\n<ul>\n<li>En la siguiente p\u00e1gina encontrar\u00e9is v\u00eddeo tutoriales para aprender a manejar moodle centros:<\/li>\n<\/ul>\n<blockquote class=\"wp-embedded-content\" data-secret=\"IeWBNIPAxX\"><p><a href=\"https:\/\/blogsaverroes.juntadeandalucia.es\/moodlecentrosparaprofes\/\">Bienvenida y bienvenido a este blog de recursos<\/a><\/p><\/blockquote>\n<p><iframe class=\"wp-embedded-content\" sandbox=\"allow-scripts\" security=\"restricted\" style=\"position: absolute; clip: rect(1px, 1px, 1px, 1px);\" title=\"\u00abBienvenida y bienvenido a este blog de recursos\u00bb \u2014 Moodle Centros\" src=\"https:\/\/blogsaverroes.juntadeandalucia.es\/moodlecentrosparaprofes\/embed\/#?secret=IeWBNIPAxX\" data-secret=\"IeWBNIPAxX\" width=\"500\" height=\"282\" frameborder=\"0\" marginwidth=\"0\" marginheight=\"0\" scrolling=\"no\"><\/iframe><\/p>\n","protected":false},"excerpt":{"rendered":"<p>V\u00eddeo Tutoriales Moodle centros Moodle centros para el profesorado. En la siguiente p\u00e1gina encontrar\u00e9is v\u00eddeo tutoriales para aprender a manejar moodle centros: Bienvenida y bienvenido a este blog de recursos<\/p>\n","protected":false},"author":10601,"featured_media":0,"parent":0,"menu_order":0,"comment_status":"closed","ping_status":"closed","template":"","meta":{"ngg_post_thumbnail":0,"footnotes":""},"aioseo_notices":[],"_links":{"self":[{"href":"https:\/\/blogsaverroes.juntadeandalucia.es\/iesfntde\/wp-json\/wp\/v2\/pages\/60"}],"collection":[{"href":"https:\/\/blogsaverroes.juntadeandalucia.es\/iesfntde\/wp-json\/wp\/v2\/pages"}],"about":[{"href":"https:\/\/blogsaverroes.juntadeandalucia.es\/iesfntde\/wp-json\/wp\/v2\/types\/page"}],"author":[{"embeddable":true,"href":"https:\/\/blogsaverroes.juntadeandalucia.es\/iesfntde\/wp-json\/wp\/v2\/users\/10601"}],"replies":[{"embeddable":true,"href":"https:\/\/blogsaverroes.juntadeandalucia.es\/iesfntde\/wp-json\/wp\/v2\/comments?post=60"}],"version-history":[{"count":2,"href":"https:\/\/blogsaverroes.juntadeandalucia.es\/iesfntde\/wp-json\/wp\/v2\/pages\/60\/revisions"}],"predecessor-version":[{"id":63,"href":"https:\/\/blogsaverroes.juntadeandalucia.es\/iesfntde\/wp-json\/wp\/v2\/pages\/60\/revisions\/63"}],"wp:attachment":[{"href":"https:\/\/blogsaverroes.juntadeandalucia.es\/iesfntde\/wp-json\/wp\/v2\/media?parent=60"}],"curies":[{"name":"wp","href":"https:\/\/api.w.org\/{rel}","templated":true}]}}