{"id":10782,"date":"2024-06-20T15:35:05","date_gmt":"2024-06-20T15:35:05","guid":{"rendered":"https:\/\/blogsaverroes.juntadeandalucia.es\/iesfrayluisdegranada\/?page_id=10782"},"modified":"2025-02-07T11:49:35","modified_gmt":"2025-02-07T11:49:35","slug":"departamentos","status":"publish","type":"page","link":"https:\/\/blogsaverroes.juntadeandalucia.es\/iesfrayluisdegranada\/departamentos\/","title":{"rendered":"Departamentos"},"content":{"rendered":"<h2><a href=\"https:\/\/blogsaverroes.juntadeandalucia.es\/iesfrayluisdegranada\/area-artistica\/\">\u00c1rea Art\u00edstica<\/a><\/h2>\n<p>Dpto. de Artes (<a href=\"https:\/\/blogsaverroes.juntadeandalucia.es\/iesfrayluisdegranada\/musica\/\">M\u00fasica<\/a> y <a href=\"https:\/\/blogsaverroes.juntadeandalucia.es\/iesfrayluisdegranada\/dibujo\/\">Dibujo<\/a>)<\/p>\n<p><a href=\"https:\/\/blogsaverroes.juntadeandalucia.es\/iesfrayluisdegranada\/geografia-e-historia\/\">Dpto. de Geograf\u00eda e Historia<\/a><\/p>\n<p><a href=\"https:\/\/blogsaverroes.juntadeandalucia.es\/iesfrayluisdegranada\/filosofia-2\/\">Dpto. de Filosof\u00eda<\/a><\/p>\n<p><a href=\"https:\/\/blogsaverroes.juntadeandalucia.es\/iesfrayluisdegranada\/departamentos\/economia\/\" target=\"_blank\" rel=\"noopener\">Dpto. de Econom\u00eda<\/a><\/p>\n<h2><a href=\"https:\/\/blogsaverroes.juntadeandalucia.es\/iesfrayluisdegranada\/area-cientifico-tecnologica\/\">\u00c1rea Cient\u00edfico-Tecnol\u00f3gica<\/a><\/h2>\n<p><a href=\"https:\/\/blogsaverroes.juntadeandalucia.es\/iesfrayluisdegranada\/biologia-y-geologia-2\/\">Dpto. de Biolog\u00eda y Geolog\u00eda<\/a><\/p>\n<p><a href=\"https:\/\/blogsaverroes.juntadeandalucia.es\/iesfrayluisdegranada\/educacion-fisica\/\">Dpto. de Educaci\u00f3n F\u00edsica<\/a><\/p>\n<p><a href=\"https:\/\/blogsaverroes.juntadeandalucia.es\/iesfrayluisdegranada\/fisica-y-quimica\/\">Dpto. de F\u00edsica y Qu\u00edmica<\/a><\/p>\n<p><a href=\"https:\/\/blogsaverroes.juntadeandalucia.es\/iesfrayluisdegranada\/matematicas\/\">Dpto. de Matem\u00e1ticas<\/a><\/p>\n<p><a href=\"https:\/\/blogsaverroes.juntadeandalucia.es\/iesfrayluisdegranada\/tecnologia\/\">Dpto. de Tecnolog\u00eda e Inform\u00e1tica<\/a><\/p>\n<h2><a href=\"https:\/\/blogsaverroes.juntadeandalucia.es\/iesfrayluisdegranada\/area-de-formacion-profesional\/\">\u00c1rea Formaci\u00f3n Profesional<\/a><\/h2>\n<p><a href=\"https:\/\/blogsaverroes.juntadeandalucia.es\/iesfrayluisdegranada\/administrativo\/\">Dpto. de Administrativo<\/a><\/p>\n<h2><a href=\"https:\/\/blogsaverroes.juntadeandalucia.es\/iesfrayluisdegranada\/area-social-linguistica\/\">\u00c1rea Social-Ling\u00fc\u00edstica<\/a><\/h2>\n<p><a href=\"https:\/\/blogsaverroes.juntadeandalucia.es\/iesfrayluisdegranada\/ingles-2\/\">Dpto. de Primera Lengua Extranjera (Ingl\u00e9s)<\/a><\/p>\n<p><a href=\"https:\/\/blogsaverroes.juntadeandalucia.es\/iesfrayluisdegranada\/segundalengua\/\">Dpto. de Segunda Lengua Extranjera (Franc\u00e9s)<\/a><\/p>\n<p><a href=\"https:\/\/blogsaverroes.juntadeandalucia.es\/iesfrayluisdegranada\/lengua\/\">Dpto. de Lengua Castellana y Literatura y Cultura Cl\u00e1sica<\/a><\/p>\n<h2>Otros Departamentos<\/h2>\n<p><a href=\"https:\/\/blogsaverroes.juntadeandalucia.es\/iesfrayluisdegranada\/departamento-de-formacion-evaluacion-e-innovacion-educativa-fei\/\">Dpto. de Formaci\u00f3n, Evaluaci\u00f3n e Innovaci\u00f3n Educativas<\/a><\/p>\n<p><a href=\"https:\/\/blogsaverroes.juntadeandalucia.es\/iesfrayluisdegranada\/orientacion-2\/\">Dpto. de Orientaci\u00f3n<\/a><\/p>\n<p><a href=\"https:\/\/blogsaverroes.juntadeandalucia.es\/iesfrayluisdegranada\/religion\/\">Religiones<\/a><\/p>\n","protected":false},"excerpt":{"rendered":"<p>\u00c1rea Art\u00edstica Dpto. de Artes (M\u00fasica y Dibujo) Dpto. de Geograf\u00eda e Historia Dpto. de Filosof\u00eda Dpto. de Econom\u00eda \u00c1rea Cient\u00edfico-Tecnol\u00f3gica Dpto. de Biolog\u00eda y Geolog\u00eda Dpto. de Educaci\u00f3n F\u00edsica Dpto. de F\u00edsica y&#46;&#46;&#46;<\/p>\n","protected":false},"author":2185,"featured_media":0,"parent":0,"menu_order":0,"comment_status":"closed","ping_status":"closed","template":"","meta":{"ngg_post_thumbnail":0,"footnotes":""},"aioseo_notices":[],"_links":{"self":[{"href":"https:\/\/blogsaverroes.juntadeandalucia.es\/iesfrayluisdegranada\/wp-json\/wp\/v2\/pages\/10782"}],"collection":[{"href":"https:\/\/blogsaverroes.juntadeandalucia.es\/iesfrayluisdegranada\/wp-json\/wp\/v2\/pages"}],"about":[{"href":"https:\/\/blogsaverroes.juntadeandalucia.es\/iesfrayluisdegranada\/wp-json\/wp\/v2\/types\/page"}],"author":[{"embeddable":true,"href":"https:\/\/blogsaverroes.juntadeandalucia.es\/iesfrayluisdegranada\/wp-json\/wp\/v2\/users\/2185"}],"replies":[{"embeddable":true,"href":"https:\/\/blogsaverroes.juntadeandalucia.es\/iesfrayluisdegranada\/wp-json\/wp\/v2\/comments?post=10782"}],"version-history":[{"count":46,"href":"https:\/\/blogsaverroes.juntadeandalucia.es\/iesfrayluisdegranada\/wp-json\/wp\/v2\/pages\/10782\/revisions"}],"predecessor-version":[{"id":11725,"href":"https:\/\/blogsaverroes.juntadeandalucia.es\/iesfrayluisdegranada\/wp-json\/wp\/v2\/pages\/10782\/revisions\/11725"}],"wp:attachment":[{"href":"https:\/\/blogsaverroes.juntadeandalucia.es\/iesfrayluisdegranada\/wp-json\/wp\/v2\/media?parent=10782"}],"curies":[{"name":"wp","href":"https:\/\/api.w.org\/{rel}","templated":true}]}}