{"id":11484,"date":"2024-12-16T08:23:51","date_gmt":"2024-12-16T08:23:51","guid":{"rendered":"https:\/\/blogsaverroes.juntadeandalucia.es\/iesfrayluisdegranada\/?page_id=11484"},"modified":"2025-10-18T10:05:35","modified_gmt":"2025-10-18T10:05:35","slug":"cima","status":"publish","type":"page","link":"https:\/\/blogsaverroes.juntadeandalucia.es\/iesfrayluisdegranada\/innovacion\/cima\/","title":{"rendered":"CIMA"},"content":{"rendered":"\t\t<div data-elementor-type=\"wp-page\" data-elementor-id=\"11484\" class=\"elementor elementor-11484\">\n\t\t\t\t\t\t<section class=\"elementor-section elementor-top-section elementor-element elementor-element-f9609d6 elementor-section-boxed elementor-section-height-default elementor-section-height-default\" data-id=\"f9609d6\" data-element_type=\"section\">\n\t\t\t\t\t\t<div class=\"elementor-container elementor-column-gap-default\">\n\t\t\t\t\t<div class=\"elementor-column elementor-col-100 elementor-top-column elementor-element elementor-element-2eca15e\" data-id=\"2eca15e\" data-element_type=\"column\">\n\t\t\t<div class=\"elementor-widget-wrap elementor-element-populated\">\n\t\t\t\t\t\t<div class=\"elementor-element elementor-element-a516367 elementor-widget elementor-widget-image\" data-id=\"a516367\" data-element_type=\"widget\" data-widget_type=\"image.default\">\n\t\t\t\t<div class=\"elementor-widget-container\">\n\t\t\t\t\t\t\t\t\t\t\t\t\t\t\t<img fetchpriority=\"high\" decoding=\"async\" width=\"1024\" height=\"794\" src=\"https:\/\/blogsaverroes.juntadeandalucia.es\/iesfrayluisdegranada\/files\/2024\/12\/cima-1024x794.jpg\" class=\"attachment-large size-large wp-image-11497\" alt=\"\" srcset=\"https:\/\/blogsaverroes.juntadeandalucia.es\/iesfrayluisdegranada\/files\/2024\/12\/cima-1024x794.jpg 1024w, https:\/\/blogsaverroes.juntadeandalucia.es\/iesfrayluisdegranada\/files\/2024\/12\/cima-300x233.jpg 300w, https:\/\/blogsaverroes.juntadeandalucia.es\/iesfrayluisdegranada\/files\/2024\/12\/cima-768x596.jpg 768w, https:\/\/blogsaverroes.juntadeandalucia.es\/iesfrayluisdegranada\/files\/2024\/12\/cima.jpg 1093w\" sizes=\"(max-width: 1024px) 100vw, 1024px\" \/>\t\t\t\t\t\t\t\t\t\t\t\t\t\t\t<\/div>\n\t\t\t\t<\/div>\n\t\t\t\t<div class=\"elementor-element elementor-element-67b0b0e elementor-widget elementor-widget-heading\" data-id=\"67b0b0e\" data-element_type=\"widget\" data-widget_type=\"heading.default\">\n\t\t\t\t<div class=\"elementor-widget-container\">\n\t\t\t\t\t<h2 class=\"elementor-heading-title elementor-size-default\">Coordinador<\/h2>\t\t\t\t<\/div>\n\t\t\t\t<\/div>\n\t\t\t\t<div class=\"elementor-element elementor-element-31573be elementor-widget elementor-widget-text-editor\" data-id=\"31573be\" data-element_type=\"widget\" data-widget_type=\"text-editor.default\">\n\t\t\t\t<div class=\"elementor-widget-container\">\n\t\t\t\t\t\t\t\t\t<p>Enrique Insa Ponce de Le\u00f3n, del departamento de Biolog\u00eda y Geolog\u00eda.<\/p>\t\t\t\t\t\t\t\t<\/div>\n\t\t\t\t<\/div>\n\t\t\t\t\t<\/div>\n\t\t<\/div>\n\t\t\t\t\t<\/div>\n\t\t<\/section>\n\t\t\t\t<section class=\"elementor-section elementor-top-section elementor-element elementor-element-cbdb631 elementor-section-boxed elementor-section-height-default elementor-section-height-default\" data-id=\"cbdb631\" data-element_type=\"section\">\n\t\t\t\t\t\t<div class=\"elementor-container elementor-column-gap-default\">\n\t\t\t\t\t<div class=\"elementor-column elementor-col-100 elementor-top-column elementor-element elementor-element-55aef3d\" data-id=\"55aef3d\" data-element_type=\"column\">\n\t\t\t<div class=\"elementor-widget-wrap elementor-element-populated\">\n\t\t\t\t\t\t<div class=\"elementor-element elementor-element-5bd9e18 elementor-widget elementor-widget-heading\" data-id=\"5bd9e18\" data-element_type=\"widget\" data-widget_type=\"heading.default\">\n\t\t\t\t<div class=\"elementor-widget-container\">\n\t\t\t\t\t<h2 class=\"elementor-heading-title elementor-size-default\">L\u00edneas en que participa el centro<\/h2>\t\t\t\t<\/div>\n\t\t\t\t<\/div>\n\t\t\t\t<div class=\"elementor-element elementor-element-7603a0f elementor-widget elementor-widget-text-editor\" data-id=\"7603a0f\" data-element_type=\"widget\" data-widget_type=\"text-editor.default\">\n\t\t\t\t<div class=\"elementor-widget-container\">\n\t\t\t\t\t\t\t\t\t<p>Este curso 2024-2025 las l\u00edneas en las que participa el instituto son:<\/p>\n<ul>\n<li>Cambio Clim\u00e1tico<\/li>\n<li>Ecosistemas Forestales y Flora Silvestre<\/li>\n<li>Gesti\u00f3n y Valor del Agua<\/li>\n<li>Litoral y Medio Marino<\/li>\n<li>Atm\u00f3sfera<\/li>\n<li>Educaci\u00f3n para la Circularidad<\/li>\n<\/ul>\t\t\t\t\t\t\t\t<\/div>\n\t\t\t\t<\/div>\n\t\t\t\t\t<\/div>\n\t\t<\/div>\n\t\t\t\t\t<\/div>\n\t\t<\/section>\n\t\t\t\t<section class=\"elementor-section elementor-top-section elementor-element elementor-element-09be7c1 elementor-section-boxed elementor-section-height-default elementor-section-height-default\" data-id=\"09be7c1\" data-element_type=\"section\">\n\t\t\t\t\t\t<div class=\"elementor-container elementor-column-gap-default\">\n\t\t\t\t\t<div class=\"elementor-column elementor-col-100 elementor-top-column elementor-element elementor-element-38a1da8\" data-id=\"38a1da8\" data-element_type=\"column\">\n\t\t\t<div class=\"elementor-widget-wrap elementor-element-populated\">\n\t\t\t\t\t\t<div class=\"elementor-element elementor-element-de74c7d elementor-widget elementor-widget-heading\" data-id=\"de74c7d\" data-element_type=\"widget\" data-widget_type=\"heading.default\">\n\t\t\t\t<div class=\"elementor-widget-container\">\n\t\t\t\t\t<h2 class=\"elementor-heading-title elementor-size-default\">Sobre el programa<\/h2>\t\t\t\t<\/div>\n\t\t\t\t<\/div>\n\t\t\t\t<div class=\"elementor-element elementor-element-3f4a9fb elementor-widget elementor-widget-text-editor\" data-id=\"3f4a9fb\" data-element_type=\"widget\" data-widget_type=\"text-editor.default\">\n\t\t\t\t<div class=\"elementor-widget-container\">\n\t\t\t\t\t\t\t\t\t<p>Los programas educativos se vienen desarrollando en Andaluc\u00eda desde el a\u00f1o 2005. A pesar de los cambios que se han producido en este per\u00edodo el objetivo sigue siendo el mismo: dotar a la comunidad educativa de herramientas que favorezcan un cambio educativo adaptado a las realidades que la sociedad demanda, al tiempo que posibilitan un contexto de an\u00e1lisis, reflexi\u00f3n y detecci\u00f3n de necesidades para la toma de decisiones.<\/p><p>Los centros docentes que deseen impulsar la innovaci\u00f3n y transformaci\u00f3n educativa encontrar\u00e1n en el Programa para la Innovaci\u00f3n y Mejora del Aprendizaje, en adelante Programa CIMA, una herramienta pedag\u00f3gica para el an\u00e1lisis y la reflexi\u00f3n sobre la forma en que aprendemos y ense\u00f1amos, ofreciendo metodolog\u00edas para el desarrollo curricular y de las pr\u00e1cticas educativas innovadoras que permita integrarlas en su planificaci\u00f3n anual y en las programaciones did\u00e1cticas del profesorado participante y, al mismo tiempo fomente el trabajo cooperativo y dote al alumnado de las habilidades y el conocimiento necesario para la toma de decisiones consciente en un mundo en constante cambio, reconociendo al profesorado como docente innovador y al centro docente como centro innovador.<\/p><p>Para atender a la personalizaci\u00f3n de los aprendizajes el Programa CIMA pondr\u00e1 cada curso escolar a disposici\u00f3n de la comunidad educativa diferentes L\u00edneas de Actuaci\u00f3n enfocadas al tratamiento de la competencia ecosocial, la competencia digital, la competencia comunicativa y, en definitiva, la competencia global con la que formar a nuestros j\u00f3venes para su participaci\u00f3n en la sociedad actual, desde un enfoque sist\u00e9mico e integral de la intervenci\u00f3n.<\/p><p>Con esta nueva propuesta de integraci\u00f3n se pretende reforzar y consolidar as\u00ed una nueva forma de organizaci\u00f3n y un nuevo funcionamiento de los programas educativos desde los fundamentos normativos, cient\u00edficos y pedag\u00f3gicos para situar al sistema educativo andaluz en una senda acorde con los objetivos adoptados a nivel mundial para la construcci\u00f3n de una sociedad m\u00e1s sostenible e inclusiva desde el \u00e1mbito educativo.<\/p>\t\t\t\t\t\t\t\t<\/div>\n\t\t\t\t<\/div>\n\t\t\t\t\t<\/div>\n\t\t<\/div>\n\t\t\t\t\t<\/div>\n\t\t<\/section>\n\t\t\t\t<\/div>\n\t\t","protected":false},"excerpt":{"rendered":"<p>Coordinador Enrique Insa Ponce de Le\u00f3n, del departamento de Biolog\u00eda y Geolog\u00eda. L\u00edneas en que participa el centro Este curso 2024-2025 las l\u00edneas en las que participa el instituto son: Cambio Clim\u00e1tico Ecosistemas Forestales&#46;&#46;&#46;<\/p>\n","protected":false},"author":2185,"featured_media":0,"parent":44,"menu_order":0,"comment_status":"closed","ping_status":"closed","template":"","meta":{"ngg_post_thumbnail":0,"footnotes":""},"aioseo_notices":[],"_links":{"self":[{"href":"https:\/\/blogsaverroes.juntadeandalucia.es\/iesfrayluisdegranada\/wp-json\/wp\/v2\/pages\/11484"}],"collection":[{"href":"https:\/\/blogsaverroes.juntadeandalucia.es\/iesfrayluisdegranada\/wp-json\/wp\/v2\/pages"}],"about":[{"href":"https:\/\/blogsaverroes.juntadeandalucia.es\/iesfrayluisdegranada\/wp-json\/wp\/v2\/types\/page"}],"author":[{"embeddable":true,"href":"https:\/\/blogsaverroes.juntadeandalucia.es\/iesfrayluisdegranada\/wp-json\/wp\/v2\/users\/2185"}],"replies":[{"embeddable":true,"href":"https:\/\/blogsaverroes.juntadeandalucia.es\/iesfrayluisdegranada\/wp-json\/wp\/v2\/comments?post=11484"}],"version-history":[{"count":19,"href":"https:\/\/blogsaverroes.juntadeandalucia.es\/iesfrayluisdegranada\/wp-json\/wp\/v2\/pages\/11484\/revisions"}],"predecessor-version":[{"id":12807,"href":"https:\/\/blogsaverroes.juntadeandalucia.es\/iesfrayluisdegranada\/wp-json\/wp\/v2\/pages\/11484\/revisions\/12807"}],"up":[{"embeddable":true,"href":"https:\/\/blogsaverroes.juntadeandalucia.es\/iesfrayluisdegranada\/wp-json\/wp\/v2\/pages\/44"}],"wp:attachment":[{"href":"https:\/\/blogsaverroes.juntadeandalucia.es\/iesfrayluisdegranada\/wp-json\/wp\/v2\/media?parent=11484"}],"curies":[{"name":"wp","href":"https:\/\/api.w.org\/{rel}","templated":true}]}}