{"id":12363,"date":"2025-07-07T11:04:25","date_gmt":"2025-07-07T11:04:25","guid":{"rendered":"https:\/\/blogsaverroes.juntadeandalucia.es\/iesfrayluisdegranada\/?page_id=12363"},"modified":"2025-10-18T09:58:46","modified_gmt":"2025-10-18T09:58:46","slug":"etwinning","status":"publish","type":"page","link":"https:\/\/blogsaverroes.juntadeandalucia.es\/iesfrayluisdegranada\/innovacion\/etwinning\/","title":{"rendered":"eTwinning"},"content":{"rendered":"\t\t<div data-elementor-type=\"wp-page\" data-elementor-id=\"12363\" class=\"elementor elementor-12363\">\n\t\t\t\t\t\t<section class=\"elementor-section elementor-top-section elementor-element elementor-element-2f0f7fa elementor-section-boxed elementor-section-height-default elementor-section-height-default\" data-id=\"2f0f7fa\" data-element_type=\"section\">\n\t\t\t\t\t\t<div class=\"elementor-container elementor-column-gap-default\">\n\t\t\t\t\t<div class=\"elementor-column elementor-col-33 elementor-top-column elementor-element elementor-element-211d836\" data-id=\"211d836\" data-element_type=\"column\">\n\t\t\t<div class=\"elementor-widget-wrap elementor-element-populated\">\n\t\t\t\t\t\t<div class=\"elementor-element elementor-element-7c79e35 elementor-widget elementor-widget-image\" data-id=\"7c79e35\" data-element_type=\"widget\" data-widget_type=\"image.default\">\n\t\t\t\t<div class=\"elementor-widget-container\">\n\t\t\t\t\t\t\t\t\t\t\t\t\t\t\t<img decoding=\"async\" width=\"268\" height=\"186\" src=\"https:\/\/blogsaverroes.juntadeandalucia.es\/iesfrayluisdegranada\/files\/2025\/07\/etwinning.png\" class=\"attachment-large size-large wp-image-12365\" alt=\"\" \/>\t\t\t\t\t\t\t\t\t\t\t\t\t\t\t<\/div>\n\t\t\t\t<\/div>\n\t\t\t\t\t<\/div>\n\t\t<\/div>\n\t\t\t\t<div class=\"elementor-column elementor-col-66 elementor-top-column elementor-element elementor-element-c3af7e8\" data-id=\"c3af7e8\" data-element_type=\"column\">\n\t\t\t<div class=\"elementor-widget-wrap elementor-element-populated\">\n\t\t\t\t\t\t<div class=\"elementor-element elementor-element-0e98dec elementor-widget elementor-widget-image\" data-id=\"0e98dec\" data-element_type=\"widget\" data-widget_type=\"image.default\">\n\t\t\t\t<div class=\"elementor-widget-container\">\n\t\t\t\t\t\t\t\t\t\t\t\t\t\t\t<img fetchpriority=\"high\" decoding=\"async\" width=\"500\" height=\"500\" src=\"https:\/\/blogsaverroes.juntadeandalucia.es\/iesfrayluisdegranada\/files\/2025\/07\/logo-etwinning.png\" class=\"attachment-large size-large wp-image-12364\" alt=\"\" srcset=\"https:\/\/blogsaverroes.juntadeandalucia.es\/iesfrayluisdegranada\/files\/2025\/07\/logo-etwinning.png 500w, https:\/\/blogsaverroes.juntadeandalucia.es\/iesfrayluisdegranada\/files\/2025\/07\/logo-etwinning-300x300.png 300w, https:\/\/blogsaverroes.juntadeandalucia.es\/iesfrayluisdegranada\/files\/2025\/07\/logo-etwinning-150x150.png 150w, https:\/\/blogsaverroes.juntadeandalucia.es\/iesfrayluisdegranada\/files\/2025\/07\/logo-etwinning-80x80.png 80w, https:\/\/blogsaverroes.juntadeandalucia.es\/iesfrayluisdegranada\/files\/2025\/07\/logo-etwinning-320x320.png 320w\" sizes=\"(max-width: 500px) 100vw, 500px\" \/>\t\t\t\t\t\t\t\t\t\t\t\t\t\t\t<\/div>\n\t\t\t\t<\/div>\n\t\t\t\t\t<\/div>\n\t\t<\/div>\n\t\t\t\t\t<\/div>\n\t\t<\/section>\n\t\t\t\t<section class=\"elementor-section elementor-top-section elementor-element elementor-element-0c2c790 elementor-section-boxed elementor-section-height-default elementor-section-height-default\" data-id=\"0c2c790\" data-element_type=\"section\">\n\t\t\t\t\t\t<div class=\"elementor-container elementor-column-gap-default\">\n\t\t\t\t\t<div class=\"elementor-column elementor-col-100 elementor-top-column elementor-element elementor-element-c07c1ee\" data-id=\"c07c1ee\" data-element_type=\"column\">\n\t\t\t<div class=\"elementor-widget-wrap elementor-element-populated\">\n\t\t\t\t\t\t<div class=\"elementor-element elementor-element-1d9e828 elementor-widget elementor-widget-heading\" data-id=\"1d9e828\" data-element_type=\"widget\" data-widget_type=\"heading.default\">\n\t\t\t\t<div class=\"elementor-widget-container\">\n\t\t\t\t\t<h2 class=\"elementor-heading-title elementor-size-default\">Proyecto eTwinning dedicado al tema de micropl\u00e1sticos en el planeta<\/h2>\t\t\t\t<\/div>\n\t\t\t\t<\/div>\n\t\t\t\t<div class=\"elementor-element elementor-element-7879643 elementor-widget elementor-widget-text-editor\" data-id=\"7879643\" data-element_type=\"widget\" data-widget_type=\"text-editor.default\">\n\t\t\t\t<div class=\"elementor-widget-container\">\n\t\t\t\t\t\t\t\t\t<p style=\"text-align: justify\">Dado que todos los miembros de los proyectos pertenecen a pa\u00edses cercanos al mar, nuestro objetivo es educar a los estudiantes sobre la prevalencia y el impacto de los micropl\u00e1sticos en los entornos marinos. Algunos de los estudiantes participar\u00e1n en experiencias al aire libre como la limpieza de playas para recoger micropl\u00e1sticos, as\u00ed como la disecci\u00f3n de peces para investigar c\u00f3mo afectan los micropl\u00e1sticos al ecosistema marino. Tras recoger los datos, otros estudiantes los analizar\u00e1n y compartir\u00e1n los resultados con sus compa\u00f1eros. A continuaci\u00f3n, los alumnos de todas las escuelas crear\u00e1n en colaboraci\u00f3n el producto final. Dise\u00f1ar\u00e1n las preguntas de un Kahoot sobre lo aprendido y con recomendaciones para reducir la contaminaci\u00f3n por micropl\u00e1sticos.<\/p>\t\t\t\t\t\t\t\t<\/div>\n\t\t\t\t<\/div>\n\t\t\t\t<div class=\"elementor-element elementor-element-156cf1d elementor-align-center elementor-widget elementor-widget-button\" data-id=\"156cf1d\" data-element_type=\"widget\" data-widget_type=\"button.default\">\n\t\t\t\t<div class=\"elementor-widget-container\">\n\t\t\t\t\t\t\t\t\t<div class=\"elementor-button-wrapper\">\n\t\t\t\t\t<a class=\"elementor-button elementor-button-link elementor-size-sm\" href=\"https:\/\/school-education.ec.europa.eu\/en\/etwinning\/projects\/we-protect-what-we-love\" target=\"_blank\">\n\t\t\t\t\t\t<span class=\"elementor-button-content-wrapper\">\n\t\t\t\t\t\t\t\t\t<span class=\"elementor-button-text\">Enlace al TwinSpace del proyecto<\/span>\n\t\t\t\t\t<\/span>\n\t\t\t\t\t<\/a>\n\t\t\t\t<\/div>\n\t\t\t\t\t\t\t\t<\/div>\n\t\t\t\t<\/div>\n\t\t\t\t<div class=\"elementor-element elementor-element-2019755 elementor-widget elementor-widget-text-editor\" data-id=\"2019755\" data-element_type=\"widget\" data-widget_type=\"text-editor.default\">\n\t\t\t\t<div class=\"elementor-widget-container\">\n\t\t\t\t\t\t\t\t\t<h4>Coordinado por:<\/h4><ul><li>Isabel Esteban y Enrique Insa (Atenci\u00f3n educativa, 2ESOB)<\/li><\/ul><h4>Centros y Pa\u00edses participantes:<\/h4><ul><li>Spain (3 teachers), Malta (3 teachers),<\/li><li>Cyprus (2 teachers), Italy (1 teacher),<\/li><li>IES Fray Luis de Granada (Granada),<\/li><li>IES Vega de Atarfe (Atarfe, Granada),<\/li><li>IIS Salvo d\u2019Acquisto (Bagheria, Italy),<\/li><li>Helen Keller Resource Centre (Qrendi, Malta),<\/li><li>\u039b\u03cd\u03ba\u03b5\u03b9\u03bf \u0393\u03b9\u03b1\u03bd\u03bd\u03ac\u03ba\u03b7 \u03a4\u03b1\u03bb\u03b9\u03ce\u03c4\u03b7 \u0393\u03b5\u03c1\u03bf\u03c3\u03ba\u03ae\u03c0\u03bf\u03c5 \u2013 Lyceum \u00abGiannaki Talioti\u00bb Geroskipou (Geroskipou, Cyprus)<\/li><\/ul>\t\t\t\t\t\t\t\t<\/div>\n\t\t\t\t<\/div>\n\t\t\t\t\t<\/div>\n\t\t<\/div>\n\t\t\t\t\t<\/div>\n\t\t<\/section>\n\t\t\t\t<\/div>\n\t\t","protected":false},"excerpt":{"rendered":"<p>Proyecto eTwinning dedicado al tema de micropl\u00e1sticos en el planeta Dado que todos los miembros de los proyectos pertenecen a pa\u00edses cercanos al mar, nuestro objetivo es educar a los estudiantes sobre la prevalencia&#46;&#46;&#46;<\/p>\n","protected":false},"author":2185,"featured_media":0,"parent":44,"menu_order":0,"comment_status":"closed","ping_status":"closed","template":"","meta":{"ngg_post_thumbnail":0,"footnotes":""},"aioseo_notices":[],"_links":{"self":[{"href":"https:\/\/blogsaverroes.juntadeandalucia.es\/iesfrayluisdegranada\/wp-json\/wp\/v2\/pages\/12363"}],"collection":[{"href":"https:\/\/blogsaverroes.juntadeandalucia.es\/iesfrayluisdegranada\/wp-json\/wp\/v2\/pages"}],"about":[{"href":"https:\/\/blogsaverroes.juntadeandalucia.es\/iesfrayluisdegranada\/wp-json\/wp\/v2\/types\/page"}],"author":[{"embeddable":true,"href":"https:\/\/blogsaverroes.juntadeandalucia.es\/iesfrayluisdegranada\/wp-json\/wp\/v2\/users\/2185"}],"replies":[{"embeddable":true,"href":"https:\/\/blogsaverroes.juntadeandalucia.es\/iesfrayluisdegranada\/wp-json\/wp\/v2\/comments?post=12363"}],"version-history":[{"count":18,"href":"https:\/\/blogsaverroes.juntadeandalucia.es\/iesfrayluisdegranada\/wp-json\/wp\/v2\/pages\/12363\/revisions"}],"predecessor-version":[{"id":12384,"href":"https:\/\/blogsaverroes.juntadeandalucia.es\/iesfrayluisdegranada\/wp-json\/wp\/v2\/pages\/12363\/revisions\/12384"}],"up":[{"embeddable":true,"href":"https:\/\/blogsaverroes.juntadeandalucia.es\/iesfrayluisdegranada\/wp-json\/wp\/v2\/pages\/44"}],"wp:attachment":[{"href":"https:\/\/blogsaverroes.juntadeandalucia.es\/iesfrayluisdegranada\/wp-json\/wp\/v2\/media?parent=12363"}],"curies":[{"name":"wp","href":"https:\/\/api.w.org\/{rel}","templated":true}]}}