{"id":158,"date":"2015-03-17T07:50:33","date_gmt":"2015-03-17T07:50:33","guid":{"rendered":"http:\/\/blogsaverroes.juntadeandalucia.es\/pre\/ceip\/?page_id=158"},"modified":"2025-10-02T08:20:09","modified_gmt":"2025-10-02T08:20:09","slug":"matematicas","status":"publish","type":"page","link":"https:\/\/blogsaverroes.juntadeandalucia.es\/iesfrayluisdegranada\/departamentos\/matematicas\/","title":{"rendered":"Matem\u00e1ticas"},"content":{"rendered":"<h2>Composici\u00f3n del Departamento<\/h2>\n<ul>\n<li><a href=\"https:\/\/sites.google.com\/site\/matesfrayluis\/about-me\">Francisco Dur\u00e1n Ceacero<\/a><\/li>\n<li><a href=\"https:\/\/blogsaverroes.juntadeandalucia.es\/iesfrayluisdegranada\/equipo-directivo\/direccion\/\">Miguel \u00c1ngel Honrubia S\u00e1nchez<\/a><\/li>\n<li>M\u00aa Lourdes S\u00e1nchez Romero (Jefa del Departamento)<\/li>\n<li>Leticia Garc\u00eda Rodr\u00edguez<\/li>\n<li>M\u00aa Victoria Hern\u00e1ndez Ruano\n<ul>\n<li>Ana M\u00aa Garc\u00eda Fern\u00e1ndez (sust.)<\/li>\n<\/ul>\n<\/li>\n<\/ul>\n<h2>Programaci\u00f3n del departamento<\/h2>\n<p><a href=\"https:\/\/www.dropbox.com\/scl\/fi\/ogmmyfsusx4to0b0t05zy\/matematicas_programacion.pdf?rlkey=lhut7m80cq1tpw56a9xcg1dno&amp;dl=0\">Enlace a la programaci\u00f3n<\/a>.<\/p>\n<h2>Matem\u00e1ticas<\/h2>\n<p>Las matem\u00e1ticas constituyen una forma de mirar e interpretar el mundo que nos rodea, reflejan la capacidad creativa, expresan con precisi\u00f3n conceptos y argumentos, favorecen la capacidad para aprender a aprender y contienen elementos de gran belleza; sin olvidar adem\u00e1s el car\u00e1cter instrumental que las matem\u00e1ticas tienen como base fundamental para la adquisici\u00f3n de nuevos conocimientos en otras disciplinas, especialmente en el proceso cient\u00edfico y tecnol\u00f3gico y como fuerza conductora en el desarrollo de la cultura y las civilizaciones.<\/p>\n","protected":false},"excerpt":{"rendered":"<p>Composici\u00f3n del Departamento Francisco Dur\u00e1n Ceacero Miguel \u00c1ngel Honrubia S\u00e1nchez M\u00aa Lourdes S\u00e1nchez Romero (Jefa del Departamento) Leticia Garc\u00eda Rodr\u00edguez M\u00aa Victoria Hern\u00e1ndez Ruano Ana M\u00aa Garc\u00eda Fern\u00e1ndez (sust.) Programaci\u00f3n del departamento Enlace a&#46;&#46;&#46;<\/p>\n","protected":false},"author":1,"featured_media":0,"parent":10782,"menu_order":0,"comment_status":"closed","ping_status":"open","template":"","meta":{"ngg_post_thumbnail":0,"footnotes":""},"aioseo_notices":[],"_links":{"self":[{"href":"https:\/\/blogsaverroes.juntadeandalucia.es\/iesfrayluisdegranada\/wp-json\/wp\/v2\/pages\/158"}],"collection":[{"href":"https:\/\/blogsaverroes.juntadeandalucia.es\/iesfrayluisdegranada\/wp-json\/wp\/v2\/pages"}],"about":[{"href":"https:\/\/blogsaverroes.juntadeandalucia.es\/iesfrayluisdegranada\/wp-json\/wp\/v2\/types\/page"}],"author":[{"embeddable":true,"href":"https:\/\/blogsaverroes.juntadeandalucia.es\/iesfrayluisdegranada\/wp-json\/wp\/v2\/users\/1"}],"replies":[{"embeddable":true,"href":"https:\/\/blogsaverroes.juntadeandalucia.es\/iesfrayluisdegranada\/wp-json\/wp\/v2\/comments?post=158"}],"version-history":[{"count":91,"href":"https:\/\/blogsaverroes.juntadeandalucia.es\/iesfrayluisdegranada\/wp-json\/wp\/v2\/pages\/158\/revisions"}],"predecessor-version":[{"id":12697,"href":"https:\/\/blogsaverroes.juntadeandalucia.es\/iesfrayluisdegranada\/wp-json\/wp\/v2\/pages\/158\/revisions\/12697"}],"up":[{"embeddable":true,"href":"https:\/\/blogsaverroes.juntadeandalucia.es\/iesfrayluisdegranada\/wp-json\/wp\/v2\/pages\/10782"}],"wp:attachment":[{"href":"https:\/\/blogsaverroes.juntadeandalucia.es\/iesfrayluisdegranada\/wp-json\/wp\/v2\/media?parent=158"}],"curies":[{"name":"wp","href":"https:\/\/api.w.org\/{rel}","templated":true}]}}