{"id":168,"date":"2015-03-17T07:54:01","date_gmt":"2015-03-17T07:54:01","guid":{"rendered":"http:\/\/blogsaverroes.juntadeandalucia.es\/pre\/ceip\/?page_id=168"},"modified":"2025-10-02T10:25:25","modified_gmt":"2025-10-02T10:25:25","slug":"filosofia-2","status":"publish","type":"page","link":"https:\/\/blogsaverroes.juntadeandalucia.es\/iesfrayluisdegranada\/departamentos\/filosofia-2\/","title":{"rendered":"Filosof\u00eda"},"content":{"rendered":"<h2>Composici\u00f3n del Departamento<\/h2>\n<ul>\n<li>Julia Herrera Bol\u00edvar (Jefa del Departamento)<\/li>\n<li>Antonio Ruiz de la Fuente Garc\u00eda.<\/li>\n<\/ul>\n<h2>Programaci\u00f3n y otros documentos<\/h2>\n<p><a href=\"https:\/\/www.dropbox.com\/scl\/fi\/vbz2w5zz4hmss3kvyeeee\/filosofia_programacion.pdf?rlkey=ckzj58ux5ug806dw3rubqdibo&amp;st=m3x38pt9&amp;\">Enlace a la programaci\u00f3n did\u00e1ctica del departamento<\/a>.<\/p>\n<h2>Informaci\u00f3n sobre las materias del departamento<\/h2>\n<p>&nbsp;<\/p>\n<p><img fetchpriority=\"high\" decoding=\"async\" class=\"aligncenter size-medium wp-image-2068\" src=\"https:\/\/blogsaverroes.juntadeandalucia.es\/iesfrayluisdegranada\/files\/2015\/03\/filosofia-199x300.jpg\" alt=\"filosofia\" width=\"199\" height=\"300\" srcset=\"https:\/\/blogsaverroes.juntadeandalucia.es\/iesfrayluisdegranada\/files\/2015\/03\/filosofia-199x300.jpg 199w, https:\/\/blogsaverroes.juntadeandalucia.es\/iesfrayluisdegranada\/files\/2015\/03\/filosofia-680x1024.jpg 680w, https:\/\/blogsaverroes.juntadeandalucia.es\/iesfrayluisdegranada\/files\/2015\/03\/filosofia.jpg 1063w\" sizes=\"(max-width: 199px) 100vw, 199px\" \/><\/p>\n<p>&nbsp;<\/p>\n<p><strong><span style=\"font-family: sans-serif\"><span style=\"font-size: medium\">Filosof\u00eda <\/span><\/span><\/strong><\/p>\n<p><span style=\"font-family: sans-serif\"><span style=\"font-size: medium\">La materia Filosof\u00eda persigue que el alumnado sea capaz de pensar y comprender, abstray\u00e9ndose racionalmente del campo concreto estudiado en cada una de las otras materias, para centrarse en aquello que caracteriza espec\u00edficamente a la filosof\u00eda, esto es, reflexionar, razonar, criticar y argumentar, utilizando el modo de preguntar radical y \u00faltimo que le es propio, sobre los problemas referidos a la totalidad de la vivencia humana, y ello sin dejar de lado su capacidad de transformaci\u00f3n y cambio tanto del individuo como de la sociedad. <\/span><\/span><\/p>\n<p><span style=\"font-family: sans-serif\"><span style=\"font-size: medium\">La Filosof\u00eda es un modo especial de preguntar y de saber, una manera de entender y de enfrentarse a la realidad que nos rodea, a las circunstancias en las que vivimos y que, en gran medida, nos hacen ser y comprender como somos. <\/span><\/span><\/p>\n","protected":false},"excerpt":{"rendered":"<p>Composici\u00f3n del Departamento Julia Herrera Bol\u00edvar (Jefa del Departamento) Antonio Ruiz de la Fuente Garc\u00eda. Programaci\u00f3n y otros documentos Enlace a la programaci\u00f3n did\u00e1ctica del departamento. Informaci\u00f3n sobre las materias del departamento &nbsp; &nbsp;&#46;&#46;&#46;<\/p>\n","protected":false},"author":1,"featured_media":0,"parent":10782,"menu_order":0,"comment_status":"closed","ping_status":"open","template":"","meta":{"ngg_post_thumbnail":0,"footnotes":""},"aioseo_notices":[],"_links":{"self":[{"href":"https:\/\/blogsaverroes.juntadeandalucia.es\/iesfrayluisdegranada\/wp-json\/wp\/v2\/pages\/168"}],"collection":[{"href":"https:\/\/blogsaverroes.juntadeandalucia.es\/iesfrayluisdegranada\/wp-json\/wp\/v2\/pages"}],"about":[{"href":"https:\/\/blogsaverroes.juntadeandalucia.es\/iesfrayluisdegranada\/wp-json\/wp\/v2\/types\/page"}],"author":[{"embeddable":true,"href":"https:\/\/blogsaverroes.juntadeandalucia.es\/iesfrayluisdegranada\/wp-json\/wp\/v2\/users\/1"}],"replies":[{"embeddable":true,"href":"https:\/\/blogsaverroes.juntadeandalucia.es\/iesfrayluisdegranada\/wp-json\/wp\/v2\/comments?post=168"}],"version-history":[{"count":15,"href":"https:\/\/blogsaverroes.juntadeandalucia.es\/iesfrayluisdegranada\/wp-json\/wp\/v2\/pages\/168\/revisions"}],"predecessor-version":[{"id":12698,"href":"https:\/\/blogsaverroes.juntadeandalucia.es\/iesfrayluisdegranada\/wp-json\/wp\/v2\/pages\/168\/revisions\/12698"}],"up":[{"embeddable":true,"href":"https:\/\/blogsaverroes.juntadeandalucia.es\/iesfrayluisdegranada\/wp-json\/wp\/v2\/pages\/10782"}],"wp:attachment":[{"href":"https:\/\/blogsaverroes.juntadeandalucia.es\/iesfrayluisdegranada\/wp-json\/wp\/v2\/media?parent=168"}],"curies":[{"name":"wp","href":"https:\/\/api.w.org\/{rel}","templated":true}]}}