{"id":1806,"date":"2015-03-17T07:46:28","date_gmt":"2015-03-17T07:46:28","guid":{"rendered":"http:\/\/blogsaverroes.juntadeandalucia.es\/pre\/ceip\/?page_id=144"},"modified":"2025-10-18T09:37:39","modified_gmt":"2025-10-18T09:37:39","slug":"orientacion-2","status":"publish","type":"page","link":"https:\/\/blogsaverroes.juntadeandalucia.es\/iesfrayluisdegranada\/departamentos\/orientacion-2\/","title":{"rendered":"Departamento de Orientaci\u00f3n"},"content":{"rendered":"<h2>Jefa del Departamento<\/h2>\n<p>Vanesa Cruz Mart\u00ednez<\/p>\n<h2>Composici\u00f3n del Departamento<\/h2>\n<ul>\n<li>Agust\u00edn G\u00f3mez Tejada (PT)<\/li>\n<li>Vanesa Cruz Mart\u00ednez (Orientadora)<\/li>\n<li>V\u00edlchez Ruiz, Carmen Elena (Interculturalidad)<\/li>\n<li>Ana Centeno Castillo (Apoyo Curric.Sordos A. Cient. o Tecnol.)<\/li>\n<li>Ana Mar\u00eda Gonz\u00e1lez Parra (Audici\u00f3n y Lenguaje-Leng.Signos)<\/li>\n<\/ul>\n<h2>Plan de Orientaci\u00f3n y Acci\u00f3n Tutorial y otros documentos<\/h2>\n<p><a href=\"https:\/\/www.dropbox.com\/s\/0azhqzaw2n4ossc\/orientacion_programacion.pdf?dl=0\">Enlace al Plan de Orientaci\u00f3n y Acci\u00f3n Tutorial y programaci\u00f3n did\u00e1ctica del departamento<\/a>.<\/p>\n<h2>Informaci\u00f3n sobre las materias del departamento<\/h2>\n<h2><img fetchpriority=\"high\" decoding=\"async\" class=\"aligncenter size-medium wp-image-2155\" src=\"https:\/\/blogsaverroes.juntadeandalucia.es\/iesfrayluisdegranada\/files\/2015\/03\/orientacion-300x221.jpg\" alt=\"orientacion\" width=\"300\" height=\"221\" srcset=\"https:\/\/blogsaverroes.juntadeandalucia.es\/iesfrayluisdegranada\/files\/2015\/03\/orientacion-300x221.jpg 300w, https:\/\/blogsaverroes.juntadeandalucia.es\/iesfrayluisdegranada\/files\/2015\/03\/orientacion.jpg 640w\" sizes=\"(max-width: 300px) 100vw, 300px\" \/><\/h2>\n<h4>Orientaci\u00f3n educativa<\/h4>\n<p>La orientaci\u00f3n contribuye al desarrollo de las facetas personal, acad\u00e9mica y profesional de los alumnos y alumnas. Es un proceso en el que deben involucrarse las familias y para el cual pueden acudir a los tutores y al asesoramiento y apoyo de los orientadores de los centros educativos. Entre sus objetivos principales se encuentran los siguientes:<\/p>\n<ul>\n<li>Resolver problemas de la vida acad\u00e9mica, como dificultades durante el proceso de aprendizaje, ausencia de motivaci\u00f3n, etc.<\/li>\n<li>Ayudar en la toma de decisiones sobre itinerarios de estudio e incorporaci\u00f3n al mundo laboral.<\/li>\n<li>Mediar en problemas de convivencia y facilitar la educaci\u00f3n en valores.<\/li>\n<\/ul>\n<h4>&nbsp;<\/h4>\n<h4>Padlet de Orientaci\u00f3n Acad\u00e9mica IES Fray Luis de Granada<\/h4>\n<p><a href=\"https:\/\/padlet.com\/vanesacruzmartinez1977\/knud49qrwrhux68j\">https:\/\/padlet.com\/vanesacruzmartinez1977\/knud49qrwrhux68j<\/a><\/p>\n","protected":false},"excerpt":{"rendered":"<p>Jefa del Departamento Vanesa Cruz Mart\u00ednez Composici\u00f3n del Departamento Agust\u00edn G\u00f3mez Tejada (PT) Vanesa Cruz Mart\u00ednez (Orientadora) V\u00edlchez Ruiz, Carmen Elena (Interculturalidad) Ana Centeno Castillo (Apoyo Curric.Sordos A. Cient. o Tecnol.) Ana Mar\u00eda Gonz\u00e1lez&#46;&#46;&#46;<\/p>\n","protected":false},"author":1,"featured_media":0,"parent":10782,"menu_order":0,"comment_status":"closed","ping_status":"open","template":"","meta":{"ngg_post_thumbnail":0,"footnotes":""},"aioseo_notices":[],"_links":{"self":[{"href":"https:\/\/blogsaverroes.juntadeandalucia.es\/iesfrayluisdegranada\/wp-json\/wp\/v2\/pages\/1806"}],"collection":[{"href":"https:\/\/blogsaverroes.juntadeandalucia.es\/iesfrayluisdegranada\/wp-json\/wp\/v2\/pages"}],"about":[{"href":"https:\/\/blogsaverroes.juntadeandalucia.es\/iesfrayluisdegranada\/wp-json\/wp\/v2\/types\/page"}],"author":[{"embeddable":true,"href":"https:\/\/blogsaverroes.juntadeandalucia.es\/iesfrayluisdegranada\/wp-json\/wp\/v2\/users\/1"}],"replies":[{"embeddable":true,"href":"https:\/\/blogsaverroes.juntadeandalucia.es\/iesfrayluisdegranada\/wp-json\/wp\/v2\/comments?post=1806"}],"version-history":[{"count":16,"href":"https:\/\/blogsaverroes.juntadeandalucia.es\/iesfrayluisdegranada\/wp-json\/wp\/v2\/pages\/1806\/revisions"}],"predecessor-version":[{"id":12796,"href":"https:\/\/blogsaverroes.juntadeandalucia.es\/iesfrayluisdegranada\/wp-json\/wp\/v2\/pages\/1806\/revisions\/12796"}],"up":[{"embeddable":true,"href":"https:\/\/blogsaverroes.juntadeandalucia.es\/iesfrayluisdegranada\/wp-json\/wp\/v2\/pages\/10782"}],"wp:attachment":[{"href":"https:\/\/blogsaverroes.juntadeandalucia.es\/iesfrayluisdegranada\/wp-json\/wp\/v2\/media?parent=1806"}],"curies":[{"name":"wp","href":"https:\/\/api.w.org\/{rel}","templated":true}]}}