{"id":200,"date":"2022-06-29T08:28:24","date_gmt":"2022-06-29T08:28:24","guid":{"rendered":"http:\/\/blogsaverroes.juntadeandalucia.es\/pre\/ceip\/?page_id=200"},"modified":"2022-06-29T06:28:13","modified_gmt":"2022-06-29T06:28:13","slug":"quienes-formamos-el-ampa","status":"publish","type":"page","link":"https:\/\/blogsaverroes.juntadeandalucia.es\/iesfrayluisdegranada\/quienes-formamos-el-ampa\/","title":{"rendered":"\u00bfQuienes formamos el AMPA?"},"content":{"rendered":"<p>La <strong>Asociaci\u00f3n de Madres y Padres El Rasillo<\/strong>, est\u00e1 constituida por numerosas familias, y gestionada por una <strong>Junta Directiva<\/strong>.<\/p>\n<p>Puedes ponerte en contacto con nosotros\/as en el email:<\/p>\n<p style=\"text-align: center\"><a href=\"mailto:ampa.iesfrayluisdegranada@gmail.com\">ampa.iesfrayluisdegranada@gmail.com<\/a><\/p>\n<p>Relaci\u00f3n de las personas que forman parte de la Junta Directiva:<\/p>\n<table style=\"border-collapse: collapse;width: 100%;height: 421px\">\n<tbody>\n<tr style=\"height: 65px;background-color: #124210\">\n<td style=\"width: 7.77199%;height: 65px\">\n<h3><span style=\"color: #ffffff\">N\u00ba<\/span><\/h3>\n<\/td>\n<td style=\"width: 20.7253%;height: 65px\">\n<h3><span style=\"color: #ffffff\">Cargo<\/span><\/h3>\n<\/td>\n<td style=\"width: 71.5026%;height: 65px\">\n<h3><span style=\"color: #ffffff\">Nombre y apellidos<\/span><\/h3>\n<\/td>\n<\/tr>\n<tr style=\"height: 65px\">\n<td style=\"width: 7.77199%;height: 65px\">1<\/td>\n<td style=\"width: 20.7253%;height: 65px\">Presidente<\/td>\n<td style=\"width: 71.5026%;height: 65px\">\n<h3>Pablo Rodr\u00edguez N\u00fa\u00f1ez<\/h3>\n<\/td>\n<\/tr>\n<tr style=\"height: 65px\">\n<td style=\"width: 7.77199%;height: 65px\">2<\/td>\n<td style=\"width: 20.7253%;height: 65px\">Tesorera<\/td>\n<td style=\"width: 71.5026%;height: 65px\">\n<h3>Susana Fern\u00e1ndez Martos<\/h3>\n<\/td>\n<\/tr>\n<tr style=\"height: 65px\">\n<td style=\"width: 7.77199%;height: 65px\">3<\/td>\n<td style=\"width: 20.7253%;height: 65px\">Secretario<\/td>\n<td style=\"width: 71.5026%;height: 65px\">\n<h3>Jos\u00e9 Miguel Garc\u00eda Blasco<\/h3>\n<\/td>\n<\/tr>\n<tr style=\"height: 65px\">\n<td style=\"width: 7.77199%;height: 65px\">4<\/td>\n<td style=\"width: 20.7253%;height: 65px\">Vocal<\/td>\n<td style=\"width: 71.5026%;height: 65px\">\n<h3>Eva Mar\u00eda Egea L\u00f3pez<\/h3>\n<\/td>\n<\/tr>\n<tr style=\"height: 24px\">\n<td style=\"width: 7.77199%;height: 24px\">5<\/td>\n<td style=\"width: 20.7253%;height: 24px\">Vocal<\/td>\n<td style=\"width: 71.5026%;height: 24px\">\n<h3>Rosario Revelles Gonz\u00e1lez<\/h3>\n<\/td>\n<\/tr>\n<tr style=\"height: 24px\">\n<td style=\"width: 7.77199%;height: 24px\">6<\/td>\n<td style=\"width: 20.7253%;height: 24px\">Vocal<\/td>\n<td style=\"width: 71.5026%;height: 24px\">\n<h3>\u00c1ngela Serantes G\u00f3mez<\/h3>\n<\/td>\n<\/tr>\n<tr style=\"height: 24px\">\n<td style=\"width: 7.77199%;height: 24px\">7<\/td>\n<td style=\"width: 20.7253%;height: 24px\">Vocal<\/td>\n<td style=\"width: 71.5026%;height: 24px\">\n<h3>Susana Fern\u00e1ndez Guijarro<\/h3>\n<\/td>\n<\/tr>\n<tr style=\"height: 24px\">\n<td style=\"width: 7.77199%;height: 24px\">8<\/td>\n<td style=\"width: 20.7253%;height: 24px\">Vocal<\/td>\n<td style=\"width: 71.5026%;height: 24px\">\n<h3>Lyen Borges Soria<\/h3>\n<\/td>\n<\/tr>\n<\/tbody>\n<\/table>\n<p>&nbsp;<\/p>\n","protected":false},"excerpt":{"rendered":"<p>La Asociaci\u00f3n de Madres y Padres El Rasillo, est\u00e1 constituida por numerosas familias, y gestionada por una Junta Directiva. Puedes ponerte en contacto con nosotros\/as en el email: ampa.iesfrayluisdegranada@gmail.com Relaci\u00f3n de las personas que&#46;&#46;&#46;<\/p>\n","protected":false},"author":1,"featured_media":0,"parent":0,"menu_order":0,"comment_status":"closed","ping_status":"open","template":"","meta":{"ngg_post_thumbnail":0,"footnotes":""},"aioseo_notices":[],"_links":{"self":[{"href":"https:\/\/blogsaverroes.juntadeandalucia.es\/iesfrayluisdegranada\/wp-json\/wp\/v2\/pages\/200"}],"collection":[{"href":"https:\/\/blogsaverroes.juntadeandalucia.es\/iesfrayluisdegranada\/wp-json\/wp\/v2\/pages"}],"about":[{"href":"https:\/\/blogsaverroes.juntadeandalucia.es\/iesfrayluisdegranada\/wp-json\/wp\/v2\/types\/page"}],"author":[{"embeddable":true,"href":"https:\/\/blogsaverroes.juntadeandalucia.es\/iesfrayluisdegranada\/wp-json\/wp\/v2\/users\/1"}],"replies":[{"embeddable":true,"href":"https:\/\/blogsaverroes.juntadeandalucia.es\/iesfrayluisdegranada\/wp-json\/wp\/v2\/comments?post=200"}],"version-history":[{"count":8,"href":"https:\/\/blogsaverroes.juntadeandalucia.es\/iesfrayluisdegranada\/wp-json\/wp\/v2\/pages\/200\/revisions"}],"predecessor-version":[{"id":6377,"href":"https:\/\/blogsaverroes.juntadeandalucia.es\/iesfrayluisdegranada\/wp-json\/wp\/v2\/pages\/200\/revisions\/6377"}],"wp:attachment":[{"href":"https:\/\/blogsaverroes.juntadeandalucia.es\/iesfrayluisdegranada\/wp-json\/wp\/v2\/media?parent=200"}],"curies":[{"name":"wp","href":"https:\/\/api.w.org\/{rel}","templated":true}]}}