{"id":2425,"date":"2017-12-28T09:09:22","date_gmt":"2017-12-28T09:09:22","guid":{"rendered":"https:\/\/blogsaverroes.juntadeandalucia.es\/iesfrayluisdegranada\/?page_id=2425"},"modified":"2025-10-18T10:11:20","modified_gmt":"2025-10-18T10:11:20","slug":"proyecto-bilingue","status":"publish","type":"page","link":"https:\/\/blogsaverroes.juntadeandalucia.es\/iesfrayluisdegranada\/innovacion\/proyecto-bilingue\/","title":{"rendered":"Proyecto biling\u00fce"},"content":{"rendered":"<h3 style=\"text-align: center\">Espacio web del programa biling\u00fce:<\/h3>\n<p><a href=\"https:\/\/sites.google.com\/iesfrayluisdegranada.es\/iesfrayluisgoingbilingual\" target=\"_blank\" rel=\"noopener noreferrer\"><img fetchpriority=\"high\" decoding=\"async\" class=\"alignright wp-image-5200 size-full\" src=\"https:\/\/blogsaverroes.juntadeandalucia.es\/iesfrayluisdegranada\/files\/2021\/06\/Sites-Bilingue.png\" alt=\"\" width=\"1600\" height=\"332\" srcset=\"https:\/\/blogsaverroes.juntadeandalucia.es\/iesfrayluisdegranada\/files\/2021\/06\/Sites-Bilingue.png 1600w, https:\/\/blogsaverroes.juntadeandalucia.es\/iesfrayluisdegranada\/files\/2021\/06\/Sites-Bilingue-300x62.png 300w, https:\/\/blogsaverroes.juntadeandalucia.es\/iesfrayluisdegranada\/files\/2021\/06\/Sites-Bilingue-1024x212.png 1024w, https:\/\/blogsaverroes.juntadeandalucia.es\/iesfrayluisdegranada\/files\/2021\/06\/Sites-Bilingue-768x159.png 768w, https:\/\/blogsaverroes.juntadeandalucia.es\/iesfrayluisdegranada\/files\/2021\/06\/Sites-Bilingue-1536x318.png 1536w\" sizes=\"(max-width: 1600px) 100vw, 1600px\" \/><\/a><\/p>\n<p>&nbsp;<\/p>\n<p>&nbsp;<\/p>\n<p><a href=\"https:\/\/www.dropbox.com\/scl\/fi\/h29u5qw7g319pocivyfcy\/bilingue.pdf?rlkey=yvs4nmcsbnhccs3865g23yw01&amp;raw=1\" target=\"_blank\" rel=\"noopener\">Enlace a la programaci\u00f3n del proyecto biling\u00fce.<\/a><\/p>\n<p>Desde el curso 2006 -2007 somos Centro Biling\u00fce perteneciente a la <a href=\"http:\/\/www.juntadeandalucia.es\/educacion\/webportal\/web\/portal-de-plurilinguismo\/guia\">Red Andaluza de Centros Biling\u00fces<\/a> que persigue como objetivo general dotar a la poblaci\u00f3n de las competencias pluriling\u00fces y pluriculturales necesarias para los retos y necesidades que se plantean en nuestra sociedad.<\/p>\n<p>El Programa Biling\u00fce se basa en la <a href=\"http:\/\/www.juntadeandalucia.es\/educacion\/webportal\/web\/revista-andalucia-educativa\/en-portada\/-\/noticia\/detalle\/el-enfoque-aicle-sena-de-identidad-de-los-centros-bilingues-y-plurilingues-en-andalucia-1\">metodolog\u00eda AICLE<\/a> (Aprendizaje Integrado de Contenidos y Lengua) que integra contenidos de \u00c1reas No Ling\u00fc\u00edsticas con objetivos ling\u00fc\u00edsticos, en este caso el ingl\u00e9s. Se trata de ense\u00f1ar distintas materias o \u00e1reas a trav\u00e9s del ingl\u00e9s. Este programa se desarrolla en la mayor\u00eda de los pa\u00edses europeos y supone una mejora sustancial de la competencia ling\u00fc\u00edstica de los alumnos a largo plazo.<\/p>\n<p>Todas nuestras l\u00edneas son biling\u00fces.<\/p>\n<p>El coordinador del proyecto es Pedro Benavides Ruiz.<\/p>\n<p>Cada curso contamos con uno o varios auxiliares de conversaci\u00f3n. (Estos ayudantes de conversaci\u00f3n nos son asignados a trav\u00e9s de la Junta de Andaluc\u00eda y el British Council).<\/p>\n<p>Los Departamentos implicados en el Proyecto Biling\u00fce son los Departamentos de las \u00c1reas Ling\u00fc\u00edsticas (Lengua Castellana, Ingl\u00e9s y Franc\u00e9s) y un n\u00famero de profesores de algunas \u00c1reas No Ling\u00fc\u00edsticas. Las \u00c1reas No Ling\u00fc\u00edsticas implicadas en los distintos cursos son las siguientes:<\/p>\n<ul>\n<li>1\u00ba ESO: Biolog\u00eda y Geolog\u00eda y M\u00fasica.<\/li>\n<li>2\u00ba ESO: Geograf\u00eda e Historia, M\u00fasica y Tecnolog\u00eda.<\/li>\n<li>3\u00ba ESO: Matem\u00e1ticas, Geograf\u00eda e Historia y Tecnolog\u00eda y digitalizaci\u00f3n.<\/li>\n<li>4\u00ba ESO: Educaci\u00f3n F\u00edsica, Geograf\u00eda e Historia.<\/li>\n<li>1\u00ba Bachillerato: Matem\u00e1ticas I, Historia del Mundo Contempor\u00e1neo, Educaci\u00f3n F\u00edsica.<\/li>\n<\/ul>\nngg_shortcode_0_placeholder\n","protected":false},"excerpt":{"rendered":"<p>Espacio web del programa biling\u00fce: &nbsp; &nbsp; Enlace a la programaci\u00f3n del proyecto biling\u00fce. Desde el curso 2006 -2007 somos Centro Biling\u00fce perteneciente a la Red Andaluza de Centros Biling\u00fces que persigue como objetivo&#46;&#46;&#46;<\/p>\n","protected":false},"author":2185,"featured_media":0,"parent":44,"menu_order":0,"comment_status":"closed","ping_status":"closed","template":"","meta":{"ngg_post_thumbnail":0,"footnotes":""},"aioseo_notices":[],"_links":{"self":[{"href":"https:\/\/blogsaverroes.juntadeandalucia.es\/iesfrayluisdegranada\/wp-json\/wp\/v2\/pages\/2425"}],"collection":[{"href":"https:\/\/blogsaverroes.juntadeandalucia.es\/iesfrayluisdegranada\/wp-json\/wp\/v2\/pages"}],"about":[{"href":"https:\/\/blogsaverroes.juntadeandalucia.es\/iesfrayluisdegranada\/wp-json\/wp\/v2\/types\/page"}],"author":[{"embeddable":true,"href":"https:\/\/blogsaverroes.juntadeandalucia.es\/iesfrayluisdegranada\/wp-json\/wp\/v2\/users\/2185"}],"replies":[{"embeddable":true,"href":"https:\/\/blogsaverroes.juntadeandalucia.es\/iesfrayluisdegranada\/wp-json\/wp\/v2\/comments?post=2425"}],"version-history":[{"count":20,"href":"https:\/\/blogsaverroes.juntadeandalucia.es\/iesfrayluisdegranada\/wp-json\/wp\/v2\/pages\/2425\/revisions"}],"predecessor-version":[{"id":11846,"href":"https:\/\/blogsaverroes.juntadeandalucia.es\/iesfrayluisdegranada\/wp-json\/wp\/v2\/pages\/2425\/revisions\/11846"}],"up":[{"embeddable":true,"href":"https:\/\/blogsaverroes.juntadeandalucia.es\/iesfrayluisdegranada\/wp-json\/wp\/v2\/pages\/44"}],"wp:attachment":[{"href":"https:\/\/blogsaverroes.juntadeandalucia.es\/iesfrayluisdegranada\/wp-json\/wp\/v2\/media?parent=2425"}],"curies":[{"name":"wp","href":"https:\/\/api.w.org\/{rel}","templated":true}]}}