{"id":2451,"date":"2017-12-29T09:18:27","date_gmt":"2017-12-29T09:18:27","guid":{"rendered":"https:\/\/blogsaverroes.juntadeandalucia.es\/iesfrayluisdegranada\/?page_id=2451"},"modified":"2025-10-18T09:57:29","modified_gmt":"2025-10-18T09:57:29","slug":"erasmus","status":"publish","type":"page","link":"https:\/\/blogsaverroes.juntadeandalucia.es\/iesfrayluisdegranada\/innovacion\/erasmus\/","title":{"rendered":"Erasmus+"},"content":{"rendered":"ngg_shortcode_0_placeholder\n<div id=\"contenido_sitio\">\n<h2 style=\"text-align: center\"><strong>Acci\u00f3n Clave 1 (KA1). Movilidad de Personas por Motivos de Aprendizaje<\/strong><\/h2>\n<p><strong>KA101<\/strong><\/p>\n<p>Esta accio\u0301n promueve las oportunidades de movilidad por motivos de aprendizaje para nuestro <strong>profesorado<\/strong>, ya sea mediante la realizaci\u00f3n de cursos de formaci\u00f3n o a trav\u00e9s de periodos de observaci\u00f3n en centros educativos extranjeros.<\/p>\n<ul>\n<li>2018: \u00ab<a href=\"https:\/\/blogsaverroes.juntadeandalucia.es\/iesfrayluisdegranada\/erasmus-2018-la-clave-del-exito\/\">La clave del \u00e9xito<\/a>\u00ab. (Coordinador: Francisco Dur\u00e1n). Ref.: <a href=\"https:\/\/ec.europa.eu\/programmes\/erasmus-plus\/projects\/eplus-project-details\/#project\/2018-1-ES01-KA101-048418\">2018-1-ES01-KA101-048418<\/a><\/li>\n<li>2017:&nbsp;<a title=\"KA1 2017\" href=\"https:\/\/blogsaverroes.juntadeandalucia.es\/iesfrayluisdegranada\/erasmus-2017-herramientas-para-la-ensenanza-y-el-aprendizaje-en-un-mundo-pequeno\/\">\u00abHerramientas para la ense\u00f1anza y el aprendizaje en un mundo peque\u00f1o\u00bb<\/a>. (Coordinador: Francisco Dur\u00e1n). Ref.:&nbsp;<a href=\"https:\/\/ec.europa.eu\/programmes\/erasmus-plus\/projects\/eplus-project-details\/#project\/8f2632ed-bf20-438d-a7a0-902429ebac0c\">2017-1-ES01-KA101-036754<\/a><\/li>\n<li>2016: \u00ab<a href=\"https:\/\/ec.europa.eu\/programmes\/erasmus-plus\/projects\/eplus-project-details\/#project\/a950deb0-010e-4aaf-b3b0-cda654f5b165\">Educar para la multiculturalidad<\/a>\u00ab. (Coordinador: Antonio Arredondo). Ref.:&nbsp;<a href=\"https:\/\/ec.europa.eu\/programmes\/erasmus-plus\/projects\/eplus-project-details\/#project\/a950deb0-010e-4aaf-b3b0-cda654f5b165\">2016-1-ES01-KA101-024101<\/a><\/li>\n<li>2015: <a href=\"http:\/\/www.juntadeandalucia.es\/averroes\/centros-tic\/18700013\/helvia\/sitio\/index.cgi?wid_item=129&amp;wid_seccion=40\">Ense\u00f1ar a trav\u00e9s del patrimonio, la cultura y las nuevas tecnolog\u00edas<\/a>.&nbsp;(Coordinador: Antonio Arredondo). Ref.:&nbsp;<a href=\"https:\/\/ec.europa.eu\/programmes\/erasmus-plus\/projects\/eplus-project-details\/#project\/f9866ef8-edb1-4e2f-ab54-c1c2061d4196\">2015-1-ES01-KA101-014221<\/a><\/li>\n<\/ul>\n<p><strong>KA103<\/strong><br \/>\nEsta acci\u00f3n implica la movilidad europea de nuestro <strong>alumnado de formaci\u00f3n profesional en su fase de pr\u00e1cticas<\/strong>.&nbsp;<\/p>\n<ul>\n<li>2023: <a href=\"https:\/\/blogsaverroes.juntadeandalucia.es\/iesfrayluisdegranada\/erasmus-fct-en-berlin\/\">FCT en Berl\u00edn<\/a>.<\/li>\n<li>2022: <a href=\"https:\/\/blogsaverroes.juntadeandalucia.es\/iesfrayluisdegranada\/erasmus\/erasmus-2022-fct-en-praga\/\">FCT en Praga<\/a>.<\/li>\n<li>2017: <a href=\"http:\/\/www.juntadeandalucia.es\/averroes\/centros-tic\/18700013\/helvia\/sitio\/index.cgi?wid_item=130&amp;wid_seccion=40\">HIGHER EDUCATION STUDENT AND STAFF MOBILITY PROJECT<\/a>.&nbsp;(Coordinador: Antonio Arredondo). Ref.:&nbsp;<a href=\"https:\/\/ec.europa.eu\/programmes\/erasmus-plus\/projects\/eplus-project-details\/#project\/b7f12887-12d0-4b5d-b9c1-ba15353b0bc3\">2017-1-ES01-KA103-036750<\/a><\/li>\n<li>2016: <a href=\"http:\/\/www.juntadeandalucia.es\/averroes\/centros-tic\/18700013\/helvia\/sitio\/index.cgi?wid_item=133&amp;wid_seccion=40\">HIGHER EDUCATION STUDENT AND STAFF MOBILITY PROJECT<\/a>.&nbsp;(Coordinador: Antonio Arredondo).&nbsp;Ref.:&nbsp;<a href=\"https:\/\/ec.europa.eu\/programmes\/erasmus-plus\/projects\/eplus-project-details\/#project\/b17f694a-3d1f-41f6-9bd8-274f93e54c7d\">2016-1-ES01-KA103-024111<\/a><\/li>\n<li>2015:&nbsp;&nbsp;HIGHER EDUCATION STUDENT AND STAFF MOBILITY PROJECT. Ref.:&nbsp;<a href=\"https:\/\/ec.europa.eu\/programmes\/erasmus-plus\/projects\/eplus-project-details\/#project\/7f387b56-441c-4650-a582-50118a1a49fd\">2015-1-ES01-KA103-013554<\/a><\/li>\n<li>2014:&nbsp;HIGHER EDUCATION STUDENT AND STAFF MOBILITY PROJECT (Good practice example) Ref.:&nbsp;<a href=\"https:\/\/ec.europa.eu\/programmes\/erasmus-plus\/projects\/eplus-project-details\/#project\/939d470b-1e73-47c2-9d97-4dd70cb88594\">2014-1-ES01-KA103-000207<\/a><\/li>\n<\/ul>\n<p>&nbsp;<\/p>\n<p>&nbsp;<\/p>\n<\/div>\n<div>&nbsp;<\/div>\n","protected":false},"excerpt":{"rendered":"<p>&nbsp; Acci\u00f3n Clave 1 (KA1). Movilidad de Personas por Motivos de Aprendizaje KA101 Esta accio\u0301n promueve las oportunidades de movilidad por motivos de aprendizaje para nuestro profesorado, ya sea mediante la realizaci\u00f3n de cursos&#46;&#46;&#46;<\/p>\n","protected":false},"author":2185,"featured_media":0,"parent":44,"menu_order":0,"comment_status":"closed","ping_status":"closed","template":"","meta":{"ngg_post_thumbnail":0,"footnotes":""},"aioseo_notices":[],"_links":{"self":[{"href":"https:\/\/blogsaverroes.juntadeandalucia.es\/iesfrayluisdegranada\/wp-json\/wp\/v2\/pages\/2451"}],"collection":[{"href":"https:\/\/blogsaverroes.juntadeandalucia.es\/iesfrayluisdegranada\/wp-json\/wp\/v2\/pages"}],"about":[{"href":"https:\/\/blogsaverroes.juntadeandalucia.es\/iesfrayluisdegranada\/wp-json\/wp\/v2\/types\/page"}],"author":[{"embeddable":true,"href":"https:\/\/blogsaverroes.juntadeandalucia.es\/iesfrayluisdegranada\/wp-json\/wp\/v2\/users\/2185"}],"replies":[{"embeddable":true,"href":"https:\/\/blogsaverroes.juntadeandalucia.es\/iesfrayluisdegranada\/wp-json\/wp\/v2\/comments?post=2451"}],"version-history":[{"count":12,"href":"https:\/\/blogsaverroes.juntadeandalucia.es\/iesfrayluisdegranada\/wp-json\/wp\/v2\/pages\/2451\/revisions"}],"predecessor-version":[{"id":9041,"href":"https:\/\/blogsaverroes.juntadeandalucia.es\/iesfrayluisdegranada\/wp-json\/wp\/v2\/pages\/2451\/revisions\/9041"}],"up":[{"embeddable":true,"href":"https:\/\/blogsaverroes.juntadeandalucia.es\/iesfrayluisdegranada\/wp-json\/wp\/v2\/pages\/44"}],"wp:attachment":[{"href":"https:\/\/blogsaverroes.juntadeandalucia.es\/iesfrayluisdegranada\/wp-json\/wp\/v2\/media?parent=2451"}],"curies":[{"name":"wp","href":"https:\/\/api.w.org\/{rel}","templated":true}]}}