{"id":2455,"date":"2017-12-29T09:20:31","date_gmt":"2017-12-29T09:20:31","guid":{"rendered":"https:\/\/blogsaverroes.juntadeandalucia.es\/iesfrayluisdegranada\/?page_id=2455"},"modified":"2019-07-08T10:04:22","modified_gmt":"2019-07-08T10:04:22","slug":"organos-colegiados","status":"publish","type":"page","link":"https:\/\/blogsaverroes.juntadeandalucia.es\/iesfrayluisdegranada\/organos-colegiados\/","title":{"rendered":"\u00d3RGANOS COLEGIADOS"},"content":{"rendered":"<p style=\"text-align: justify\">El Consejo Escolar y el Claustro de Profesorado son los&nbsp;\u00f3rganos colegiados de gobierno de los institutos de educaci\u00f3n&nbsp;secundaria.<\/p>\n<p style=\"text-align: justify\">El&nbsp;<a href=\"https:\/\/blogsaverroes.juntadeandalucia.es\/iesfrayluisdegranada\/claustro-de-profesorado\/\"><strong>Claustro de Profesorado<\/strong><\/a> es el \u00f3rgano propio de participaci\u00f3n&nbsp;del profesorado en el gobierno del centro que tiene la&nbsp;responsabilidad de planificar, coordinar y, en su caso, decidir&nbsp;o informar sobre todos los aspectos educativos del mismo.<\/p>\n<p>El&nbsp;<a href=\"https:\/\/blogsaverroes.juntadeandalucia.es\/iesfrayluisdegranada\/consejo-escolar\/\"><strong>Consejo Escolar<\/strong><\/a>&nbsp;es el \u00f3rgano colegiado de gobierno&nbsp;a trav\u00e9s del cual participa la comunidad educativa en el gobierno&nbsp;de los institutos de educaci\u00f3n secundaria.<\/p>\n","protected":false},"excerpt":{"rendered":"<p>El Consejo Escolar y el Claustro de Profesorado son los&nbsp;\u00f3rganos colegiados de gobierno de los institutos de educaci\u00f3n&nbsp;secundaria. El&nbsp;Claustro de Profesorado es el \u00f3rgano propio de participaci\u00f3n&nbsp;del profesorado en el gobierno del centro que&#46;&#46;&#46;<\/p>\n","protected":false},"author":2185,"featured_media":0,"parent":0,"menu_order":0,"comment_status":"closed","ping_status":"closed","template":"","meta":{"ngg_post_thumbnail":0,"footnotes":""},"aioseo_notices":[],"_links":{"self":[{"href":"https:\/\/blogsaverroes.juntadeandalucia.es\/iesfrayluisdegranada\/wp-json\/wp\/v2\/pages\/2455"}],"collection":[{"href":"https:\/\/blogsaverroes.juntadeandalucia.es\/iesfrayluisdegranada\/wp-json\/wp\/v2\/pages"}],"about":[{"href":"https:\/\/blogsaverroes.juntadeandalucia.es\/iesfrayluisdegranada\/wp-json\/wp\/v2\/types\/page"}],"author":[{"embeddable":true,"href":"https:\/\/blogsaverroes.juntadeandalucia.es\/iesfrayluisdegranada\/wp-json\/wp\/v2\/users\/2185"}],"replies":[{"embeddable":true,"href":"https:\/\/blogsaverroes.juntadeandalucia.es\/iesfrayluisdegranada\/wp-json\/wp\/v2\/comments?post=2455"}],"version-history":[{"count":4,"href":"https:\/\/blogsaverroes.juntadeandalucia.es\/iesfrayluisdegranada\/wp-json\/wp\/v2\/pages\/2455\/revisions"}],"predecessor-version":[{"id":3439,"href":"https:\/\/blogsaverroes.juntadeandalucia.es\/iesfrayluisdegranada\/wp-json\/wp\/v2\/pages\/2455\/revisions\/3439"}],"wp:attachment":[{"href":"https:\/\/blogsaverroes.juntadeandalucia.es\/iesfrayluisdegranada\/wp-json\/wp\/v2\/media?parent=2455"}],"curies":[{"name":"wp","href":"https:\/\/api.w.org\/{rel}","templated":true}]}}