{"id":2469,"date":"2017-12-29T09:23:53","date_gmt":"2017-12-29T09:23:53","guid":{"rendered":"https:\/\/blogsaverroes.juntadeandalucia.es\/iesfrayluisdegranada\/?page_id=2469"},"modified":"2026-02-09T08:54:36","modified_gmt":"2026-02-09T08:54:36","slug":"claustro-de-profesorado","status":"publish","type":"page","link":"https:\/\/blogsaverroes.juntadeandalucia.es\/iesfrayluisdegranada\/claustro-de-profesorado\/","title":{"rendered":"Claustro de profesorado"},"content":{"rendered":"\t\t<div data-elementor-type=\"wp-page\" data-elementor-id=\"2469\" class=\"elementor elementor-2469\">\n\t\t\t\t\t\t<section class=\"elementor-section elementor-top-section elementor-element elementor-element-39ccaae2 elementor-section-boxed elementor-section-height-default elementor-section-height-default\" data-id=\"39ccaae2\" data-element_type=\"section\">\n\t\t\t\t\t\t<div class=\"elementor-container elementor-column-gap-default\">\n\t\t\t\t\t<div class=\"elementor-column elementor-col-100 elementor-top-column elementor-element elementor-element-3d31d0a1\" data-id=\"3d31d0a1\" data-element_type=\"column\">\n\t\t\t<div class=\"elementor-widget-wrap elementor-element-populated\">\n\t\t\t\t\t\t<div class=\"elementor-element elementor-element-23a913ec elementor-widget elementor-widget-text-editor\" data-id=\"23a913ec\" data-element_type=\"widget\" data-widget_type=\"text-editor.default\">\n\t\t\t\t<div class=\"elementor-widget-container\">\n\t\t\t\t\t\t\t\t\t<h2>Claustro 2025-2026<\/h2><table style=\"width: 574px\"><tbody><tr><td style=\"width: 275.45px\"><ul><li>Antonio Arredondo Garc\u00eda (JD)<\/li><li>Inmaculada Morales Morillas<\/li><li>Germ\u00e1n Ruiz Segura (PRL)<\/li><\/ul><\/td><td style=\"width: 254.55px\"><a href=\"https:\/\/blogsaverroes.juntadeandalucia.es\/iesfrayluisdegranada\/administrativo\/\">Dpto. Administrativo<\/a><\/td><\/tr><tr><td style=\"width: 275.45px\"><ul><li>Enrique Vicente Insa Ponce de Le\u00f3n (JD)(BI)<\/li><li>Mar\u00eda del Mar Higueras Mart\u00ednez (S)<\/li><li>Francisco Jos\u00e9 Berlanga Alameda<\/li><\/ul><\/td><td style=\"width: 254.55px\"><a href=\"https:\/\/blogsaverroes.juntadeandalucia.es\/iesfrayluisdegranada\/biologia-y-geologia-2\/\">Dpto. Biolog\u00eda y Geolog\u00eda<\/a><\/td><\/tr><tr><td style=\"width: 275.45px\"><ul><li>Ignacio Mart\u00edn Garrido (VD)<\/li><li>\u00c1ngel Asenjo Fenoy<\/li><li>Daniel Ar\u00e9valo Cots (JFEI)<\/li><\/ul><\/td><td style=\"width: 254.55px\"><p><a href=\"https:\/\/blogsaverroes.juntadeandalucia.es\/iesfrayluisdegranada\/dibujo\/\">Dpto. Dibujo<\/a><\/p><p><a href=\"https:\/\/blogsaverroes.juntadeandalucia.es\/iesfrayluisdegranada\/musica\/\">M\u00fasica<\/a><\/p><\/td><\/tr><tr><td style=\"width: 275.45px\"><ul><li>Isabel Mar\u00eda Esteban L\u00f3pez (JD)<\/li><li>Zaida Padial Ruiz<\/li><\/ul><\/td><td style=\"width: 254.55px\"><a href=\"https:\/\/blogsaverroes.juntadeandalucia.es\/iesfrayluisdegranada\/departamentos\/economia\/\" target=\"_blank\" rel=\"noopener\">Dpto. Econom\u00eda<\/a><\/td><\/tr><tr><td style=\"width: 275.45px\"><ul><li>In\u00e9s Ruiz S\u00e1nchez (JD-BI)<\/li><li>Mar\u00eda Dolores Morillas Tom\u00e1s<\/li><li>Francisco Santos L\u00f3pez<\/li><li>Gracia Maldonado Moreno<\/li><\/ul><\/td><td style=\"width: 254.55px\"><a href=\"https:\/\/blogsaverroes.juntadeandalucia.es\/iesfrayluisdegranada\/educacion-fisica\/\">Dpto. Educaci\u00f3n F\u00edsica<\/a><\/td><\/tr><tr><td style=\"width: 275.45px\"><ul><li>Julia Herrera Bol\u00edvar (JD)<\/li><li>Antonio Luis Ruiz de la Fuente Garc\u00eda<\/li><\/ul><\/td><td style=\"width: 254.55px\"><a href=\"https:\/\/blogsaverroes.juntadeandalucia.es\/iesfrayluisdegranada\/filosofia-2\/\">Dpto. Filosof\u00eda<\/a><\/td><\/tr><tr><td style=\"width: 275.45px\"><ul><li>Enrique Le\u00f3n Moreno (JD)<\/li><li>Inmaculada Olea Romacho<\/li><li>Antonio Calmaestra Ruano<\/li><\/ul><\/td><td style=\"width: 254.55px\"><a href=\"https:\/\/blogsaverroes.juntadeandalucia.es\/iesfrayluisdegranada\/fisica-y-quimica\/\">Dpto. F\u00edsica y Qu\u00edmica<\/a><\/td><\/tr><tr><td style=\"width: 275.45px\"><ul><li>Mar\u00eda Victoria Jerez Roz\u00faa (IG)(BI)<\/li><li>Agust\u00edn Fern\u00e1ndez Alarc\u00f3n (JD)(BI)<\/li><li>Patricia Santamar\u00eda Cristino (BI)<\/li><li>Ana Maga\u00f1a Guido<\/li><\/ul><\/td><td style=\"width: 254.55px\"><p><a href=\"https:\/\/blogsaverroes.juntadeandalucia.es\/iesfrayluisdegranada\/geografia-e-historia\/\">Dpto. Geograf\u00eda e Historia<\/a><\/p><\/td><\/tr><tr><td style=\"width: 275.45px\"><ul><li>M\u00aa Teresa Gil Corral (JD)<\/li><li>Pedro Benavides Ruiz (CB)<\/li><li>Rafael Francisco Blasco L\u00f3pez<\/li><li>Mar\u00eda Soledad Correa Bueno<\/li><li>David Mart\u00ednez Cabrero<\/li><\/ul><\/td><td style=\"width: 254.55px\"><a href=\"https:\/\/blogsaverroes.juntadeandalucia.es\/iesfrayluisdegranada\/ingles-2\/\">Dpto. Ingl\u00e9s<\/a><\/td><\/tr><tr><td style=\"width: 275.45px\"><ul><li>Laura Jim\u00e9nez Jim\u00e9nez<\/li><li>Francisca Margarita Mart\u00edn Arnedo<\/li><li>Manuel S\u00e1nchez Garrido<\/li><li>Mar\u00eda Jos\u00e9 Ortu\u00f1o Morales (JD)<\/li><li>Fernando Polo Barrales<\/li><\/ul><\/td><td style=\"width: 254.55px\"><a href=\"https:\/\/blogsaverroes.juntadeandalucia.es\/iesfrayluisdegranada\/lengua\/\">Dpto. Lengua Castellana y Literatura y Lenguas Cl\u00e1sicas<\/a><\/td><\/tr><tr><td style=\"width: 275.45px\"><ul><li>M\u00aa Lourdes S\u00e1nchez Romero (JD) (BI)<\/li><li>Francisco Dur\u00e1n Ceacero (JE)(BI)<\/li><li>Miguel \u00c1ngel Honrubia S\u00e1nchez (D)<\/li><li>Victoria Hern\u00e1ndez Ruano<\/li><li>Leticia Garc\u00eda Rodr\u00edguez<\/li><li>Ana Mar\u00eda Garc\u00eda Fern\u00e1ndez<\/li><li>Est\u00edbaliz Dorronsoro Baldo<\/li><\/ul><\/td><td style=\"width: 254.55px\"><a href=\"https:\/\/blogsaverroes.juntadeandalucia.es\/iesfrayluisdegranada\/matematicas\/\">Dpto. Matem\u00e1ticas<\/a><\/td><\/tr><tr><td style=\"width: 275.45px\"><ul><li>Agust\u00edn G\u00f3mez Tejada (PT)<\/li><li>Vanesa Cruz Mart\u00ednez (JD)<\/li><li>Inmaculada Centeno Castillo<\/li><li>Ana M\u00aa Gonz\u00e1lez Parra (AL-LS)<\/li><li>Carmen V\u00edlchez Ruiz (ATAL)<\/li><\/ul><\/td><td style=\"width: 254.55px\"><a href=\"https:\/\/blogsaverroes.juntadeandalucia.es\/iesfrayluisdegranada\/orientacion-2\/\">Dpto. Orientaci\u00f3n<\/a><\/td><\/tr><tr><td style=\"width: 275.45px\"><ul><li>Miguel Garc\u00eda Garc\u00eda (Cat\u00f3lica)<\/li><\/ul><\/td><td style=\"width: 254.55px\"><a href=\"https:\/\/blogsaverroes.juntadeandalucia.es\/iesfrayluisdegranada\/religion\/\">Dpto. Religi\u00f3n<\/a><\/td><\/tr><tr><td style=\"width: 275.45px\"><ul><li>Mar\u00eda Maldonado Lara<\/li><li>Carmen Flores Mart\u00ednez (JD)<\/li><li>Manuel Morillo G\u00f3mez<\/li><\/ul><\/td><td style=\"width: 254.55px\"><a href=\"https:\/\/blogsaverroes.juntadeandalucia.es\/iesfrayluisdegranada\/segundalengua\/\">Dpto. Segunda Lengua Extranjera (Franc\u00e9s)<\/a><\/td><\/tr><tr><td style=\"width: 275.45px\"><ul><li>Myriam S\u00e1nchez Quero (JD) (TDE)<\/li><li>Roberto\u00a0Linde D\u00edaz<\/li><li>Celia Tall\u00f3n P\u00e9rez (BI)<\/li><li>David Gil Salvador (BI)<\/li><\/ul><\/td><td style=\"width: 254.55px\"><a href=\"https:\/\/blogsaverroes.juntadeandalucia.es\/iesfrayluisdegranada\/tecnologia\/\">Dpto. Tecnolog\u00eda<\/a><\/td><\/tr><\/tbody><\/table><h3>Claves:<\/h3><p>(D): Director; (VD): Vicedirector; (S): Secretaria; (JE): Jefe de Estudios; (JD): Jefe de Departamento; (JFEI): Jefe de Departamento de Formaci\u00f3n, Evaluaci\u00f3n e Innovaci\u00f3n Educativa; (TDE): Coordinadora Transformaci\u00f3n Digital Educativa; (CB): Coordinaci\u00f3n del Biling\u00fcismo; (B): Coordinaci\u00f3n de la Biblioteca; (BI): Profesor Biling\u00fce; (COV): Coordinaci\u00f3n de COVID-19; (PRL): Coordinaci\u00f3n Plan de Autoprotecci\u00f3n, Salud y Riesgos Laborales; (IG): Coordinaci\u00f3n Plan de Igualdad.<\/p><div id=\"gtx-trans\"><div class=\"gtx-trans-icon\">\u00a0<\/div><\/div>\t\t\t\t\t\t\t\t<\/div>\n\t\t\t\t<\/div>\n\t\t\t\t\t<\/div>\n\t\t<\/div>\n\t\t\t\t\t<\/div>\n\t\t<\/section>\n\t\t\t\t<\/div>\n\t\t","protected":false},"excerpt":{"rendered":"<p>Claustro 2025-2026 Antonio Arredondo Garc\u00eda (JD) Inmaculada Morales Morillas Germ\u00e1n Ruiz Segura (PRL) Dpto. Administrativo Enrique Vicente Insa Ponce de Le\u00f3n (JD)(BI) Mar\u00eda del Mar Higueras Mart\u00ednez (S) Francisco Jos\u00e9 Berlanga Alameda Dpto. Biolog\u00eda&#46;&#46;&#46;<\/p>\n","protected":false},"author":2185,"featured_media":0,"parent":0,"menu_order":0,"comment_status":"closed","ping_status":"closed","template":"","meta":{"ngg_post_thumbnail":0,"footnotes":""},"aioseo_notices":[],"_links":{"self":[{"href":"https:\/\/blogsaverroes.juntadeandalucia.es\/iesfrayluisdegranada\/wp-json\/wp\/v2\/pages\/2469"}],"collection":[{"href":"https:\/\/blogsaverroes.juntadeandalucia.es\/iesfrayluisdegranada\/wp-json\/wp\/v2\/pages"}],"about":[{"href":"https:\/\/blogsaverroes.juntadeandalucia.es\/iesfrayluisdegranada\/wp-json\/wp\/v2\/types\/page"}],"author":[{"embeddable":true,"href":"https:\/\/blogsaverroes.juntadeandalucia.es\/iesfrayluisdegranada\/wp-json\/wp\/v2\/users\/2185"}],"replies":[{"embeddable":true,"href":"https:\/\/blogsaverroes.juntadeandalucia.es\/iesfrayluisdegranada\/wp-json\/wp\/v2\/comments?post=2469"}],"version-history":[{"count":83,"href":"https:\/\/blogsaverroes.juntadeandalucia.es\/iesfrayluisdegranada\/wp-json\/wp\/v2\/pages\/2469\/revisions"}],"predecessor-version":[{"id":13026,"href":"https:\/\/blogsaverroes.juntadeandalucia.es\/iesfrayluisdegranada\/wp-json\/wp\/v2\/pages\/2469\/revisions\/13026"}],"wp:attachment":[{"href":"https:\/\/blogsaverroes.juntadeandalucia.es\/iesfrayluisdegranada\/wp-json\/wp\/v2\/media?parent=2469"}],"curies":[{"name":"wp","href":"https:\/\/api.w.org\/{rel}","templated":true}]}}