{"id":2482,"date":"2017-12-29T09:27:27","date_gmt":"2017-12-29T09:27:27","guid":{"rendered":"https:\/\/blogsaverroes.juntadeandalucia.es\/iesfrayluisdegranada\/?page_id=2482"},"modified":"2023-10-19T09:57:23","modified_gmt":"2023-10-19T09:57:23","slug":"etcp","status":"publish","type":"page","link":"https:\/\/blogsaverroes.juntadeandalucia.es\/iesfrayluisdegranada\/etcp\/","title":{"rendered":"ETCP"},"content":{"rendered":"<div id=\"tituloItem\" class=\"blockTituloItem\"><strong><span class=\"tituloItem\">Equipo T\u00e9cnico de Coordinaci\u00f3n Pedag\u00f3gica<\/span><\/strong><\/div>\n<div id=\"contenido_sitio\">\n<p style=\"text-align: justify\">Est\u00e1 integrado por la persona titular de la direcci\u00f3n, que ostenta la presidencia, la persona titular de la jefatura de estudios, las personas titulares de las jefaturas de los departamentos encargados de la coordinaci\u00f3n de las \u00e1reas de competencias, las personas titulares de las jefaturas de los departamentos de orientaci\u00f3n y de formaci\u00f3n, evaluaci\u00f3n e innovaci\u00f3n educativa y, en su caso, la persona titular de la vicedirecci\u00f3n. Ejercer\u00e1 las funciones de secretar\u00eda la jefatura de departamento que designe la presidencia de entre los miembros del equipo.<\/p>\n<p>&nbsp;<\/p>\n<p><strong>COMPONENTES:<\/strong><\/p>\n<ul>\n<li>Miguel \u00c1ngel Honrubia S\u00e1nchez (Director)<\/li>\n<li>Ignacio Mart\u00edn Garrido (Vicedirector)<\/li>\n<li>Francisco Dur\u00e1n Ceacero (Jefe de Estudios)<\/li>\n<li>Vanesa Cruz Mart\u00ednez (Orientadora)<\/li>\n<li>&nbsp;Daniel Ar\u00e9valo Cots (F.E.I.)<\/li>\n<li>Enrique Insa Ponce de Le\u00f3n (A. Cient\u00edfico-Tecnol\u00f3gica)<\/li>\n<li>Victoria Jerez Roz\u00faa (A. Art\u00edstica)<\/li>\n<li>M\u00aa Teresa Gil Corral (A. Social-Ling\u00fc\u00edstica)<\/li>\n<li>Antonio Arredondo Garc\u00eda (A. Formaci\u00f3n Profesional)<\/li>\n<\/ul>\n<p><strong>TRABAJO ACTUAL:<\/strong><\/p>\n<ul>\n<li>Confeccionando el nuevo Plan de Lectura del centro.<\/li>\n<li>Adaptando el Plan de Centro a la nueva normativa LOMLOE.<\/li>\n<\/ul>\n<\/div>\n","protected":false},"excerpt":{"rendered":"<p>Equipo T\u00e9cnico de Coordinaci\u00f3n Pedag\u00f3gica Est\u00e1 integrado por la persona titular de la direcci\u00f3n, que ostenta la presidencia, la persona titular de la jefatura de estudios, las personas titulares de las jefaturas de los&#46;&#46;&#46;<\/p>\n","protected":false},"author":2185,"featured_media":0,"parent":0,"menu_order":0,"comment_status":"closed","ping_status":"closed","template":"","meta":{"ngg_post_thumbnail":0,"footnotes":""},"aioseo_notices":[],"_links":{"self":[{"href":"https:\/\/blogsaverroes.juntadeandalucia.es\/iesfrayluisdegranada\/wp-json\/wp\/v2\/pages\/2482"}],"collection":[{"href":"https:\/\/blogsaverroes.juntadeandalucia.es\/iesfrayluisdegranada\/wp-json\/wp\/v2\/pages"}],"about":[{"href":"https:\/\/blogsaverroes.juntadeandalucia.es\/iesfrayluisdegranada\/wp-json\/wp\/v2\/types\/page"}],"author":[{"embeddable":true,"href":"https:\/\/blogsaverroes.juntadeandalucia.es\/iesfrayluisdegranada\/wp-json\/wp\/v2\/users\/2185"}],"replies":[{"embeddable":true,"href":"https:\/\/blogsaverroes.juntadeandalucia.es\/iesfrayluisdegranada\/wp-json\/wp\/v2\/comments?post=2482"}],"version-history":[{"count":6,"href":"https:\/\/blogsaverroes.juntadeandalucia.es\/iesfrayluisdegranada\/wp-json\/wp\/v2\/pages\/2482\/revisions"}],"predecessor-version":[{"id":9464,"href":"https:\/\/blogsaverroes.juntadeandalucia.es\/iesfrayluisdegranada\/wp-json\/wp\/v2\/pages\/2482\/revisions\/9464"}],"wp:attachment":[{"href":"https:\/\/blogsaverroes.juntadeandalucia.es\/iesfrayluisdegranada\/wp-json\/wp\/v2\/media?parent=2482"}],"curies":[{"name":"wp","href":"https:\/\/api.w.org\/{rel}","templated":true}]}}