{"id":2503,"date":"2018-07-16T09:48:19","date_gmt":"2018-07-16T09:48:19","guid":{"rendered":"https:\/\/blogsaverroes.juntadeandalucia.es\/iesfrayluisdegranada\/?page_id=2503"},"modified":"2025-07-01T07:27:00","modified_gmt":"2025-07-01T07:27:00","slug":"libros-de-texto","status":"publish","type":"page","link":"https:\/\/blogsaverroes.juntadeandalucia.es\/iesfrayluisdegranada\/libros-de-texto\/","title":{"rendered":"Libros de texto (2025-2026)"},"content":{"rendered":"<h1>ESO<\/h1>\n<p>Los libros de texto de la ESO est\u00e1n acogidos al <a href=\"http:\/\/juntadeandalucia.es\/temas\/estudiar\/becas\/libros-texto.html\" target=\"_blank\" rel=\"noopener noreferrer\">Programa de Gratuidad de los Libros de Texto<\/a>. Para los tres primeros cursos, las familias disponen de un cheque-libro que pueden descargarse en el Punto de Recogida Electr\u00f3nico para poder adquirirlos. En 4\u00ba de ESO, una vez comenzado el curso. los propios profesores de las distintas materias proceder\u00e1n a la entrega de los libros al alumnado.<\/p>\n<p><a href=\"https:\/\/www.dropbox.com\/scl\/fi\/l95hrrw69wtnxbe0i2tnr\/libros_de_texto_eso_2425.pdf?rlkey=rfpkbcbycrqil18th4n41bf27&amp;st=10324df9&amp;dl=0\">Listado completo de los libros de texto de la ESO (cursos 24\/25 a 27\/28)<\/a>.<\/p>\n<h1><span class=\"titulo\">Bachillerato<\/span><\/h1>\n<p>En esta etapa es aconsejable encargar los libros pero no adquirirlos hasta una vez empezado el curso, puesto que es cada profesor quien decide en su materia si la adquisici\u00f3n del texto ser\u00e1 o no imprescindible, o incluso innecesaria (porque vayan a usar varios textos de consulta, porque la asignatura se imparta por apuntes, etc.).<\/p>\n<p><a href=\"https:\/\/www.dropbox.com\/s\/taszzv65ef1404y\/libros_texto_bach.pdf?dl=0\">Listado completo de libros de texto de Bachillerato (curso 2025-2026)<\/a><\/p>\n<h1 class=\"titulo\">Ciclo Formativo<\/h1>\n<p>El \u00faltimo listado de libros recomendados para el ciclo aparece m\u00e1s abajo, pero recomendamos esperar a consejo de cada profesor por si hay alguna modificaci\u00f3n.<\/p>\n<p><strong>Primer curso<\/strong><\/p>\n<p class=\"western\">&#8211; Comunicaci\u00f3n y Atenci\u00f3n al Cliente, Mc Graw Hill<\/p>\n<p>&#8211; Gesti\u00f3n de la Documentaci\u00f3n, Editorial Mc Millan<\/p>\n<p>&#8211; FOL, Editorial Mc Millan. Serie evoluciona (actualizada)<\/p>\n<p class=\"western\" lang=\"en-US\">&#8211; Ingl\u00e9s, Business Result, Pre-Intermediate. Oxford. 9780194738767<\/p>\n<p class=\"western\">&#8211; Ofim\u00e1tica y Proceso de la Informaci\u00f3n, Editorial Editex.<\/p>\n<p class=\"western\">&#8211; Proceso Integral de la Actividad Comercial, Editorial Macmillan.<\/p>\n<p class=\"western\">&#8211; RR.HH., Editorial Mc Graw Hill<\/p>\n<p><strong>Segundo curso<\/strong><\/p>\n<p>&#8211; Gesti\u00f3n Log\u00edstica y Comercial, Editorial Paraninfo<\/p>\n<p lang=\"en-US\">&#8211; Productos Financieros, Editorial Mc Graw Hill.<\/p>\n<p class=\"western\" lang=\"en-US\">&#8211; RR.HH, Editorial Mc Graw Hill.<\/p>\n<p class=\"western\">&nbsp;<\/p>\n","protected":false},"excerpt":{"rendered":"<p>ESO Los libros de texto de la ESO est\u00e1n acogidos al Programa de Gratuidad de los Libros de Texto. Para los tres primeros cursos, las familias disponen de un cheque-libro que pueden descargarse en&#46;&#46;&#46;<\/p>\n","protected":false},"author":2185,"featured_media":2126,"parent":0,"menu_order":0,"comment_status":"closed","ping_status":"closed","template":"","meta":{"ngg_post_thumbnail":0,"footnotes":""},"aioseo_notices":[],"_links":{"self":[{"href":"https:\/\/blogsaverroes.juntadeandalucia.es\/iesfrayluisdegranada\/wp-json\/wp\/v2\/pages\/2503"}],"collection":[{"href":"https:\/\/blogsaverroes.juntadeandalucia.es\/iesfrayluisdegranada\/wp-json\/wp\/v2\/pages"}],"about":[{"href":"https:\/\/blogsaverroes.juntadeandalucia.es\/iesfrayluisdegranada\/wp-json\/wp\/v2\/types\/page"}],"author":[{"embeddable":true,"href":"https:\/\/blogsaverroes.juntadeandalucia.es\/iesfrayluisdegranada\/wp-json\/wp\/v2\/users\/2185"}],"replies":[{"embeddable":true,"href":"https:\/\/blogsaverroes.juntadeandalucia.es\/iesfrayluisdegranada\/wp-json\/wp\/v2\/comments?post=2503"}],"version-history":[{"count":24,"href":"https:\/\/blogsaverroes.juntadeandalucia.es\/iesfrayluisdegranada\/wp-json\/wp\/v2\/pages\/2503\/revisions"}],"predecessor-version":[{"id":12326,"href":"https:\/\/blogsaverroes.juntadeandalucia.es\/iesfrayluisdegranada\/wp-json\/wp\/v2\/pages\/2503\/revisions\/12326"}],"wp:featuredmedia":[{"embeddable":true,"href":"https:\/\/blogsaverroes.juntadeandalucia.es\/iesfrayluisdegranada\/wp-json\/wp\/v2\/media\/2126"}],"wp:attachment":[{"href":"https:\/\/blogsaverroes.juntadeandalucia.es\/iesfrayluisdegranada\/wp-json\/wp\/v2\/media?parent=2503"}],"curies":[{"name":"wp","href":"https:\/\/api.w.org\/{rel}","templated":true}]}}