{"id":2507,"date":"2017-12-29T09:49:23","date_gmt":"2017-12-29T09:49:23","guid":{"rendered":"https:\/\/blogsaverroes.juntadeandalucia.es\/iesfrayluisdegranada\/?page_id=2507"},"modified":"2025-09-12T06:22:54","modified_gmt":"2025-09-12T06:22:54","slug":"normas-de-convivencia","status":"publish","type":"page","link":"https:\/\/blogsaverroes.juntadeandalucia.es\/iesfrayluisdegranada\/normas-de-convivencia\/","title":{"rendered":"Normas de convivencia"},"content":{"rendered":"<p>Las normas de convivencia del centro se encuentran en el Reglamento de Organizaci\u00f3n y Funcionamiento y en el Plan de Convivencia (cap. 13) del Plan de Centro (men\u00fa INICIO\/Plan de Centro\/ROF).<\/p>\n<p>A continuaci\u00f3n se muestra un extracto de esas normas de convivencia, que el alumnado acepta cumplir al formalizar la matr\u00edcula en nuestro centro:<\/p>\n<h1>Normas de convivencia<\/h1>\n<ol>\n<li><strong>Respetaremos a los dem\u00e1s<\/strong>, sea cual sea su condici\u00f3n religiosa, ideol\u00f3gica, f\u00edsica, de g\u00e9nero o \u00e9tnica.<\/li>\n<li><strong>Respetaremos<\/strong> la autoridad y las orientaciones del <strong>profesorado<\/strong>.<\/li>\n<li>Traeremos el <strong>material<\/strong> escolar y respetaremos el de los dem\u00e1s, el del centro y el nuestro. El alumnado es responsable de sus pertenencias. En caso de p\u00e9rdida o sustracci\u00f3n, el centro no se responsabiliza de las mismas.<\/li>\n<li>Mantendremos <strong>limpio<\/strong> el centro y haremos buen uso de sus instalaciones y materiales. Usaremos las papeleras y nos responsabilizaremos del estado de nuestra aula. Apagaremos las luces y el proyector cuando no sean necesarios. Al terminar la clase dejaremos las sillas y mesas bien colocadas. <strong>Repararemos los da\u00f1os causados<\/strong>. No comeremos hasta el recreo y siempre, fuera de los edificios.<\/li>\n<li><strong>Seremos puntuales<\/strong> y en horario de clase permaneceremos en el aula, saliendo s\u00f3lo si lo permite el profesor o la profesora, a\u00fan cuando haya sonado el timbre. Llamaremos a las puertas antes de entrar. Entraremos y saldremos del centro por la puerta de peatones, no por la de los coches. No permaneceremos en los pasillos durante el recreo.<\/li>\n<li>Guardaremos <strong>silencio<\/strong> en el centro y en clase, especialmente mientras el profesor o la profesora explica o nos desplazamos a otra aula.<\/li>\n<li>Trabajaremos en clase siguiendo las <strong>indicaciones del profesorado<\/strong>. Permaneceremos sentados correctamente, pidiendo permiso para intervenir o levantarnos. Respetaremos los sitios asignados por el tutor o el profesorado.<\/li>\n<li>Vendremos al centro <strong>vestidos y aseados correctamente<\/strong>, seg\u00fan se establece en los apartados 4.13 y 3.10.5 del ROF.<\/li>\n<li>Est\u00e1 <strong>prohibido el uso del m\u00f3vil<\/strong> en todo el centro, salvo que alg\u00fan profesor lo autorice expresamente para una actividad determinada.<\/li>\n<li>Ante cualquier problema o conflicto con alg\u00fan compa\u00f1ero o compa\u00f1era (<strong>acoso<\/strong>, insultos, amenazas\u2026), el alumnado deber\u00e1 dirigirse en privado a cualquier profesor o profesora, que lo atender\u00e1 de forma discreta.<\/li>\n<\/ol>\n<h2>Aclaraciones sobre el uso del m\u00f3vil y otros dispositivos<\/h2>\n<ol>\n<li class=\"western\">Est\u00e1 totalmente prohibido el uso de tel\u00e9fonos m\u00f3viles y otros aparatos electr\u00f3nicos (videojuegos, auriculares&#8230;) en el centro sin autorizaci\u00f3n expresa del profesorado.<\/li>\n<li class=\"western\">El alumnado sorprendido usando su m\u00f3vil sin autorizaci\u00f3n, <b>ser\u00e1 expulsado por un d\u00eda<\/b> del centro, salvo que deposite su dispositivo en la Jefatura de Estudios para su entrega personal al padre, madre o tutor legal del alumno <span style=\"color: #21211e\"><span style=\"font-family: Source Sans Pro, sans-serif\"><span style=\"font-size: small\">por la tarde<\/span><\/span><\/span>.<\/li>\n<li class=\"western\">La reiteraci\u00f3n en el uso no autorizado del m\u00f3vil ser\u00e1 considerada una falta grave.<\/li>\n<li class=\"western\">En cumplimiento de la ley de protecci\u00f3n de datos vigente y amparados en el derecho a la intimidad e imagen personal de todos los miembros de nuestra comunidad educativa, el uso de dispositivos m\u00f3viles para <b>tomar fotograf\u00edas, v\u00eddeos o grabar sonidos<\/b> ser\u00e1 considerado como <b>conducta gravemente perjudicial para la convivencia<\/b>. La difusi\u00f3n de ese tipo de archivos en Internet ser\u00e1 un agravante.<\/li>\n<li class=\"western\">S\u00f3lo el profesorado est\u00e1 autorizado a la manipulaci\u00f3n de las pizarras digitales.<\/li>\n<li class=\"western\">En virtud del punto 1, se recomienda no traer el m\u00f3vil al instituto. De no hacerlo as\u00ed, el Instituto no se responsabiliza del extrav\u00edo o hurto de cualquier aparato electr\u00f3nico, correspondiendo a cada alumno su guarda y custodia.<\/li>\n<li class=\"western\">El <b>ciberacoso<\/b> o acoso a trav\u00e9s de las redes sociales est\u00e1 tipificado y contemplado en nuestro ROF como una <b>falta grave<\/b>, incluso cuando ocurra fuera del horario lectivo, por cuanto pudiese afectar a la <span style=\"color: #21211e\"><span style=\"font-family: Source Sans Pro, sans-serif\"><span style=\"font-size: small\">convivencia<\/span><\/span><\/span> en el centro.<\/li>\n<\/ol>\n<h2 class=\"western\">Aclaraciones sobre los vapeadores<\/h2>\n<ol>\n<li class=\"western\">El uso del tabaco o <b>vapeadores<\/b> en el centro es una conducta <b>gravemente perjudicial <\/b>para la convivencia que ser\u00e1 corregida con la privaci\u00f3n del derecho de asistencia al centro por, al menos, cuatro d\u00edas.<\/li>\n<li class=\"western\">Su mera tenencia o exhibici\u00f3n ser\u00e1 tambi\u00e9n considerada del mismo modo.<\/li>\n<li class=\"western\">El profesorado est\u00e1 autorizado a entrar en los servicios del alumnado para evitar estas y otras conductas que atentan contra la salud de nuestra comunidad educativa.<\/li>\n<\/ol>\n","protected":false},"excerpt":{"rendered":"<p>Las normas de convivencia del centro se encuentran en el Reglamento de Organizaci\u00f3n y Funcionamiento y en el Plan de Convivencia (cap. 13) del Plan de Centro (men\u00fa INICIO\/Plan de Centro\/ROF). A continuaci\u00f3n se&#46;&#46;&#46;<\/p>\n","protected":false},"author":2185,"featured_media":2282,"parent":0,"menu_order":0,"comment_status":"closed","ping_status":"closed","template":"","meta":{"ngg_post_thumbnail":0,"footnotes":""},"aioseo_notices":[],"_links":{"self":[{"href":"https:\/\/blogsaverroes.juntadeandalucia.es\/iesfrayluisdegranada\/wp-json\/wp\/v2\/pages\/2507"}],"collection":[{"href":"https:\/\/blogsaverroes.juntadeandalucia.es\/iesfrayluisdegranada\/wp-json\/wp\/v2\/pages"}],"about":[{"href":"https:\/\/blogsaverroes.juntadeandalucia.es\/iesfrayluisdegranada\/wp-json\/wp\/v2\/types\/page"}],"author":[{"embeddable":true,"href":"https:\/\/blogsaverroes.juntadeandalucia.es\/iesfrayluisdegranada\/wp-json\/wp\/v2\/users\/2185"}],"replies":[{"embeddable":true,"href":"https:\/\/blogsaverroes.juntadeandalucia.es\/iesfrayluisdegranada\/wp-json\/wp\/v2\/comments?post=2507"}],"version-history":[{"count":13,"href":"https:\/\/blogsaverroes.juntadeandalucia.es\/iesfrayluisdegranada\/wp-json\/wp\/v2\/pages\/2507\/revisions"}],"predecessor-version":[{"id":12572,"href":"https:\/\/blogsaverroes.juntadeandalucia.es\/iesfrayluisdegranada\/wp-json\/wp\/v2\/pages\/2507\/revisions\/12572"}],"wp:featuredmedia":[{"embeddable":true,"href":"https:\/\/blogsaverroes.juntadeandalucia.es\/iesfrayluisdegranada\/wp-json\/wp\/v2\/media\/2282"}],"wp:attachment":[{"href":"https:\/\/blogsaverroes.juntadeandalucia.es\/iesfrayluisdegranada\/wp-json\/wp\/v2\/media?parent=2507"}],"curies":[{"name":"wp","href":"https:\/\/api.w.org\/{rel}","templated":true}]}}