{"id":2567,"date":"2018-01-05T12:05:02","date_gmt":"2018-01-05T12:05:02","guid":{"rendered":"https:\/\/blogsaverroes.juntadeandalucia.es\/iesfrayluisdegranada\/?page_id=2567"},"modified":"2019-07-08T10:05:37","modified_gmt":"2019-07-08T10:05:37","slug":"organigrama-2","status":"publish","type":"page","link":"https:\/\/blogsaverroes.juntadeandalucia.es\/iesfrayluisdegranada\/organigrama-2\/","title":{"rendered":"Organigrama"},"content":{"rendered":"<p>&nbsp;<\/p>\n<ul>\n<li><a href=\"https:\/\/blogsaverroes.juntadeandalucia.es\/iesfrayluisdegranada\/equipo-directivo\/\">Equipo Directivo<\/a>.<\/li>\n<li><a href=\"https:\/\/blogsaverroes.juntadeandalucia.es\/iesfrayluisdegranada\/organos-colegiados\/\">\u00d3rganos Colegiados<\/a>:\n<ul>\n<li><a href=\"https:\/\/blogsaverroes.juntadeandalucia.es\/iesfrayluisdegranada\/claustro-de-profesorado\/\">Claustro del Profesorado<\/a>.<\/li>\n<li><a href=\"https:\/\/blogsaverroes.juntadeandalucia.es\/iesfrayluisdegranada\/consejo-escolar\/\">Consejo Escolar<\/a>.<\/li>\n<\/ul>\n<\/li>\n<li><a href=\"https:\/\/blogsaverroes.juntadeandalucia.es\/iesfrayluisdegranada\/organos-de-coordinacion-docente\/\">\u00d3rganos de Coordinaci\u00f3n docente<\/a>.\n<ul>\n<li>\u00c1reas de competencias.\n<ul>\n<li>\u00c1rea art\u00edstica.<\/li>\n<li>\u00c1rea cient\u00edfico-tecnol\u00f3gica.<\/li>\n<li>\u00c1rea de formaci\u00f3n profesional.<\/li>\n<li>\u00c1rea social-ling\u00fc\u00edstica.<\/li>\n<\/ul>\n<\/li>\n<li>Departamento de Formaci\u00f3n, Evaluaci\u00f3n e Innovaci\u00f3n educativa (FEI).<\/li>\n<li>Departamentos did\u00e1cticos.<\/li>\n<li>ETCP.<\/li>\n<li>Tutor\u00edas y profesorado.<\/li>\n<\/ul>\n<\/li>\n<li><img decoding=\"async\" src=\"https:\/\/blogsaverroes.juntadeandalucia.es\/iesfrayluisdegranada\/files\/2018\/01\/organigrama.jpg\" usemap=\"#image-map\"><\/li>\n<\/ul>\n<map name=\"image-map\">\n<area title=\"Equipo Directivo\" alt=\"Equipo Directivo\" coords=\"316,88,460,112\" shape=\"rect\" href=\"https:\/\/blogsaverroes.juntadeandalucia.es\/iesfrayluisdegranada\/equipo-directivo\/\" target=\"\">\n<area title=\"\u00d3rganos Colegiados\" alt=\"\u00d3rganos Colegiados\" coords=\"106,157,320,180\" shape=\"rect\" href=\"https:\/\/blogsaverroes.juntadeandalucia.es\/iesfrayluisdegranada\/organos-colegiados\/\" target=\"\">\n<area title=\"\u00d3rganos de Coordinaci\u00f3n Docente\" alt=\"\u00d3rganos de Coordinaci\u00f3n Docente\" coords=\"482,157,625,196\" shape=\"rect\" href=\"https:\/\/blogsaverroes.juntadeandalucia.es\/iesfrayluisdegranada\/organos-de-coordinacion-docente\/\" target=\"\"> <\/map>\n","protected":false},"excerpt":{"rendered":"<p>&nbsp; Equipo Directivo. \u00d3rganos Colegiados: Claustro del Profesorado. Consejo Escolar. \u00d3rganos de Coordinaci\u00f3n docente. \u00c1reas de competencias. \u00c1rea art\u00edstica. \u00c1rea cient\u00edfico-tecnol\u00f3gica. \u00c1rea de formaci\u00f3n profesional. \u00c1rea social-ling\u00fc\u00edstica. Departamento de Formaci\u00f3n, Evaluaci\u00f3n e Innovaci\u00f3n educativa&#46;&#46;&#46;<\/p>\n","protected":false},"author":2185,"featured_media":0,"parent":0,"menu_order":0,"comment_status":"closed","ping_status":"closed","template":"","meta":{"ngg_post_thumbnail":0,"footnotes":""},"aioseo_notices":[],"_links":{"self":[{"href":"https:\/\/blogsaverroes.juntadeandalucia.es\/iesfrayluisdegranada\/wp-json\/wp\/v2\/pages\/2567"}],"collection":[{"href":"https:\/\/blogsaverroes.juntadeandalucia.es\/iesfrayluisdegranada\/wp-json\/wp\/v2\/pages"}],"about":[{"href":"https:\/\/blogsaverroes.juntadeandalucia.es\/iesfrayluisdegranada\/wp-json\/wp\/v2\/types\/page"}],"author":[{"embeddable":true,"href":"https:\/\/blogsaverroes.juntadeandalucia.es\/iesfrayluisdegranada\/wp-json\/wp\/v2\/users\/2185"}],"replies":[{"embeddable":true,"href":"https:\/\/blogsaverroes.juntadeandalucia.es\/iesfrayluisdegranada\/wp-json\/wp\/v2\/comments?post=2567"}],"version-history":[{"count":4,"href":"https:\/\/blogsaverroes.juntadeandalucia.es\/iesfrayluisdegranada\/wp-json\/wp\/v2\/pages\/2567\/revisions"}],"predecessor-version":[{"id":3440,"href":"https:\/\/blogsaverroes.juntadeandalucia.es\/iesfrayluisdegranada\/wp-json\/wp\/v2\/pages\/2567\/revisions\/3440"}],"wp:attachment":[{"href":"https:\/\/blogsaverroes.juntadeandalucia.es\/iesfrayluisdegranada\/wp-json\/wp\/v2\/media?parent=2567"}],"curies":[{"name":"wp","href":"https:\/\/api.w.org\/{rel}","templated":true}]}}