{"id":2734,"date":"2018-02-06T17:17:29","date_gmt":"2018-02-06T17:17:29","guid":{"rendered":"https:\/\/blogsaverroes.juntadeandalucia.es\/iesfrayluisdegranada\/?page_id=2734"},"modified":"2018-02-06T17:22:35","modified_gmt":"2018-02-06T17:22:35","slug":"orientaciones-para-la-presentacion-de-libretas-examenes-trabajos","status":"publish","type":"page","link":"https:\/\/blogsaverroes.juntadeandalucia.es\/iesfrayluisdegranada\/orientaciones-para-la-presentacion-de-libretas-examenes-trabajos\/","title":{"rendered":"Orientaciones para la presentaci\u00f3n de libretas, ex\u00e1menes, trabajos, &#8230;"},"content":{"rendered":"<ul>\n<li>Respetar los m\u00e1rgenes (superior, inferior, izquierdo y derecho).<\/li>\n<li>Usar una letra y caracteres, en general, legibles.<\/li>\n<li>Usar adecuadamente las may\u00fasculas.<\/li>\n<li>Cuidar la ortograf\u00eda.<\/li>\n<li>No abusar del corrector blanco (tipex): tachar \u201ccon elegancia\u201d.<\/li>\n<li>Crear encabezamientos y pies de p\u00e1gina apropiados.<\/li>\n<li>Escribir con un s\u00f3lo color o, excepcionalmente, con dos.<\/li>\n<li>Presentar los trabajos en folios A4.<\/li>\n<li>Indicar en la primera p\u00e1gina (portada) el t\u00edtulo del trabajo, el autor o autores, el curso y grupo y el a\u00f1o acad\u00e9mico.<\/li>\n<li>Usar los c\u00f3digos apropiados y modos de expresi\u00f3n propios de cada materia.<\/li>\n<\/ul>\n<p>La valoraci\u00f3n por parte del profesorado incluir\u00e1 el respeto a estas normas de presentaci\u00f3n.<\/p>\n<p><a href=\"https:\/\/blogsaverroes.juntadeandalucia.es\/iesfrayluisdegranada\/files\/2018\/02\/normas_trabajos.pdf\">Pulsa aqu\u00ed para descargar estas normas en PDF<\/a>.<\/p>\n","protected":false},"excerpt":{"rendered":"<p>Respetar los m\u00e1rgenes (superior, inferior, izquierdo y derecho). Usar una letra y caracteres, en general, legibles. Usar adecuadamente las may\u00fasculas. Cuidar la ortograf\u00eda. No abusar del corrector blanco (tipex): tachar \u201ccon elegancia\u201d. Crear encabezamientos&#46;&#46;&#46;<\/p>\n","protected":false},"author":2185,"featured_media":2398,"parent":0,"menu_order":0,"comment_status":"closed","ping_status":"closed","template":"","meta":{"ngg_post_thumbnail":0,"footnotes":""},"aioseo_notices":[],"_links":{"self":[{"href":"https:\/\/blogsaverroes.juntadeandalucia.es\/iesfrayluisdegranada\/wp-json\/wp\/v2\/pages\/2734"}],"collection":[{"href":"https:\/\/blogsaverroes.juntadeandalucia.es\/iesfrayluisdegranada\/wp-json\/wp\/v2\/pages"}],"about":[{"href":"https:\/\/blogsaverroes.juntadeandalucia.es\/iesfrayluisdegranada\/wp-json\/wp\/v2\/types\/page"}],"author":[{"embeddable":true,"href":"https:\/\/blogsaverroes.juntadeandalucia.es\/iesfrayluisdegranada\/wp-json\/wp\/v2\/users\/2185"}],"replies":[{"embeddable":true,"href":"https:\/\/blogsaverroes.juntadeandalucia.es\/iesfrayluisdegranada\/wp-json\/wp\/v2\/comments?post=2734"}],"version-history":[{"count":3,"href":"https:\/\/blogsaverroes.juntadeandalucia.es\/iesfrayluisdegranada\/wp-json\/wp\/v2\/pages\/2734\/revisions"}],"predecessor-version":[{"id":2740,"href":"https:\/\/blogsaverroes.juntadeandalucia.es\/iesfrayluisdegranada\/wp-json\/wp\/v2\/pages\/2734\/revisions\/2740"}],"wp:featuredmedia":[{"embeddable":true,"href":"https:\/\/blogsaverroes.juntadeandalucia.es\/iesfrayluisdegranada\/wp-json\/wp\/v2\/media\/2398"}],"wp:attachment":[{"href":"https:\/\/blogsaverroes.juntadeandalucia.es\/iesfrayluisdegranada\/wp-json\/wp\/v2\/media?parent=2734"}],"curies":[{"name":"wp","href":"https:\/\/api.w.org\/{rel}","templated":true}]}}