{"id":2751,"date":"2018-02-12T10:12:40","date_gmt":"2018-02-12T10:12:40","guid":{"rendered":"https:\/\/blogsaverroes.juntadeandalucia.es\/iesfrayluisdegranada\/?page_id=2751"},"modified":"2025-10-18T10:06:39","modified_gmt":"2025-10-18T10:06:39","slug":"erasmus-2017-herramientas-para-la-ensenanza-y-el-aprendizaje-en-un-mundo-pequeno","status":"publish","type":"page","link":"https:\/\/blogsaverroes.juntadeandalucia.es\/iesfrayluisdegranada\/innovacion\/erasmus\/erasmus-2017-herramientas-para-la-ensenanza-y-el-aprendizaje-en-un-mundo-pequeno\/","title":{"rendered":"Erasmus+ 2017 \u00abHerramientas para la ense\u00f1anza y el aprendizaje en un mundo peque\u00f1o\u00bb"},"content":{"rendered":"<div id=\"contenido_sitio\">\n<p><a href=\"http:\/\/ec.europa.eu\/programmes\/erasmus-plus\/projects\/eplus-project-details\/#project\/8f2632ed-bf20-438d-a7a0-902429ebac0c\">Web del proyecto en Erasmus+ Project Results Platform<\/a>.<\/p>\n<h2>Movilidades<\/h2>\n<p><a href=\"https:\/\/blogsaverroes.juntadeandalucia.es\/iesfrayluisdegranada\/digital-steam-science-arts-and-mathematics-with-digital-devices-tallin-abril-de-2018\/\">\u00abTablet for Science and Math\u00bb, Tall\u00edn (Estonia), del 15 al 21 de abril de 2018<\/a>.<\/p>\n<p><a href=\"https:\/\/blogsaverroes.juntadeandalucia.es\/iesfrayluisdegranada\/integrated-curriculum-teaching-global-skills-through-science-arts\/\">\u00abIntegrated curriculum! Teaching global skills through science &amp; arts\u00bb, Helsinki-Vantaa (Finlandia), del 26 de agosto al 1 de septiembre de 2018<\/a>.<\/p>\n<h2>Resumen del proyecto<\/h2>\n<p>El proyecto nace para contribuir al desarrollo de nuestro centro actuando en \u00e1reas de mejora detectadas tras un an\u00e1lisis sistem\u00e1tico y concienzudo que ha dado lugar a un Plan de Desarrollo Europeo para la mejora de la calidad, la modernizaci\u00f3n y la internacionalizaci\u00f3n de nuestro centro.<\/p>\n<p>Bajo el t\u00edtulo \u00abHerramientas para la ense\u00f1anza y el aprendizaje en un mundo peque\u00f1o\u00bb persigue contribuir a la consecuci\u00f3n de muchos de los objetivos recogidos en la <a href=\"https:\/\/www.mecd.gob.es\/educacion\/mc\/redie-eurydice\/prioridades-europeas\/e2020.html\">Estrategia Europa 2020<\/a> y a los de <a href=\"https:\/\/www.mecd.gob.es\/educacion\/mc\/redie-eurydice\/prioridades-europeas\/et2020.html\">ET2020<\/a>, as\u00ed como otros m\u00e1s concretos que nos hemos propuesto en el \u00e1mbito de nuestro centro, a saber:<\/p>\n<ul>\n<li>Fomentar el uso de diferentes recursos por parte de los departamentos did\u00e1cticos;<\/li>\n<li>Apreciar las posibilidades interdisciplinares de tales recursos;<\/li>\n<li>Prestar atenci\u00f3n a los recursos que permitan una f\u00e1cil adaptaci\u00f3n a los diferentes contextos culturales de procedencia de nuestro alumnado, as\u00ed como al mundo al que tendr\u00e1n que incorporarse tras su paso por nuestro centro;<\/li>\n<li>Aprender las buenas pr\u00e1cticas educativas de los pa\u00edses cuya calidad de su ense\u00f1anza est\u00e1 mundialmente reconocida a trav\u00e9s de informes internacionales de evaluaci\u00f3n;<\/li>\n<li>Mejorar el desarrollo personal de nuestro alumnado, su empleabilidad y su participaci\u00f3n como ciudadanos activos en la sociedad;<\/li>\n<li>Apoyar el desarrollo profesional del personal que trabaja en nuestro centro y aumentar su competencia digital;<\/li>\n<li>Mejorar la cmpetencia en lenguas extranjeras de los profesores y de los alumnos;<\/li>\n<li>Incrementar la sensibilizaci\u00f3n de nuestros estudiantes y personal en relaci\u00f3n a otras culturas y pa\u00edses y aumentar el atractivo y la dimensi\u00f3n internacional de nuestro centro;<\/li>\n<li>Mejorar las competencias de los directivos y docentes de nuestro centro en la gesti\u00f3n de la coordinaci\u00f3n entre departamentos did\u00e1citcos y la multiculturalidad, tanto en su vertiente organizativa como educativa.<\/li>\n<\/ul>\n<p>Para la consecuci\u00f3n de estos objetivos hemos programado una serie de actividades, unas de ellas materializadas en movilidades formativas al exterior y otras concretadas en actividades de apoyo, difusi\u00f3n y evaluaci\u00f3n. Las movilidades programadas son:<\/p>\n<ul>\n<li>La asistencia de dos profesores al curso estructurado \u00abTablet for Science and Math\u00bb que se impartir\u00e1 en Tall\u00edn (Estonia), entre los d\u00edas 15 y 21 de abril de 2018;<\/li>\n<li>La asistencia de dos profesores al curso estructurado \u00abIntegrated curriculum! Teaching global skills through science &amp; arts\u00bb que se impartir\u00e1 en Helsinki-Vantaa (Finlandia) entre los d\u00edas 26 de agosto y 1 de septiembre de 2018.<\/li>\n<\/ul>\n<p>La comunicaci\u00f3n eficaz, utilizando para ello todos los recursos disponibles, ser\u00e1 la base de la metodolog\u00eda utilizada en estre proyecto. Los profesores movilizados conseguir\u00e1n unos resultados del aprendizaje tales como el conocimiento de metodolog\u00edas vers\u00e1tiles y apropiadas, tanto en su vertiente organizativa como docente. Estas buenas pr\u00e1cticas, mediante un proceso de difusi\u00f3n interna e implantaci\u00f3n paulatina, producir\u00e1n unos impactos positivos, relevantes y sostenibles en nuestro centro, entre los que cabr\u00eda destacar la inclusi\u00f3n e integraci\u00f3n de todos los alumnos que lleguen a nuestro centro y al mejora en el desarrollo personal y profesional de nuestros alumnos a trav\u00e9s de la adquisici\u00f3n de competencias digitales y multiculturales.<\/p>\n<\/div>\n","protected":false},"excerpt":{"rendered":"<p>Web del proyecto en Erasmus+ Project Results Platform. Movilidades \u00abTablet for Science and Math\u00bb, Tall\u00edn (Estonia), del 15 al 21 de abril de 2018. \u00abIntegrated curriculum! Teaching global skills through science &amp; arts\u00bb, Helsinki-Vantaa&#46;&#46;&#46;<\/p>\n","protected":false},"author":2185,"featured_media":0,"parent":2451,"menu_order":0,"comment_status":"closed","ping_status":"closed","template":"","meta":{"ngg_post_thumbnail":0,"footnotes":""},"aioseo_notices":[],"_links":{"self":[{"href":"https:\/\/blogsaverroes.juntadeandalucia.es\/iesfrayluisdegranada\/wp-json\/wp\/v2\/pages\/2751"}],"collection":[{"href":"https:\/\/blogsaverroes.juntadeandalucia.es\/iesfrayluisdegranada\/wp-json\/wp\/v2\/pages"}],"about":[{"href":"https:\/\/blogsaverroes.juntadeandalucia.es\/iesfrayluisdegranada\/wp-json\/wp\/v2\/types\/page"}],"author":[{"embeddable":true,"href":"https:\/\/blogsaverroes.juntadeandalucia.es\/iesfrayluisdegranada\/wp-json\/wp\/v2\/users\/2185"}],"replies":[{"embeddable":true,"href":"https:\/\/blogsaverroes.juntadeandalucia.es\/iesfrayluisdegranada\/wp-json\/wp\/v2\/comments?post=2751"}],"version-history":[{"count":6,"href":"https:\/\/blogsaverroes.juntadeandalucia.es\/iesfrayluisdegranada\/wp-json\/wp\/v2\/pages\/2751\/revisions"}],"predecessor-version":[{"id":3133,"href":"https:\/\/blogsaverroes.juntadeandalucia.es\/iesfrayluisdegranada\/wp-json\/wp\/v2\/pages\/2751\/revisions\/3133"}],"up":[{"embeddable":true,"href":"https:\/\/blogsaverroes.juntadeandalucia.es\/iesfrayluisdegranada\/wp-json\/wp\/v2\/pages\/2451"}],"wp:attachment":[{"href":"https:\/\/blogsaverroes.juntadeandalucia.es\/iesfrayluisdegranada\/wp-json\/wp\/v2\/media?parent=2751"}],"curies":[{"name":"wp","href":"https:\/\/api.w.org\/{rel}","templated":true}]}}