{"id":2935,"date":"2018-08-04T18:28:52","date_gmt":"2018-08-04T18:28:52","guid":{"rendered":"https:\/\/blogsaverroes.juntadeandalucia.es\/iesfrayluisdegranada\/?page_id=2935"},"modified":"2021-04-17T08:37:55","modified_gmt":"2021-04-17T08:37:55","slug":"area-artistica","status":"publish","type":"page","link":"https:\/\/blogsaverroes.juntadeandalucia.es\/iesfrayluisdegranada\/area-artistica\/","title":{"rendered":"\u00c1rea Art\u00edstica"},"content":{"rendered":"<p style=\"text-align: justify\">Su principal cometido&nbsp; ser\u00e1 el de procurar la adquisici\u00f3n por el alumnado de la competencia cultural y art\u00edstica, que supone apreciar, comprender y valorar cr\u00edticamente diferentes manifestaciones culturales y art\u00edsticas, utilizarlas como fuente de disfrute y enriquecimiento personal y considerarlas como parte del patrimonio cultural de los pueblos.<\/p>\n<p><strong>Coordinador:<\/strong> Agust\u00edn Fern\u00e1ndez Alarc\u00f3n (Dpto. Geograf\u00eda e Historia).<\/p>\n<p>El \u00e1rea art\u00edstica la componen los siguientes departamentos:<\/p>\n<ul>\n<li><a href=\"https:\/\/blogsaverroes.juntadeandalucia.es\/iesfrayluisdegranada\/dibujo\/\">Departamento de Dibujo.<\/a><\/li>\n<li><a href=\"https:\/\/blogsaverroes.juntadeandalucia.es\/iesfrayluisdegranada\/geografia-e-historia\/\">Departamento de Geograf\u00eda e Historia.<\/a><\/li>\n<li><a href=\"https:\/\/blogsaverroes.juntadeandalucia.es\/iesfrayluisdegranada\/musica\/\">Departamento de M\u00fasica.<\/a><\/li>\n<\/ul>\n","protected":false},"excerpt":{"rendered":"<p>Su principal cometido&nbsp; ser\u00e1 el de procurar la adquisici\u00f3n por el alumnado de la competencia cultural y art\u00edstica, que supone apreciar, comprender y valorar cr\u00edticamente diferentes manifestaciones culturales y art\u00edsticas, utilizarlas como fuente de&#46;&#46;&#46;<\/p>\n","protected":false},"author":2185,"featured_media":0,"parent":0,"menu_order":0,"comment_status":"closed","ping_status":"closed","template":"","meta":{"ngg_post_thumbnail":0,"footnotes":""},"aioseo_notices":[],"_links":{"self":[{"href":"https:\/\/blogsaverroes.juntadeandalucia.es\/iesfrayluisdegranada\/wp-json\/wp\/v2\/pages\/2935"}],"collection":[{"href":"https:\/\/blogsaverroes.juntadeandalucia.es\/iesfrayluisdegranada\/wp-json\/wp\/v2\/pages"}],"about":[{"href":"https:\/\/blogsaverroes.juntadeandalucia.es\/iesfrayluisdegranada\/wp-json\/wp\/v2\/types\/page"}],"author":[{"embeddable":true,"href":"https:\/\/blogsaverroes.juntadeandalucia.es\/iesfrayluisdegranada\/wp-json\/wp\/v2\/users\/2185"}],"replies":[{"embeddable":true,"href":"https:\/\/blogsaverroes.juntadeandalucia.es\/iesfrayluisdegranada\/wp-json\/wp\/v2\/comments?post=2935"}],"version-history":[{"count":2,"href":"https:\/\/blogsaverroes.juntadeandalucia.es\/iesfrayluisdegranada\/wp-json\/wp\/v2\/pages\/2935\/revisions"}],"predecessor-version":[{"id":4657,"href":"https:\/\/blogsaverroes.juntadeandalucia.es\/iesfrayluisdegranada\/wp-json\/wp\/v2\/pages\/2935\/revisions\/4657"}],"wp:attachment":[{"href":"https:\/\/blogsaverroes.juntadeandalucia.es\/iesfrayluisdegranada\/wp-json\/wp\/v2\/media?parent=2935"}],"curies":[{"name":"wp","href":"https:\/\/api.w.org\/{rel}","templated":true}]}}