{"id":2937,"date":"2018-08-04T18:29:48","date_gmt":"2018-08-04T18:29:48","guid":{"rendered":"https:\/\/blogsaverroes.juntadeandalucia.es\/iesfrayluisdegranada\/?page_id=2937"},"modified":"2021-11-27T18:32:08","modified_gmt":"2021-11-27T18:32:08","slug":"area-de-formacion-profesional","status":"publish","type":"page","link":"https:\/\/blogsaverroes.juntadeandalucia.es\/iesfrayluisdegranada\/area-de-formacion-profesional\/","title":{"rendered":"\u00c1rea de Formaci\u00f3n Profesional"},"content":{"rendered":"<div>Para la adquisici\u00f3n por el alumnado de las competencias profesionales propias de las ense\u00f1anzas de formaci\u00f3n profesional inicial que se imparten el centro.<\/div>\n<p>CICLO FORMATIVO DE GRADO SUPERIOR EN ADMINISTRACI\u00d3N Y FINANZAS<\/p>\n<p><strong>Coordinador:<\/strong> Antonio Arredondo Garc\u00eda<\/p>\n<p>Al \u00c1rea de Formaci\u00f3n Profesional pertenece:<\/p>\n<ul>\n<li><a href=\"https:\/\/blogsaverroes.juntadeandalucia.es\/iesfrayluisdegranada\/administrativo\/\">Departamento de Administrativo<\/a><\/li>\n<\/ul>\n","protected":false},"excerpt":{"rendered":"<p>Para la adquisici\u00f3n por el alumnado de las competencias profesionales propias de las ense\u00f1anzas de formaci\u00f3n profesional inicial que se imparten el centro. CICLO FORMATIVO DE GRADO SUPERIOR EN ADMINISTRACI\u00d3N Y FINANZAS Coordinador: Antonio&#46;&#46;&#46;<\/p>\n","protected":false},"author":2185,"featured_media":0,"parent":0,"menu_order":0,"comment_status":"closed","ping_status":"closed","template":"","meta":{"ngg_post_thumbnail":0,"footnotes":""},"aioseo_notices":[],"_links":{"self":[{"href":"https:\/\/blogsaverroes.juntadeandalucia.es\/iesfrayluisdegranada\/wp-json\/wp\/v2\/pages\/2937"}],"collection":[{"href":"https:\/\/blogsaverroes.juntadeandalucia.es\/iesfrayluisdegranada\/wp-json\/wp\/v2\/pages"}],"about":[{"href":"https:\/\/blogsaverroes.juntadeandalucia.es\/iesfrayluisdegranada\/wp-json\/wp\/v2\/types\/page"}],"author":[{"embeddable":true,"href":"https:\/\/blogsaverroes.juntadeandalucia.es\/iesfrayluisdegranada\/wp-json\/wp\/v2\/users\/2185"}],"replies":[{"embeddable":true,"href":"https:\/\/blogsaverroes.juntadeandalucia.es\/iesfrayluisdegranada\/wp-json\/wp\/v2\/comments?post=2937"}],"version-history":[{"count":3,"href":"https:\/\/blogsaverroes.juntadeandalucia.es\/iesfrayluisdegranada\/wp-json\/wp\/v2\/pages\/2937\/revisions"}],"predecessor-version":[{"id":5698,"href":"https:\/\/blogsaverroes.juntadeandalucia.es\/iesfrayluisdegranada\/wp-json\/wp\/v2\/pages\/2937\/revisions\/5698"}],"wp:attachment":[{"href":"https:\/\/blogsaverroes.juntadeandalucia.es\/iesfrayluisdegranada\/wp-json\/wp\/v2\/media?parent=2937"}],"curies":[{"name":"wp","href":"https:\/\/api.w.org\/{rel}","templated":true}]}}