{"id":3459,"date":"2019-07-22T09:59:03","date_gmt":"2019-07-22T09:59:03","guid":{"rendered":"https:\/\/blogsaverroes.juntadeandalucia.es\/iesfrayluisdegranada\/?page_id=3459"},"modified":"2019-07-22T09:59:03","modified_gmt":"2019-07-22T09:59:03","slug":"empresas-colaboradoras-con-nuestro-centro","status":"publish","type":"page","link":"https:\/\/blogsaverroes.juntadeandalucia.es\/iesfrayluisdegranada\/empresas-colaboradoras-con-nuestro-centro\/","title":{"rendered":"Empresas colaboradoras con nuestro Centro"},"content":{"rendered":"<p>La mayor parte de las actividades complementarias y extraescolares que se realizan en nuestro Centro, la Formaci\u00f3n en Centros de Trabajo de nuestro ciclo formativo y buena parte de las actividades dentro del Plan de Orientaci\u00f3n y Acci\u00f3n Tutorial son posibles gracias a la cooperaci\u00f3n con esta lista de empresas e instituciones:<\/p>\n<div id=\"attachment_3460\" style=\"width: 1610px\" class=\"wp-caption alignright\"><a href=\"https:\/\/blogsaverroes.juntadeandalucia.es\/iesfrayluisdegranada\/files\/2019\/07\/empresas_instituciones_colaboradoras_1819.png\"><img fetchpriority=\"high\" decoding=\"async\" aria-describedby=\"caption-attachment-3460\" class=\"size-full wp-image-3460\" src=\"https:\/\/blogsaverroes.juntadeandalucia.es\/iesfrayluisdegranada\/files\/2019\/07\/empresas_instituciones_colaboradoras_1819.png\" alt=\"Empresas e instituciones colaboradoras\" width=\"1600\" height=\"1101\" srcset=\"https:\/\/blogsaverroes.juntadeandalucia.es\/iesfrayluisdegranada\/files\/2019\/07\/empresas_instituciones_colaboradoras_1819.png 1600w, https:\/\/blogsaverroes.juntadeandalucia.es\/iesfrayluisdegranada\/files\/2019\/07\/empresas_instituciones_colaboradoras_1819-300x206.png 300w, https:\/\/blogsaverroes.juntadeandalucia.es\/iesfrayluisdegranada\/files\/2019\/07\/empresas_instituciones_colaboradoras_1819-768x528.png 768w, https:\/\/blogsaverroes.juntadeandalucia.es\/iesfrayluisdegranada\/files\/2019\/07\/empresas_instituciones_colaboradoras_1819-1024x705.png 1024w, https:\/\/blogsaverroes.juntadeandalucia.es\/iesfrayluisdegranada\/files\/2019\/07\/empresas_instituciones_colaboradoras_1819-24x17.png 24w, https:\/\/blogsaverroes.juntadeandalucia.es\/iesfrayluisdegranada\/files\/2019\/07\/empresas_instituciones_colaboradoras_1819-36x25.png 36w, https:\/\/blogsaverroes.juntadeandalucia.es\/iesfrayluisdegranada\/files\/2019\/07\/empresas_instituciones_colaboradoras_1819-48x33.png 48w\" sizes=\"(max-width: 1600px) 100vw, 1600px\" \/><\/a><p id=\"caption-attachment-3460\" class=\"wp-caption-text\">Empresas e Instituciones colaboradoras con el IES Fray Luis de Granada<\/p><\/div>\n","protected":false},"excerpt":{"rendered":"<p>La mayor parte de las actividades complementarias y extraescolares que se realizan en nuestro Centro, la Formaci\u00f3n en Centros de Trabajo de nuestro ciclo formativo y buena parte de las actividades dentro del Plan&#46;&#46;&#46;<\/p>\n","protected":false},"author":2185,"featured_media":3460,"parent":0,"menu_order":0,"comment_status":"closed","ping_status":"closed","template":"","meta":{"ngg_post_thumbnail":0,"footnotes":""},"aioseo_notices":[],"_links":{"self":[{"href":"https:\/\/blogsaverroes.juntadeandalucia.es\/iesfrayluisdegranada\/wp-json\/wp\/v2\/pages\/3459"}],"collection":[{"href":"https:\/\/blogsaverroes.juntadeandalucia.es\/iesfrayluisdegranada\/wp-json\/wp\/v2\/pages"}],"about":[{"href":"https:\/\/blogsaverroes.juntadeandalucia.es\/iesfrayluisdegranada\/wp-json\/wp\/v2\/types\/page"}],"author":[{"embeddable":true,"href":"https:\/\/blogsaverroes.juntadeandalucia.es\/iesfrayluisdegranada\/wp-json\/wp\/v2\/users\/2185"}],"replies":[{"embeddable":true,"href":"https:\/\/blogsaverroes.juntadeandalucia.es\/iesfrayluisdegranada\/wp-json\/wp\/v2\/comments?post=3459"}],"version-history":[{"count":1,"href":"https:\/\/blogsaverroes.juntadeandalucia.es\/iesfrayluisdegranada\/wp-json\/wp\/v2\/pages\/3459\/revisions"}],"predecessor-version":[{"id":3461,"href":"https:\/\/blogsaverroes.juntadeandalucia.es\/iesfrayluisdegranada\/wp-json\/wp\/v2\/pages\/3459\/revisions\/3461"}],"wp:featuredmedia":[{"embeddable":true,"href":"https:\/\/blogsaverroes.juntadeandalucia.es\/iesfrayluisdegranada\/wp-json\/wp\/v2\/media\/3460"}],"wp:attachment":[{"href":"https:\/\/blogsaverroes.juntadeandalucia.es\/iesfrayluisdegranada\/wp-json\/wp\/v2\/media?parent=3459"}],"curies":[{"name":"wp","href":"https:\/\/api.w.org\/{rel}","templated":true}]}}